{"id":9280,"date":"2020-02-01T08:53:23","date_gmt":"2020-02-01T08:53:23","guid":{"rendered":"http:\/\/www.psngiochi.space\/?post_type=product&#038;p=9280"},"modified":"2020-06-12T16:18:36","modified_gmt":"2020-06-12T16:18:36","slug":"darksiders-genesis","status":"publish","type":"product","link":"https:\/\/www.psngiochi.space\/it\/product\/darksiders-genesis\/","title":{"rendered":"Darksiders Genesis"},"content":{"rendered":"<p><span style=\"font-size: 14pt; color: #000000;\">Dall'alba della creazione, IL CONSIGLIO ha mantenuto l'Equilibrio nel creato. Agli ordini del Consiglio ci sono i CAVALIERI, Nephilim (potenti esseri generati dall'unione innaturale di angeli e demoni) che giurarono fedelt\u00e0 ricevendo un immenso potere. Tale potere, per\u00f2, ebbe un costo tragico: ai Cavalieri fu ordinato di annientare il resto della loro specie. Ci\u00f2 che segu\u00ec fu una sanguinosa battaglia nell'Eden in cui i Cavalieri, obbedendo alla volont\u00e0 del Consiglio, annientarono i Nephilim.<\/span><\/p>\n<p><span style=\"font-size: 14pt; color: #000000;\">Ancora sconvolti dagli eventi nell'Eden, GUERRA e CONFLITTO hanno ricevuto un nuovo incarico: LUCIFERO, l'enigmatico e infido re dei demoni, sta complottando di sconvolgere l'Equilibrio concedendo potere ad alcuni Arcidemoni dell'Inferno. Guerra e Conflitto devono dare la caccia a questi Arcidemoni, raccogliere informazioni e sopravvivere a un'intricata cospirazione demoniaca che minaccia di perturbare per sempre l'Equilibrio e distruggere tutto il creato.<\/span><\/p>\n<p><strong><span style=\"font-size: 14pt; color: #000000;\">Audio: <\/span><\/strong><span style=\"font-size: 14pt; color: #000000;\">inglese, italiano, tedesco, russo, giapponese, francese, polacco, spagnolo<\/span><\/p>\n<p><strong><span style=\"font-size: 14pt; color: #000000;\">Sottotitoli:\u00a0<\/span><\/strong><span style=\"font-size: 14pt; color: #000000;\">inglese, italiano, tedesco, russo, giapponese, francese, polacco, spagnolo, coreano, portoghese (brasile), cinese semplificato<\/span><\/p>\n","protected":false},"excerpt":{"rendered":"<h5 class=\"provider-info__text\"><span class=\"provider-info__list-item\">Pubblicato 14 Feb 2020<\/span><span class=\"provider-info__list-item\">\u00a0| Dimens. file: 9.79 GB<\/span><\/h5>\n<h3><span style=\"font-family: georgia, palatino, serif;\"><span style=\"color: #df1d1d;\">\u23f0\u00a0Noleggio per 10 giorni:<\/span><\/span><span style=\"color: #df1d1d;\">\u00a0<\/span><span style=\"font-family: georgia, palatino, serif; font-size: 10pt; color: #333333;\">possibilita di giocare dal vostro account personale o sull'account fornito (primario o secondario).<\/span><\/h3>\n<h3><span style=\"font-size: 10pt; color: #333333;\">Il gioco in noleggio \u00e8 uno dei modi pi\u00f9 economici e convenienti per ottenere un gioco.\u00a0<\/span><span style=\"font-size: 10pt; color: #333333;\">Puoi anche estendere il periodo se non sei riuscito a finire il gioco.<\/span><\/h3>\n","protected":false},"featured_media":9281,"comment_status":"open","ping_status":"closed","template":"","meta":[],"product_cat":[131],"product_tag":[58,75],"class_list":{"0":"post-9280","1":"product","2":"type-product","3":"status-publish","4":"has-post-thumbnail","6":"product_cat-esaurito","7":"product_tag-avventura","8":"product_tag-azione","10":"first","11":"outofstock","12":"downloadable","13":"virtual","14":"purchasable","15":"product-type-simple"},"yoast_head":"<!-- This site is optimized with the Yoast SEO plugin v23.9 - https:\/\/yoast.com\/wordpress\/plugins\/seo\/ -->\n<title>Darksiders Genesis - Giochi Digitali PS4 e PS5<\/title>\n<meta name=\"description\" content=\"Ottieni Distruzione (per Guerra) e Disperazione (per Conflitto), due diverse skin per i cavalli di entrambi i personaggi.\" \/>\n<meta name=\"robots\" content=\"index, follow, max-snippet:-1, max-image-preview:large, max-video-preview:-1\" \/>\n<link rel=\"canonical\" href=\"https:\/\/www.psngiochi.space\/it\/product\/darksiders-genesis\/\" \/>\n<meta property=\"og:locale\" content=\"it_IT\" \/>\n<meta property=\"og:type\" content=\"article\" \/>\n<meta property=\"og:title\" content=\"Darksiders Genesis - Giochi Digitali PS4 e PS5\" \/>\n<meta property=\"og:description\" content=\"Ottieni Distruzione (per Guerra) e Disperazione (per Conflitto), due diverse skin per i cavalli di entrambi i personaggi.\" \/>\n<meta property=\"og:url\" content=\"https:\/\/www.psngiochi.space\/it\/product\/darksiders-genesis\/\" \/>\n<meta property=\"og:site_name\" content=\"Giochi Digitali PS4 e PS5\" \/>\n<meta property=\"article:modified_time\" content=\"2020-06-12T16:18:36+00:00\" \/>\n<meta property=\"og:image\" content=\"https:\/\/www.psngiochi.space\/wp-content\/uploads\/2020\/02\/darksiders-genesis-psngiochispace-giochi-digitali-ps4-digital-games-ps4-cifrovye-igry-ps4.jpg\" \/>\n\t<meta property=\"og:image:width\" content=\"803\" \/>\n\t<meta property=\"og:image:height\" content=\"1000\" \/>\n\t<meta property=\"og:image:type\" content=\"image\/jpeg\" \/>\n<meta name=\"twitter:card\" content=\"summary_large_image\" \/>\n<meta name=\"twitter:label1\" content=\"Tempo di lettura stimato\" \/>\n\t<meta name=\"twitter:data1\" content=\"1 minuto\" \/>\n<script type=\"application\/ld+json\" class=\"yoast-schema-graph\">{\"@context\":\"https:\/\/schema.org\",\"@graph\":[{\"@type\":\"WebPage\",\"@id\":\"https:\/\/www.psngiochi.space\/en\/product\/darksiders-genesis\/\",\"url\":\"https:\/\/www.psngiochi.space\/en\/product\/darksiders-genesis\/\",\"name\":\"Darksiders Genesis - Giochi Digitali PS4 e PS5\",\"isPartOf\":{\"@id\":\"https:\/\/www.psngiochi.space\/en\/#website\"},\"primaryImageOfPage\":{\"@id\":\"https:\/\/www.psngiochi.space\/en\/product\/darksiders-genesis\/#primaryimage\"},\"image\":{\"@id\":\"https:\/\/www.psngiochi.space\/en\/product\/darksiders-genesis\/#primaryimage\"},\"thumbnailUrl\":\"https:\/\/www.psngiochi.space\/wp-content\/uploads\/2020\/02\/darksiders-genesis-psngiochispace-giochi-digitali-ps4-digital-games-ps4-cifrovye-igry-ps4.jpg\",\"datePublished\":\"2020-02-01T08:53:23+00:00\",\"dateModified\":\"2020-06-12T16:18:36+00:00\",\"description\":\"Ottieni Distruzione (per Guerra) e Disperazione (per Conflitto), due diverse skin per i cavalli di entrambi i personaggi.\",\"breadcrumb\":{\"@id\":\"https:\/\/www.psngiochi.space\/en\/product\/darksiders-genesis\/#breadcrumb\"},\"inLanguage\":\"it-IT\",\"potentialAction\":[{\"@type\":\"ReadAction\",\"target\":[\"https:\/\/www.psngiochi.space\/en\/product\/darksiders-genesis\/\"]}]},{\"@type\":\"ImageObject\",\"inLanguage\":\"it-IT\",\"@id\":\"https:\/\/www.psngiochi.space\/en\/product\/darksiders-genesis\/#primaryimage\",\"url\":\"https:\/\/www.psngiochi.space\/wp-content\/uploads\/2020\/02\/darksiders-genesis-psngiochispace-giochi-digitali-ps4-digital-games-ps4-cifrovye-igry-ps4.jpg\",\"contentUrl\":\"https:\/\/www.psngiochi.space\/wp-content\/uploads\/2020\/02\/darksiders-genesis-psngiochispace-giochi-digitali-ps4-digital-games-ps4-cifrovye-igry-ps4.jpg\",\"width\":803,\"height\":1000},{\"@type\":\"BreadcrumbList\",\"@id\":\"https:\/\/www.psngiochi.space\/en\/product\/darksiders-genesis\/#breadcrumb\",\"itemListElement\":[{\"@type\":\"ListItem\",\"position\":1,\"name\":\"Home\",\"item\":\"https:\/\/www.psngiochi.space\/en\/\"},{\"@type\":\"ListItem\",\"position\":2,\"name\":\"Negozio\",\"item\":\"https:\/\/www.psngiochi.space\/en\/negozio\/\"},{\"@type\":\"ListItem\",\"position\":3,\"name\":\"Darksiders Genesis\"}]},{\"@type\":\"WebSite\",\"@id\":\"https:\/\/www.psngiochi.space\/en\/#website\",\"url\":\"https:\/\/www.psngiochi.space\/en\/\",\"name\":\"Giochi Digitali PS4 e PS5\",\"description\":\"Noleggio di giochi, vendita di accounts\",\"potentialAction\":[{\"@type\":\"SearchAction\",\"target\":{\"@type\":\"EntryPoint\",\"urlTemplate\":\"https:\/\/www.psngiochi.space\/en\/?s={search_term_string}\"},\"query-input\":{\"@type\":\"PropertyValueSpecification\",\"valueRequired\":true,\"valueName\":\"search_term_string\"}}],\"inLanguage\":\"it-IT\"}]}<\/script>\n<!-- \/ Yoast SEO plugin. -->","yoast_head_json":{"title":"Darksiders Genesis - Giochi Digitali PS4 e PS5","description":"Ottieni Distruzione (per Guerra) e Disperazione (per Conflitto), due diverse skin per i cavalli di entrambi i personaggi.","robots":{"index":"index","follow":"follow","max-snippet":"max-snippet:-1","max-image-preview":"max-image-preview:large","max-video-preview":"max-video-preview:-1"},"canonical":"https:\/\/www.psngiochi.space\/it\/product\/darksiders-genesis\/","og_locale":"it_IT","og_type":"article","og_title":"Darksiders Genesis - Giochi Digitali PS4 e PS5","og_description":"Ottieni Distruzione (per Guerra) e Disperazione (per Conflitto), due diverse skin per i cavalli di entrambi i personaggi.","og_url":"https:\/\/www.psngiochi.space\/it\/product\/darksiders-genesis\/","og_site_name":"Giochi Digitali PS4 e PS5","article_modified_time":"2020-06-12T16:18:36+00:00","og_image":[{"width":803,"height":1000,"url":"https:\/\/www.psngiochi.space\/wp-content\/uploads\/2020\/02\/darksiders-genesis-psngiochispace-giochi-digitali-ps4-digital-games-ps4-cifrovye-igry-ps4.jpg","type":"image\/jpeg"}],"twitter_card":"summary_large_image","twitter_misc":{"Tempo di lettura stimato":"1 minuto"},"schema":{"@context":"https:\/\/schema.org","@graph":[{"@type":"WebPage","@id":"https:\/\/www.psngiochi.space\/en\/product\/darksiders-genesis\/","url":"https:\/\/www.psngiochi.space\/en\/product\/darksiders-genesis\/","name":"Darksiders Genesis - Giochi Digitali PS4 e PS5","isPartOf":{"@id":"https:\/\/www.psngiochi.space\/en\/#website"},"primaryImageOfPage":{"@id":"https:\/\/www.psngiochi.space\/en\/product\/darksiders-genesis\/#primaryimage"},"image":{"@id":"https:\/\/www.psngiochi.space\/en\/product\/darksiders-genesis\/#primaryimage"},"thumbnailUrl":"https:\/\/www.psngiochi.space\/wp-content\/uploads\/2020\/02\/darksiders-genesis-psngiochispace-giochi-digitali-ps4-digital-games-ps4-cifrovye-igry-ps4.jpg","datePublished":"2020-02-01T08:53:23+00:00","dateModified":"2020-06-12T16:18:36+00:00","description":"Ottieni Distruzione (per Guerra) e Disperazione (per Conflitto), due diverse skin per i cavalli di entrambi i personaggi.","breadcrumb":{"@id":"https:\/\/www.psngiochi.space\/en\/product\/darksiders-genesis\/#breadcrumb"},"inLanguage":"it-IT","potentialAction":[{"@type":"ReadAction","target":["https:\/\/www.psngiochi.space\/en\/product\/darksiders-genesis\/"]}]},{"@type":"ImageObject","inLanguage":"it-IT","@id":"https:\/\/www.psngiochi.space\/en\/product\/darksiders-genesis\/#primaryimage","url":"https:\/\/www.psngiochi.space\/wp-content\/uploads\/2020\/02\/darksiders-genesis-psngiochispace-giochi-digitali-ps4-digital-games-ps4-cifrovye-igry-ps4.jpg","contentUrl":"https:\/\/www.psngiochi.space\/wp-content\/uploads\/2020\/02\/darksiders-genesis-psngiochispace-giochi-digitali-ps4-digital-games-ps4-cifrovye-igry-ps4.jpg","width":803,"height":1000},{"@type":"BreadcrumbList","@id":"https:\/\/www.psngiochi.space\/en\/product\/darksiders-genesis\/#breadcrumb","itemListElement":[{"@type":"ListItem","position":1,"name":"Home","item":"https:\/\/www.psngiochi.space\/en\/"},{"@type":"ListItem","position":2,"name":"Negozio","item":"https:\/\/www.psngiochi.space\/en\/negozio\/"},{"@type":"ListItem","position":3,"name":"Darksiders Genesis"}]},{"@type":"WebSite","@id":"https:\/\/www.psngiochi.space\/en\/#website","url":"https:\/\/www.psngiochi.space\/en\/","name":"Giochi Digitali PS4 e PS5","description":"Noleggio di giochi, vendita di accounts","potentialAction":[{"@type":"SearchAction","target":{"@type":"EntryPoint","urlTemplate":"https:\/\/www.psngiochi.space\/en\/?s={search_term_string}"},"query-input":{"@type":"PropertyValueSpecification","valueRequired":true,"valueName":"search_term_string"}}],"inLanguage":"it-IT"}]}},"_links":{"self":[{"href":"https:\/\/www.psngiochi.space\/it\/wp-json\/wp\/v2\/product\/9280","targetHints":{"allow":["GET"]}}],"collection":[{"href":"https:\/\/www.psngiochi.space\/it\/wp-json\/wp\/v2\/product"}],"about":[{"href":"https:\/\/www.psngiochi.space\/it\/wp-json\/wp\/v2\/types\/product"}],"replies":[{"embeddable":true,"href":"https:\/\/www.psngiochi.space\/it\/wp-json\/wp\/v2\/comments?post=9280"}],"wp:featuredmedia":[{"embeddable":true,"href":"https:\/\/www.psngiochi.space\/it\/wp-json\/wp\/v2\/media\/9281"}],"wp:attachment":[{"href":"https:\/\/www.psngiochi.space\/it\/wp-json\/wp\/v2\/media?parent=9280"}],"wp:term":[{"taxonomy":"product_cat","embeddable":true,"href":"https:\/\/www.psngiochi.space\/it\/wp-json\/wp\/v2\/product_cat?post=9280"},{"taxonomy":"product_tag","embeddable":true,"href":"https:\/\/www.psngiochi.space\/it\/wp-json\/wp\/v2\/product_tag?post=9280"}],"curies":[{"name":"wp","href":"https:\/\/api.w.org\/{rel}","templated":true}]}}