{"id":8737,"date":"2019-09-25T11:14:48","date_gmt":"2019-09-25T09:14:48","guid":{"rendered":"http:\/\/www.psngiochi.space\/?post_type=product&#038;p=8737"},"modified":"2026-04-30T22:28:26","modified_gmt":"2026-04-30T20:28:26","slug":"the-last-of-us-part-2","status":"publish","type":"product","link":"https:\/\/www.psngiochi.space\/it\/product\/the-last-of-us-part-2\/","title":{"rendered":"The Last of Us Part II [Secondario]"},"content":{"rendered":"<p><span style=\"font-size: 14pt; color: #000000;\">Cinque anni dopo...<\/span><\/p>\n<p><span style=\"font-size: 14pt; color: #000000;\">Dopo un pericoloso viaggio attraverso gli Stati Uniti flagellati dalla pandemia, Ellie e Joel si stabiliscono in Wyoming.<\/span><\/p>\n<p><span style=\"font-size: 14pt; color: #000000;\">La vita in comunit\u00e0 garantisce loro una nuova stabilit\u00e0, nonostante la costante minaccia degli infetti e dei sopravvissuti pi\u00f9 disperati.<\/span><\/p>\n<p><span style=\"font-size: 14pt; color: #000000;\">Ma quando un inatteso evento compromette quegli equilibri, Ellie decide di intraprendere un nuovo viaggio. Questa volta per ottenere giustizia. La caccia ai responsabili, tuttavia, le riserver\u00e0 strazianti ripercussioni fisiche ed emozionali.<\/span><\/p>\n<p><span style=\"font-size: 14pt; color: #000000;\">\u2022 Vivi una nuova storia piena di emozioni, che metter\u00e0 in discussione i tuoi concetti di giusto e sbagliato.<\/span><br \/>\n<span style=\"font-size: 14pt; color: #000000;\">\u2022 Avventurati in un mondo magnifico ma pericoloso, attraverso idilliaci scenari montani e citt\u00e0 soffocate dalla vegetazione.<\/span><br \/>\n<span style=\"font-size: 14pt; color: #000000;\">\u2022 Sperimenta dinamiche di gioco evolute da action-survival, tra combattimenti corpo a corpo, attraversamento di ambienti e fasi stealth dinamiche.<\/span><\/p>\n<p><strong><span style=\"font-size: 14pt; color: #000000;\">Audio: <\/span><\/strong><span style=\"font-size: 14pt; color: #000000;\">inglese, tedesco, russo, portoghese, italiano, francese, polacco, turco, spagnolo<\/span><\/p>\n<p><strong><span style=\"font-size: 14pt; color: #000000;\">Sottotitoli: <\/span><\/strong><span style=\"font-size: 14pt; color: #000000;\">tedesco, norvegese, finlandese, svedese, russo, portoghese, inglese, italiano, francese, spagnolo, polacco, danese, turco, olandese<\/span><\/p>\n","protected":false},"excerpt":{"rendered":"<h5 class=\"provider-info__text\"><span class=\"provider-info__list-item\">Pubblicato 18 Giu 2020<\/span><span class=\"provider-info__list-item\"> | Dimens. file: 93.37 GB<\/span><\/h5>\n<h3><span style=\"font-family: georgia, palatino, serif;\"><span style=\"color: #df1d1d;\">\u23f0 Noleggio per 15 giorni:<\/span><\/span><span style=\"color: #df1d1d;\">\u00a0<span style=\"font-size: 10pt; color: #333333;\">p<\/span><\/span><span style=\"font-family: georgia, palatino, serif; font-size: 10pt; color: #333333;\">ossibilita di giocare dal vostro account personale o sull account fornito (primario o secondario).<\/span><\/h3>\n<h3><span style=\"font-size: 10pt; color: #333333;\">Il gioco in noleggio \u00e8 uno dei modi pi\u00f9 economici e convenienti per ottenere un gioco.\u00a0<\/span><span style=\"font-size: 10pt; color: #333333;\">Puoi anche estendere il periodo se non sei riuscito a finire il gioco.<\/span><\/h3>\n","protected":false},"featured_media":8738,"comment_status":"open","ping_status":"closed","template":"","meta":[],"product_cat":[122,117],"product_tag":[58,75],"class_list":{"0":"post-8737","1":"product","2":"type-product","3":"status-publish","4":"has-post-thumbnail","6":"product_cat-giochi-ps4-in-noleggio","7":"product_cat-must-play","8":"product_tag-avventura","9":"product_tag-azione","11":"first","12":"outofstock","13":"downloadable","14":"virtual","15":"purchasable","16":"product-type-simple"},"yoast_head":"<!-- This site is optimized with the Yoast SEO plugin v23.9 - https:\/\/yoast.com\/wordpress\/plugins\/seo\/ -->\n<title>The Last of Us Part II [Secondario] - Giochi Digitali PS4 e PS5<\/title>\n<meta name=\"description\" content=\"Giochi Digitali PS4 in Noleggio. Dopo un pericoloso viaggio attraverso gli Stati Uniti flagellati dalla pandemia, Ellie e Joel si stabiliscono in Wyoming.\" \/>\n<meta name=\"robots\" content=\"index, follow, max-snippet:-1, max-image-preview:large, max-video-preview:-1\" \/>\n<link rel=\"canonical\" href=\"https:\/\/www.psngiochi.space\/it\/product\/the-last-of-us-part-2\/\" \/>\n<meta property=\"og:locale\" content=\"it_IT\" \/>\n<meta property=\"og:type\" content=\"article\" \/>\n<meta property=\"og:title\" content=\"The Last of Us Part II [Secondario] - Giochi Digitali PS4 e PS5\" \/>\n<meta property=\"og:description\" content=\"Giochi Digitali PS4 in Noleggio. Dopo un pericoloso viaggio attraverso gli Stati Uniti flagellati dalla pandemia, Ellie e Joel si stabiliscono in Wyoming.\" \/>\n<meta property=\"og:url\" content=\"https:\/\/www.psngiochi.space\/it\/product\/the-last-of-us-part-2\/\" \/>\n<meta property=\"og:site_name\" content=\"Giochi Digitali PS4 e PS5\" \/>\n<meta property=\"article:modified_time\" content=\"2026-04-30T20:28:26+00:00\" \/>\n<meta property=\"og:image\" content=\"https:\/\/www.psngiochi.space\/wp-content\/uploads\/2019\/09\/the-last-of-us-part-2-psngiochispace-giochi-digitali-ps4-digital-games-ps4-cifrovye-igry-ps4.jpg\" \/>\n\t<meta property=\"og:image:width\" content=\"803\" \/>\n\t<meta property=\"og:image:height\" content=\"1000\" \/>\n\t<meta property=\"og:image:type\" content=\"image\/jpeg\" \/>\n<meta name=\"twitter:card\" content=\"summary_large_image\" \/>\n<meta name=\"twitter:label1\" content=\"Tempo di lettura stimato\" \/>\n\t<meta name=\"twitter:data1\" content=\"1 minuto\" \/>\n<script type=\"application\/ld+json\" class=\"yoast-schema-graph\">{\"@context\":\"https:\/\/schema.org\",\"@graph\":[{\"@type\":\"WebPage\",\"@id\":\"https:\/\/www.psngiochi.space\/it\/product\/the-last-of-us-part-2\/\",\"url\":\"https:\/\/www.psngiochi.space\/it\/product\/the-last-of-us-part-2\/\",\"name\":\"The Last of Us Part II [Secondario] - Giochi Digitali PS4 e PS5\",\"isPartOf\":{\"@id\":\"https:\/\/www.psngiochi.space\/en\/#website\"},\"primaryImageOfPage\":{\"@id\":\"https:\/\/www.psngiochi.space\/it\/product\/the-last-of-us-part-2\/#primaryimage\"},\"image\":{\"@id\":\"https:\/\/www.psngiochi.space\/it\/product\/the-last-of-us-part-2\/#primaryimage\"},\"thumbnailUrl\":\"https:\/\/www.psngiochi.space\/wp-content\/uploads\/2019\/09\/the-last-of-us-part-2-psngiochispace-giochi-digitali-ps4-digital-games-ps4-cifrovye-igry-ps4.jpg\",\"datePublished\":\"2019-09-25T09:14:48+00:00\",\"dateModified\":\"2026-04-30T20:28:26+00:00\",\"description\":\"Giochi Digitali PS4 in Noleggio. Dopo un pericoloso viaggio attraverso gli Stati Uniti flagellati dalla pandemia, Ellie e Joel si stabiliscono in Wyoming.\",\"breadcrumb\":{\"@id\":\"https:\/\/www.psngiochi.space\/it\/product\/the-last-of-us-part-2\/#breadcrumb\"},\"inLanguage\":\"it-IT\",\"potentialAction\":[{\"@type\":\"ReadAction\",\"target\":[\"https:\/\/www.psngiochi.space\/it\/product\/the-last-of-us-part-2\/\"]}]},{\"@type\":\"ImageObject\",\"inLanguage\":\"it-IT\",\"@id\":\"https:\/\/www.psngiochi.space\/it\/product\/the-last-of-us-part-2\/#primaryimage\",\"url\":\"https:\/\/www.psngiochi.space\/wp-content\/uploads\/2019\/09\/the-last-of-us-part-2-psngiochispace-giochi-digitali-ps4-digital-games-ps4-cifrovye-igry-ps4.jpg\",\"contentUrl\":\"https:\/\/www.psngiochi.space\/wp-content\/uploads\/2019\/09\/the-last-of-us-part-2-psngiochispace-giochi-digitali-ps4-digital-games-ps4-cifrovye-igry-ps4.jpg\",\"width\":803,\"height\":1000},{\"@type\":\"BreadcrumbList\",\"@id\":\"https:\/\/www.psngiochi.space\/it\/product\/the-last-of-us-part-2\/#breadcrumb\",\"itemListElement\":[{\"@type\":\"ListItem\",\"position\":1,\"name\":\"Home\",\"item\":\"https:\/\/www.psngiochi.space\/en\/\"},{\"@type\":\"ListItem\",\"position\":2,\"name\":\"Negozio\",\"item\":\"https:\/\/www.psngiochi.space\/en\/negozio\/\"},{\"@type\":\"ListItem\",\"position\":3,\"name\":\"The Last of Us Part II [Secondario]\"}]},{\"@type\":\"WebSite\",\"@id\":\"https:\/\/www.psngiochi.space\/en\/#website\",\"url\":\"https:\/\/www.psngiochi.space\/en\/\",\"name\":\"Giochi Digitali PS4 e PS5\",\"description\":\"Noleggio di giochi, vendita di accounts\",\"potentialAction\":[{\"@type\":\"SearchAction\",\"target\":{\"@type\":\"EntryPoint\",\"urlTemplate\":\"https:\/\/www.psngiochi.space\/en\/?s={search_term_string}\"},\"query-input\":{\"@type\":\"PropertyValueSpecification\",\"valueRequired\":true,\"valueName\":\"search_term_string\"}}],\"inLanguage\":\"it-IT\"}]}<\/script>\n<!-- \/ Yoast SEO plugin. -->","yoast_head_json":{"title":"The Last of Us Part II [Secondario] - Giochi Digitali PS4 e PS5","description":"Giochi Digitali PS4 in Noleggio. Dopo un pericoloso viaggio attraverso gli Stati Uniti flagellati dalla pandemia, Ellie e Joel si stabiliscono in Wyoming.","robots":{"index":"index","follow":"follow","max-snippet":"max-snippet:-1","max-image-preview":"max-image-preview:large","max-video-preview":"max-video-preview:-1"},"canonical":"https:\/\/www.psngiochi.space\/it\/product\/the-last-of-us-part-2\/","og_locale":"it_IT","og_type":"article","og_title":"The Last of Us Part II [Secondario] - Giochi Digitali PS4 e PS5","og_description":"Giochi Digitali PS4 in Noleggio. Dopo un pericoloso viaggio attraverso gli Stati Uniti flagellati dalla pandemia, Ellie e Joel si stabiliscono in Wyoming.","og_url":"https:\/\/www.psngiochi.space\/it\/product\/the-last-of-us-part-2\/","og_site_name":"Giochi Digitali PS4 e PS5","article_modified_time":"2026-04-30T20:28:26+00:00","og_image":[{"width":803,"height":1000,"url":"https:\/\/www.psngiochi.space\/wp-content\/uploads\/2019\/09\/the-last-of-us-part-2-psngiochispace-giochi-digitali-ps4-digital-games-ps4-cifrovye-igry-ps4.jpg","type":"image\/jpeg"}],"twitter_card":"summary_large_image","twitter_misc":{"Tempo di lettura stimato":"1 minuto"},"schema":{"@context":"https:\/\/schema.org","@graph":[{"@type":"WebPage","@id":"https:\/\/www.psngiochi.space\/it\/product\/the-last-of-us-part-2\/","url":"https:\/\/www.psngiochi.space\/it\/product\/the-last-of-us-part-2\/","name":"The Last of Us Part II [Secondario] - Giochi Digitali PS4 e PS5","isPartOf":{"@id":"https:\/\/www.psngiochi.space\/en\/#website"},"primaryImageOfPage":{"@id":"https:\/\/www.psngiochi.space\/it\/product\/the-last-of-us-part-2\/#primaryimage"},"image":{"@id":"https:\/\/www.psngiochi.space\/it\/product\/the-last-of-us-part-2\/#primaryimage"},"thumbnailUrl":"https:\/\/www.psngiochi.space\/wp-content\/uploads\/2019\/09\/the-last-of-us-part-2-psngiochispace-giochi-digitali-ps4-digital-games-ps4-cifrovye-igry-ps4.jpg","datePublished":"2019-09-25T09:14:48+00:00","dateModified":"2026-04-30T20:28:26+00:00","description":"Giochi Digitali PS4 in Noleggio. Dopo un pericoloso viaggio attraverso gli Stati Uniti flagellati dalla pandemia, Ellie e Joel si stabiliscono in Wyoming.","breadcrumb":{"@id":"https:\/\/www.psngiochi.space\/it\/product\/the-last-of-us-part-2\/#breadcrumb"},"inLanguage":"it-IT","potentialAction":[{"@type":"ReadAction","target":["https:\/\/www.psngiochi.space\/it\/product\/the-last-of-us-part-2\/"]}]},{"@type":"ImageObject","inLanguage":"it-IT","@id":"https:\/\/www.psngiochi.space\/it\/product\/the-last-of-us-part-2\/#primaryimage","url":"https:\/\/www.psngiochi.space\/wp-content\/uploads\/2019\/09\/the-last-of-us-part-2-psngiochispace-giochi-digitali-ps4-digital-games-ps4-cifrovye-igry-ps4.jpg","contentUrl":"https:\/\/www.psngiochi.space\/wp-content\/uploads\/2019\/09\/the-last-of-us-part-2-psngiochispace-giochi-digitali-ps4-digital-games-ps4-cifrovye-igry-ps4.jpg","width":803,"height":1000},{"@type":"BreadcrumbList","@id":"https:\/\/www.psngiochi.space\/it\/product\/the-last-of-us-part-2\/#breadcrumb","itemListElement":[{"@type":"ListItem","position":1,"name":"Home","item":"https:\/\/www.psngiochi.space\/en\/"},{"@type":"ListItem","position":2,"name":"Negozio","item":"https:\/\/www.psngiochi.space\/en\/negozio\/"},{"@type":"ListItem","position":3,"name":"The Last of Us Part II [Secondario]"}]},{"@type":"WebSite","@id":"https:\/\/www.psngiochi.space\/en\/#website","url":"https:\/\/www.psngiochi.space\/en\/","name":"Giochi Digitali PS4 e PS5","description":"Noleggio di giochi, vendita di accounts","potentialAction":[{"@type":"SearchAction","target":{"@type":"EntryPoint","urlTemplate":"https:\/\/www.psngiochi.space\/en\/?s={search_term_string}"},"query-input":{"@type":"PropertyValueSpecification","valueRequired":true,"valueName":"search_term_string"}}],"inLanguage":"it-IT"}]}},"_links":{"self":[{"href":"https:\/\/www.psngiochi.space\/it\/wp-json\/wp\/v2\/product\/8737","targetHints":{"allow":["GET"]}}],"collection":[{"href":"https:\/\/www.psngiochi.space\/it\/wp-json\/wp\/v2\/product"}],"about":[{"href":"https:\/\/www.psngiochi.space\/it\/wp-json\/wp\/v2\/types\/product"}],"replies":[{"embeddable":true,"href":"https:\/\/www.psngiochi.space\/it\/wp-json\/wp\/v2\/comments?post=8737"}],"wp:featuredmedia":[{"embeddable":true,"href":"https:\/\/www.psngiochi.space\/it\/wp-json\/wp\/v2\/media\/8738"}],"wp:attachment":[{"href":"https:\/\/www.psngiochi.space\/it\/wp-json\/wp\/v2\/media?parent=8737"}],"wp:term":[{"taxonomy":"product_cat","embeddable":true,"href":"https:\/\/www.psngiochi.space\/it\/wp-json\/wp\/v2\/product_cat?post=8737"},{"taxonomy":"product_tag","embeddable":true,"href":"https:\/\/www.psngiochi.space\/it\/wp-json\/wp\/v2\/product_tag?post=8737"}],"curies":[{"name":"wp","href":"https:\/\/api.w.org\/{rel}","templated":true}]}}