{"id":6975,"date":"2018-12-23T10:22:27","date_gmt":"2018-12-23T10:22:27","guid":{"rendered":"http:\/\/www.psngiochi.space\/?post_type=product&#038;p=6975"},"modified":"2018-12-23T10:31:07","modified_gmt":"2018-12-23T10:31:07","slug":"need-for-speed-most-wanted-grid-autosport","status":"publish","type":"product","link":"https:\/\/www.psngiochi.space\/it\/product\/need-for-speed-most-wanted-grid-autosport\/","title":{"rendered":"Need for Speed Most Wanted\/GRID Autosport"},"content":{"rendered":"<p><span style=\"font-size: 14pt;\">Need for Speed Most Wanted<\/span><\/p>\n<p><span style=\"font-size: 14pt; color: #000000;\">Per diventare Most Wanted dovrai seminare la polizia, sorpassare gli amici e surclassare i rivali. Con un'implacabile forza di polizia che cerca di catturarti, dovrai prendere le tue decisioni in fretta: usa lo scenario aperto a tua vantaggio per trovare nascondigli e salti, o guadagnare nuovi veicoli per rimanere sempre un passo avanti.<\/span><\/p>\n<p><span style=\"font-size: 14pt;\">GRID Autosport<\/span><\/p>\n<p><span style=\"font-size: 14pt; color: #000000;\">Prova le emozioni di uno sport automobilistico autentico e professionale: specializzati nella tua disciplina preferita o trionfa in ogni stile di gara su oltre 100 percorsi in 22 incredibili localit\u00e0. GRID Autosport ti offre una mastodontica modalit\u00e0 carriera, intelligenza artificiale avanzata, il ritorno della visuale interna, e i bolidi pi\u00f9 potenti del pianeta. La modalit\u00e0 online ti offre Club per le competizioni di gruppo, sfide RaceNet settimanali e schermo condiviso per 2 giocatori.<\/span><\/p>\n","protected":false},"excerpt":{"rendered":"<h5 class=\"provider-info__text\"><span class=\"provider-info__list-item\">NFS Most Wanted\u00a0<\/span><span class=\"provider-info__list-item\">|\u00a0<\/span><span class=\"provider-info__list-item\">Pubblicato\u00a031 Ott 2012<\/span><span class=\"provider-info__list-item\">\u00a0| Dimens. file: 4.35 GB |\u00a0 \u03361\u03364\u0336.\u03369\u03369\u0336<\/span><\/h5>\n<h5 class=\"provider-info__text\"><span class=\"provider-info__list-item\">GRID Autosport\u00a0<\/span><span class=\"provider-info__list-item\">|\u00a0<\/span><span class=\"provider-info__list-item\">Pubblicato\u00a027 Giu 2014<\/span><span class=\"provider-info__list-item\">\u00a0| Dimens. file: 7.65 GB |\u00a0 \u03362\u03364\u0336.\u03369\u03369\u0336<\/span><\/h5>\n","protected":false},"featured_media":6976,"comment_status":"open","ping_status":"closed","template":"","meta":[],"product_cat":[57],"product_tag":[76],"class_list":{"0":"post-6975","1":"product","2":"type-product","3":"status-publish","4":"has-post-thumbnail","6":"product_cat-ps3","7":"product_tag-gara","9":"first","10":"instock","11":"downloadable","12":"virtual","13":"purchasable","14":"product-type-simple"},"yoast_head":"<!-- This site is optimized with the Yoast SEO plugin v23.9 - https:\/\/yoast.com\/wordpress\/plugins\/seo\/ -->\n<title>Need for Speed Most Wanted\/GRID Autosport - Giochi Digitali PS4 e PS5<\/title>\n<meta name=\"description\" content=\"PSN Gioco. PS3. Vai forte, vinci e diventa famoso nella &#039;World Series Racing&#039; in cui i migliori piloti si sfidano su bolidi incredibili e circuiti da sogno. Il vincitore diventer\u00e0 il nuovo eroe dell&#039;automobilismo. Guida con aggressivit\u00e0 contro avversari dotati di intelligenza artificiale avanzata.\" \/>\n<meta name=\"robots\" content=\"index, follow, max-snippet:-1, max-image-preview:large, max-video-preview:-1\" \/>\n<link rel=\"canonical\" href=\"https:\/\/www.psngiochi.space\/it\/product\/need-for-speed-most-wanted-grid-autosport\/\" \/>\n<meta property=\"og:locale\" content=\"it_IT\" \/>\n<meta property=\"og:type\" content=\"article\" \/>\n<meta property=\"og:title\" content=\"Need for Speed Most Wanted\/GRID Autosport - Giochi Digitali PS4 e PS5\" \/>\n<meta property=\"og:description\" content=\"PSN Gioco. PS3. Vai forte, vinci e diventa famoso nella &#039;World Series Racing&#039; in cui i migliori piloti si sfidano su bolidi incredibili e circuiti da sogno. Il vincitore diventer\u00e0 il nuovo eroe dell&#039;automobilismo. Guida con aggressivit\u00e0 contro avversari dotati di intelligenza artificiale avanzata.\" \/>\n<meta property=\"og:url\" content=\"https:\/\/www.psngiochi.space\/it\/product\/need-for-speed-most-wanted-grid-autosport\/\" \/>\n<meta property=\"og:site_name\" content=\"Giochi Digitali PS4 e PS5\" \/>\n<meta property=\"article:modified_time\" content=\"2018-12-23T10:31:07+00:00\" \/>\n<meta property=\"og:image\" content=\"https:\/\/www.psngiochi.space\/wp-content\/uploads\/2018\/12\/need-for-speed-most-wanted-grid-autosport.png\" \/>\n\t<meta property=\"og:image:width\" content=\"375\" \/>\n\t<meta property=\"og:image:height\" content=\"375\" \/>\n\t<meta property=\"og:image:type\" content=\"image\/png\" \/>\n<meta name=\"twitter:card\" content=\"summary_large_image\" \/>\n<meta name=\"twitter:label1\" content=\"Tempo di lettura stimato\" \/>\n\t<meta name=\"twitter:data1\" content=\"1 minuto\" \/>\n<script type=\"application\/ld+json\" class=\"yoast-schema-graph\">{\"@context\":\"https:\/\/schema.org\",\"@graph\":[{\"@type\":\"WebPage\",\"@id\":\"https:\/\/www.psngiochi.space\/it\/product\/need-for-speed-most-wanted-grid-autosport\/\",\"url\":\"https:\/\/www.psngiochi.space\/it\/product\/need-for-speed-most-wanted-grid-autosport\/\",\"name\":\"Need for Speed Most Wanted\/GRID Autosport - Giochi Digitali PS4 e PS5\",\"isPartOf\":{\"@id\":\"https:\/\/www.psngiochi.space\/en\/#website\"},\"primaryImageOfPage\":{\"@id\":\"https:\/\/www.psngiochi.space\/it\/product\/need-for-speed-most-wanted-grid-autosport\/#primaryimage\"},\"image\":{\"@id\":\"https:\/\/www.psngiochi.space\/it\/product\/need-for-speed-most-wanted-grid-autosport\/#primaryimage\"},\"thumbnailUrl\":\"https:\/\/www.psngiochi.space\/wp-content\/uploads\/2018\/12\/need-for-speed-most-wanted-grid-autosport.png\",\"datePublished\":\"2018-12-23T10:22:27+00:00\",\"dateModified\":\"2018-12-23T10:31:07+00:00\",\"description\":\"PSN Gioco. PS3. Vai forte, vinci e diventa famoso nella 'World Series Racing' in cui i migliori piloti si sfidano su bolidi incredibili e circuiti da sogno. Il vincitore diventer\u00e0 il nuovo eroe dell'automobilismo. Guida con aggressivit\u00e0 contro avversari dotati di intelligenza artificiale avanzata.\",\"breadcrumb\":{\"@id\":\"https:\/\/www.psngiochi.space\/it\/product\/need-for-speed-most-wanted-grid-autosport\/#breadcrumb\"},\"inLanguage\":\"it-IT\",\"potentialAction\":[{\"@type\":\"ReadAction\",\"target\":[\"https:\/\/www.psngiochi.space\/it\/product\/need-for-speed-most-wanted-grid-autosport\/\"]}]},{\"@type\":\"ImageObject\",\"inLanguage\":\"it-IT\",\"@id\":\"https:\/\/www.psngiochi.space\/it\/product\/need-for-speed-most-wanted-grid-autosport\/#primaryimage\",\"url\":\"https:\/\/www.psngiochi.space\/wp-content\/uploads\/2018\/12\/need-for-speed-most-wanted-grid-autosport.png\",\"contentUrl\":\"https:\/\/www.psngiochi.space\/wp-content\/uploads\/2018\/12\/need-for-speed-most-wanted-grid-autosport.png\",\"width\":375,\"height\":375},{\"@type\":\"BreadcrumbList\",\"@id\":\"https:\/\/www.psngiochi.space\/it\/product\/need-for-speed-most-wanted-grid-autosport\/#breadcrumb\",\"itemListElement\":[{\"@type\":\"ListItem\",\"position\":1,\"name\":\"Home\",\"item\":\"https:\/\/www.psngiochi.space\/en\/\"},{\"@type\":\"ListItem\",\"position\":2,\"name\":\"Negozio\",\"item\":\"https:\/\/www.psngiochi.space\/en\/negozio\/\"},{\"@type\":\"ListItem\",\"position\":3,\"name\":\"Need for Speed Most Wanted\/GRID Autosport\"}]},{\"@type\":\"WebSite\",\"@id\":\"https:\/\/www.psngiochi.space\/en\/#website\",\"url\":\"https:\/\/www.psngiochi.space\/en\/\",\"name\":\"Giochi Digitali PS4 e PS5\",\"description\":\"Noleggio di giochi, vendita di accounts\",\"potentialAction\":[{\"@type\":\"SearchAction\",\"target\":{\"@type\":\"EntryPoint\",\"urlTemplate\":\"https:\/\/www.psngiochi.space\/en\/?s={search_term_string}\"},\"query-input\":{\"@type\":\"PropertyValueSpecification\",\"valueRequired\":true,\"valueName\":\"search_term_string\"}}],\"inLanguage\":\"it-IT\"}]}<\/script>\n<!-- \/ Yoast SEO plugin. -->","yoast_head_json":{"title":"Need for Speed Most Wanted\/GRID Autosport - Giochi Digitali PS4 e PS5","description":"PSN Gioco. PS3. Vai forte, vinci e diventa famoso nella 'World Series Racing' in cui i migliori piloti si sfidano su bolidi incredibili e circuiti da sogno. Il vincitore diventer\u00e0 il nuovo eroe dell'automobilismo. Guida con aggressivit\u00e0 contro avversari dotati di intelligenza artificiale avanzata.","robots":{"index":"index","follow":"follow","max-snippet":"max-snippet:-1","max-image-preview":"max-image-preview:large","max-video-preview":"max-video-preview:-1"},"canonical":"https:\/\/www.psngiochi.space\/it\/product\/need-for-speed-most-wanted-grid-autosport\/","og_locale":"it_IT","og_type":"article","og_title":"Need for Speed Most Wanted\/GRID Autosport - Giochi Digitali PS4 e PS5","og_description":"PSN Gioco. PS3. Vai forte, vinci e diventa famoso nella 'World Series Racing' in cui i migliori piloti si sfidano su bolidi incredibili e circuiti da sogno. Il vincitore diventer\u00e0 il nuovo eroe dell'automobilismo. Guida con aggressivit\u00e0 contro avversari dotati di intelligenza artificiale avanzata.","og_url":"https:\/\/www.psngiochi.space\/it\/product\/need-for-speed-most-wanted-grid-autosport\/","og_site_name":"Giochi Digitali PS4 e PS5","article_modified_time":"2018-12-23T10:31:07+00:00","og_image":[{"width":375,"height":375,"url":"https:\/\/www.psngiochi.space\/wp-content\/uploads\/2018\/12\/need-for-speed-most-wanted-grid-autosport.png","type":"image\/png"}],"twitter_card":"summary_large_image","twitter_misc":{"Tempo di lettura stimato":"1 minuto"},"schema":{"@context":"https:\/\/schema.org","@graph":[{"@type":"WebPage","@id":"https:\/\/www.psngiochi.space\/it\/product\/need-for-speed-most-wanted-grid-autosport\/","url":"https:\/\/www.psngiochi.space\/it\/product\/need-for-speed-most-wanted-grid-autosport\/","name":"Need for Speed Most Wanted\/GRID Autosport - Giochi Digitali PS4 e PS5","isPartOf":{"@id":"https:\/\/www.psngiochi.space\/en\/#website"},"primaryImageOfPage":{"@id":"https:\/\/www.psngiochi.space\/it\/product\/need-for-speed-most-wanted-grid-autosport\/#primaryimage"},"image":{"@id":"https:\/\/www.psngiochi.space\/it\/product\/need-for-speed-most-wanted-grid-autosport\/#primaryimage"},"thumbnailUrl":"https:\/\/www.psngiochi.space\/wp-content\/uploads\/2018\/12\/need-for-speed-most-wanted-grid-autosport.png","datePublished":"2018-12-23T10:22:27+00:00","dateModified":"2018-12-23T10:31:07+00:00","description":"PSN Gioco. PS3. Vai forte, vinci e diventa famoso nella 'World Series Racing' in cui i migliori piloti si sfidano su bolidi incredibili e circuiti da sogno. Il vincitore diventer\u00e0 il nuovo eroe dell'automobilismo. Guida con aggressivit\u00e0 contro avversari dotati di intelligenza artificiale avanzata.","breadcrumb":{"@id":"https:\/\/www.psngiochi.space\/it\/product\/need-for-speed-most-wanted-grid-autosport\/#breadcrumb"},"inLanguage":"it-IT","potentialAction":[{"@type":"ReadAction","target":["https:\/\/www.psngiochi.space\/it\/product\/need-for-speed-most-wanted-grid-autosport\/"]}]},{"@type":"ImageObject","inLanguage":"it-IT","@id":"https:\/\/www.psngiochi.space\/it\/product\/need-for-speed-most-wanted-grid-autosport\/#primaryimage","url":"https:\/\/www.psngiochi.space\/wp-content\/uploads\/2018\/12\/need-for-speed-most-wanted-grid-autosport.png","contentUrl":"https:\/\/www.psngiochi.space\/wp-content\/uploads\/2018\/12\/need-for-speed-most-wanted-grid-autosport.png","width":375,"height":375},{"@type":"BreadcrumbList","@id":"https:\/\/www.psngiochi.space\/it\/product\/need-for-speed-most-wanted-grid-autosport\/#breadcrumb","itemListElement":[{"@type":"ListItem","position":1,"name":"Home","item":"https:\/\/www.psngiochi.space\/en\/"},{"@type":"ListItem","position":2,"name":"Negozio","item":"https:\/\/www.psngiochi.space\/en\/negozio\/"},{"@type":"ListItem","position":3,"name":"Need for Speed Most Wanted\/GRID Autosport"}]},{"@type":"WebSite","@id":"https:\/\/www.psngiochi.space\/en\/#website","url":"https:\/\/www.psngiochi.space\/en\/","name":"Giochi Digitali PS4 e PS5","description":"Noleggio di giochi, vendita di accounts","potentialAction":[{"@type":"SearchAction","target":{"@type":"EntryPoint","urlTemplate":"https:\/\/www.psngiochi.space\/en\/?s={search_term_string}"},"query-input":{"@type":"PropertyValueSpecification","valueRequired":true,"valueName":"search_term_string"}}],"inLanguage":"it-IT"}]}},"_links":{"self":[{"href":"https:\/\/www.psngiochi.space\/it\/wp-json\/wp\/v2\/product\/6975","targetHints":{"allow":["GET"]}}],"collection":[{"href":"https:\/\/www.psngiochi.space\/it\/wp-json\/wp\/v2\/product"}],"about":[{"href":"https:\/\/www.psngiochi.space\/it\/wp-json\/wp\/v2\/types\/product"}],"replies":[{"embeddable":true,"href":"https:\/\/www.psngiochi.space\/it\/wp-json\/wp\/v2\/comments?post=6975"}],"wp:featuredmedia":[{"embeddable":true,"href":"https:\/\/www.psngiochi.space\/it\/wp-json\/wp\/v2\/media\/6976"}],"wp:attachment":[{"href":"https:\/\/www.psngiochi.space\/it\/wp-json\/wp\/v2\/media?parent=6975"}],"wp:term":[{"taxonomy":"product_cat","embeddable":true,"href":"https:\/\/www.psngiochi.space\/it\/wp-json\/wp\/v2\/product_cat?post=6975"},{"taxonomy":"product_tag","embeddable":true,"href":"https:\/\/www.psngiochi.space\/it\/wp-json\/wp\/v2\/product_tag?post=6975"}],"curies":[{"name":"wp","href":"https:\/\/api.w.org\/{rel}","templated":true}]}}