{"id":6955,"date":"2018-12-22T10:27:19","date_gmt":"2018-12-22T09:27:19","guid":{"rendered":"http:\/\/www.psngiochi.space\/?post_type=product&#038;p=6955"},"modified":"2024-01-07T13:07:46","modified_gmt":"2024-01-07T12:07:46","slug":"mafia-3","status":"publish","type":"product","link":"https:\/\/www.psngiochi.space\/it\/product\/mafia-3\/","title":{"rendered":"Mafia III"},"content":{"rendered":"<p><span style=\"font-size: 14pt; color: #000000;\">1968. New Bordeaux.<\/span><br \/>\n<span style=\"font-size: 14pt; color: #000000;\">Dopo anni di guerra in Vietnam, Lincoln Clay ha scoperto una verit\u00e0: famiglia non \u00e8 con chi sei nato, \u00e8 per chi muori. Quando la sua famiglia adottiva, la mafia nera, viene tradita e sterminata dai gangster italiani, Lincoln fonda una nuova famiglia, intraprendendo un cammino di redenzione e vendetta in stile militare per eliminare i responsabili.<\/span><\/p>\n<p><span style=\"font-size: 14pt; color: #000000;\">- NEW BORDEAUX, UNA NEW ORLEANS REINVENTATA: Un vasto mondo aperto, dominato dalla malavita, con ambienti e suoni d'epoca.<\/span><\/p>\n<p><span style=\"font-size: 14pt; color: #000000;\">- UN ANTIEROE LETALE: Vesti i panni di Lincoln Clay, un orfano e veterano del Vietnam che ha giurato vendetta a chi ha sterminato la sua famiglia adottiva<\/span><\/p>\n<p><span style=\"font-size: 14pt; color: #000000;\">- LA VENDETTA A MODO TUO: Scegli il tuo stile di gioco preferito, dalla forza bruta ad armi spianate alle tattiche da cacciatore, per abbattere la mafia italiana.<\/span><\/p>\n<p><span style=\"font-size: 14pt; color: #000000;\">- UNA NUOVA FAMIGLIA SORGE DALLE CENERI DI QUELLA VECCHIA: Costruisci un nuovo impero criminale, decidendo quali sottoposti premiare e quali tradire.<\/span><\/p>\n<p><span style=\"font-size: 14pt; color: #000000;\">Audio: inglese, italiano<\/span><\/p>\n<p><span style=\"font-size: 14pt; color: #000000;\">Sottotitoli: inglese, italiano, russo<\/span><\/p>\n","protected":false},"excerpt":{"rendered":"<h5 class=\"provider-info__text\"><span class=\"provider-info__list-item\">Pubblicato\u00a07 Ott 2016<\/span><span class=\"provider-info__list-item\">\u00a0| Dimens. file: 46.11 GB |\u00a0 \u03363\u03369\u0336.\u03369\u03369\u0336<\/span><\/h5>\n<h3><span style=\"font-family: georgia, palatino, serif;\"><span style=\"color: #df1d1d;\">\u23f0\u00a0Noleggio per 15 giorni:<\/span><\/span><span style=\"color: #df1d1d;\">\u00a0<span style=\"font-size: 10pt; color: #333333;\">p<\/span><\/span><span style=\"font-family: georgia, palatino, serif; font-size: 10pt; color: #333333;\">ossibilita di giocare dal vostro account personale o sull account fornito (primario o secondario).<\/span><\/h3>\n<h3><span style=\"font-size: 10pt; color: #333333;\">Il gioco in noleggio \u00e8 uno dei modi pi\u00f9 economici e convenienti per ottenere un gioco.\u00a0<\/span><span style=\"font-size: 10pt; color: #333333;\">Puoi anche estendere il periodo se non sei riuscito a finire il gioco.<\/span><\/h3>\n","protected":false},"featured_media":6960,"comment_status":"open","ping_status":"closed","template":"","meta":[],"product_cat":[122],"product_tag":[58,75],"class_list":{"0":"post-6955","1":"product","2":"type-product","3":"status-publish","4":"has-post-thumbnail","6":"product_cat-giochi-ps4-in-noleggio","7":"product_tag-avventura","8":"product_tag-azione","10":"first","11":"instock","12":"downloadable","13":"virtual","14":"purchasable","15":"product-type-simple"},"yoast_head":"<!-- This site is optimized with the Yoast SEO plugin v23.9 - https:\/\/yoast.com\/wordpress\/plugins\/seo\/ -->\n<title>Mafia III - Giochi Digitali PS4 e PS5<\/title>\n<meta name=\"description\" content=\"Giochi Digitali PS4 in Noleggio. 1968. New Bordeaux. Dopo anni di guerra in Vietnam.\" \/>\n<meta name=\"robots\" content=\"index, follow, max-snippet:-1, max-image-preview:large, max-video-preview:-1\" \/>\n<link rel=\"canonical\" href=\"https:\/\/www.psngiochi.space\/it\/product\/mafia-3\/\" \/>\n<meta property=\"og:locale\" content=\"it_IT\" \/>\n<meta property=\"og:type\" content=\"article\" \/>\n<meta property=\"og:title\" content=\"Mafia III - Giochi Digitali PS4 e PS5\" \/>\n<meta property=\"og:description\" content=\"Giochi Digitali PS4 in Noleggio. 1968. New Bordeaux. Dopo anni di guerra in Vietnam.\" \/>\n<meta property=\"og:url\" content=\"https:\/\/www.psngiochi.space\/it\/product\/mafia-3\/\" \/>\n<meta property=\"og:site_name\" content=\"Giochi Digitali PS4 e PS5\" \/>\n<meta property=\"article:modified_time\" content=\"2024-01-07T12:07:46+00:00\" \/>\n<meta property=\"og:image\" content=\"https:\/\/www.psngiochi.space\/wp-content\/uploads\/2018\/12\/mafia-3-noleggio.png\" \/>\n\t<meta property=\"og:image:width\" content=\"375\" \/>\n\t<meta property=\"og:image:height\" content=\"375\" \/>\n\t<meta property=\"og:image:type\" content=\"image\/png\" \/>\n<meta name=\"twitter:card\" content=\"summary_large_image\" \/>\n<meta name=\"twitter:label1\" content=\"Tempo di lettura stimato\" \/>\n\t<meta name=\"twitter:data1\" content=\"1 minuto\" \/>\n<script type=\"application\/ld+json\" class=\"yoast-schema-graph\">{\"@context\":\"https:\/\/schema.org\",\"@graph\":[{\"@type\":\"WebPage\",\"@id\":\"https:\/\/www.psngiochi.space\/it\/product\/mafia-3\/\",\"url\":\"https:\/\/www.psngiochi.space\/it\/product\/mafia-3\/\",\"name\":\"Mafia III - Giochi Digitali PS4 e PS5\",\"isPartOf\":{\"@id\":\"https:\/\/www.psngiochi.space\/en\/#website\"},\"primaryImageOfPage\":{\"@id\":\"https:\/\/www.psngiochi.space\/it\/product\/mafia-3\/#primaryimage\"},\"image\":{\"@id\":\"https:\/\/www.psngiochi.space\/it\/product\/mafia-3\/#primaryimage\"},\"thumbnailUrl\":\"https:\/\/www.psngiochi.space\/wp-content\/uploads\/2018\/12\/mafia-3-noleggio.png\",\"datePublished\":\"2018-12-22T09:27:19+00:00\",\"dateModified\":\"2024-01-07T12:07:46+00:00\",\"description\":\"Giochi Digitali PS4 in Noleggio. 1968. New Bordeaux. Dopo anni di guerra in Vietnam.\",\"breadcrumb\":{\"@id\":\"https:\/\/www.psngiochi.space\/it\/product\/mafia-3\/#breadcrumb\"},\"inLanguage\":\"it-IT\",\"potentialAction\":[{\"@type\":\"ReadAction\",\"target\":[\"https:\/\/www.psngiochi.space\/it\/product\/mafia-3\/\"]}]},{\"@type\":\"ImageObject\",\"inLanguage\":\"it-IT\",\"@id\":\"https:\/\/www.psngiochi.space\/it\/product\/mafia-3\/#primaryimage\",\"url\":\"https:\/\/www.psngiochi.space\/wp-content\/uploads\/2018\/12\/mafia-3-noleggio.png\",\"contentUrl\":\"https:\/\/www.psngiochi.space\/wp-content\/uploads\/2018\/12\/mafia-3-noleggio.png\",\"width\":375,\"height\":375},{\"@type\":\"BreadcrumbList\",\"@id\":\"https:\/\/www.psngiochi.space\/it\/product\/mafia-3\/#breadcrumb\",\"itemListElement\":[{\"@type\":\"ListItem\",\"position\":1,\"name\":\"Home\",\"item\":\"https:\/\/www.psngiochi.space\/en\/\"},{\"@type\":\"ListItem\",\"position\":2,\"name\":\"Negozio\",\"item\":\"https:\/\/www.psngiochi.space\/en\/negozio\/\"},{\"@type\":\"ListItem\",\"position\":3,\"name\":\"Mafia III\"}]},{\"@type\":\"WebSite\",\"@id\":\"https:\/\/www.psngiochi.space\/en\/#website\",\"url\":\"https:\/\/www.psngiochi.space\/en\/\",\"name\":\"Giochi Digitali PS4 e PS5\",\"description\":\"Noleggio di giochi, vendita di accounts\",\"potentialAction\":[{\"@type\":\"SearchAction\",\"target\":{\"@type\":\"EntryPoint\",\"urlTemplate\":\"https:\/\/www.psngiochi.space\/en\/?s={search_term_string}\"},\"query-input\":{\"@type\":\"PropertyValueSpecification\",\"valueRequired\":true,\"valueName\":\"search_term_string\"}}],\"inLanguage\":\"it-IT\"}]}<\/script>\n<!-- \/ Yoast SEO plugin. -->","yoast_head_json":{"title":"Mafia III - Giochi Digitali PS4 e PS5","description":"Giochi Digitali PS4 in Noleggio. 1968. New Bordeaux. Dopo anni di guerra in Vietnam.","robots":{"index":"index","follow":"follow","max-snippet":"max-snippet:-1","max-image-preview":"max-image-preview:large","max-video-preview":"max-video-preview:-1"},"canonical":"https:\/\/www.psngiochi.space\/it\/product\/mafia-3\/","og_locale":"it_IT","og_type":"article","og_title":"Mafia III - Giochi Digitali PS4 e PS5","og_description":"Giochi Digitali PS4 in Noleggio. 1968. New Bordeaux. Dopo anni di guerra in Vietnam.","og_url":"https:\/\/www.psngiochi.space\/it\/product\/mafia-3\/","og_site_name":"Giochi Digitali PS4 e PS5","article_modified_time":"2024-01-07T12:07:46+00:00","og_image":[{"width":375,"height":375,"url":"https:\/\/www.psngiochi.space\/wp-content\/uploads\/2018\/12\/mafia-3-noleggio.png","type":"image\/png"}],"twitter_card":"summary_large_image","twitter_misc":{"Tempo di lettura stimato":"1 minuto"},"schema":{"@context":"https:\/\/schema.org","@graph":[{"@type":"WebPage","@id":"https:\/\/www.psngiochi.space\/it\/product\/mafia-3\/","url":"https:\/\/www.psngiochi.space\/it\/product\/mafia-3\/","name":"Mafia III - Giochi Digitali PS4 e PS5","isPartOf":{"@id":"https:\/\/www.psngiochi.space\/en\/#website"},"primaryImageOfPage":{"@id":"https:\/\/www.psngiochi.space\/it\/product\/mafia-3\/#primaryimage"},"image":{"@id":"https:\/\/www.psngiochi.space\/it\/product\/mafia-3\/#primaryimage"},"thumbnailUrl":"https:\/\/www.psngiochi.space\/wp-content\/uploads\/2018\/12\/mafia-3-noleggio.png","datePublished":"2018-12-22T09:27:19+00:00","dateModified":"2024-01-07T12:07:46+00:00","description":"Giochi Digitali PS4 in Noleggio. 1968. New Bordeaux. Dopo anni di guerra in Vietnam.","breadcrumb":{"@id":"https:\/\/www.psngiochi.space\/it\/product\/mafia-3\/#breadcrumb"},"inLanguage":"it-IT","potentialAction":[{"@type":"ReadAction","target":["https:\/\/www.psngiochi.space\/it\/product\/mafia-3\/"]}]},{"@type":"ImageObject","inLanguage":"it-IT","@id":"https:\/\/www.psngiochi.space\/it\/product\/mafia-3\/#primaryimage","url":"https:\/\/www.psngiochi.space\/wp-content\/uploads\/2018\/12\/mafia-3-noleggio.png","contentUrl":"https:\/\/www.psngiochi.space\/wp-content\/uploads\/2018\/12\/mafia-3-noleggio.png","width":375,"height":375},{"@type":"BreadcrumbList","@id":"https:\/\/www.psngiochi.space\/it\/product\/mafia-3\/#breadcrumb","itemListElement":[{"@type":"ListItem","position":1,"name":"Home","item":"https:\/\/www.psngiochi.space\/en\/"},{"@type":"ListItem","position":2,"name":"Negozio","item":"https:\/\/www.psngiochi.space\/en\/negozio\/"},{"@type":"ListItem","position":3,"name":"Mafia III"}]},{"@type":"WebSite","@id":"https:\/\/www.psngiochi.space\/en\/#website","url":"https:\/\/www.psngiochi.space\/en\/","name":"Giochi Digitali PS4 e PS5","description":"Noleggio di giochi, vendita di accounts","potentialAction":[{"@type":"SearchAction","target":{"@type":"EntryPoint","urlTemplate":"https:\/\/www.psngiochi.space\/en\/?s={search_term_string}"},"query-input":{"@type":"PropertyValueSpecification","valueRequired":true,"valueName":"search_term_string"}}],"inLanguage":"it-IT"}]}},"_links":{"self":[{"href":"https:\/\/www.psngiochi.space\/it\/wp-json\/wp\/v2\/product\/6955","targetHints":{"allow":["GET"]}}],"collection":[{"href":"https:\/\/www.psngiochi.space\/it\/wp-json\/wp\/v2\/product"}],"about":[{"href":"https:\/\/www.psngiochi.space\/it\/wp-json\/wp\/v2\/types\/product"}],"replies":[{"embeddable":true,"href":"https:\/\/www.psngiochi.space\/it\/wp-json\/wp\/v2\/comments?post=6955"}],"wp:featuredmedia":[{"embeddable":true,"href":"https:\/\/www.psngiochi.space\/it\/wp-json\/wp\/v2\/media\/6960"}],"wp:attachment":[{"href":"https:\/\/www.psngiochi.space\/it\/wp-json\/wp\/v2\/media?parent=6955"}],"wp:term":[{"taxonomy":"product_cat","embeddable":true,"href":"https:\/\/www.psngiochi.space\/it\/wp-json\/wp\/v2\/product_cat?post=6955"},{"taxonomy":"product_tag","embeddable":true,"href":"https:\/\/www.psngiochi.space\/it\/wp-json\/wp\/v2\/product_tag?post=6955"}],"curies":[{"name":"wp","href":"https:\/\/api.w.org\/{rel}","templated":true}]}}