{"id":6769,"date":"2018-11-23T11:01:12","date_gmt":"2018-11-23T10:01:12","guid":{"rendered":"http:\/\/www.psngiochi.space\/?post_type=product&#038;p=6769"},"modified":"2023-09-08T16:25:23","modified_gmt":"2023-09-08T14:25:23","slug":"the-medium","status":"publish","type":"product","link":"https:\/\/www.psngiochi.space\/it\/product\/the-medium\/","title":{"rendered":"The Medium"},"content":{"rendered":"<p><span style=\"font-size: 14pt; color: #df1d1d;\">+ GIOCO BONUS \"Homefront: The Revolution\"<\/span><\/p>\n<p><span style=\"font-size: 14pt; color: #000000;\">Scopri un oscuro mistero che solo una medium pu\u00f2 risolvere. Esplora contemporaneamente il mondo reale e quello degli spiriti. Usa le tue abilit\u00e0 psichiche per risolvere rompicapi che attraversano entrambi i mondi, porta alla luce angoscianti segreti e sopravvivi agli incontri con la Fauce, un mostro concepito da un\u2019inenarrabile tragedia.<\/span><\/p>\n<p><span style=\"font-size: 14pt; color: #000000;\">The Medium \u00e8 un videogioco horror psicologico in terza persona che sfrutta un gameplay innovativo basato sulla realt\u00e0 dualistica ed \u00e8 accompagnato dalla colonna sonora originale composta da Arkadiusz Reikowski e Akira Yamaoka. Immergiti ancora pi\u00f9 a fondo nell\u2019inquietante atmosfera del gioco che ora supporta pienamente le caratteristiche uniche del controller DualSense.<\/span><\/p>\n<p><span style=\"font-size: 14pt; color: #000000;\">DIVENTA UNA MEDIUM<\/span><br \/>\n<span style=\"font-size: 14pt; color: #000000;\">Sfrutta abilit\u00e0 psichiche impareggiabili, riservate a poche persone che hanno un dono. Viaggia attraverso le realt\u00e0 oppure esplorale entrambe al contempo. Avvaliti dell\u2019esperienza Extracorporea per indagare in quei luoghi in cui il tuo io reale non pu\u00f2 arrivare. Crea scudi di energia e scatena potenti scariche mistiche per sopravvivere al mondo degli spiriti e ai suoi pericoli ultraterreni.<\/span><\/p>\n<p><span style=\"font-size: 14pt; color: #000000;\">SCOPRI COSA SI NASCONDE<\/span><br \/>\n<span style=\"font-size: 14pt; color: #000000;\">Avventurati nelle profondit\u00e0 di una storia adulta e dalla morale ambigua dove nulla \u00e8 come sembra e tutto ha una seconda faccia. In quanto medium, potrai vedere, sentire e percepire pi\u00f9 di chiunque altro e la tua comprensione degli avvenimenti del Niwa Resort cambier\u00e0 a ogni nuova prospettiva che assimilerai.<\/span><\/p>\n<p><span style=\"font-size: 14pt; color: #000000;\">GIOCA IN DUE MONDI SIMULTANEAMENTE<\/span><br \/>\n<span style=\"font-size: 14pt; color: #000000;\">L\u2019inedito gameplay ti permette di giocare a cavallo di due mondi che vengono visualizzati nello stesso tempo. Esplora contemporaneamente il mondo fisico e quello degli spiriti e trai vantaggio dalle interazioni tra gli stessi per risolvere puzzle a realt\u00e0 dualistica, sbloccare nuovi percorsi e risvegliare ricordi di eventi passati.<\/span><\/p>\n<p><span style=\"font-size: 14pt; color: #000000;\">ADDENTRATI IN UNA LUGUBRE REALT\u00c0 ISPIRATA DALLE OPERE DI BEKSI\u0143SKI<\/span><br \/>\n<span style=\"font-size: 14pt; color: #000000;\">Il mondo degli spiriti di The Medium \u00e8 un oscuro riflesso sullo specchio della nostra realt\u00e0, un luogo inquietante e malevolo in cui le nostre azioni impunite, i nostri bisogni perversi e i nostri segreti pi\u00f9 abietti possono assumere forma concreta. Questo mondo \u00e8 stato concepito e realizzato traendo ispirazione dai dipinti di Zdzis\u0142aw Beksi\u0144ski, surrealista distopico originario della Polonia e riconosciuto a livello internazionale per il suo stile inconfondibile e magistralmente sinistro.<\/span><\/p>\n<p><span style=\"font-size: 14pt; color: #000000;\">MUSICHE DI YAMAOKA E REIKOWSKI<\/span><br \/>\n<span style=\"font-size: 14pt; color: #000000;\">Immergiti a fondo nell\u2019inquietante e conturbante atmosfera del gioco grazie all\u2019originale colonna sonora \u201cdualistica\u201d nata dalla collaborazione tra Akira Yamaoka e Arkadiusz Reikowski. Yamaoka-san \u00e8 un compositore giapponese di fama leggendaria, noto soprattutto per il suo contributo alla serie di Silent Hill; Reikowski \u00e8 stato nominato agli Hollywood Music in Media Awards e ha lavorato a videogiochi horror elogiati dalla critica come Blair Witch, Layers of Fear e Observer. Le musiche e le tracce di The Medium sono il frutto dell\u2019unione del loro talento e della loro creativit\u00e0<\/span><\/p>\n","protected":false},"excerpt":{"rendered":"<h5 class=\"provider-info__text\"><span class=\"provider-info__list-item\">Pubblicato 3\/9\/2021<\/span><span class=\"provider-info__list-item\"> | Dimens. file: 00.00 GB<\/span><\/h5>\n<h3><span style=\"font-family: georgia, palatino, serif;\"><span style=\"color: #df1d1d;\">\u23f0\u00a0Noleggio per 10 giorni:<\/span><\/span><span style=\"color: #df1d1d;\">\u00a0<span style=\"font-size: 10pt; color: #333333;\">p<\/span><\/span><span style=\"font-family: georgia, palatino, serif; font-size: 10pt; color: #333333;\">ossibilita di giocare dal vostro account personale o sull account fornito (primario o secondario).<\/span><\/h3>\n<h3><span style=\"font-size: 10pt; color: #333333;\">Il gioco in noleggio \u00e8 uno dei modi pi\u00f9 economici e convenienti per ottenere un gioco.\u00a0<\/span><span style=\"font-size: 10pt; color: #333333;\">Puoi anche estendere il periodo se non sei riuscito a finire il gioco.<\/span><\/h3>\n","protected":false},"featured_media":10937,"comment_status":"open","ping_status":"closed","template":"","meta":[],"product_cat":[142],"product_tag":[101],"class_list":{"0":"post-6769","1":"product","2":"type-product","3":"status-publish","4":"has-post-thumbnail","6":"product_cat-giochi-ps5-in-noleggio","7":"product_tag-horror","9":"first","10":"instock","11":"downloadable","12":"virtual","13":"purchasable","14":"product-type-simple"},"yoast_head":"<!-- This site is optimized with the Yoast SEO plugin v23.9 - https:\/\/yoast.com\/wordpress\/plugins\/seo\/ -->\n<title>The Medium - Giochi Digitali PS4 e PS5<\/title>\n<meta name=\"description\" content=\"The Medium \u00e8 un videogioco horror psicologico in terza persona che sfrutta un gameplay innovativo basato sulla realt\u00e0 dualistica ed \u00e8 accompagnato dalla colonna sonora originale composta da Arkadiusz Reikowski e Akira Yamaoka.\" \/>\n<meta name=\"robots\" content=\"index, follow, max-snippet:-1, max-image-preview:large, max-video-preview:-1\" \/>\n<link rel=\"canonical\" href=\"https:\/\/www.psngiochi.space\/it\/product\/the-medium\/\" \/>\n<meta property=\"og:locale\" content=\"it_IT\" \/>\n<meta property=\"og:type\" content=\"article\" \/>\n<meta property=\"og:title\" content=\"The Medium - Giochi Digitali PS4 e PS5\" \/>\n<meta property=\"og:description\" content=\"The Medium \u00e8 un videogioco horror psicologico in terza persona che sfrutta un gameplay innovativo basato sulla realt\u00e0 dualistica ed \u00e8 accompagnato dalla colonna sonora originale composta da Arkadiusz Reikowski e Akira Yamaoka.\" \/>\n<meta property=\"og:url\" content=\"https:\/\/www.psngiochi.space\/it\/product\/the-medium\/\" \/>\n<meta property=\"og:site_name\" content=\"Giochi Digitali PS4 e PS5\" \/>\n<meta property=\"article:modified_time\" content=\"2023-09-08T14:25:23+00:00\" \/>\n<meta property=\"og:image\" content=\"https:\/\/www.psngiochi.space\/wp-content\/uploads\/2018\/11\/the-medium-psngiochispace-giochi-digitali-ps5-digital-games-ps5-cifrovye-igry-ps5.jpg\" \/>\n\t<meta property=\"og:image:width\" content=\"803\" \/>\n\t<meta property=\"og:image:height\" content=\"1000\" \/>\n\t<meta property=\"og:image:type\" content=\"image\/jpeg\" \/>\n<meta name=\"twitter:card\" content=\"summary_large_image\" \/>\n<meta name=\"twitter:label1\" content=\"Tempo di lettura stimato\" \/>\n\t<meta name=\"twitter:data1\" content=\"2 minuti\" \/>\n<script type=\"application\/ld+json\" class=\"yoast-schema-graph\">{\"@context\":\"https:\/\/schema.org\",\"@graph\":[{\"@type\":\"WebPage\",\"@id\":\"https:\/\/www.psngiochi.space\/it\/product\/the-medium\/\",\"url\":\"https:\/\/www.psngiochi.space\/it\/product\/the-medium\/\",\"name\":\"The Medium - Giochi Digitali PS4 e PS5\",\"isPartOf\":{\"@id\":\"https:\/\/www.psngiochi.space\/en\/#website\"},\"primaryImageOfPage\":{\"@id\":\"https:\/\/www.psngiochi.space\/it\/product\/the-medium\/#primaryimage\"},\"image\":{\"@id\":\"https:\/\/www.psngiochi.space\/it\/product\/the-medium\/#primaryimage\"},\"thumbnailUrl\":\"https:\/\/www.psngiochi.space\/wp-content\/uploads\/2018\/11\/the-medium-psngiochispace-giochi-digitali-ps5-digital-games-ps5-cifrovye-igry-ps5.jpg\",\"datePublished\":\"2018-11-23T10:01:12+00:00\",\"dateModified\":\"2023-09-08T14:25:23+00:00\",\"description\":\"The Medium \u00e8 un videogioco horror psicologico in terza persona che sfrutta un gameplay innovativo basato sulla realt\u00e0 dualistica ed \u00e8 accompagnato dalla colonna sonora originale composta da Arkadiusz Reikowski e Akira Yamaoka.\",\"breadcrumb\":{\"@id\":\"https:\/\/www.psngiochi.space\/it\/product\/the-medium\/#breadcrumb\"},\"inLanguage\":\"it-IT\",\"potentialAction\":[{\"@type\":\"ReadAction\",\"target\":[\"https:\/\/www.psngiochi.space\/it\/product\/the-medium\/\"]}]},{\"@type\":\"ImageObject\",\"inLanguage\":\"it-IT\",\"@id\":\"https:\/\/www.psngiochi.space\/it\/product\/the-medium\/#primaryimage\",\"url\":\"https:\/\/www.psngiochi.space\/wp-content\/uploads\/2018\/11\/the-medium-psngiochispace-giochi-digitali-ps5-digital-games-ps5-cifrovye-igry-ps5.jpg\",\"contentUrl\":\"https:\/\/www.psngiochi.space\/wp-content\/uploads\/2018\/11\/the-medium-psngiochispace-giochi-digitali-ps5-digital-games-ps5-cifrovye-igry-ps5.jpg\",\"width\":803,\"height\":1000},{\"@type\":\"BreadcrumbList\",\"@id\":\"https:\/\/www.psngiochi.space\/it\/product\/the-medium\/#breadcrumb\",\"itemListElement\":[{\"@type\":\"ListItem\",\"position\":1,\"name\":\"Home\",\"item\":\"https:\/\/www.psngiochi.space\/en\/\"},{\"@type\":\"ListItem\",\"position\":2,\"name\":\"Negozio\",\"item\":\"https:\/\/www.psngiochi.space\/en\/negozio\/\"},{\"@type\":\"ListItem\",\"position\":3,\"name\":\"The Medium\"}]},{\"@type\":\"WebSite\",\"@id\":\"https:\/\/www.psngiochi.space\/en\/#website\",\"url\":\"https:\/\/www.psngiochi.space\/en\/\",\"name\":\"Giochi Digitali PS4 e PS5\",\"description\":\"Noleggio di giochi, vendita di accounts\",\"potentialAction\":[{\"@type\":\"SearchAction\",\"target\":{\"@type\":\"EntryPoint\",\"urlTemplate\":\"https:\/\/www.psngiochi.space\/en\/?s={search_term_string}\"},\"query-input\":{\"@type\":\"PropertyValueSpecification\",\"valueRequired\":true,\"valueName\":\"search_term_string\"}}],\"inLanguage\":\"it-IT\"}]}<\/script>\n<!-- \/ Yoast SEO plugin. -->","yoast_head_json":{"title":"The Medium - Giochi Digitali PS4 e PS5","description":"The Medium \u00e8 un videogioco horror psicologico in terza persona che sfrutta un gameplay innovativo basato sulla realt\u00e0 dualistica ed \u00e8 accompagnato dalla colonna sonora originale composta da Arkadiusz Reikowski e Akira Yamaoka.","robots":{"index":"index","follow":"follow","max-snippet":"max-snippet:-1","max-image-preview":"max-image-preview:large","max-video-preview":"max-video-preview:-1"},"canonical":"https:\/\/www.psngiochi.space\/it\/product\/the-medium\/","og_locale":"it_IT","og_type":"article","og_title":"The Medium - Giochi Digitali PS4 e PS5","og_description":"The Medium \u00e8 un videogioco horror psicologico in terza persona che sfrutta un gameplay innovativo basato sulla realt\u00e0 dualistica ed \u00e8 accompagnato dalla colonna sonora originale composta da Arkadiusz Reikowski e Akira Yamaoka.","og_url":"https:\/\/www.psngiochi.space\/it\/product\/the-medium\/","og_site_name":"Giochi Digitali PS4 e PS5","article_modified_time":"2023-09-08T14:25:23+00:00","og_image":[{"width":803,"height":1000,"url":"https:\/\/www.psngiochi.space\/wp-content\/uploads\/2018\/11\/the-medium-psngiochispace-giochi-digitali-ps5-digital-games-ps5-cifrovye-igry-ps5.jpg","type":"image\/jpeg"}],"twitter_card":"summary_large_image","twitter_misc":{"Tempo di lettura stimato":"2 minuti"},"schema":{"@context":"https:\/\/schema.org","@graph":[{"@type":"WebPage","@id":"https:\/\/www.psngiochi.space\/it\/product\/the-medium\/","url":"https:\/\/www.psngiochi.space\/it\/product\/the-medium\/","name":"The Medium - Giochi Digitali PS4 e PS5","isPartOf":{"@id":"https:\/\/www.psngiochi.space\/en\/#website"},"primaryImageOfPage":{"@id":"https:\/\/www.psngiochi.space\/it\/product\/the-medium\/#primaryimage"},"image":{"@id":"https:\/\/www.psngiochi.space\/it\/product\/the-medium\/#primaryimage"},"thumbnailUrl":"https:\/\/www.psngiochi.space\/wp-content\/uploads\/2018\/11\/the-medium-psngiochispace-giochi-digitali-ps5-digital-games-ps5-cifrovye-igry-ps5.jpg","datePublished":"2018-11-23T10:01:12+00:00","dateModified":"2023-09-08T14:25:23+00:00","description":"The Medium \u00e8 un videogioco horror psicologico in terza persona che sfrutta un gameplay innovativo basato sulla realt\u00e0 dualistica ed \u00e8 accompagnato dalla colonna sonora originale composta da Arkadiusz Reikowski e Akira Yamaoka.","breadcrumb":{"@id":"https:\/\/www.psngiochi.space\/it\/product\/the-medium\/#breadcrumb"},"inLanguage":"it-IT","potentialAction":[{"@type":"ReadAction","target":["https:\/\/www.psngiochi.space\/it\/product\/the-medium\/"]}]},{"@type":"ImageObject","inLanguage":"it-IT","@id":"https:\/\/www.psngiochi.space\/it\/product\/the-medium\/#primaryimage","url":"https:\/\/www.psngiochi.space\/wp-content\/uploads\/2018\/11\/the-medium-psngiochispace-giochi-digitali-ps5-digital-games-ps5-cifrovye-igry-ps5.jpg","contentUrl":"https:\/\/www.psngiochi.space\/wp-content\/uploads\/2018\/11\/the-medium-psngiochispace-giochi-digitali-ps5-digital-games-ps5-cifrovye-igry-ps5.jpg","width":803,"height":1000},{"@type":"BreadcrumbList","@id":"https:\/\/www.psngiochi.space\/it\/product\/the-medium\/#breadcrumb","itemListElement":[{"@type":"ListItem","position":1,"name":"Home","item":"https:\/\/www.psngiochi.space\/en\/"},{"@type":"ListItem","position":2,"name":"Negozio","item":"https:\/\/www.psngiochi.space\/en\/negozio\/"},{"@type":"ListItem","position":3,"name":"The Medium"}]},{"@type":"WebSite","@id":"https:\/\/www.psngiochi.space\/en\/#website","url":"https:\/\/www.psngiochi.space\/en\/","name":"Giochi Digitali PS4 e PS5","description":"Noleggio di giochi, vendita di accounts","potentialAction":[{"@type":"SearchAction","target":{"@type":"EntryPoint","urlTemplate":"https:\/\/www.psngiochi.space\/en\/?s={search_term_string}"},"query-input":{"@type":"PropertyValueSpecification","valueRequired":true,"valueName":"search_term_string"}}],"inLanguage":"it-IT"}]}},"_links":{"self":[{"href":"https:\/\/www.psngiochi.space\/it\/wp-json\/wp\/v2\/product\/6769","targetHints":{"allow":["GET"]}}],"collection":[{"href":"https:\/\/www.psngiochi.space\/it\/wp-json\/wp\/v2\/product"}],"about":[{"href":"https:\/\/www.psngiochi.space\/it\/wp-json\/wp\/v2\/types\/product"}],"replies":[{"embeddable":true,"href":"https:\/\/www.psngiochi.space\/it\/wp-json\/wp\/v2\/comments?post=6769"}],"wp:featuredmedia":[{"embeddable":true,"href":"https:\/\/www.psngiochi.space\/it\/wp-json\/wp\/v2\/media\/10937"}],"wp:attachment":[{"href":"https:\/\/www.psngiochi.space\/it\/wp-json\/wp\/v2\/media?parent=6769"}],"wp:term":[{"taxonomy":"product_cat","embeddable":true,"href":"https:\/\/www.psngiochi.space\/it\/wp-json\/wp\/v2\/product_cat?post=6769"},{"taxonomy":"product_tag","embeddable":true,"href":"https:\/\/www.psngiochi.space\/it\/wp-json\/wp\/v2\/product_tag?post=6769"}],"curies":[{"name":"wp","href":"https:\/\/api.w.org\/{rel}","templated":true}]}}