{"id":6168,"date":"2018-10-22T07:34:46","date_gmt":"2018-10-22T07:34:46","guid":{"rendered":"http:\/\/www.psngiochi.space\/?post_type=product&#038;p=6168"},"modified":"2025-02-02T17:28:37","modified_gmt":"2025-02-02T16:28:37","slug":"the-evil-within-2","status":"publish","type":"product","link":"https:\/\/www.psngiochi.space\/it\/product\/the-evil-within-2\/","title":{"rendered":"The Evil Within 2"},"content":{"rendered":"<p><span style=\"font-size: 14pt; color: #000000;\">Dal genio di Shinji Mikami, The Evil Within 2 \u00e8 l'ultima evoluzione del genere survival horror. Il detective Sebastian Castellanos ha perso tutto, ma quando gli viene data l'occasione di salvare sua figlia, decide di entrare ancora una volta nell'incubo dello STEM. Terribili minacce sono in agguato, nel delirio vorticante che lo circonda. Sebastian affronter\u00e0 i pericoli a testa bassa contando su armi e trappole o sceglier\u00e0 un approccio pi\u00f9 furtivo?<\/span><\/p>\n<p><span style=\"font-size: 14pt; color: #000000;\">\u00b7 Una storia di redenzione \u2013 Torna nell'incubo per salvare la tua vita e quella delle persone che ami.<\/span><br \/>\n<span style=\"font-size: 14pt; color: #000000;\">\u00b7 Scopri luoghi terrificanti \u2013 Esplora liberamente, ma tieni gli occhi aperti.<\/span><br \/>\n<span style=\"font-size: 14pt; color: #000000;\">\u00b7 Affronta nemici inquietanti \u2013 Sopravvivi a mostruose creature decise a farti a pezzi.<\/span><br \/>\n<span style=\"font-size: 14pt; color: #000000;\">\u00b7 Scegli come sopravvivere \u2013 Crea trappole, muoviti silenziosamente, corri e nasconditi, oppure affronta l'orrore con munizioni limitate.\u00a0<\/span><br \/>\n<span style=\"font-size: 14pt; color: #000000;\">\u00b7 Horror viscerale e suspense \u2013 Entra in un mondo spaventoso, pieno di momenti disturbanti.<\/span><\/p>\n<p><span style=\"font-size: 14pt; color: #000000;\">Audio: inglese, italiano<\/span><\/p>\n<p><span style=\"font-size: 14pt; color: #000000;\">Sottotitoli: inglese, italiano<\/span><\/p>\n","protected":false},"excerpt":{"rendered":"<h5 class=\"provider-info__text\"><span class=\"provider-info__list-item\">Pubblicato\u00a013 Ott 2017<\/span><span class=\"provider-info__list-item\">\u00a0| Dimens. file: 29.84 GB\u00a0<\/span><span class=\"provider-info__list-item\">|\u00a0 \u03366\u03369\u0336.\u03369\u03369\u0336<\/span><\/h5>\n<h3><span style=\"font-family: georgia, palatino, serif;\"><span style=\"color: #df1d1d;\">\u23f0\u00a0Noleggio per 10 giorni:<\/span><\/span><span style=\"color: #df1d1d;\">\u00a0<span style=\"font-size: 10pt; color: #333333;\">p<\/span><\/span><span style=\"font-family: georgia, palatino, serif; font-size: 10pt; color: #333333;\">ossibilita di giocare dal vostro account personale o sull account fornito (primario o secondario).<\/span><\/h3>\n<h3><span style=\"font-size: 10pt; color: #333333;\">Il gioco in noleggio \u00e8 uno dei modi pi\u00f9 economici e convenienti per ottenere un gioco.\u00a0<\/span><span style=\"font-size: 10pt; color: #333333;\">Puoi anche estendere il periodo se non sei riuscito a finire il gioco.<\/span><\/h3>\n","protected":false},"featured_media":8371,"comment_status":"open","ping_status":"closed","template":"","meta":[],"product_cat":[122],"product_tag":[101],"class_list":{"0":"post-6168","1":"product","2":"type-product","3":"status-publish","4":"has-post-thumbnail","6":"product_cat-giochi-ps4-in-noleggio","7":"product_tag-horror","9":"first","10":"instock","11":"downloadable","12":"virtual","13":"purchasable","14":"product-type-simple"},"yoast_head":"<!-- This site is optimized with the Yoast SEO plugin v23.9 - https:\/\/yoast.com\/wordpress\/plugins\/seo\/ -->\n<title>The Evil Within 2 - Giochi Digitali PS4 e PS5<\/title>\n<meta name=\"description\" content=\"Giochi Digitali PS4 in Noleggio. Dal genio di Shinji Mikami, The Evil Within 2 \u00e8 l&#039;ultima evoluzione del genere survival horror.\" \/>\n<meta name=\"robots\" content=\"index, follow, max-snippet:-1, max-image-preview:large, max-video-preview:-1\" \/>\n<link rel=\"canonical\" href=\"https:\/\/www.psngiochi.space\/it\/product\/the-evil-within-2\/\" \/>\n<meta property=\"og:locale\" content=\"it_IT\" \/>\n<meta property=\"og:type\" content=\"article\" \/>\n<meta property=\"og:title\" content=\"The Evil Within 2 - Giochi Digitali PS4 e PS5\" \/>\n<meta property=\"og:description\" content=\"Giochi Digitali PS4 in Noleggio. Dal genio di Shinji Mikami, The Evil Within 2 \u00e8 l&#039;ultima evoluzione del genere survival horror.\" \/>\n<meta property=\"og:url\" content=\"https:\/\/www.psngiochi.space\/it\/product\/the-evil-within-2\/\" \/>\n<meta property=\"og:site_name\" content=\"Giochi Digitali PS4 e PS5\" \/>\n<meta property=\"article:modified_time\" content=\"2025-02-02T16:28:37+00:00\" \/>\n<meta property=\"og:image\" content=\"https:\/\/www.psngiochi.space\/wp-content\/uploads\/2018\/10\/the-evil-within-2-psngiochispace-giochi-digitali-ps4-digital-games-ps4-cifrovye-igry-ps4.jpg\" \/>\n\t<meta property=\"og:image:width\" content=\"803\" \/>\n\t<meta property=\"og:image:height\" content=\"1000\" \/>\n\t<meta property=\"og:image:type\" content=\"image\/jpeg\" \/>\n<meta name=\"twitter:card\" content=\"summary_large_image\" \/>\n<meta name=\"twitter:label1\" content=\"Tempo di lettura stimato\" \/>\n\t<meta name=\"twitter:data1\" content=\"1 minuto\" \/>\n<script type=\"application\/ld+json\" class=\"yoast-schema-graph\">{\"@context\":\"https:\/\/schema.org\",\"@graph\":[{\"@type\":\"WebPage\",\"@id\":\"https:\/\/www.psngiochi.space\/en\/product\/the-evil-within-2\/\",\"url\":\"https:\/\/www.psngiochi.space\/en\/product\/the-evil-within-2\/\",\"name\":\"The Evil Within 2 - Giochi Digitali PS4 e PS5\",\"isPartOf\":{\"@id\":\"https:\/\/www.psngiochi.space\/en\/#website\"},\"primaryImageOfPage\":{\"@id\":\"https:\/\/www.psngiochi.space\/en\/product\/the-evil-within-2\/#primaryimage\"},\"image\":{\"@id\":\"https:\/\/www.psngiochi.space\/en\/product\/the-evil-within-2\/#primaryimage\"},\"thumbnailUrl\":\"https:\/\/www.psngiochi.space\/wp-content\/uploads\/2018\/10\/the-evil-within-2-psngiochispace-giochi-digitali-ps4-digital-games-ps4-cifrovye-igry-ps4.jpg\",\"datePublished\":\"2018-10-22T07:34:46+00:00\",\"dateModified\":\"2025-02-02T16:28:37+00:00\",\"description\":\"Giochi Digitali PS4 in Noleggio. Dal genio di Shinji Mikami, The Evil Within 2 \u00e8 l'ultima evoluzione del genere survival horror.\",\"breadcrumb\":{\"@id\":\"https:\/\/www.psngiochi.space\/en\/product\/the-evil-within-2\/#breadcrumb\"},\"inLanguage\":\"it-IT\",\"potentialAction\":[{\"@type\":\"ReadAction\",\"target\":[\"https:\/\/www.psngiochi.space\/en\/product\/the-evil-within-2\/\"]}]},{\"@type\":\"ImageObject\",\"inLanguage\":\"it-IT\",\"@id\":\"https:\/\/www.psngiochi.space\/en\/product\/the-evil-within-2\/#primaryimage\",\"url\":\"https:\/\/www.psngiochi.space\/wp-content\/uploads\/2018\/10\/the-evil-within-2-psngiochispace-giochi-digitali-ps4-digital-games-ps4-cifrovye-igry-ps4.jpg\",\"contentUrl\":\"https:\/\/www.psngiochi.space\/wp-content\/uploads\/2018\/10\/the-evil-within-2-psngiochispace-giochi-digitali-ps4-digital-games-ps4-cifrovye-igry-ps4.jpg\",\"width\":803,\"height\":1000},{\"@type\":\"BreadcrumbList\",\"@id\":\"https:\/\/www.psngiochi.space\/en\/product\/the-evil-within-2\/#breadcrumb\",\"itemListElement\":[{\"@type\":\"ListItem\",\"position\":1,\"name\":\"Home\",\"item\":\"https:\/\/www.psngiochi.space\/en\/\"},{\"@type\":\"ListItem\",\"position\":2,\"name\":\"Negozio\",\"item\":\"https:\/\/www.psngiochi.space\/en\/negozio\/\"},{\"@type\":\"ListItem\",\"position\":3,\"name\":\"The Evil Within 2\"}]},{\"@type\":\"WebSite\",\"@id\":\"https:\/\/www.psngiochi.space\/en\/#website\",\"url\":\"https:\/\/www.psngiochi.space\/en\/\",\"name\":\"Giochi Digitali PS4 e PS5\",\"description\":\"Noleggio di giochi, vendita di accounts\",\"potentialAction\":[{\"@type\":\"SearchAction\",\"target\":{\"@type\":\"EntryPoint\",\"urlTemplate\":\"https:\/\/www.psngiochi.space\/en\/?s={search_term_string}\"},\"query-input\":{\"@type\":\"PropertyValueSpecification\",\"valueRequired\":true,\"valueName\":\"search_term_string\"}}],\"inLanguage\":\"it-IT\"}]}<\/script>\n<!-- \/ Yoast SEO plugin. -->","yoast_head_json":{"title":"The Evil Within 2 - Giochi Digitali PS4 e PS5","description":"Giochi Digitali PS4 in Noleggio. Dal genio di Shinji Mikami, The Evil Within 2 \u00e8 l'ultima evoluzione del genere survival horror.","robots":{"index":"index","follow":"follow","max-snippet":"max-snippet:-1","max-image-preview":"max-image-preview:large","max-video-preview":"max-video-preview:-1"},"canonical":"https:\/\/www.psngiochi.space\/it\/product\/the-evil-within-2\/","og_locale":"it_IT","og_type":"article","og_title":"The Evil Within 2 - Giochi Digitali PS4 e PS5","og_description":"Giochi Digitali PS4 in Noleggio. Dal genio di Shinji Mikami, The Evil Within 2 \u00e8 l'ultima evoluzione del genere survival horror.","og_url":"https:\/\/www.psngiochi.space\/it\/product\/the-evil-within-2\/","og_site_name":"Giochi Digitali PS4 e PS5","article_modified_time":"2025-02-02T16:28:37+00:00","og_image":[{"width":803,"height":1000,"url":"https:\/\/www.psngiochi.space\/wp-content\/uploads\/2018\/10\/the-evil-within-2-psngiochispace-giochi-digitali-ps4-digital-games-ps4-cifrovye-igry-ps4.jpg","type":"image\/jpeg"}],"twitter_card":"summary_large_image","twitter_misc":{"Tempo di lettura stimato":"1 minuto"},"schema":{"@context":"https:\/\/schema.org","@graph":[{"@type":"WebPage","@id":"https:\/\/www.psngiochi.space\/en\/product\/the-evil-within-2\/","url":"https:\/\/www.psngiochi.space\/en\/product\/the-evil-within-2\/","name":"The Evil Within 2 - Giochi Digitali PS4 e PS5","isPartOf":{"@id":"https:\/\/www.psngiochi.space\/en\/#website"},"primaryImageOfPage":{"@id":"https:\/\/www.psngiochi.space\/en\/product\/the-evil-within-2\/#primaryimage"},"image":{"@id":"https:\/\/www.psngiochi.space\/en\/product\/the-evil-within-2\/#primaryimage"},"thumbnailUrl":"https:\/\/www.psngiochi.space\/wp-content\/uploads\/2018\/10\/the-evil-within-2-psngiochispace-giochi-digitali-ps4-digital-games-ps4-cifrovye-igry-ps4.jpg","datePublished":"2018-10-22T07:34:46+00:00","dateModified":"2025-02-02T16:28:37+00:00","description":"Giochi Digitali PS4 in Noleggio. Dal genio di Shinji Mikami, The Evil Within 2 \u00e8 l'ultima evoluzione del genere survival horror.","breadcrumb":{"@id":"https:\/\/www.psngiochi.space\/en\/product\/the-evil-within-2\/#breadcrumb"},"inLanguage":"it-IT","potentialAction":[{"@type":"ReadAction","target":["https:\/\/www.psngiochi.space\/en\/product\/the-evil-within-2\/"]}]},{"@type":"ImageObject","inLanguage":"it-IT","@id":"https:\/\/www.psngiochi.space\/en\/product\/the-evil-within-2\/#primaryimage","url":"https:\/\/www.psngiochi.space\/wp-content\/uploads\/2018\/10\/the-evil-within-2-psngiochispace-giochi-digitali-ps4-digital-games-ps4-cifrovye-igry-ps4.jpg","contentUrl":"https:\/\/www.psngiochi.space\/wp-content\/uploads\/2018\/10\/the-evil-within-2-psngiochispace-giochi-digitali-ps4-digital-games-ps4-cifrovye-igry-ps4.jpg","width":803,"height":1000},{"@type":"BreadcrumbList","@id":"https:\/\/www.psngiochi.space\/en\/product\/the-evil-within-2\/#breadcrumb","itemListElement":[{"@type":"ListItem","position":1,"name":"Home","item":"https:\/\/www.psngiochi.space\/en\/"},{"@type":"ListItem","position":2,"name":"Negozio","item":"https:\/\/www.psngiochi.space\/en\/negozio\/"},{"@type":"ListItem","position":3,"name":"The Evil Within 2"}]},{"@type":"WebSite","@id":"https:\/\/www.psngiochi.space\/en\/#website","url":"https:\/\/www.psngiochi.space\/en\/","name":"Giochi Digitali PS4 e PS5","description":"Noleggio di giochi, vendita di accounts","potentialAction":[{"@type":"SearchAction","target":{"@type":"EntryPoint","urlTemplate":"https:\/\/www.psngiochi.space\/en\/?s={search_term_string}"},"query-input":{"@type":"PropertyValueSpecification","valueRequired":true,"valueName":"search_term_string"}}],"inLanguage":"it-IT"}]}},"_links":{"self":[{"href":"https:\/\/www.psngiochi.space\/it\/wp-json\/wp\/v2\/product\/6168","targetHints":{"allow":["GET"]}}],"collection":[{"href":"https:\/\/www.psngiochi.space\/it\/wp-json\/wp\/v2\/product"}],"about":[{"href":"https:\/\/www.psngiochi.space\/it\/wp-json\/wp\/v2\/types\/product"}],"replies":[{"embeddable":true,"href":"https:\/\/www.psngiochi.space\/it\/wp-json\/wp\/v2\/comments?post=6168"}],"wp:featuredmedia":[{"embeddable":true,"href":"https:\/\/www.psngiochi.space\/it\/wp-json\/wp\/v2\/media\/8371"}],"wp:attachment":[{"href":"https:\/\/www.psngiochi.space\/it\/wp-json\/wp\/v2\/media?parent=6168"}],"wp:term":[{"taxonomy":"product_cat","embeddable":true,"href":"https:\/\/www.psngiochi.space\/it\/wp-json\/wp\/v2\/product_cat?post=6168"},{"taxonomy":"product_tag","embeddable":true,"href":"https:\/\/www.psngiochi.space\/it\/wp-json\/wp\/v2\/product_tag?post=6168"}],"curies":[{"name":"wp","href":"https:\/\/api.w.org\/{rel}","templated":true}]}}