{"id":12679,"date":"2024-10-11T20:11:11","date_gmt":"2024-10-11T18:11:11","guid":{"rendered":"http:\/\/www.psngiochi.space\/?post_type=product&#038;p=12679"},"modified":"2025-08-26T12:21:19","modified_gmt":"2025-08-26T10:21:19","slug":"saints-row-for-sale-ps4-ps5","status":"publish","type":"product","link":"https:\/\/www.psngiochi.space\/it\/product\/saints-row-for-sale-ps4-ps5\/","title":{"rendered":"Saints Row PS4 PS5 [Primario]"},"content":{"rendered":"<p><span style=\"font-size: 14pt; color: #808080;\"><strong>Vantaggi dell'acquisto di un account da noi:<\/strong><\/span><br \/>\n<strong><span style=\"color: #000000; font-size: 14pt;\">- riceverai il gioco in tempo<\/span><\/strong><br \/>\n<strong><span style=\"color: #000000; font-size: 14pt;\">- garanzia a vita<\/span><\/strong><br \/>\n<strong><span style=\"color: #000000; font-size: 14pt;\">- assistenza 24\/7<\/span><\/strong><br \/>\n<strong><span style=\"color: #000000; font-size: 14pt;\">- possibilit\u00e0 di giocare in Day-One<\/span><\/strong><\/p>\n<p><strong><span style=\"color: #000000; font-size: 14pt;\">Acquista i giochi in modo intelligente!<\/span><\/strong><br \/>\n<strong><span style=\"color: #000000; font-size: 14pt;\">#psngiochispace<\/span><\/strong><\/p>\n<p><span style=\"font-size: 14pt; color: #000000;\">Formerai i Saints e ne diventerai il capo, al fianco di Neenah, Kevin ed Eli. Insieme affronterete i Panteros, gli Idols e la Marshall, costruirete il vostro impero per le strade di Santo Ileso e vi batterete per dominare la citt\u00e0. In fin dei conti, Saints Row \u00e8 la storia della nascita di una nuova attivit\u00e0 imprenditoriale, solo che gli affari di cui si occupano i Saints sono del tutto illegali.<\/span><\/p>\n<p><span style=\"font-size: 14pt; color: #000000;\">Goditi l'ambiente di gioco pi\u00f9 ampio e coinvolgente che Saints Row abbia mai realizzato. La tentacolare Santo Ileso fa da sfondo a un folle palcoscenico in cui si susseguono crimini elettrizzanti, losche faccende e missioni mozzafiato: dovrai sparare, guidare e addirittura volare per giungere in cima.<\/span><\/p>\n<p><span style=\"font-size: 14pt; color: #000000;\">CARATTERISTICHE<\/span><br \/>\n<span style=\"font-size: 14pt; color: #000000;\">\u25cf Assisti alla nascita dei Saints: fatti strada in questa spettacolare storia di azione originale, colma di criminalit\u00e0, di scenari straordinari e sorprese divertenti.<\/span><br \/>\n<span style=\"font-size: 14pt; color: #000000;\">\u25cf Scopri il selvaggio (e pazzo) West: immergiti nel mondo di Santo Ileso, l'ambientazione pi\u00f9 vasta di tutta la serie Saints Row, con i suoi nove strabilianti distretti circondati dalla maestosa bellezza del deserto sud-occidentale.<\/span><br \/>\n<span style=\"font-size: 14pt; color: #000000;\">\u25cf Edifica il tuo impero criminale: impossessati della citt\u00e0 mattone dopo mattone, dichiara guerra alle fazioni nemiche e stringi la presa sui quartieri cittadini grazie alle pi\u00f9 rischiose, ma geniali imprese.<\/span><br \/>\n<span style=\"font-size: 14pt; color: #000000;\">\u25cf Spara. Spara TANTISSIMO: estrai le pistole, fai fuoco con un lanciarazzi oppure buttati in scontri ravvicinati all'insegna della brutalit\u00e0. Hai a disposizione un'ampia gamma di armi comuni o insolite, tutte personalizzabili e spassosissime.<\/span><br \/>\n<span style=\"font-size: 14pt; color: #000000;\">\u25cf Domina strade e cieli: attraversa paesaggi urbani e desertici a bordo di macchine, moto, aerei, elicotteri, VTOL, hoverbike, hoverboard o go-kart, oppure indossa la tua tuta alare e librati nell'aria.<\/span><br \/>\n<span style=\"font-size: 14pt; color: #000000;\">\u25cf Personalizzazione senza precedenti: crea il capo dei tuoi sogni con il set per personalizzazione del personaggio pi\u00f9 vasto di sempre, poi completane il look con una straordinaria gamma di armi e veicoli.<\/span><br \/>\n<span style=\"font-size: 14pt; color: #000000;\">\u25cf Co-op ininterrotto: potrai contare sulla presenza di uno dei tuoi amici in qualunque momento, grazie alla modalit\u00e0 cooperativa drop in\/drop out senza limiti, evitando che uno dei due venga estromesso dalle azioni pi\u00f9 bizzarre. Gioca in armonia con il tuo compagno di squadra, oppure fagli degli scherzi. Dopo tutto, sei tu il capo.<\/span><\/p>\n","protected":false},"excerpt":{"rendered":"<h5 class=\"provider-info__text\"><span class=\"provider-info__list-item\">Uscita: 23\/8\/2022<\/span><span class=\"provider-info__list-item\"> | Deep Silver <\/span><span class=\"provider-info__list-item\">| PS4 \/ PS5<\/span><\/h5>\n","protected":false},"featured_media":12692,"comment_status":"open","ping_status":"closed","template":"","meta":[],"product_cat":[113],"product_tag":[88],"class_list":{"0":"post-12679","1":"product","2":"type-product","3":"status-publish","4":"has-post-thumbnail","6":"product_cat-accounts-primary-and-secondary-for-sale","7":"product_tag-sparatutto","9":"first","10":"instock","11":"sale","12":"downloadable","13":"virtual","14":"purchasable","15":"product-type-simple"},"yoast_head":"<!-- This site is optimized with the Yoast SEO plugin v23.9 - https:\/\/yoast.com\/wordpress\/plugins\/seo\/ -->\n<title>Saints Row PS4 PS5 [Primario] - Giochi Digitali PS4 e PS5<\/title>\n<meta name=\"description\" content=\"Formerai i Saints e ne diventerai il capo, al fianco di Neenah, Kevin ed Eli. Insieme affronterete i Panteros, gli Idols e la Marshall.\" \/>\n<meta name=\"robots\" content=\"index, follow, max-snippet:-1, max-image-preview:large, max-video-preview:-1\" \/>\n<link rel=\"canonical\" href=\"https:\/\/www.psngiochi.space\/it\/product\/saints-row-for-sale-ps4-ps5\/\" \/>\n<meta property=\"og:locale\" content=\"it_IT\" \/>\n<meta property=\"og:type\" content=\"article\" \/>\n<meta property=\"og:title\" content=\"Saints Row PS4 PS5 [Primario] - Giochi Digitali PS4 e PS5\" \/>\n<meta property=\"og:description\" content=\"Formerai i Saints e ne diventerai il capo, al fianco di Neenah, Kevin ed Eli. Insieme affronterete i Panteros, gli Idols e la Marshall.\" \/>\n<meta property=\"og:url\" content=\"https:\/\/www.psngiochi.space\/it\/product\/saints-row-for-sale-ps4-ps5\/\" \/>\n<meta property=\"og:site_name\" content=\"Giochi Digitali PS4 e PS5\" \/>\n<meta property=\"article:modified_time\" content=\"2025-08-26T10:21:19+00:00\" \/>\n<meta property=\"og:image\" content=\"https:\/\/www.psngiochi.space\/wp-content\/uploads\/2024\/10\/saints-row-for-sale-ps4-ps5.jpg\" \/>\n\t<meta property=\"og:image:width\" content=\"444\" \/>\n\t<meta property=\"og:image:height\" content=\"444\" \/>\n\t<meta property=\"og:image:type\" content=\"image\/jpeg\" \/>\n<meta name=\"twitter:card\" content=\"summary_large_image\" \/>\n<meta name=\"twitter:label1\" content=\"Tempo di lettura stimato\" \/>\n\t<meta name=\"twitter:data1\" content=\"3 minuti\" \/>\n<script type=\"application\/ld+json\" class=\"yoast-schema-graph\">{\"@context\":\"https:\/\/schema.org\",\"@graph\":[{\"@type\":\"WebPage\",\"@id\":\"https:\/\/www.psngiochi.space\/it\/product\/saints-row-for-sale-ps4-ps5\/\",\"url\":\"https:\/\/www.psngiochi.space\/it\/product\/saints-row-for-sale-ps4-ps5\/\",\"name\":\"Saints Row PS4 PS5 [Primario] - Giochi Digitali PS4 e PS5\",\"isPartOf\":{\"@id\":\"https:\/\/www.psngiochi.space\/en\/#website\"},\"primaryImageOfPage\":{\"@id\":\"https:\/\/www.psngiochi.space\/it\/product\/saints-row-for-sale-ps4-ps5\/#primaryimage\"},\"image\":{\"@id\":\"https:\/\/www.psngiochi.space\/it\/product\/saints-row-for-sale-ps4-ps5\/#primaryimage\"},\"thumbnailUrl\":\"https:\/\/www.psngiochi.space\/wp-content\/uploads\/2024\/10\/saints-row-for-sale-ps4-ps5.jpg\",\"datePublished\":\"2024-10-11T18:11:11+00:00\",\"dateModified\":\"2025-08-26T10:21:19+00:00\",\"description\":\"Formerai i Saints e ne diventerai il capo, al fianco di Neenah, Kevin ed Eli. Insieme affronterete i Panteros, gli Idols e la Marshall.\",\"breadcrumb\":{\"@id\":\"https:\/\/www.psngiochi.space\/it\/product\/saints-row-for-sale-ps4-ps5\/#breadcrumb\"},\"inLanguage\":\"it-IT\",\"potentialAction\":[{\"@type\":\"ReadAction\",\"target\":[\"https:\/\/www.psngiochi.space\/it\/product\/saints-row-for-sale-ps4-ps5\/\"]}]},{\"@type\":\"ImageObject\",\"inLanguage\":\"it-IT\",\"@id\":\"https:\/\/www.psngiochi.space\/it\/product\/saints-row-for-sale-ps4-ps5\/#primaryimage\",\"url\":\"https:\/\/www.psngiochi.space\/wp-content\/uploads\/2024\/10\/saints-row-for-sale-ps4-ps5.jpg\",\"contentUrl\":\"https:\/\/www.psngiochi.space\/wp-content\/uploads\/2024\/10\/saints-row-for-sale-ps4-ps5.jpg\",\"width\":444,\"height\":444},{\"@type\":\"BreadcrumbList\",\"@id\":\"https:\/\/www.psngiochi.space\/it\/product\/saints-row-for-sale-ps4-ps5\/#breadcrumb\",\"itemListElement\":[{\"@type\":\"ListItem\",\"position\":1,\"name\":\"Home\",\"item\":\"https:\/\/www.psngiochi.space\/en\/\"},{\"@type\":\"ListItem\",\"position\":2,\"name\":\"Negozio\",\"item\":\"https:\/\/www.psngiochi.space\/en\/negozio\/\"},{\"@type\":\"ListItem\",\"position\":3,\"name\":\"Saints Row PS4 PS5 [Primario]\"}]},{\"@type\":\"WebSite\",\"@id\":\"https:\/\/www.psngiochi.space\/en\/#website\",\"url\":\"https:\/\/www.psngiochi.space\/en\/\",\"name\":\"Giochi Digitali PS4 e PS5\",\"description\":\"Noleggio di giochi, vendita di accounts\",\"potentialAction\":[{\"@type\":\"SearchAction\",\"target\":{\"@type\":\"EntryPoint\",\"urlTemplate\":\"https:\/\/www.psngiochi.space\/en\/?s={search_term_string}\"},\"query-input\":{\"@type\":\"PropertyValueSpecification\",\"valueRequired\":true,\"valueName\":\"search_term_string\"}}],\"inLanguage\":\"it-IT\"}]}<\/script>\n<!-- \/ Yoast SEO plugin. -->","yoast_head_json":{"title":"Saints Row PS4 PS5 [Primario] - Giochi Digitali PS4 e PS5","description":"Formerai i Saints e ne diventerai il capo, al fianco di Neenah, Kevin ed Eli. Insieme affronterete i Panteros, gli Idols e la Marshall.","robots":{"index":"index","follow":"follow","max-snippet":"max-snippet:-1","max-image-preview":"max-image-preview:large","max-video-preview":"max-video-preview:-1"},"canonical":"https:\/\/www.psngiochi.space\/it\/product\/saints-row-for-sale-ps4-ps5\/","og_locale":"it_IT","og_type":"article","og_title":"Saints Row PS4 PS5 [Primario] - Giochi Digitali PS4 e PS5","og_description":"Formerai i Saints e ne diventerai il capo, al fianco di Neenah, Kevin ed Eli. Insieme affronterete i Panteros, gli Idols e la Marshall.","og_url":"https:\/\/www.psngiochi.space\/it\/product\/saints-row-for-sale-ps4-ps5\/","og_site_name":"Giochi Digitali PS4 e PS5","article_modified_time":"2025-08-26T10:21:19+00:00","og_image":[{"width":444,"height":444,"url":"https:\/\/www.psngiochi.space\/wp-content\/uploads\/2024\/10\/saints-row-for-sale-ps4-ps5.jpg","type":"image\/jpeg"}],"twitter_card":"summary_large_image","twitter_misc":{"Tempo di lettura stimato":"3 minuti"},"schema":{"@context":"https:\/\/schema.org","@graph":[{"@type":"WebPage","@id":"https:\/\/www.psngiochi.space\/it\/product\/saints-row-for-sale-ps4-ps5\/","url":"https:\/\/www.psngiochi.space\/it\/product\/saints-row-for-sale-ps4-ps5\/","name":"Saints Row PS4 PS5 [Primario] - Giochi Digitali PS4 e PS5","isPartOf":{"@id":"https:\/\/www.psngiochi.space\/en\/#website"},"primaryImageOfPage":{"@id":"https:\/\/www.psngiochi.space\/it\/product\/saints-row-for-sale-ps4-ps5\/#primaryimage"},"image":{"@id":"https:\/\/www.psngiochi.space\/it\/product\/saints-row-for-sale-ps4-ps5\/#primaryimage"},"thumbnailUrl":"https:\/\/www.psngiochi.space\/wp-content\/uploads\/2024\/10\/saints-row-for-sale-ps4-ps5.jpg","datePublished":"2024-10-11T18:11:11+00:00","dateModified":"2025-08-26T10:21:19+00:00","description":"Formerai i Saints e ne diventerai il capo, al fianco di Neenah, Kevin ed Eli. Insieme affronterete i Panteros, gli Idols e la Marshall.","breadcrumb":{"@id":"https:\/\/www.psngiochi.space\/it\/product\/saints-row-for-sale-ps4-ps5\/#breadcrumb"},"inLanguage":"it-IT","potentialAction":[{"@type":"ReadAction","target":["https:\/\/www.psngiochi.space\/it\/product\/saints-row-for-sale-ps4-ps5\/"]}]},{"@type":"ImageObject","inLanguage":"it-IT","@id":"https:\/\/www.psngiochi.space\/it\/product\/saints-row-for-sale-ps4-ps5\/#primaryimage","url":"https:\/\/www.psngiochi.space\/wp-content\/uploads\/2024\/10\/saints-row-for-sale-ps4-ps5.jpg","contentUrl":"https:\/\/www.psngiochi.space\/wp-content\/uploads\/2024\/10\/saints-row-for-sale-ps4-ps5.jpg","width":444,"height":444},{"@type":"BreadcrumbList","@id":"https:\/\/www.psngiochi.space\/it\/product\/saints-row-for-sale-ps4-ps5\/#breadcrumb","itemListElement":[{"@type":"ListItem","position":1,"name":"Home","item":"https:\/\/www.psngiochi.space\/en\/"},{"@type":"ListItem","position":2,"name":"Negozio","item":"https:\/\/www.psngiochi.space\/en\/negozio\/"},{"@type":"ListItem","position":3,"name":"Saints Row PS4 PS5 [Primario]"}]},{"@type":"WebSite","@id":"https:\/\/www.psngiochi.space\/en\/#website","url":"https:\/\/www.psngiochi.space\/en\/","name":"Giochi Digitali PS4 e PS5","description":"Noleggio di giochi, vendita di accounts","potentialAction":[{"@type":"SearchAction","target":{"@type":"EntryPoint","urlTemplate":"https:\/\/www.psngiochi.space\/en\/?s={search_term_string}"},"query-input":{"@type":"PropertyValueSpecification","valueRequired":true,"valueName":"search_term_string"}}],"inLanguage":"it-IT"}]}},"_links":{"self":[{"href":"https:\/\/www.psngiochi.space\/it\/wp-json\/wp\/v2\/product\/12679","targetHints":{"allow":["GET"]}}],"collection":[{"href":"https:\/\/www.psngiochi.space\/it\/wp-json\/wp\/v2\/product"}],"about":[{"href":"https:\/\/www.psngiochi.space\/it\/wp-json\/wp\/v2\/types\/product"}],"replies":[{"embeddable":true,"href":"https:\/\/www.psngiochi.space\/it\/wp-json\/wp\/v2\/comments?post=12679"}],"wp:featuredmedia":[{"embeddable":true,"href":"https:\/\/www.psngiochi.space\/it\/wp-json\/wp\/v2\/media\/12692"}],"wp:attachment":[{"href":"https:\/\/www.psngiochi.space\/it\/wp-json\/wp\/v2\/media?parent=12679"}],"wp:term":[{"taxonomy":"product_cat","embeddable":true,"href":"https:\/\/www.psngiochi.space\/it\/wp-json\/wp\/v2\/product_cat?post=12679"},{"taxonomy":"product_tag","embeddable":true,"href":"https:\/\/www.psngiochi.space\/it\/wp-json\/wp\/v2\/product_tag?post=12679"}],"curies":[{"name":"wp","href":"https:\/\/api.w.org\/{rel}","templated":true}]}}