{"id":12555,"date":"2024-09-23T17:52:24","date_gmt":"2024-09-23T15:52:24","guid":{"rendered":"http:\/\/www.psngiochi.space\/?post_type=product&#038;p=12555"},"modified":"2026-03-05T18:46:30","modified_gmt":"2026-03-05T17:46:30","slug":"silent-hill-2","status":"publish","type":"product","link":"https:\/\/www.psngiochi.space\/it\/product\/silent-hill-2\/","title":{"rendered":"SILENT HILL 2"},"content":{"rendered":"<p><span style=\"font-size: 14pt; color: #000000;\">Dopo aver ricevuto una lettera dalla moglie defunta,<\/span><br \/>\n<span style=\"font-size: 14pt; color: #000000;\">James si dirige dove un tempo avevano condiviso tanti ricordi,<\/span><br \/>\n<span style=\"font-size: 14pt; color: #000000;\">nella speranza di rivederla un'ultima volta: Silent Hill.<\/span><br \/>\n<span style=\"font-size: 14pt; color: #000000;\">Giunto nei pressi del lago, James incontra una donna stranamente simile a lei...<\/span><\/p>\n<p><span style=\"font-size: 14pt; color: #000000;\">\"Il mio nome... \u00e8 Maria\", dice la donna con un sorriso. Il suo viso, la sua voce... \u00c8 identica a lei.<\/span><\/p>\n<p><span style=\"font-size: 14pt; color: #000000;\">Tuffati nel survival horror pi\u00f9 acclamato su hardware di ultima generazione. Vivi un'esperienza psicologica unica grazie a immagini da brivido ed effetti sonori agghiaccianti.<\/span><\/p>\n<p><span style=\"font-size: 14pt; color: #000000;\">Grafica e audio di alta qualit\u00e0<\/span><\/p>\n<p><span style=\"font-size: 14pt; color: #000000;\">Grazie al ray tracing e ad altri miglioramenti tecnici all'avanguardia, il mondo di SILENT HILL e la sua atmosfera inquietante sono ancora pi\u00f9 reali di prima.<\/span><br \/>\n<span style=\"font-size: 14pt; color: #000000;\">In pi\u00f9, con l'aggiunta di nuovi suoni immersivi, ti sembrer\u00e0 di essere al centro dell'azione.<\/span><\/p>\n<p><span style=\"font-size: 14pt; color: #000000;\">Ambienti pi\u00f9 grandi<\/span><\/p>\n<p><span style=\"font-size: 14pt; color: #000000;\">Esplora luoghi ed edifici che un tempo non erano accessibili o che sono stati aggiunti nel remake.<\/span><br \/>\n<span style=\"font-size: 14pt; color: #000000;\">Goditi la stessa celebre storia mentre visiti la citt\u00e0 di Silent Hill con una nuova prospettiva e in una mappa ampliata.<\/span><\/p>\n<p><span style=\"font-size: 14pt; color: #000000;\">Telecamera dietro la spalla<\/span><\/p>\n<p><span style=\"font-size: 14pt; color: #000000;\">Il remake si distacca dai punti di vista fissi della telecamera dell'originale, spostandola dietro la spalla del personaggio e permettendoti di avvicinarti maggiormente a ci\u00f2 che vede James, per un'esperienza pi\u00f9 immersiva ed emozionante durante l'esplorazione della citt\u00e0 e gli incontri con i mostri.<\/span><\/p>\n<p><span style=\"font-size: 14pt; color: #000000;\">Gameplay di combattimento evoluto<\/span><\/p>\n<p><span style=\"font-size: 14pt; color: #000000;\">Armi familiari come il tubo d'acciaio e la pistola fanno il loro ritorno, ma con un sistema di combattimento aggiornato.<\/span><br \/>\n<span style=\"font-size: 14pt; color: #000000;\">Evita attacchi schivando al momento giusto, sfrutta la modalit\u00e0 mirino e molto altro: gli incontri con i mostri non sono mai stati cos\u00ec avvincenti e spaventosi.<\/span><\/p>\n","protected":false},"excerpt":{"rendered":"<h5 class=\"provider-info__text\"><span class=\"provider-info__list-item\">Uscita: 8\/10\/2024<\/span><span class=\"provider-info__list-item\"> | Konami <\/span><span class=\"provider-info__list-item\">| PS5<\/span><\/h5>\n<h3><span style=\"font-family: georgia, palatino, serif;\"><span style=\"color: #df1d1d;\">\u23f0 Noleggio per 10 giorni:<\/span><\/span><span style=\"color: #df1d1d;\">\u00a0<span style=\"font-size: 10pt; color: #333333;\">p<\/span><\/span><span style=\"font-family: georgia, palatino, serif; font-size: 10pt; color: #333333;\">ossibilita di giocare dal vostro account personale o sull account fornito (primario o secondario).<\/span><\/h3>\n<h3><span style=\"font-size: 10pt; color: #333333;\">Il gioco in noleggio \u00e8 uno dei modi pi\u00f9 economici e convenienti per ottenere un gioco.\u00a0<\/span><span style=\"font-size: 10pt; color: #333333;\">Puoi anche estendere il periodo se non sei riuscito a finire il gioco.<\/span><\/h3>\n","protected":false},"featured_media":12556,"comment_status":"open","ping_status":"closed","template":"","meta":[],"product_cat":[142],"product_tag":[101],"class_list":{"0":"post-12555","1":"product","2":"type-product","3":"status-publish","4":"has-post-thumbnail","6":"product_cat-giochi-ps5-in-noleggio","7":"product_tag-horror","9":"first","10":"outofstock","11":"downloadable","12":"virtual","13":"purchasable","14":"product-type-simple"},"yoast_head":"<!-- This site is optimized with the Yoast SEO plugin v23.9 - https:\/\/yoast.com\/wordpress\/plugins\/seo\/ -->\n<title>SILENT HILL 2 - Giochi Digitali PS4 e PS5<\/title>\n<meta name=\"description\" content=\"James si dirige dove un tempo avevano condiviso tanti ricordi,nella speranza di rivederla un&#039;ultima volta: Silent Hill.\" \/>\n<meta name=\"robots\" content=\"index, follow, max-snippet:-1, max-image-preview:large, max-video-preview:-1\" \/>\n<link rel=\"canonical\" href=\"https:\/\/www.psngiochi.space\/it\/product\/silent-hill-2\/\" \/>\n<meta property=\"og:locale\" content=\"it_IT\" \/>\n<meta property=\"og:type\" content=\"article\" \/>\n<meta property=\"og:title\" content=\"SILENT HILL 2 - Giochi Digitali PS4 e PS5\" \/>\n<meta property=\"og:description\" content=\"James si dirige dove un tempo avevano condiviso tanti ricordi,nella speranza di rivederla un&#039;ultima volta: Silent Hill.\" \/>\n<meta property=\"og:url\" content=\"https:\/\/www.psngiochi.space\/it\/product\/silent-hill-2\/\" \/>\n<meta property=\"og:site_name\" content=\"Giochi Digitali PS4 e PS5\" \/>\n<meta property=\"article:modified_time\" content=\"2026-03-05T17:46:30+00:00\" \/>\n<meta property=\"og:image\" content=\"http:\/\/www.psngiochi.space\/wp-content\/uploads\/2024\/09\/silent-hill-2-psngiochispace-giochi-digitali-ps5-digital-games-ps5-cifrovye-igry-ps5.jpg\" \/>\n\t<meta property=\"og:image:width\" content=\"803\" \/>\n\t<meta property=\"og:image:height\" content=\"1000\" \/>\n\t<meta property=\"og:image:type\" content=\"image\/jpeg\" \/>\n<meta name=\"twitter:card\" content=\"summary_large_image\" \/>\n<meta name=\"twitter:label1\" content=\"Tempo di lettura stimato\" \/>\n\t<meta name=\"twitter:data1\" content=\"2 minuti\" \/>\n<script type=\"application\/ld+json\" class=\"yoast-schema-graph\">{\"@context\":\"https:\/\/schema.org\",\"@graph\":[{\"@type\":\"WebPage\",\"@id\":\"https:\/\/www.psngiochi.space\/product\/silent-hill-2\/\",\"url\":\"https:\/\/www.psngiochi.space\/product\/silent-hill-2\/\",\"name\":\"SILENT HILL 2 - Giochi Digitali PS4 e PS5\",\"isPartOf\":{\"@id\":\"https:\/\/www.psngiochi.space\/en\/#website\"},\"primaryImageOfPage\":{\"@id\":\"https:\/\/www.psngiochi.space\/product\/silent-hill-2\/#primaryimage\"},\"image\":{\"@id\":\"https:\/\/www.psngiochi.space\/product\/silent-hill-2\/#primaryimage\"},\"thumbnailUrl\":\"https:\/\/www.psngiochi.space\/wp-content\/uploads\/2024\/09\/silent-hill-2-psngiochispace-giochi-digitali-ps5-digital-games-ps5-cifrovye-igry-ps5.jpg\",\"datePublished\":\"2024-09-23T15:52:24+00:00\",\"dateModified\":\"2026-03-05T17:46:30+00:00\",\"description\":\"James si dirige dove un tempo avevano condiviso tanti ricordi,nella speranza di rivederla un'ultima volta: Silent Hill.\",\"breadcrumb\":{\"@id\":\"https:\/\/www.psngiochi.space\/product\/silent-hill-2\/#breadcrumb\"},\"inLanguage\":\"it-IT\",\"potentialAction\":[{\"@type\":\"ReadAction\",\"target\":[\"https:\/\/www.psngiochi.space\/product\/silent-hill-2\/\"]}]},{\"@type\":\"ImageObject\",\"inLanguage\":\"it-IT\",\"@id\":\"https:\/\/www.psngiochi.space\/product\/silent-hill-2\/#primaryimage\",\"url\":\"https:\/\/www.psngiochi.space\/wp-content\/uploads\/2024\/09\/silent-hill-2-psngiochispace-giochi-digitali-ps5-digital-games-ps5-cifrovye-igry-ps5.jpg\",\"contentUrl\":\"https:\/\/www.psngiochi.space\/wp-content\/uploads\/2024\/09\/silent-hill-2-psngiochispace-giochi-digitali-ps5-digital-games-ps5-cifrovye-igry-ps5.jpg\",\"width\":803,\"height\":1000},{\"@type\":\"BreadcrumbList\",\"@id\":\"https:\/\/www.psngiochi.space\/product\/silent-hill-2\/#breadcrumb\",\"itemListElement\":[{\"@type\":\"ListItem\",\"position\":1,\"name\":\"Home\",\"item\":\"https:\/\/www.psngiochi.space\/en\/\"},{\"@type\":\"ListItem\",\"position\":2,\"name\":\"Negozio\",\"item\":\"https:\/\/www.psngiochi.space\/en\/negozio\/\"},{\"@type\":\"ListItem\",\"position\":3,\"name\":\"SILENT HILL 2\"}]},{\"@type\":\"WebSite\",\"@id\":\"https:\/\/www.psngiochi.space\/en\/#website\",\"url\":\"https:\/\/www.psngiochi.space\/en\/\",\"name\":\"Giochi Digitali PS4 e PS5\",\"description\":\"Noleggio di giochi, vendita di accounts\",\"potentialAction\":[{\"@type\":\"SearchAction\",\"target\":{\"@type\":\"EntryPoint\",\"urlTemplate\":\"https:\/\/www.psngiochi.space\/en\/?s={search_term_string}\"},\"query-input\":{\"@type\":\"PropertyValueSpecification\",\"valueRequired\":true,\"valueName\":\"search_term_string\"}}],\"inLanguage\":\"it-IT\"}]}<\/script>\n<!-- \/ Yoast SEO plugin. -->","yoast_head_json":{"title":"SILENT HILL 2 - Giochi Digitali PS4 e PS5","description":"James si dirige dove un tempo avevano condiviso tanti ricordi,nella speranza di rivederla un'ultima volta: Silent Hill.","robots":{"index":"index","follow":"follow","max-snippet":"max-snippet:-1","max-image-preview":"max-image-preview:large","max-video-preview":"max-video-preview:-1"},"canonical":"https:\/\/www.psngiochi.space\/it\/product\/silent-hill-2\/","og_locale":"it_IT","og_type":"article","og_title":"SILENT HILL 2 - Giochi Digitali PS4 e PS5","og_description":"James si dirige dove un tempo avevano condiviso tanti ricordi,nella speranza di rivederla un'ultima volta: Silent Hill.","og_url":"https:\/\/www.psngiochi.space\/it\/product\/silent-hill-2\/","og_site_name":"Giochi Digitali PS4 e PS5","article_modified_time":"2026-03-05T17:46:30+00:00","og_image":[{"width":803,"height":1000,"url":"http:\/\/www.psngiochi.space\/wp-content\/uploads\/2024\/09\/silent-hill-2-psngiochispace-giochi-digitali-ps5-digital-games-ps5-cifrovye-igry-ps5.jpg","type":"image\/jpeg"}],"twitter_card":"summary_large_image","twitter_misc":{"Tempo di lettura stimato":"2 minuti"},"schema":{"@context":"https:\/\/schema.org","@graph":[{"@type":"WebPage","@id":"https:\/\/www.psngiochi.space\/product\/silent-hill-2\/","url":"https:\/\/www.psngiochi.space\/product\/silent-hill-2\/","name":"SILENT HILL 2 - Giochi Digitali PS4 e PS5","isPartOf":{"@id":"https:\/\/www.psngiochi.space\/en\/#website"},"primaryImageOfPage":{"@id":"https:\/\/www.psngiochi.space\/product\/silent-hill-2\/#primaryimage"},"image":{"@id":"https:\/\/www.psngiochi.space\/product\/silent-hill-2\/#primaryimage"},"thumbnailUrl":"https:\/\/www.psngiochi.space\/wp-content\/uploads\/2024\/09\/silent-hill-2-psngiochispace-giochi-digitali-ps5-digital-games-ps5-cifrovye-igry-ps5.jpg","datePublished":"2024-09-23T15:52:24+00:00","dateModified":"2026-03-05T17:46:30+00:00","description":"James si dirige dove un tempo avevano condiviso tanti ricordi,nella speranza di rivederla un'ultima volta: Silent Hill.","breadcrumb":{"@id":"https:\/\/www.psngiochi.space\/product\/silent-hill-2\/#breadcrumb"},"inLanguage":"it-IT","potentialAction":[{"@type":"ReadAction","target":["https:\/\/www.psngiochi.space\/product\/silent-hill-2\/"]}]},{"@type":"ImageObject","inLanguage":"it-IT","@id":"https:\/\/www.psngiochi.space\/product\/silent-hill-2\/#primaryimage","url":"https:\/\/www.psngiochi.space\/wp-content\/uploads\/2024\/09\/silent-hill-2-psngiochispace-giochi-digitali-ps5-digital-games-ps5-cifrovye-igry-ps5.jpg","contentUrl":"https:\/\/www.psngiochi.space\/wp-content\/uploads\/2024\/09\/silent-hill-2-psngiochispace-giochi-digitali-ps5-digital-games-ps5-cifrovye-igry-ps5.jpg","width":803,"height":1000},{"@type":"BreadcrumbList","@id":"https:\/\/www.psngiochi.space\/product\/silent-hill-2\/#breadcrumb","itemListElement":[{"@type":"ListItem","position":1,"name":"Home","item":"https:\/\/www.psngiochi.space\/en\/"},{"@type":"ListItem","position":2,"name":"Negozio","item":"https:\/\/www.psngiochi.space\/en\/negozio\/"},{"@type":"ListItem","position":3,"name":"SILENT HILL 2"}]},{"@type":"WebSite","@id":"https:\/\/www.psngiochi.space\/en\/#website","url":"https:\/\/www.psngiochi.space\/en\/","name":"Giochi Digitali PS4 e PS5","description":"Noleggio di giochi, vendita di accounts","potentialAction":[{"@type":"SearchAction","target":{"@type":"EntryPoint","urlTemplate":"https:\/\/www.psngiochi.space\/en\/?s={search_term_string}"},"query-input":{"@type":"PropertyValueSpecification","valueRequired":true,"valueName":"search_term_string"}}],"inLanguage":"it-IT"}]}},"_links":{"self":[{"href":"https:\/\/www.psngiochi.space\/it\/wp-json\/wp\/v2\/product\/12555","targetHints":{"allow":["GET"]}}],"collection":[{"href":"https:\/\/www.psngiochi.space\/it\/wp-json\/wp\/v2\/product"}],"about":[{"href":"https:\/\/www.psngiochi.space\/it\/wp-json\/wp\/v2\/types\/product"}],"replies":[{"embeddable":true,"href":"https:\/\/www.psngiochi.space\/it\/wp-json\/wp\/v2\/comments?post=12555"}],"wp:featuredmedia":[{"embeddable":true,"href":"https:\/\/www.psngiochi.space\/it\/wp-json\/wp\/v2\/media\/12556"}],"wp:attachment":[{"href":"https:\/\/www.psngiochi.space\/it\/wp-json\/wp\/v2\/media?parent=12555"}],"wp:term":[{"taxonomy":"product_cat","embeddable":true,"href":"https:\/\/www.psngiochi.space\/it\/wp-json\/wp\/v2\/product_cat?post=12555"},{"taxonomy":"product_tag","embeddable":true,"href":"https:\/\/www.psngiochi.space\/it\/wp-json\/wp\/v2\/product_tag?post=12555"}],"curies":[{"name":"wp","href":"https:\/\/api.w.org\/{rel}","templated":true}]}}