{"id":11848,"date":"2023-03-15T22:28:03","date_gmt":"2023-03-15T21:28:03","guid":{"rendered":"http:\/\/www.psngiochi.space\/?post_type=product&#038;p=11848"},"modified":"2023-04-04T16:25:38","modified_gmt":"2023-04-04T14:25:38","slug":"lego-the-incredibles","status":"publish","type":"product","link":"https:\/\/www.psngiochi.space\/it\/product\/lego-the-incredibles\/","title":{"rendered":"LEGO The Incredibles"},"content":{"rendered":"<p><span style=\"font-size: 14pt; color: #000000;\">Il Pacchetto include anche i seguenti Giochi:<\/span><\/p>\n<ul>\n<li>\n<h1 class=\"psw-m-b-xs psw-h1 psw-l-line-break-word\" data-qa=\"mfe-game-title#name\"><a href=\"http:\/\/www.psngiochi.space\/prodotto\/lego-ninjago-movie-video-game\/\"><span style=\"font-size: 14pt; color: #000000;\">LEGO NINJAGO Movie Video Game<\/span><\/a><\/h1>\n<\/li>\n<li>\n<h1 class=\"psw-m-b-xs psw-h1 psw-l-line-break-word\" data-qa=\"mfe-game-title#name\"><span style=\"font-size: 14pt; color: #000000;\">LEGO DC Super-Villains<\/span><\/h1>\n<\/li>\n<li>\n<h1 class=\"psw-m-b-xs psw-h1 psw-l-line-break-word\" data-qa=\"mfe-game-title#name\"><span style=\"font-size: 14pt; color: #000000;\">LEGO Batman 3: Beyond Gotham<\/span><\/h1>\n<\/li>\n<li>\n<h1 class=\"psw-m-b-xs psw-h1 psw-l-line-break-word\" data-qa=\"mfe-game-title#name\"><span style=\"font-size: 14pt; color: #000000;\">LEGO Jurassic World<\/span><\/h1>\n<\/li>\n<\/ul>\n<p><span style=\"font-size: 14pt; color: #000000;\">Vivi le entusiasmanti avventure dei membri della famiglia Parr e seguili mentre affrontano il crimine e la loro vita familiare nel corso dei due film Disney-Pixar Gli Incredibili e Gli Incredibili 2, in un mondo LEGO pieno di divertimento e comicit\u00e0. In LEGO Gli Incredibili i giocatori potranno esplorare i livelli ricchi di azione della modalit\u00e0 storia, insieme a un epico Mondo Centrale, che include Municiberg, usando le 'Super' abilit\u00e0 per assicurare alla giustizia i Super Criminali della citt\u00e0. Puoi anche giocare con amici e familiari nella modalit\u00e0 cooperativa da 2 giocatori, per creare incredibili costruzioni LEGO!<\/span><\/p>\n<p><strong><span style=\"font-size: 14pt; color: #000000;\">Voce: <\/span><\/strong><span style=\"font-size: 14pt; color: #000000;\">francese (francia), inglese, italiano, polacco, spagnolo, tedesco<\/span><\/p>\n<p><strong><span style=\"font-size: 14pt; color: #000000;\">Lingue schermo: <\/span><\/strong><span style=\"font-size: 14pt; color: #000000;\">francese (francia), inglese, italiano, polacco, russo, spagnolo, tedesco<\/span><\/p>\n","protected":false},"excerpt":{"rendered":"<h5 class=\"provider-info__text\"><span class=\"provider-info__list-item\">Uscita: 15\/6\/2018<\/span><span class=\"provider-info__list-item\"> | WARNER BROS. INTERACTIVE <\/span><span class=\"provider-info__list-item\">| PS4<\/span><\/h5>\n<h3><span style=\"font-family: georgia, palatino, serif;\"><span style=\"color: #df1d1d;\">\u23f0 Noleggio per 30 giorni:<\/span><\/span><span style=\"color: #df1d1d;\">\u00a0<span style=\"font-size: 10pt; color: #333333;\">p<\/span><\/span><span style=\"font-family: georgia, palatino, serif; font-size: 10pt; color: #333333;\">ossibilita di giocare dal vostro account personale o sull account fornito (primario o secondario).<\/span><\/h3>\n<h3><span style=\"font-family: georgia, palatino, serif;\"><span style=\"color: #df1d1d;\">\ud83d\udce6 Bundle Games<\/span><\/span><\/h3>\n<h3><span style=\"font-size: 10pt; color: #333333;\">Il gioco in noleggio \u00e8 uno dei modi pi\u00f9 economici e convenienti per ottenere un gioco.\u00a0<\/span><span style=\"font-size: 10pt; color: #333333;\">Puoi anche estendere il periodo se non sei riuscito a finire il gioco.<\/span><\/h3>\n","protected":false},"featured_media":11852,"comment_status":"open","ping_status":"closed","template":"","meta":[],"product_cat":[149,122],"product_tag":[58,75,97],"class_list":{"0":"post-11848","1":"product","2":"type-product","3":"status-publish","4":"has-post-thumbnail","6":"product_cat-bundle-games","7":"product_cat-giochi-ps4-in-noleggio","8":"product_tag-avventura","9":"product_tag-azione","10":"product_tag-famiglia","12":"first","13":"instock","14":"downloadable","15":"virtual","16":"purchasable","17":"product-type-simple"},"yoast_head":"<!-- This site is optimized with the Yoast SEO plugin v23.9 - https:\/\/yoast.com\/wordpress\/plugins\/seo\/ -->\n<title>LEGO The Incredibles - Giochi Digitali PS4 e PS5<\/title>\n<meta name=\"description\" content=\"Vivi le entusiasmanti avventure dei membri della famiglia Parr e seguili mentre affrontano il crimine e la loro vita familiare nel corso dei due film Disney-Pixar.\" \/>\n<meta name=\"robots\" content=\"index, follow, max-snippet:-1, max-image-preview:large, max-video-preview:-1\" \/>\n<link rel=\"canonical\" href=\"https:\/\/www.psngiochi.space\/it\/product\/lego-the-incredibles\/\" \/>\n<meta property=\"og:locale\" content=\"it_IT\" \/>\n<meta property=\"og:type\" content=\"article\" \/>\n<meta property=\"og:title\" content=\"LEGO The Incredibles - Giochi Digitali PS4 e PS5\" \/>\n<meta property=\"og:description\" content=\"Vivi le entusiasmanti avventure dei membri della famiglia Parr e seguili mentre affrontano il crimine e la loro vita familiare nel corso dei due film Disney-Pixar.\" \/>\n<meta property=\"og:url\" content=\"https:\/\/www.psngiochi.space\/it\/product\/lego-the-incredibles\/\" \/>\n<meta property=\"og:site_name\" content=\"Giochi Digitali PS4 e PS5\" \/>\n<meta property=\"article:modified_time\" content=\"2023-04-04T14:25:38+00:00\" \/>\n<meta property=\"og:image\" content=\"https:\/\/www.psngiochi.space\/wp-content\/uploads\/2023\/03\/lego-the-incredibles-psngiochispace-giochi-digitali-ps4-digital-games-ps4-cifrovye-igry-ps4.jpg\" \/>\n\t<meta property=\"og:image:width\" content=\"803\" \/>\n\t<meta property=\"og:image:height\" content=\"1000\" \/>\n\t<meta property=\"og:image:type\" content=\"image\/jpeg\" \/>\n<meta name=\"twitter:card\" content=\"summary_large_image\" \/>\n<meta name=\"twitter:label1\" content=\"Tempo di lettura stimato\" \/>\n\t<meta name=\"twitter:data1\" content=\"1 minuto\" \/>\n<script type=\"application\/ld+json\" class=\"yoast-schema-graph\">{\"@context\":\"https:\/\/schema.org\",\"@graph\":[{\"@type\":\"WebPage\",\"@id\":\"https:\/\/www.psngiochi.space\/en\/product\/lego-the-incredibles\/\",\"url\":\"https:\/\/www.psngiochi.space\/en\/product\/lego-the-incredibles\/\",\"name\":\"LEGO The Incredibles - Giochi Digitali PS4 e PS5\",\"isPartOf\":{\"@id\":\"https:\/\/www.psngiochi.space\/en\/#website\"},\"primaryImageOfPage\":{\"@id\":\"https:\/\/www.psngiochi.space\/en\/product\/lego-the-incredibles\/#primaryimage\"},\"image\":{\"@id\":\"https:\/\/www.psngiochi.space\/en\/product\/lego-the-incredibles\/#primaryimage\"},\"thumbnailUrl\":\"https:\/\/www.psngiochi.space\/wp-content\/uploads\/2023\/03\/lego-the-incredibles-psngiochispace-giochi-digitali-ps4-digital-games-ps4-cifrovye-igry-ps4.jpg\",\"datePublished\":\"2023-03-15T21:28:03+00:00\",\"dateModified\":\"2023-04-04T14:25:38+00:00\",\"description\":\"Vivi le entusiasmanti avventure dei membri della famiglia Parr e seguili mentre affrontano il crimine e la loro vita familiare nel corso dei due film Disney-Pixar.\",\"breadcrumb\":{\"@id\":\"https:\/\/www.psngiochi.space\/en\/product\/lego-the-incredibles\/#breadcrumb\"},\"inLanguage\":\"it-IT\",\"potentialAction\":[{\"@type\":\"ReadAction\",\"target\":[\"https:\/\/www.psngiochi.space\/en\/product\/lego-the-incredibles\/\"]}]},{\"@type\":\"ImageObject\",\"inLanguage\":\"it-IT\",\"@id\":\"https:\/\/www.psngiochi.space\/en\/product\/lego-the-incredibles\/#primaryimage\",\"url\":\"https:\/\/www.psngiochi.space\/wp-content\/uploads\/2023\/03\/lego-the-incredibles-psngiochispace-giochi-digitali-ps4-digital-games-ps4-cifrovye-igry-ps4.jpg\",\"contentUrl\":\"https:\/\/www.psngiochi.space\/wp-content\/uploads\/2023\/03\/lego-the-incredibles-psngiochispace-giochi-digitali-ps4-digital-games-ps4-cifrovye-igry-ps4.jpg\",\"width\":803,\"height\":1000},{\"@type\":\"BreadcrumbList\",\"@id\":\"https:\/\/www.psngiochi.space\/en\/product\/lego-the-incredibles\/#breadcrumb\",\"itemListElement\":[{\"@type\":\"ListItem\",\"position\":1,\"name\":\"Home\",\"item\":\"https:\/\/www.psngiochi.space\/en\/\"},{\"@type\":\"ListItem\",\"position\":2,\"name\":\"Negozio\",\"item\":\"https:\/\/www.psngiochi.space\/en\/negozio\/\"},{\"@type\":\"ListItem\",\"position\":3,\"name\":\"LEGO The Incredibles\"}]},{\"@type\":\"WebSite\",\"@id\":\"https:\/\/www.psngiochi.space\/en\/#website\",\"url\":\"https:\/\/www.psngiochi.space\/en\/\",\"name\":\"Giochi Digitali PS4 e PS5\",\"description\":\"Noleggio di giochi, vendita di accounts\",\"potentialAction\":[{\"@type\":\"SearchAction\",\"target\":{\"@type\":\"EntryPoint\",\"urlTemplate\":\"https:\/\/www.psngiochi.space\/en\/?s={search_term_string}\"},\"query-input\":{\"@type\":\"PropertyValueSpecification\",\"valueRequired\":true,\"valueName\":\"search_term_string\"}}],\"inLanguage\":\"it-IT\"}]}<\/script>\n<!-- \/ Yoast SEO plugin. -->","yoast_head_json":{"title":"LEGO The Incredibles - Giochi Digitali PS4 e PS5","description":"Vivi le entusiasmanti avventure dei membri della famiglia Parr e seguili mentre affrontano il crimine e la loro vita familiare nel corso dei due film Disney-Pixar.","robots":{"index":"index","follow":"follow","max-snippet":"max-snippet:-1","max-image-preview":"max-image-preview:large","max-video-preview":"max-video-preview:-1"},"canonical":"https:\/\/www.psngiochi.space\/it\/product\/lego-the-incredibles\/","og_locale":"it_IT","og_type":"article","og_title":"LEGO The Incredibles - Giochi Digitali PS4 e PS5","og_description":"Vivi le entusiasmanti avventure dei membri della famiglia Parr e seguili mentre affrontano il crimine e la loro vita familiare nel corso dei due film Disney-Pixar.","og_url":"https:\/\/www.psngiochi.space\/it\/product\/lego-the-incredibles\/","og_site_name":"Giochi Digitali PS4 e PS5","article_modified_time":"2023-04-04T14:25:38+00:00","og_image":[{"width":803,"height":1000,"url":"https:\/\/www.psngiochi.space\/wp-content\/uploads\/2023\/03\/lego-the-incredibles-psngiochispace-giochi-digitali-ps4-digital-games-ps4-cifrovye-igry-ps4.jpg","type":"image\/jpeg"}],"twitter_card":"summary_large_image","twitter_misc":{"Tempo di lettura stimato":"1 minuto"},"schema":{"@context":"https:\/\/schema.org","@graph":[{"@type":"WebPage","@id":"https:\/\/www.psngiochi.space\/en\/product\/lego-the-incredibles\/","url":"https:\/\/www.psngiochi.space\/en\/product\/lego-the-incredibles\/","name":"LEGO The Incredibles - Giochi Digitali PS4 e PS5","isPartOf":{"@id":"https:\/\/www.psngiochi.space\/en\/#website"},"primaryImageOfPage":{"@id":"https:\/\/www.psngiochi.space\/en\/product\/lego-the-incredibles\/#primaryimage"},"image":{"@id":"https:\/\/www.psngiochi.space\/en\/product\/lego-the-incredibles\/#primaryimage"},"thumbnailUrl":"https:\/\/www.psngiochi.space\/wp-content\/uploads\/2023\/03\/lego-the-incredibles-psngiochispace-giochi-digitali-ps4-digital-games-ps4-cifrovye-igry-ps4.jpg","datePublished":"2023-03-15T21:28:03+00:00","dateModified":"2023-04-04T14:25:38+00:00","description":"Vivi le entusiasmanti avventure dei membri della famiglia Parr e seguili mentre affrontano il crimine e la loro vita familiare nel corso dei due film Disney-Pixar.","breadcrumb":{"@id":"https:\/\/www.psngiochi.space\/en\/product\/lego-the-incredibles\/#breadcrumb"},"inLanguage":"it-IT","potentialAction":[{"@type":"ReadAction","target":["https:\/\/www.psngiochi.space\/en\/product\/lego-the-incredibles\/"]}]},{"@type":"ImageObject","inLanguage":"it-IT","@id":"https:\/\/www.psngiochi.space\/en\/product\/lego-the-incredibles\/#primaryimage","url":"https:\/\/www.psngiochi.space\/wp-content\/uploads\/2023\/03\/lego-the-incredibles-psngiochispace-giochi-digitali-ps4-digital-games-ps4-cifrovye-igry-ps4.jpg","contentUrl":"https:\/\/www.psngiochi.space\/wp-content\/uploads\/2023\/03\/lego-the-incredibles-psngiochispace-giochi-digitali-ps4-digital-games-ps4-cifrovye-igry-ps4.jpg","width":803,"height":1000},{"@type":"BreadcrumbList","@id":"https:\/\/www.psngiochi.space\/en\/product\/lego-the-incredibles\/#breadcrumb","itemListElement":[{"@type":"ListItem","position":1,"name":"Home","item":"https:\/\/www.psngiochi.space\/en\/"},{"@type":"ListItem","position":2,"name":"Negozio","item":"https:\/\/www.psngiochi.space\/en\/negozio\/"},{"@type":"ListItem","position":3,"name":"LEGO The Incredibles"}]},{"@type":"WebSite","@id":"https:\/\/www.psngiochi.space\/en\/#website","url":"https:\/\/www.psngiochi.space\/en\/","name":"Giochi Digitali PS4 e PS5","description":"Noleggio di giochi, vendita di accounts","potentialAction":[{"@type":"SearchAction","target":{"@type":"EntryPoint","urlTemplate":"https:\/\/www.psngiochi.space\/en\/?s={search_term_string}"},"query-input":{"@type":"PropertyValueSpecification","valueRequired":true,"valueName":"search_term_string"}}],"inLanguage":"it-IT"}]}},"_links":{"self":[{"href":"https:\/\/www.psngiochi.space\/it\/wp-json\/wp\/v2\/product\/11848","targetHints":{"allow":["GET"]}}],"collection":[{"href":"https:\/\/www.psngiochi.space\/it\/wp-json\/wp\/v2\/product"}],"about":[{"href":"https:\/\/www.psngiochi.space\/it\/wp-json\/wp\/v2\/types\/product"}],"replies":[{"embeddable":true,"href":"https:\/\/www.psngiochi.space\/it\/wp-json\/wp\/v2\/comments?post=11848"}],"wp:featuredmedia":[{"embeddable":true,"href":"https:\/\/www.psngiochi.space\/it\/wp-json\/wp\/v2\/media\/11852"}],"wp:attachment":[{"href":"https:\/\/www.psngiochi.space\/it\/wp-json\/wp\/v2\/media?parent=11848"}],"wp:term":[{"taxonomy":"product_cat","embeddable":true,"href":"https:\/\/www.psngiochi.space\/it\/wp-json\/wp\/v2\/product_cat?post=11848"},{"taxonomy":"product_tag","embeddable":true,"href":"https:\/\/www.psngiochi.space\/it\/wp-json\/wp\/v2\/product_tag?post=11848"}],"curies":[{"name":"wp","href":"https:\/\/api.w.org\/{rel}","templated":true}]}}