{"id":11770,"date":"2023-02-11T13:32:43","date_gmt":"2023-02-11T12:32:43","guid":{"rendered":"http:\/\/www.psngiochi.space\/?post_type=product&#038;p=11770"},"modified":"2023-11-18T17:08:53","modified_gmt":"2023-11-18T16:08:53","slug":"ghostwire-tokyo","status":"publish","type":"product","link":"https:\/\/www.psngiochi.space\/it\/product\/ghostwire-tokyo\/","title":{"rendered":"Ghostwire: Tokyo"},"content":{"rendered":"<p><span style=\"font-size: 14pt; color: #df1d1d;\">+ GIOCO BONUS \"<a href=\"http:\/\/www.psngiochi.space\/prodotto\/tiny-troopers-joint-ops-complete-bundle\/\">Tiny Troopers Joint Ops Complete Bundle<\/a>\" per PS4<\/span><\/p>\n<p><span style=\"font-size: 14pt; color: #000000;\">Tokyo \u00e8 funestata da forze letali non appartenenti a questo mondo, dovute a un pericoloso occultista che in un istante ha fatto scomparire la popolazione intera. Alleati con una potente entit\u00e0 spettrale nella sua missione vendicativa e padroneggia un poderoso arsenale di abilit\u00e0 per svelare la verit\u00e0 dietro le sparizioni, mentre AFFRONTI L'IGNOTO in Ghostwire: Tokyo.<\/span><\/p>\n<p><span style=\"font-size: 14pt; color: #000000;\">Grazie alla potenza e alla velocit\u00e0 della console PlayStation 5, Tango Gameworks ha creato una versione meravigliosa e sovrannaturale della Tokyo moderna. Immergiti in una citt\u00e0 dall'atmosfera funesta e dai mille pericoli e svela nuovi misteri ad ogni angolo, grazie al sistema di abilit\u00e0 e azioni complete di tecnologia tattile senza precedenti, basata sull'utilizzo del controller wireless DualSense, e di un audio spaziale 3D avanzato.<\/span><\/p>\n<p><span style=\"font-size: 14pt; color: #000000;\">Una Tokyo meravigliosamente spettrale<\/span><br \/>\n<span style=\"font-size: 14pt; color: #000000;\">Esplora la visione unica di una Tokyo stravolta da presenze soprannaturali. Da paesaggi metropolitani ultramoderni, a templi tradizionali e vicoli angusti, vai alla scoperta di una citt\u00e0 spaventosamente meravigliosa brulicante di Yokai, spiriti in cerca di vendetta che infestano le strade. Scopri i luoghi pi\u00f9 caratteristici, rimasti sospesi nel tempo quando la popolazione della citt\u00e0 \u00e8 sparita, come l'incrocio di Shibuya e la Tokyo Tower, e recati nel surreale oltretomba per salvare la tua famiglia.<\/span><\/p>\n<p><span style=\"font-size: 14pt; color: #000000;\">Immersione di nuova generazione<\/span><br \/>\n<span style=\"font-size: 14pt; color: #000000;\">Immergiti in una Tokyo piovosa e ricostruita nei minimi dettagli grazie alla tecnologia ray tracing e 3D AudioTech di nuova generazione della console PlayStation 5. Prova direttamente sulla tua pelle i poteri soprannaturali che sfrutterai nel gioco grazie al sistema di azioni e abilit\u00e0 in combattimento complete di feedback aptico e grilletti adattivi.<\/span><\/p>\n<p><span style=\"font-size: 14pt; color: #000000;\">Abilit\u00e0 elementali devastanti<\/span><br \/>\n<span style=\"font-size: 14pt; color: #000000;\">Padroneggia una combinazione di poteri elementali e abilit\u00e0 spettrali potenziabili per affrontare le minacce sovrannaturali che infestano la citt\u00e0. Grazie alle tue abilit\u00e0 eteree puoi elevarti fino alla cima dei grattacieli di Tokyo, sorvolare le strade in cerca di nuove missioni e perfino piombare sui nemici dall'alto.<\/span><\/p>\n<p><strong><span style=\"font-size: 14pt; color: #000000;\">Voce: <\/span><\/strong><span style=\"font-size: 14pt; color: #000000;\">inglese, francese (francia), tedesco, italiano, giapponese, polacco, russo, spagnolo<\/span><\/p>\n<p><strong><span style=\"font-size: 14pt; color: #000000;\">Lingue schermo: <\/span><\/strong><span style=\"font-size: 14pt; color: #000000;\">francese (francia), inglese, italiano, arabo, giapponese, polacco, russo, spagnolo, tedesco<\/span><\/p>\n","protected":false},"excerpt":{"rendered":"<h5 class=\"provider-info__text\"><span class=\"provider-info__list-item\">Uscita: 25\/3\/2022<\/span><span class=\"provider-info__list-item\"> | Bethesda <\/span><span class=\"provider-info__list-item\">| PS5<\/span><\/h5>\n<h3><span style=\"font-family: georgia, palatino, serif;\"><span style=\"color: #df1d1d;\">\u23f0 Noleggio per 15 giorni:<\/span><\/span><span style=\"color: #df1d1d;\">\u00a0<span style=\"font-size: 10pt; color: #333333;\">p<\/span><\/span><span style=\"font-family: georgia, palatino, serif; font-size: 10pt; color: #333333;\">ossibilita di giocare dal vostro account personale o sull account fornito (primario o secondario).<\/span><\/h3>\n<h3><span style=\"font-size: 10pt; color: #333333;\">Il gioco in noleggio \u00e8 uno dei modi pi\u00f9 economici e convenienti per ottenere un gioco.\u00a0<\/span><span style=\"font-size: 10pt; color: #333333;\">Puoi anche estendere il periodo se non sei riuscito a finire il gioco.<\/span><\/h3>\n","protected":false},"featured_media":11771,"comment_status":"open","ping_status":"closed","template":"","meta":[],"product_cat":[142],"product_tag":[58,75],"class_list":{"0":"post-11770","1":"product","2":"type-product","3":"status-publish","4":"has-post-thumbnail","6":"product_cat-giochi-ps5-in-noleggio","7":"product_tag-avventura","8":"product_tag-azione","10":"first","11":"instock","12":"downloadable","13":"virtual","14":"purchasable","15":"product-type-simple"},"yoast_head":"<!-- This site is optimized with the Yoast SEO plugin v23.9 - https:\/\/yoast.com\/wordpress\/plugins\/seo\/ -->\n<title>Ghostwire: Tokyo - Giochi Digitali PS4 e PS5<\/title>\n<meta name=\"description\" content=\"Alleati con una potente entit\u00e0 spettrale nella sua missione vendicativa e padroneggia un poderoso arsenale di abilit\u00e0 per svelare la verit\u00e0 dietro le sparizioni, mentre AFFRONTI L&#039;IGNOTO in Ghostwire: Tokyo.\" \/>\n<meta name=\"robots\" content=\"index, follow, max-snippet:-1, max-image-preview:large, max-video-preview:-1\" \/>\n<link rel=\"canonical\" href=\"https:\/\/www.psngiochi.space\/it\/product\/ghostwire-tokyo\/\" \/>\n<meta property=\"og:locale\" content=\"it_IT\" \/>\n<meta property=\"og:type\" content=\"article\" \/>\n<meta property=\"og:title\" content=\"Ghostwire: Tokyo - Giochi Digitali PS4 e PS5\" \/>\n<meta property=\"og:description\" content=\"Alleati con una potente entit\u00e0 spettrale nella sua missione vendicativa e padroneggia un poderoso arsenale di abilit\u00e0 per svelare la verit\u00e0 dietro le sparizioni, mentre AFFRONTI L&#039;IGNOTO in Ghostwire: Tokyo.\" \/>\n<meta property=\"og:url\" content=\"https:\/\/www.psngiochi.space\/it\/product\/ghostwire-tokyo\/\" \/>\n<meta property=\"og:site_name\" content=\"Giochi Digitali PS4 e PS5\" \/>\n<meta property=\"article:modified_time\" content=\"2023-11-18T16:08:53+00:00\" \/>\n<meta property=\"og:image\" content=\"https:\/\/www.psngiochi.space\/wp-content\/uploads\/2023\/02\/ghostwire-tokyo-psngiochispace-giochi-digitali-ps5-digital-games-ps5-cifrovye-igry-ps5.jpg\" \/>\n\t<meta property=\"og:image:width\" content=\"803\" \/>\n\t<meta property=\"og:image:height\" content=\"1000\" \/>\n\t<meta property=\"og:image:type\" content=\"image\/jpeg\" \/>\n<meta name=\"twitter:card\" content=\"summary_large_image\" \/>\n<meta name=\"twitter:label1\" content=\"Tempo di lettura stimato\" \/>\n\t<meta name=\"twitter:data1\" content=\"2 minuti\" \/>\n<script type=\"application\/ld+json\" class=\"yoast-schema-graph\">{\"@context\":\"https:\/\/schema.org\",\"@graph\":[{\"@type\":\"WebPage\",\"@id\":\"https:\/\/www.psngiochi.space\/it\/product\/ghostwire-tokyo\/\",\"url\":\"https:\/\/www.psngiochi.space\/it\/product\/ghostwire-tokyo\/\",\"name\":\"Ghostwire: Tokyo - Giochi Digitali PS4 e PS5\",\"isPartOf\":{\"@id\":\"https:\/\/www.psngiochi.space\/en\/#website\"},\"primaryImageOfPage\":{\"@id\":\"https:\/\/www.psngiochi.space\/it\/product\/ghostwire-tokyo\/#primaryimage\"},\"image\":{\"@id\":\"https:\/\/www.psngiochi.space\/it\/product\/ghostwire-tokyo\/#primaryimage\"},\"thumbnailUrl\":\"https:\/\/www.psngiochi.space\/wp-content\/uploads\/2023\/02\/ghostwire-tokyo-psngiochispace-giochi-digitali-ps5-digital-games-ps5-cifrovye-igry-ps5.jpg\",\"datePublished\":\"2023-02-11T12:32:43+00:00\",\"dateModified\":\"2023-11-18T16:08:53+00:00\",\"description\":\"Alleati con una potente entit\u00e0 spettrale nella sua missione vendicativa e padroneggia un poderoso arsenale di abilit\u00e0 per svelare la verit\u00e0 dietro le sparizioni, mentre AFFRONTI L'IGNOTO in Ghostwire: Tokyo.\",\"breadcrumb\":{\"@id\":\"https:\/\/www.psngiochi.space\/it\/product\/ghostwire-tokyo\/#breadcrumb\"},\"inLanguage\":\"it-IT\",\"potentialAction\":[{\"@type\":\"ReadAction\",\"target\":[\"https:\/\/www.psngiochi.space\/it\/product\/ghostwire-tokyo\/\"]}]},{\"@type\":\"ImageObject\",\"inLanguage\":\"it-IT\",\"@id\":\"https:\/\/www.psngiochi.space\/it\/product\/ghostwire-tokyo\/#primaryimage\",\"url\":\"https:\/\/www.psngiochi.space\/wp-content\/uploads\/2023\/02\/ghostwire-tokyo-psngiochispace-giochi-digitali-ps5-digital-games-ps5-cifrovye-igry-ps5.jpg\",\"contentUrl\":\"https:\/\/www.psngiochi.space\/wp-content\/uploads\/2023\/02\/ghostwire-tokyo-psngiochispace-giochi-digitali-ps5-digital-games-ps5-cifrovye-igry-ps5.jpg\",\"width\":803,\"height\":1000},{\"@type\":\"BreadcrumbList\",\"@id\":\"https:\/\/www.psngiochi.space\/it\/product\/ghostwire-tokyo\/#breadcrumb\",\"itemListElement\":[{\"@type\":\"ListItem\",\"position\":1,\"name\":\"Home\",\"item\":\"https:\/\/www.psngiochi.space\/en\/\"},{\"@type\":\"ListItem\",\"position\":2,\"name\":\"Negozio\",\"item\":\"https:\/\/www.psngiochi.space\/en\/negozio\/\"},{\"@type\":\"ListItem\",\"position\":3,\"name\":\"Ghostwire: Tokyo\"}]},{\"@type\":\"WebSite\",\"@id\":\"https:\/\/www.psngiochi.space\/en\/#website\",\"url\":\"https:\/\/www.psngiochi.space\/en\/\",\"name\":\"Giochi Digitali PS4 e PS5\",\"description\":\"Noleggio di giochi, vendita di accounts\",\"potentialAction\":[{\"@type\":\"SearchAction\",\"target\":{\"@type\":\"EntryPoint\",\"urlTemplate\":\"https:\/\/www.psngiochi.space\/en\/?s={search_term_string}\"},\"query-input\":{\"@type\":\"PropertyValueSpecification\",\"valueRequired\":true,\"valueName\":\"search_term_string\"}}],\"inLanguage\":\"it-IT\"}]}<\/script>\n<!-- \/ Yoast SEO plugin. -->","yoast_head_json":{"title":"Ghostwire: Tokyo - Giochi Digitali PS4 e PS5","description":"Alleati con una potente entit\u00e0 spettrale nella sua missione vendicativa e padroneggia un poderoso arsenale di abilit\u00e0 per svelare la verit\u00e0 dietro le sparizioni, mentre AFFRONTI L'IGNOTO in Ghostwire: Tokyo.","robots":{"index":"index","follow":"follow","max-snippet":"max-snippet:-1","max-image-preview":"max-image-preview:large","max-video-preview":"max-video-preview:-1"},"canonical":"https:\/\/www.psngiochi.space\/it\/product\/ghostwire-tokyo\/","og_locale":"it_IT","og_type":"article","og_title":"Ghostwire: Tokyo - Giochi Digitali PS4 e PS5","og_description":"Alleati con una potente entit\u00e0 spettrale nella sua missione vendicativa e padroneggia un poderoso arsenale di abilit\u00e0 per svelare la verit\u00e0 dietro le sparizioni, mentre AFFRONTI L'IGNOTO in Ghostwire: Tokyo.","og_url":"https:\/\/www.psngiochi.space\/it\/product\/ghostwire-tokyo\/","og_site_name":"Giochi Digitali PS4 e PS5","article_modified_time":"2023-11-18T16:08:53+00:00","og_image":[{"width":803,"height":1000,"url":"https:\/\/www.psngiochi.space\/wp-content\/uploads\/2023\/02\/ghostwire-tokyo-psngiochispace-giochi-digitali-ps5-digital-games-ps5-cifrovye-igry-ps5.jpg","type":"image\/jpeg"}],"twitter_card":"summary_large_image","twitter_misc":{"Tempo di lettura stimato":"2 minuti"},"schema":{"@context":"https:\/\/schema.org","@graph":[{"@type":"WebPage","@id":"https:\/\/www.psngiochi.space\/it\/product\/ghostwire-tokyo\/","url":"https:\/\/www.psngiochi.space\/it\/product\/ghostwire-tokyo\/","name":"Ghostwire: Tokyo - Giochi Digitali PS4 e PS5","isPartOf":{"@id":"https:\/\/www.psngiochi.space\/en\/#website"},"primaryImageOfPage":{"@id":"https:\/\/www.psngiochi.space\/it\/product\/ghostwire-tokyo\/#primaryimage"},"image":{"@id":"https:\/\/www.psngiochi.space\/it\/product\/ghostwire-tokyo\/#primaryimage"},"thumbnailUrl":"https:\/\/www.psngiochi.space\/wp-content\/uploads\/2023\/02\/ghostwire-tokyo-psngiochispace-giochi-digitali-ps5-digital-games-ps5-cifrovye-igry-ps5.jpg","datePublished":"2023-02-11T12:32:43+00:00","dateModified":"2023-11-18T16:08:53+00:00","description":"Alleati con una potente entit\u00e0 spettrale nella sua missione vendicativa e padroneggia un poderoso arsenale di abilit\u00e0 per svelare la verit\u00e0 dietro le sparizioni, mentre AFFRONTI L'IGNOTO in Ghostwire: Tokyo.","breadcrumb":{"@id":"https:\/\/www.psngiochi.space\/it\/product\/ghostwire-tokyo\/#breadcrumb"},"inLanguage":"it-IT","potentialAction":[{"@type":"ReadAction","target":["https:\/\/www.psngiochi.space\/it\/product\/ghostwire-tokyo\/"]}]},{"@type":"ImageObject","inLanguage":"it-IT","@id":"https:\/\/www.psngiochi.space\/it\/product\/ghostwire-tokyo\/#primaryimage","url":"https:\/\/www.psngiochi.space\/wp-content\/uploads\/2023\/02\/ghostwire-tokyo-psngiochispace-giochi-digitali-ps5-digital-games-ps5-cifrovye-igry-ps5.jpg","contentUrl":"https:\/\/www.psngiochi.space\/wp-content\/uploads\/2023\/02\/ghostwire-tokyo-psngiochispace-giochi-digitali-ps5-digital-games-ps5-cifrovye-igry-ps5.jpg","width":803,"height":1000},{"@type":"BreadcrumbList","@id":"https:\/\/www.psngiochi.space\/it\/product\/ghostwire-tokyo\/#breadcrumb","itemListElement":[{"@type":"ListItem","position":1,"name":"Home","item":"https:\/\/www.psngiochi.space\/en\/"},{"@type":"ListItem","position":2,"name":"Negozio","item":"https:\/\/www.psngiochi.space\/en\/negozio\/"},{"@type":"ListItem","position":3,"name":"Ghostwire: Tokyo"}]},{"@type":"WebSite","@id":"https:\/\/www.psngiochi.space\/en\/#website","url":"https:\/\/www.psngiochi.space\/en\/","name":"Giochi Digitali PS4 e PS5","description":"Noleggio di giochi, vendita di accounts","potentialAction":[{"@type":"SearchAction","target":{"@type":"EntryPoint","urlTemplate":"https:\/\/www.psngiochi.space\/en\/?s={search_term_string}"},"query-input":{"@type":"PropertyValueSpecification","valueRequired":true,"valueName":"search_term_string"}}],"inLanguage":"it-IT"}]}},"_links":{"self":[{"href":"https:\/\/www.psngiochi.space\/it\/wp-json\/wp\/v2\/product\/11770","targetHints":{"allow":["GET"]}}],"collection":[{"href":"https:\/\/www.psngiochi.space\/it\/wp-json\/wp\/v2\/product"}],"about":[{"href":"https:\/\/www.psngiochi.space\/it\/wp-json\/wp\/v2\/types\/product"}],"replies":[{"embeddable":true,"href":"https:\/\/www.psngiochi.space\/it\/wp-json\/wp\/v2\/comments?post=11770"}],"wp:featuredmedia":[{"embeddable":true,"href":"https:\/\/www.psngiochi.space\/it\/wp-json\/wp\/v2\/media\/11771"}],"wp:attachment":[{"href":"https:\/\/www.psngiochi.space\/it\/wp-json\/wp\/v2\/media?parent=11770"}],"wp:term":[{"taxonomy":"product_cat","embeddable":true,"href":"https:\/\/www.psngiochi.space\/it\/wp-json\/wp\/v2\/product_cat?post=11770"},{"taxonomy":"product_tag","embeddable":true,"href":"https:\/\/www.psngiochi.space\/it\/wp-json\/wp\/v2\/product_tag?post=11770"}],"curies":[{"name":"wp","href":"https:\/\/api.w.org\/{rel}","templated":true}]}}