{"id":11162,"date":"2022-01-30T15:41:25","date_gmt":"2022-01-30T15:41:25","guid":{"rendered":"http:\/\/www.psngiochi.space\/?post_type=product&#038;p=11162"},"modified":"2022-10-16T10:08:43","modified_gmt":"2022-10-16T08:08:43","slug":"tiny-tinas-wonderlands","status":"publish","type":"product","link":"https:\/\/www.psngiochi.space\/it\/product\/tiny-tinas-wonderlands\/","title":{"rendered":"Tiny Tina&#8217;s Wonderlands"},"content":{"rendered":"<p><span style=\"font-size: 14pt; color: #df1d1d;\">+ GIOCO BONUS \"Mass Effect: Andromeda\"<\/span><\/p>\n<p><span style=\"font-size: 14pt; color: #000000;\">Vivi un'avventura epica piena di armi uniche, stravaganti e prodigiose! Tuffati nel vortice di proiettili, lame e magie del caotico mondo fantasy partorito dall'imprevedibile mente di Tiny Tina.<\/span><br \/>\n<span style=\"font-size: 14pt; color: #000000;\">Crea il tuo eroe multiclasse, affronta mostri bizzarri e saccheggia dungeon pieni di bottini. Spara, fendi e lancia incantesimi per fermare il malvagio Signore dei draghi. Chiunque pu\u00f2 unirsi al gruppo e partire all'avventura. La regola \u00e8 una sola: dimostrare di essere caotici veri!<\/span><\/p>\n<p><span style=\"font-size: 14pt; color: #000000;\">UN MONDO FANTASTICO E IMPREVEDIBILE<\/span><br \/>\n<span style=\"font-size: 14pt; color: #000000;\">Tiny Tina ti guider\u00e0 in uno straordinario e caotico regno dove le regole non sempre vengono applicate. Esplora un mondo ricco di maestose citt\u00e0, foreste fungine, fortezze inquietanti e molto altro!<\/span><\/p>\n<p><span style=\"font-size: 14pt; color: #000000;\">ARMI, INCANTESIMI E MOLTO ALTRO<\/span><br \/>\n<span style=\"font-size: 14pt; color: #000000;\">Tuffati in emozionanti combattimenti in prima persona con armi e incantesimi devastanti. Affronta malefiche legioni di scheletri parlanti, squali vagabondi e boss colossali. E non dimenticarti di esplorare le profondit\u00e0 dei dungeon, \u00e8 l\u00ec che si trovano i bottini migliori!<\/span><\/p>\n<p><span style=\"font-size: 14pt; color: #000000;\">RESPINGI LE FORZE DEL MALE IN COMPAGNIA<\/span><br \/>\n<span style=\"font-size: 14pt; color: #000000;\">Al tavolo ti aspetteranno Valentine, un capitano cocciuto, e Frette, un robot ossessionato dalle regole. Lungo il percorso per sconfiggere il Signore dei draghi troverai poi un barbardo armato di liuto, Padre dei pugni di fata e altri simpatici disadattati.<\/span><\/p>\n<p><span style=\"font-size: 14pt; color: #000000;\">PERSONALIZZA IL TUO EROE<\/span><br \/>\n<span style=\"font-size: 14pt; color: #000000;\">Personalizza il tuo eroe come preferisci: il sistema multiclasse ti permette di combinare sei specializzazioni ricche di abilit\u00e0 uniche. Sali di livello, aumenta le statistiche, espandi l'arsenale e parti all'avventura.<\/span><\/p>\n<p><span style=\"font-size: 14pt; color: #000000;\">IMMERGITI IN SESSIONI CO-OP FUORI DI TESTA<\/span><br \/>\n<span style=\"font-size: 14pt; color: #000000;\">Gioca in modalit\u00e0 giocatore singolo o unisciti a un massimo di tre amici in modalit\u00e0 multiplayer online o schermo condiviso. Condividere i bottini o accaparrarsi la parte pi\u00f9 grande? La scelta spetta a te!<\/span><\/p>\n","protected":false},"excerpt":{"rendered":"<h5 class=\"provider-info__text\"><span class=\"provider-info__list-item\">Uscita: 25\/3\/2022<\/span><span class=\"provider-info__list-item\"> | 2K <\/span><span class=\"provider-info__list-item\">| PS4, PS5<\/span><\/h5>\n<h3><span style=\"font-family: georgia, palatino, serif;\"><span style=\"color: #df1d1d;\">\u23f0 Noleggio per 15 giorni:<\/span><\/span><span style=\"color: #df1d1d;\">\u00a0<span style=\"font-size: 10pt; color: #333333;\">p<\/span><\/span><span style=\"font-family: georgia, palatino, serif; font-size: 10pt; color: #333333;\">ossibilita di giocare dal vostro account personale o sull account fornito (primario o secondario).<\/span><\/h3>\n<h3><span style=\"font-size: 10pt; color: #333333;\">Il gioco in noleggio \u00e8 uno dei modi pi\u00f9 economici e convenienti per ottenere un gioco.\u00a0<\/span><span style=\"font-size: 10pt; color: #333333;\">Puoi anche estendere il periodo se non sei riuscito a finire il gioco.<\/span><\/h3>\n","protected":false},"featured_media":11163,"comment_status":"open","ping_status":"closed","template":"","meta":[],"product_cat":[122,142],"product_tag":[88],"class_list":{"0":"post-11162","1":"product","2":"type-product","3":"status-publish","4":"has-post-thumbnail","6":"product_cat-giochi-ps4-in-noleggio","7":"product_cat-giochi-ps5-in-noleggio","8":"product_tag-sparatutto","10":"first","11":"instock","12":"downloadable","13":"virtual","14":"purchasable","15":"product-type-simple"},"yoast_head":"<!-- This site is optimized with the Yoast SEO plugin v23.9 - https:\/\/yoast.com\/wordpress\/plugins\/seo\/ -->\n<title>Tiny Tina&#039;s Wonderlands - Giochi Digitali PS4 e PS5<\/title>\n<meta name=\"description\" content=\"Vivi un&#039;avventura epica piena di armi uniche, stravaganti e prodigiose!\" \/>\n<meta name=\"robots\" content=\"index, follow, max-snippet:-1, max-image-preview:large, max-video-preview:-1\" \/>\n<link rel=\"canonical\" href=\"https:\/\/www.psngiochi.space\/it\/product\/tiny-tinas-wonderlands\/\" \/>\n<meta property=\"og:locale\" content=\"it_IT\" \/>\n<meta property=\"og:type\" content=\"article\" \/>\n<meta property=\"og:title\" content=\"Tiny Tina&#039;s Wonderlands - Giochi Digitali PS4 e PS5\" \/>\n<meta property=\"og:description\" content=\"Vivi un&#039;avventura epica piena di armi uniche, stravaganti e prodigiose!\" \/>\n<meta property=\"og:url\" content=\"https:\/\/www.psngiochi.space\/it\/product\/tiny-tinas-wonderlands\/\" \/>\n<meta property=\"og:site_name\" content=\"Giochi Digitali PS4 e PS5\" \/>\n<meta property=\"article:modified_time\" content=\"2022-10-16T08:08:43+00:00\" \/>\n<meta property=\"og:image\" content=\"https:\/\/www.psngiochi.space\/wp-content\/uploads\/2022\/01\/tiny-tinas-wonderlands-psngiochispace-giochi-digitali-ps4-ps5-digital-games-ps4-ps5-cifrovye-igry-ps4-ps5.jpg\" \/>\n\t<meta property=\"og:image:width\" content=\"803\" \/>\n\t<meta property=\"og:image:height\" content=\"1000\" \/>\n\t<meta property=\"og:image:type\" content=\"image\/jpeg\" \/>\n<meta name=\"twitter:card\" content=\"summary_large_image\" \/>\n<meta name=\"twitter:label1\" content=\"Tempo di lettura stimato\" \/>\n\t<meta name=\"twitter:data1\" content=\"2 minuti\" \/>\n<script type=\"application\/ld+json\" class=\"yoast-schema-graph\">{\"@context\":\"https:\/\/schema.org\",\"@graph\":[{\"@type\":\"WebPage\",\"@id\":\"https:\/\/www.psngiochi.space\/en\/product\/tiny-tinas-wonderlands\/\",\"url\":\"https:\/\/www.psngiochi.space\/en\/product\/tiny-tinas-wonderlands\/\",\"name\":\"Tiny Tina's Wonderlands - Giochi Digitali PS4 e PS5\",\"isPartOf\":{\"@id\":\"https:\/\/www.psngiochi.space\/en\/#website\"},\"primaryImageOfPage\":{\"@id\":\"https:\/\/www.psngiochi.space\/en\/product\/tiny-tinas-wonderlands\/#primaryimage\"},\"image\":{\"@id\":\"https:\/\/www.psngiochi.space\/en\/product\/tiny-tinas-wonderlands\/#primaryimage\"},\"thumbnailUrl\":\"https:\/\/www.psngiochi.space\/wp-content\/uploads\/2022\/01\/tiny-tinas-wonderlands-psngiochispace-giochi-digitali-ps4-ps5-digital-games-ps4-ps5-cifrovye-igry-ps4-ps5.jpg\",\"datePublished\":\"2022-01-30T15:41:25+00:00\",\"dateModified\":\"2022-10-16T08:08:43+00:00\",\"description\":\"Vivi un'avventura epica piena di armi uniche, stravaganti e prodigiose!\",\"breadcrumb\":{\"@id\":\"https:\/\/www.psngiochi.space\/en\/product\/tiny-tinas-wonderlands\/#breadcrumb\"},\"inLanguage\":\"it-IT\",\"potentialAction\":[{\"@type\":\"ReadAction\",\"target\":[\"https:\/\/www.psngiochi.space\/en\/product\/tiny-tinas-wonderlands\/\"]}]},{\"@type\":\"ImageObject\",\"inLanguage\":\"it-IT\",\"@id\":\"https:\/\/www.psngiochi.space\/en\/product\/tiny-tinas-wonderlands\/#primaryimage\",\"url\":\"https:\/\/www.psngiochi.space\/wp-content\/uploads\/2022\/01\/tiny-tinas-wonderlands-psngiochispace-giochi-digitali-ps4-ps5-digital-games-ps4-ps5-cifrovye-igry-ps4-ps5.jpg\",\"contentUrl\":\"https:\/\/www.psngiochi.space\/wp-content\/uploads\/2022\/01\/tiny-tinas-wonderlands-psngiochispace-giochi-digitali-ps4-ps5-digital-games-ps4-ps5-cifrovye-igry-ps4-ps5.jpg\",\"width\":803,\"height\":1000},{\"@type\":\"BreadcrumbList\",\"@id\":\"https:\/\/www.psngiochi.space\/en\/product\/tiny-tinas-wonderlands\/#breadcrumb\",\"itemListElement\":[{\"@type\":\"ListItem\",\"position\":1,\"name\":\"Home\",\"item\":\"https:\/\/www.psngiochi.space\/en\/\"},{\"@type\":\"ListItem\",\"position\":2,\"name\":\"Negozio\",\"item\":\"https:\/\/www.psngiochi.space\/en\/negozio\/\"},{\"@type\":\"ListItem\",\"position\":3,\"name\":\"Tiny Tina&#8217;s Wonderlands\"}]},{\"@type\":\"WebSite\",\"@id\":\"https:\/\/www.psngiochi.space\/en\/#website\",\"url\":\"https:\/\/www.psngiochi.space\/en\/\",\"name\":\"Giochi Digitali PS4 e PS5\",\"description\":\"Noleggio di giochi, vendita di accounts\",\"potentialAction\":[{\"@type\":\"SearchAction\",\"target\":{\"@type\":\"EntryPoint\",\"urlTemplate\":\"https:\/\/www.psngiochi.space\/en\/?s={search_term_string}\"},\"query-input\":{\"@type\":\"PropertyValueSpecification\",\"valueRequired\":true,\"valueName\":\"search_term_string\"}}],\"inLanguage\":\"it-IT\"}]}<\/script>\n<!-- \/ Yoast SEO plugin. -->","yoast_head_json":{"title":"Tiny Tina's Wonderlands - Giochi Digitali PS4 e PS5","description":"Vivi un'avventura epica piena di armi uniche, stravaganti e prodigiose!","robots":{"index":"index","follow":"follow","max-snippet":"max-snippet:-1","max-image-preview":"max-image-preview:large","max-video-preview":"max-video-preview:-1"},"canonical":"https:\/\/www.psngiochi.space\/it\/product\/tiny-tinas-wonderlands\/","og_locale":"it_IT","og_type":"article","og_title":"Tiny Tina's Wonderlands - Giochi Digitali PS4 e PS5","og_description":"Vivi un'avventura epica piena di armi uniche, stravaganti e prodigiose!","og_url":"https:\/\/www.psngiochi.space\/it\/product\/tiny-tinas-wonderlands\/","og_site_name":"Giochi Digitali PS4 e PS5","article_modified_time":"2022-10-16T08:08:43+00:00","og_image":[{"width":803,"height":1000,"url":"https:\/\/www.psngiochi.space\/wp-content\/uploads\/2022\/01\/tiny-tinas-wonderlands-psngiochispace-giochi-digitali-ps4-ps5-digital-games-ps4-ps5-cifrovye-igry-ps4-ps5.jpg","type":"image\/jpeg"}],"twitter_card":"summary_large_image","twitter_misc":{"Tempo di lettura stimato":"2 minuti"},"schema":{"@context":"https:\/\/schema.org","@graph":[{"@type":"WebPage","@id":"https:\/\/www.psngiochi.space\/en\/product\/tiny-tinas-wonderlands\/","url":"https:\/\/www.psngiochi.space\/en\/product\/tiny-tinas-wonderlands\/","name":"Tiny Tina's Wonderlands - Giochi Digitali PS4 e PS5","isPartOf":{"@id":"https:\/\/www.psngiochi.space\/en\/#website"},"primaryImageOfPage":{"@id":"https:\/\/www.psngiochi.space\/en\/product\/tiny-tinas-wonderlands\/#primaryimage"},"image":{"@id":"https:\/\/www.psngiochi.space\/en\/product\/tiny-tinas-wonderlands\/#primaryimage"},"thumbnailUrl":"https:\/\/www.psngiochi.space\/wp-content\/uploads\/2022\/01\/tiny-tinas-wonderlands-psngiochispace-giochi-digitali-ps4-ps5-digital-games-ps4-ps5-cifrovye-igry-ps4-ps5.jpg","datePublished":"2022-01-30T15:41:25+00:00","dateModified":"2022-10-16T08:08:43+00:00","description":"Vivi un'avventura epica piena di armi uniche, stravaganti e prodigiose!","breadcrumb":{"@id":"https:\/\/www.psngiochi.space\/en\/product\/tiny-tinas-wonderlands\/#breadcrumb"},"inLanguage":"it-IT","potentialAction":[{"@type":"ReadAction","target":["https:\/\/www.psngiochi.space\/en\/product\/tiny-tinas-wonderlands\/"]}]},{"@type":"ImageObject","inLanguage":"it-IT","@id":"https:\/\/www.psngiochi.space\/en\/product\/tiny-tinas-wonderlands\/#primaryimage","url":"https:\/\/www.psngiochi.space\/wp-content\/uploads\/2022\/01\/tiny-tinas-wonderlands-psngiochispace-giochi-digitali-ps4-ps5-digital-games-ps4-ps5-cifrovye-igry-ps4-ps5.jpg","contentUrl":"https:\/\/www.psngiochi.space\/wp-content\/uploads\/2022\/01\/tiny-tinas-wonderlands-psngiochispace-giochi-digitali-ps4-ps5-digital-games-ps4-ps5-cifrovye-igry-ps4-ps5.jpg","width":803,"height":1000},{"@type":"BreadcrumbList","@id":"https:\/\/www.psngiochi.space\/en\/product\/tiny-tinas-wonderlands\/#breadcrumb","itemListElement":[{"@type":"ListItem","position":1,"name":"Home","item":"https:\/\/www.psngiochi.space\/en\/"},{"@type":"ListItem","position":2,"name":"Negozio","item":"https:\/\/www.psngiochi.space\/en\/negozio\/"},{"@type":"ListItem","position":3,"name":"Tiny Tina&#8217;s Wonderlands"}]},{"@type":"WebSite","@id":"https:\/\/www.psngiochi.space\/en\/#website","url":"https:\/\/www.psngiochi.space\/en\/","name":"Giochi Digitali PS4 e PS5","description":"Noleggio di giochi, vendita di accounts","potentialAction":[{"@type":"SearchAction","target":{"@type":"EntryPoint","urlTemplate":"https:\/\/www.psngiochi.space\/en\/?s={search_term_string}"},"query-input":{"@type":"PropertyValueSpecification","valueRequired":true,"valueName":"search_term_string"}}],"inLanguage":"it-IT"}]}},"_links":{"self":[{"href":"https:\/\/www.psngiochi.space\/it\/wp-json\/wp\/v2\/product\/11162","targetHints":{"allow":["GET"]}}],"collection":[{"href":"https:\/\/www.psngiochi.space\/it\/wp-json\/wp\/v2\/product"}],"about":[{"href":"https:\/\/www.psngiochi.space\/it\/wp-json\/wp\/v2\/types\/product"}],"replies":[{"embeddable":true,"href":"https:\/\/www.psngiochi.space\/it\/wp-json\/wp\/v2\/comments?post=11162"}],"wp:featuredmedia":[{"embeddable":true,"href":"https:\/\/www.psngiochi.space\/it\/wp-json\/wp\/v2\/media\/11163"}],"wp:attachment":[{"href":"https:\/\/www.psngiochi.space\/it\/wp-json\/wp\/v2\/media?parent=11162"}],"wp:term":[{"taxonomy":"product_cat","embeddable":true,"href":"https:\/\/www.psngiochi.space\/it\/wp-json\/wp\/v2\/product_cat?post=11162"},{"taxonomy":"product_tag","embeddable":true,"href":"https:\/\/www.psngiochi.space\/it\/wp-json\/wp\/v2\/product_tag?post=11162"}],"curies":[{"name":"wp","href":"https:\/\/api.w.org\/{rel}","templated":true}]}}