{"id":10972,"date":"2021-11-09T20:32:44","date_gmt":"2021-11-09T19:32:44","guid":{"rendered":"http:\/\/www.psngiochi.space\/?post_type=product&#038;p=10972"},"modified":"2024-03-03T12:01:53","modified_gmt":"2024-03-03T11:01:53","slug":"grand-theft-auto-the-trilogy-the-definitive-edition","status":"publish","type":"product","link":"https:\/\/www.psngiochi.space\/it\/product\/grand-theft-auto-the-trilogy-the-definitive-edition\/","title":{"rendered":"Grand Theft Auto: The Trilogy \u2013 The Definitive Edition [Secondario]"},"content":{"rendered":"<p><span style=\"font-size: 14pt; color: #df1d1d;\">+ GIOCO BONUS \"Grand Theft Auto V: Premium Edition\"<\/span><\/p>\n<p><span style=\"font-size: 14pt; color: #000000;\">Tre citt\u00e0 iconiche, tre storie epiche. Gioca ai classici della trilogia originale di Grand Theft Auto che hanno definito un genere: Grand Theft Auto III, Grand Theft Auto: Vice City e Grand Theft Auto: San Andreas, aggiornati per la nuova generazione con diverse migliorie come una nuova illuminazione e miglioramenti degli scenari, texture in alta risoluzione, distanze di visualizzazione superiori, comandi in stile Grand Theft Auto V e molte altre rifiniture che ripropongono questi classici con un nuovo livello di dettaglio.<\/span><\/p>\n<p><span style=\"font-size: 14pt; color: #000000;\">Grand Theft Auto: The Trilogy \u2013 The Definitive Edition include:<\/span><\/p>\n<p><span style=\"font-size: 14pt; color: #000000;\">\u2022 Grand Theft Auto III: tutto ha inizio a Liberty City. Con la rivoluzionaria libert\u00e0 di andare ovunque e rapinare chiunque, Grand Theft Auto III ti mette al centro di un mondo criminale in cui farti strada... se ne avrai il coraggio.<\/span><\/p>\n<p><span style=\"font-size: 14pt; color: #000000;\">\u2022 Grand Theft Auto: Vice City: benvenuti negli anni '80. Il decennio delle pettinature voluminose e dei vestiti color pastello vede l'ascesa di un uomo nella gerarchia della criminalit\u00e0. Grand Theft Auto torna con la storia di tradimento e vendetta di Tommy Vercetti, in una citt\u00e0 tropicale immersa nelle luci al neon e ricca di eccessi e opportunit\u00e0.<\/span><\/p>\n<p><span style=\"font-size: 14pt; color: #000000;\">\u2022 Grand Theft Auto: San Andreas: cinque anni fa, Carl \"CJ\" Johnson \u00e8 fuggito da Los Santos, San Andreas, una citt\u00e0 straziata da bande, droga e corruzione. Ora siamo nei primi anni '90 e CJ deve tornare a casa: sua madre \u00e8 stata assassinata, la sua famiglia \u00e8 a pezzi e i suoi amici d'infanzia stanno per fare una brutta fine. Al suo ritorno la polizia lo incastra per omicidio, costringendolo ad affrontare un viaggio attraverso tutto lo stato di San Andreas per salvare la sua famiglia e prendere il controllo della citt\u00e0 nel nuovo capitolo della serie che ha cambiato le regole del gioco.<\/span><\/p>\n<p><span style=\"font-size: 14pt; color: #000000;\">Sviluppati da Rockstar Games, adattati da Grove Street Games.<\/span><\/p>\n","protected":false},"excerpt":{"rendered":"<h5 class=\"provider-info__text\"><span class=\"provider-info__list-item\">Pubblicato 11\/11\/2021<\/span><span class=\"provider-info__list-item\">\u00a0| Dimens. file: 00.00 GB<\/span><\/h5>\n<h3><span style=\"font-family: georgia, palatino, serif;\"><span style=\"color: #df1d1d;\">\u23f0 Noleggio per 20 giorni:<\/span><\/span><span style=\"color: #df1d1d;\">\u00a0<span style=\"font-size: 10pt; color: #333333;\">p<\/span><\/span><span style=\"font-family: georgia, palatino, serif; font-size: 10pt; color: #333333;\">ossibilita di giocare dal vostro account personale o sull account fornito (primario o secondario).<\/span><\/h3>\n<h3><span style=\"font-size: 10pt; color: #333333;\">Il gioco in noleggio \u00e8 uno dei modi pi\u00f9 economici e convenienti per ottenere un gioco.\u00a0<\/span><span style=\"font-size: 10pt; color: #333333;\">Puoi anche estendere il periodo se non sei riuscito a finire il gioco.<\/span><\/h3>\n","protected":false},"featured_media":10973,"comment_status":"open","ping_status":"closed","template":"","meta":[],"product_cat":[122,142],"product_tag":[75],"class_list":{"0":"post-10972","1":"product","2":"type-product","3":"status-publish","4":"has-post-thumbnail","6":"product_cat-giochi-ps4-in-noleggio","7":"product_cat-giochi-ps5-in-noleggio","8":"product_tag-azione","10":"first","11":"instock","12":"downloadable","13":"virtual","14":"purchasable","15":"product-type-simple"},"yoast_head":"<!-- This site is optimized with the Yoast SEO plugin v23.9 - https:\/\/yoast.com\/wordpress\/plugins\/seo\/ -->\n<title>Grand Theft Auto: The Trilogy \u2013 The Definitive Edition [Secondario] - Giochi Digitali PS4 e PS5<\/title>\n<meta name=\"description\" content=\"Tre citt\u00e0 iconiche, tre storie epiche. Gioca ai classici della trilogia originale di Grand Theft Auto che hanno definito un genere: Grand Theft Auto III, Grand Theft Auto: Vice City e Grand Theft Auto: San Andreas.\" \/>\n<meta name=\"robots\" content=\"index, follow, max-snippet:-1, max-image-preview:large, max-video-preview:-1\" \/>\n<link rel=\"canonical\" href=\"https:\/\/www.psngiochi.space\/it\/product\/grand-theft-auto-the-trilogy-the-definitive-edition\/\" \/>\n<meta property=\"og:locale\" content=\"it_IT\" \/>\n<meta property=\"og:type\" content=\"article\" \/>\n<meta property=\"og:title\" content=\"Grand Theft Auto: The Trilogy \u2013 The Definitive Edition [Secondario] - Giochi Digitali PS4 e PS5\" \/>\n<meta property=\"og:description\" content=\"Tre citt\u00e0 iconiche, tre storie epiche. Gioca ai classici della trilogia originale di Grand Theft Auto che hanno definito un genere: Grand Theft Auto III, Grand Theft Auto: Vice City e Grand Theft Auto: San Andreas.\" \/>\n<meta property=\"og:url\" content=\"https:\/\/www.psngiochi.space\/it\/product\/grand-theft-auto-the-trilogy-the-definitive-edition\/\" \/>\n<meta property=\"og:site_name\" content=\"Giochi Digitali PS4 e PS5\" \/>\n<meta property=\"article:modified_time\" content=\"2024-03-03T11:01:53+00:00\" \/>\n<meta property=\"og:image\" content=\"https:\/\/www.psngiochi.space\/wp-content\/uploads\/2021\/11\/grand-theft-auto-the-trilogy-the-definitive-edition-psngiochispace-giochi-digitali-ps4-ps5-digital-games-ps4-ps5-cifrovye-igry-ps4-ps5.jpg\" \/>\n\t<meta property=\"og:image:width\" content=\"803\" \/>\n\t<meta property=\"og:image:height\" content=\"1000\" \/>\n\t<meta property=\"og:image:type\" content=\"image\/jpeg\" \/>\n<meta name=\"twitter:card\" content=\"summary_large_image\" \/>\n<meta name=\"twitter:label1\" content=\"Tempo di lettura stimato\" \/>\n\t<meta name=\"twitter:data1\" content=\"2 minuti\" \/>\n<script type=\"application\/ld+json\" class=\"yoast-schema-graph\">{\"@context\":\"https:\/\/schema.org\",\"@graph\":[{\"@type\":\"WebPage\",\"@id\":\"https:\/\/www.psngiochi.space\/it\/product\/grand-theft-auto-the-trilogy-the-definitive-edition\/\",\"url\":\"https:\/\/www.psngiochi.space\/it\/product\/grand-theft-auto-the-trilogy-the-definitive-edition\/\",\"name\":\"Grand Theft Auto: The Trilogy \u2013 The Definitive Edition [Secondario] - Giochi Digitali PS4 e PS5\",\"isPartOf\":{\"@id\":\"https:\/\/www.psngiochi.space\/en\/#website\"},\"primaryImageOfPage\":{\"@id\":\"https:\/\/www.psngiochi.space\/it\/product\/grand-theft-auto-the-trilogy-the-definitive-edition\/#primaryimage\"},\"image\":{\"@id\":\"https:\/\/www.psngiochi.space\/it\/product\/grand-theft-auto-the-trilogy-the-definitive-edition\/#primaryimage\"},\"thumbnailUrl\":\"https:\/\/www.psngiochi.space\/wp-content\/uploads\/2021\/11\/grand-theft-auto-the-trilogy-the-definitive-edition-psngiochispace-giochi-digitali-ps4-ps5-digital-games-ps4-ps5-cifrovye-igry-ps4-ps5.jpg\",\"datePublished\":\"2021-11-09T19:32:44+00:00\",\"dateModified\":\"2024-03-03T11:01:53+00:00\",\"description\":\"Tre citt\u00e0 iconiche, tre storie epiche. Gioca ai classici della trilogia originale di Grand Theft Auto che hanno definito un genere: Grand Theft Auto III, Grand Theft Auto: Vice City e Grand Theft Auto: San Andreas.\",\"breadcrumb\":{\"@id\":\"https:\/\/www.psngiochi.space\/it\/product\/grand-theft-auto-the-trilogy-the-definitive-edition\/#breadcrumb\"},\"inLanguage\":\"it-IT\",\"potentialAction\":[{\"@type\":\"ReadAction\",\"target\":[\"https:\/\/www.psngiochi.space\/it\/product\/grand-theft-auto-the-trilogy-the-definitive-edition\/\"]}]},{\"@type\":\"ImageObject\",\"inLanguage\":\"it-IT\",\"@id\":\"https:\/\/www.psngiochi.space\/it\/product\/grand-theft-auto-the-trilogy-the-definitive-edition\/#primaryimage\",\"url\":\"https:\/\/www.psngiochi.space\/wp-content\/uploads\/2021\/11\/grand-theft-auto-the-trilogy-the-definitive-edition-psngiochispace-giochi-digitali-ps4-ps5-digital-games-ps4-ps5-cifrovye-igry-ps4-ps5.jpg\",\"contentUrl\":\"https:\/\/www.psngiochi.space\/wp-content\/uploads\/2021\/11\/grand-theft-auto-the-trilogy-the-definitive-edition-psngiochispace-giochi-digitali-ps4-ps5-digital-games-ps4-ps5-cifrovye-igry-ps4-ps5.jpg\",\"width\":803,\"height\":1000},{\"@type\":\"BreadcrumbList\",\"@id\":\"https:\/\/www.psngiochi.space\/it\/product\/grand-theft-auto-the-trilogy-the-definitive-edition\/#breadcrumb\",\"itemListElement\":[{\"@type\":\"ListItem\",\"position\":1,\"name\":\"Home\",\"item\":\"https:\/\/www.psngiochi.space\/en\/\"},{\"@type\":\"ListItem\",\"position\":2,\"name\":\"Negozio\",\"item\":\"https:\/\/www.psngiochi.space\/en\/negozio\/\"},{\"@type\":\"ListItem\",\"position\":3,\"name\":\"Grand Theft Auto: The Trilogy \u2013 The Definitive Edition [Secondario]\"}]},{\"@type\":\"WebSite\",\"@id\":\"https:\/\/www.psngiochi.space\/en\/#website\",\"url\":\"https:\/\/www.psngiochi.space\/en\/\",\"name\":\"Giochi Digitali PS4 e PS5\",\"description\":\"Noleggio di giochi, vendita di accounts\",\"potentialAction\":[{\"@type\":\"SearchAction\",\"target\":{\"@type\":\"EntryPoint\",\"urlTemplate\":\"https:\/\/www.psngiochi.space\/en\/?s={search_term_string}\"},\"query-input\":{\"@type\":\"PropertyValueSpecification\",\"valueRequired\":true,\"valueName\":\"search_term_string\"}}],\"inLanguage\":\"it-IT\"}]}<\/script>\n<!-- \/ Yoast SEO plugin. -->","yoast_head_json":{"title":"Grand Theft Auto: The Trilogy \u2013 The Definitive Edition [Secondario] - Giochi Digitali PS4 e PS5","description":"Tre citt\u00e0 iconiche, tre storie epiche. Gioca ai classici della trilogia originale di Grand Theft Auto che hanno definito un genere: Grand Theft Auto III, Grand Theft Auto: Vice City e Grand Theft Auto: San Andreas.","robots":{"index":"index","follow":"follow","max-snippet":"max-snippet:-1","max-image-preview":"max-image-preview:large","max-video-preview":"max-video-preview:-1"},"canonical":"https:\/\/www.psngiochi.space\/it\/product\/grand-theft-auto-the-trilogy-the-definitive-edition\/","og_locale":"it_IT","og_type":"article","og_title":"Grand Theft Auto: The Trilogy \u2013 The Definitive Edition [Secondario] - Giochi Digitali PS4 e PS5","og_description":"Tre citt\u00e0 iconiche, tre storie epiche. Gioca ai classici della trilogia originale di Grand Theft Auto che hanno definito un genere: Grand Theft Auto III, Grand Theft Auto: Vice City e Grand Theft Auto: San Andreas.","og_url":"https:\/\/www.psngiochi.space\/it\/product\/grand-theft-auto-the-trilogy-the-definitive-edition\/","og_site_name":"Giochi Digitali PS4 e PS5","article_modified_time":"2024-03-03T11:01:53+00:00","og_image":[{"width":803,"height":1000,"url":"https:\/\/www.psngiochi.space\/wp-content\/uploads\/2021\/11\/grand-theft-auto-the-trilogy-the-definitive-edition-psngiochispace-giochi-digitali-ps4-ps5-digital-games-ps4-ps5-cifrovye-igry-ps4-ps5.jpg","type":"image\/jpeg"}],"twitter_card":"summary_large_image","twitter_misc":{"Tempo di lettura stimato":"2 minuti"},"schema":{"@context":"https:\/\/schema.org","@graph":[{"@type":"WebPage","@id":"https:\/\/www.psngiochi.space\/it\/product\/grand-theft-auto-the-trilogy-the-definitive-edition\/","url":"https:\/\/www.psngiochi.space\/it\/product\/grand-theft-auto-the-trilogy-the-definitive-edition\/","name":"Grand Theft Auto: The Trilogy \u2013 The Definitive Edition [Secondario] - Giochi Digitali PS4 e PS5","isPartOf":{"@id":"https:\/\/www.psngiochi.space\/en\/#website"},"primaryImageOfPage":{"@id":"https:\/\/www.psngiochi.space\/it\/product\/grand-theft-auto-the-trilogy-the-definitive-edition\/#primaryimage"},"image":{"@id":"https:\/\/www.psngiochi.space\/it\/product\/grand-theft-auto-the-trilogy-the-definitive-edition\/#primaryimage"},"thumbnailUrl":"https:\/\/www.psngiochi.space\/wp-content\/uploads\/2021\/11\/grand-theft-auto-the-trilogy-the-definitive-edition-psngiochispace-giochi-digitali-ps4-ps5-digital-games-ps4-ps5-cifrovye-igry-ps4-ps5.jpg","datePublished":"2021-11-09T19:32:44+00:00","dateModified":"2024-03-03T11:01:53+00:00","description":"Tre citt\u00e0 iconiche, tre storie epiche. Gioca ai classici della trilogia originale di Grand Theft Auto che hanno definito un genere: Grand Theft Auto III, Grand Theft Auto: Vice City e Grand Theft Auto: San Andreas.","breadcrumb":{"@id":"https:\/\/www.psngiochi.space\/it\/product\/grand-theft-auto-the-trilogy-the-definitive-edition\/#breadcrumb"},"inLanguage":"it-IT","potentialAction":[{"@type":"ReadAction","target":["https:\/\/www.psngiochi.space\/it\/product\/grand-theft-auto-the-trilogy-the-definitive-edition\/"]}]},{"@type":"ImageObject","inLanguage":"it-IT","@id":"https:\/\/www.psngiochi.space\/it\/product\/grand-theft-auto-the-trilogy-the-definitive-edition\/#primaryimage","url":"https:\/\/www.psngiochi.space\/wp-content\/uploads\/2021\/11\/grand-theft-auto-the-trilogy-the-definitive-edition-psngiochispace-giochi-digitali-ps4-ps5-digital-games-ps4-ps5-cifrovye-igry-ps4-ps5.jpg","contentUrl":"https:\/\/www.psngiochi.space\/wp-content\/uploads\/2021\/11\/grand-theft-auto-the-trilogy-the-definitive-edition-psngiochispace-giochi-digitali-ps4-ps5-digital-games-ps4-ps5-cifrovye-igry-ps4-ps5.jpg","width":803,"height":1000},{"@type":"BreadcrumbList","@id":"https:\/\/www.psngiochi.space\/it\/product\/grand-theft-auto-the-trilogy-the-definitive-edition\/#breadcrumb","itemListElement":[{"@type":"ListItem","position":1,"name":"Home","item":"https:\/\/www.psngiochi.space\/en\/"},{"@type":"ListItem","position":2,"name":"Negozio","item":"https:\/\/www.psngiochi.space\/en\/negozio\/"},{"@type":"ListItem","position":3,"name":"Grand Theft Auto: The Trilogy \u2013 The Definitive Edition [Secondario]"}]},{"@type":"WebSite","@id":"https:\/\/www.psngiochi.space\/en\/#website","url":"https:\/\/www.psngiochi.space\/en\/","name":"Giochi Digitali PS4 e PS5","description":"Noleggio di giochi, vendita di accounts","potentialAction":[{"@type":"SearchAction","target":{"@type":"EntryPoint","urlTemplate":"https:\/\/www.psngiochi.space\/en\/?s={search_term_string}"},"query-input":{"@type":"PropertyValueSpecification","valueRequired":true,"valueName":"search_term_string"}}],"inLanguage":"it-IT"}]}},"_links":{"self":[{"href":"https:\/\/www.psngiochi.space\/it\/wp-json\/wp\/v2\/product\/10972","targetHints":{"allow":["GET"]}}],"collection":[{"href":"https:\/\/www.psngiochi.space\/it\/wp-json\/wp\/v2\/product"}],"about":[{"href":"https:\/\/www.psngiochi.space\/it\/wp-json\/wp\/v2\/types\/product"}],"replies":[{"embeddable":true,"href":"https:\/\/www.psngiochi.space\/it\/wp-json\/wp\/v2\/comments?post=10972"}],"wp:featuredmedia":[{"embeddable":true,"href":"https:\/\/www.psngiochi.space\/it\/wp-json\/wp\/v2\/media\/10973"}],"wp:attachment":[{"href":"https:\/\/www.psngiochi.space\/it\/wp-json\/wp\/v2\/media?parent=10972"}],"wp:term":[{"taxonomy":"product_cat","embeddable":true,"href":"https:\/\/www.psngiochi.space\/it\/wp-json\/wp\/v2\/product_cat?post=10972"},{"taxonomy":"product_tag","embeddable":true,"href":"https:\/\/www.psngiochi.space\/it\/wp-json\/wp\/v2\/product_tag?post=10972"}],"curies":[{"name":"wp","href":"https:\/\/api.w.org\/{rel}","templated":true}]}}