{"id":10594,"date":"2021-06-20T08:45:34","date_gmt":"2021-06-20T06:45:34","guid":{"rendered":"http:\/\/www.psngiochi.space\/?post_type=product&#038;p=10594"},"modified":"2023-01-21T17:55:55","modified_gmt":"2023-01-21T16:55:55","slug":"marvels-guardians-of-the-galaxy","status":"publish","type":"product","link":"https:\/\/www.psngiochi.space\/it\/product\/marvels-guardians-of-the-galaxy\/","title":{"rendered":"Marvel&#8217;s Guardians of the Galaxy [Secondario]"},"content":{"rendered":"<p><span style=\"font-size: 14pt; color: #df1d1d;\">+ GIOCO BONUS \"Styx: Master of Shadows\"<\/span><\/p>\n<p><span style=\"font-size: 14pt; color: #000000;\">Parti per una folle corsa nel cosmo con una nuova avventura di Marvel\u2019s Guardians of the Galaxy. In questo gioco d'azione in terza persona vestirai i panni di Star-Lord che, grazie a una capacit\u00e0 di comando sfrontata ma discutibile, raccoglie intorno a s\u00e9 uno strambo equipaggio di improbabili eroi. Un idiota (non tu, \u00e8 ovvio) ha messo in moto una serie di eventi catastrofici e solo tu puoi coordinare gli imprevedibili Guardiani abbastanza a lungo da scongiurare un collasso interplanetario. Tra pistole elementali, attacchi di gruppo e calci acrobatici con gli stivali-razzo, tutto \u00e8 permesso. Se credi che andr\u00e0 tutto secondo i piani... preparati ad affrontare molte sorprese, perch\u00e9 ogni tua azione avr\u00e0 conseguenze concrete sul destino dei Guardiani. In questa storia originale di Marvel\u2019s Guardians of the Galaxy incontrerai nuove creature incredibilmente potenti e rivisitazioni inedite di personaggi iconici, in un'enorme battaglia per il destino della galassia. \u00c8 ora di mostrare all'universo cosa sei in grado di fare. Puoi farcela. Forse.<\/span><\/p>\n","protected":false},"excerpt":{"rendered":"<h5 class=\"provider-info__text\"><span class=\"provider-info__list-item\">Pubblicato 26\/10\/2021<\/span><span class=\"provider-info__list-item\">\u00a0| Dimens. file: 00.00 GB<\/span><\/h5>\n<h3><span style=\"font-family: georgia, palatino, serif;\"><span style=\"color: #df1d1d;\">\u23f0 Noleggio per 15 giorni:<\/span><\/span><span style=\"color: #df1d1d;\">\u00a0<span style=\"font-size: 10pt; color: #333333;\">p<\/span><\/span><span style=\"font-family: georgia, palatino, serif; font-size: 10pt; color: #333333;\">ossibilita di giocare dal vostro account personale o sull account fornito (primario o secondario).<\/span><\/h3>\n<h3><span style=\"font-size: 10pt; color: #333333;\">Il gioco in noleggio \u00e8 uno dei modi pi\u00f9 economici e convenienti per ottenere un gioco.\u00a0<\/span><span style=\"font-size: 10pt; color: #333333;\">Puoi anche estendere il periodo se non sei riuscito a finire il gioco.<\/span><\/h3>\n","protected":false},"featured_media":10595,"comment_status":"open","ping_status":"closed","template":"","meta":[],"product_cat":[122,142],"product_tag":[75],"class_list":{"0":"post-10594","1":"product","2":"type-product","3":"status-publish","4":"has-post-thumbnail","6":"product_cat-giochi-ps4-in-noleggio","7":"product_cat-giochi-ps5-in-noleggio","8":"product_tag-azione","10":"first","11":"instock","12":"downloadable","13":"virtual","14":"purchasable","15":"product-type-simple"},"yoast_head":"<!-- This site is optimized with the Yoast SEO plugin v23.9 - https:\/\/yoast.com\/wordpress\/plugins\/seo\/ -->\n<title>Marvel&#039;s Guardians of the Galaxy [Secondario] - Giochi Digitali PS4 e PS5<\/title>\n<meta name=\"description\" content=\"Parti per una folle corsa nel cosmo con una nuova avventura di Marvel\u2019s Guardians of the Galaxy.\" \/>\n<meta name=\"robots\" content=\"index, follow, max-snippet:-1, max-image-preview:large, max-video-preview:-1\" \/>\n<link rel=\"canonical\" href=\"https:\/\/www.psngiochi.space\/it\/product\/marvels-guardians-of-the-galaxy\/\" \/>\n<meta property=\"og:locale\" content=\"it_IT\" \/>\n<meta property=\"og:type\" content=\"article\" \/>\n<meta property=\"og:title\" content=\"Marvel&#039;s Guardians of the Galaxy [Secondario] - Giochi Digitali PS4 e PS5\" \/>\n<meta property=\"og:description\" content=\"Parti per una folle corsa nel cosmo con una nuova avventura di Marvel\u2019s Guardians of the Galaxy.\" \/>\n<meta property=\"og:url\" content=\"https:\/\/www.psngiochi.space\/it\/product\/marvels-guardians-of-the-galaxy\/\" \/>\n<meta property=\"og:site_name\" content=\"Giochi Digitali PS4 e PS5\" \/>\n<meta property=\"article:modified_time\" content=\"2023-01-21T16:55:55+00:00\" \/>\n<meta property=\"og:image\" content=\"https:\/\/www.psngiochi.space\/wp-content\/uploads\/2021\/06\/marvels-guardians-of-the-galaxy-psngiochispace-giochi-digitali-ps4-ps5-digital-games-ps4-ps5-cifrovye-igry-ps4-ps5.jpg\" \/>\n\t<meta property=\"og:image:width\" content=\"803\" \/>\n\t<meta property=\"og:image:height\" content=\"1000\" \/>\n\t<meta property=\"og:image:type\" content=\"image\/jpeg\" \/>\n<meta name=\"twitter:card\" content=\"summary_large_image\" \/>\n<meta name=\"twitter:label1\" content=\"Tempo di lettura stimato\" \/>\n\t<meta name=\"twitter:data1\" content=\"1 minuto\" \/>\n<script type=\"application\/ld+json\" class=\"yoast-schema-graph\">{\"@context\":\"https:\/\/schema.org\",\"@graph\":[{\"@type\":\"WebPage\",\"@id\":\"https:\/\/www.psngiochi.space\/en\/product\/marvels-guardians-of-the-galaxy\/\",\"url\":\"https:\/\/www.psngiochi.space\/en\/product\/marvels-guardians-of-the-galaxy\/\",\"name\":\"Marvel's Guardians of the Galaxy [Secondario] - Giochi Digitali PS4 e PS5\",\"isPartOf\":{\"@id\":\"https:\/\/www.psngiochi.space\/en\/#website\"},\"primaryImageOfPage\":{\"@id\":\"https:\/\/www.psngiochi.space\/en\/product\/marvels-guardians-of-the-galaxy\/#primaryimage\"},\"image\":{\"@id\":\"https:\/\/www.psngiochi.space\/en\/product\/marvels-guardians-of-the-galaxy\/#primaryimage\"},\"thumbnailUrl\":\"https:\/\/www.psngiochi.space\/wp-content\/uploads\/2021\/06\/marvels-guardians-of-the-galaxy-psngiochispace-giochi-digitali-ps4-ps5-digital-games-ps4-ps5-cifrovye-igry-ps4-ps5.jpg\",\"datePublished\":\"2021-06-20T06:45:34+00:00\",\"dateModified\":\"2023-01-21T16:55:55+00:00\",\"description\":\"Parti per una folle corsa nel cosmo con una nuova avventura di Marvel\u2019s Guardians of the Galaxy.\",\"breadcrumb\":{\"@id\":\"https:\/\/www.psngiochi.space\/en\/product\/marvels-guardians-of-the-galaxy\/#breadcrumb\"},\"inLanguage\":\"it-IT\",\"potentialAction\":[{\"@type\":\"ReadAction\",\"target\":[\"https:\/\/www.psngiochi.space\/en\/product\/marvels-guardians-of-the-galaxy\/\"]}]},{\"@type\":\"ImageObject\",\"inLanguage\":\"it-IT\",\"@id\":\"https:\/\/www.psngiochi.space\/en\/product\/marvels-guardians-of-the-galaxy\/#primaryimage\",\"url\":\"https:\/\/www.psngiochi.space\/wp-content\/uploads\/2021\/06\/marvels-guardians-of-the-galaxy-psngiochispace-giochi-digitali-ps4-ps5-digital-games-ps4-ps5-cifrovye-igry-ps4-ps5.jpg\",\"contentUrl\":\"https:\/\/www.psngiochi.space\/wp-content\/uploads\/2021\/06\/marvels-guardians-of-the-galaxy-psngiochispace-giochi-digitali-ps4-ps5-digital-games-ps4-ps5-cifrovye-igry-ps4-ps5.jpg\",\"width\":803,\"height\":1000},{\"@type\":\"BreadcrumbList\",\"@id\":\"https:\/\/www.psngiochi.space\/en\/product\/marvels-guardians-of-the-galaxy\/#breadcrumb\",\"itemListElement\":[{\"@type\":\"ListItem\",\"position\":1,\"name\":\"Home\",\"item\":\"https:\/\/www.psngiochi.space\/en\/\"},{\"@type\":\"ListItem\",\"position\":2,\"name\":\"Negozio\",\"item\":\"https:\/\/www.psngiochi.space\/en\/negozio\/\"},{\"@type\":\"ListItem\",\"position\":3,\"name\":\"Marvel&#8217;s Guardians of the Galaxy [Secondario]\"}]},{\"@type\":\"WebSite\",\"@id\":\"https:\/\/www.psngiochi.space\/en\/#website\",\"url\":\"https:\/\/www.psngiochi.space\/en\/\",\"name\":\"Giochi Digitali PS4 e PS5\",\"description\":\"Noleggio di giochi, vendita di accounts\",\"potentialAction\":[{\"@type\":\"SearchAction\",\"target\":{\"@type\":\"EntryPoint\",\"urlTemplate\":\"https:\/\/www.psngiochi.space\/en\/?s={search_term_string}\"},\"query-input\":{\"@type\":\"PropertyValueSpecification\",\"valueRequired\":true,\"valueName\":\"search_term_string\"}}],\"inLanguage\":\"it-IT\"}]}<\/script>\n<!-- \/ Yoast SEO plugin. -->","yoast_head_json":{"title":"Marvel's Guardians of the Galaxy [Secondario] - Giochi Digitali PS4 e PS5","description":"Parti per una folle corsa nel cosmo con una nuova avventura di Marvel\u2019s Guardians of the Galaxy.","robots":{"index":"index","follow":"follow","max-snippet":"max-snippet:-1","max-image-preview":"max-image-preview:large","max-video-preview":"max-video-preview:-1"},"canonical":"https:\/\/www.psngiochi.space\/it\/product\/marvels-guardians-of-the-galaxy\/","og_locale":"it_IT","og_type":"article","og_title":"Marvel's Guardians of the Galaxy [Secondario] - Giochi Digitali PS4 e PS5","og_description":"Parti per una folle corsa nel cosmo con una nuova avventura di Marvel\u2019s Guardians of the Galaxy.","og_url":"https:\/\/www.psngiochi.space\/it\/product\/marvels-guardians-of-the-galaxy\/","og_site_name":"Giochi Digitali PS4 e PS5","article_modified_time":"2023-01-21T16:55:55+00:00","og_image":[{"width":803,"height":1000,"url":"https:\/\/www.psngiochi.space\/wp-content\/uploads\/2021\/06\/marvels-guardians-of-the-galaxy-psngiochispace-giochi-digitali-ps4-ps5-digital-games-ps4-ps5-cifrovye-igry-ps4-ps5.jpg","type":"image\/jpeg"}],"twitter_card":"summary_large_image","twitter_misc":{"Tempo di lettura stimato":"1 minuto"},"schema":{"@context":"https:\/\/schema.org","@graph":[{"@type":"WebPage","@id":"https:\/\/www.psngiochi.space\/en\/product\/marvels-guardians-of-the-galaxy\/","url":"https:\/\/www.psngiochi.space\/en\/product\/marvels-guardians-of-the-galaxy\/","name":"Marvel's Guardians of the Galaxy [Secondario] - Giochi Digitali PS4 e PS5","isPartOf":{"@id":"https:\/\/www.psngiochi.space\/en\/#website"},"primaryImageOfPage":{"@id":"https:\/\/www.psngiochi.space\/en\/product\/marvels-guardians-of-the-galaxy\/#primaryimage"},"image":{"@id":"https:\/\/www.psngiochi.space\/en\/product\/marvels-guardians-of-the-galaxy\/#primaryimage"},"thumbnailUrl":"https:\/\/www.psngiochi.space\/wp-content\/uploads\/2021\/06\/marvels-guardians-of-the-galaxy-psngiochispace-giochi-digitali-ps4-ps5-digital-games-ps4-ps5-cifrovye-igry-ps4-ps5.jpg","datePublished":"2021-06-20T06:45:34+00:00","dateModified":"2023-01-21T16:55:55+00:00","description":"Parti per una folle corsa nel cosmo con una nuova avventura di Marvel\u2019s Guardians of the Galaxy.","breadcrumb":{"@id":"https:\/\/www.psngiochi.space\/en\/product\/marvels-guardians-of-the-galaxy\/#breadcrumb"},"inLanguage":"it-IT","potentialAction":[{"@type":"ReadAction","target":["https:\/\/www.psngiochi.space\/en\/product\/marvels-guardians-of-the-galaxy\/"]}]},{"@type":"ImageObject","inLanguage":"it-IT","@id":"https:\/\/www.psngiochi.space\/en\/product\/marvels-guardians-of-the-galaxy\/#primaryimage","url":"https:\/\/www.psngiochi.space\/wp-content\/uploads\/2021\/06\/marvels-guardians-of-the-galaxy-psngiochispace-giochi-digitali-ps4-ps5-digital-games-ps4-ps5-cifrovye-igry-ps4-ps5.jpg","contentUrl":"https:\/\/www.psngiochi.space\/wp-content\/uploads\/2021\/06\/marvels-guardians-of-the-galaxy-psngiochispace-giochi-digitali-ps4-ps5-digital-games-ps4-ps5-cifrovye-igry-ps4-ps5.jpg","width":803,"height":1000},{"@type":"BreadcrumbList","@id":"https:\/\/www.psngiochi.space\/en\/product\/marvels-guardians-of-the-galaxy\/#breadcrumb","itemListElement":[{"@type":"ListItem","position":1,"name":"Home","item":"https:\/\/www.psngiochi.space\/en\/"},{"@type":"ListItem","position":2,"name":"Negozio","item":"https:\/\/www.psngiochi.space\/en\/negozio\/"},{"@type":"ListItem","position":3,"name":"Marvel&#8217;s Guardians of the Galaxy [Secondario]"}]},{"@type":"WebSite","@id":"https:\/\/www.psngiochi.space\/en\/#website","url":"https:\/\/www.psngiochi.space\/en\/","name":"Giochi Digitali PS4 e PS5","description":"Noleggio di giochi, vendita di accounts","potentialAction":[{"@type":"SearchAction","target":{"@type":"EntryPoint","urlTemplate":"https:\/\/www.psngiochi.space\/en\/?s={search_term_string}"},"query-input":{"@type":"PropertyValueSpecification","valueRequired":true,"valueName":"search_term_string"}}],"inLanguage":"it-IT"}]}},"_links":{"self":[{"href":"https:\/\/www.psngiochi.space\/it\/wp-json\/wp\/v2\/product\/10594","targetHints":{"allow":["GET"]}}],"collection":[{"href":"https:\/\/www.psngiochi.space\/it\/wp-json\/wp\/v2\/product"}],"about":[{"href":"https:\/\/www.psngiochi.space\/it\/wp-json\/wp\/v2\/types\/product"}],"replies":[{"embeddable":true,"href":"https:\/\/www.psngiochi.space\/it\/wp-json\/wp\/v2\/comments?post=10594"}],"wp:featuredmedia":[{"embeddable":true,"href":"https:\/\/www.psngiochi.space\/it\/wp-json\/wp\/v2\/media\/10595"}],"wp:attachment":[{"href":"https:\/\/www.psngiochi.space\/it\/wp-json\/wp\/v2\/media?parent=10594"}],"wp:term":[{"taxonomy":"product_cat","embeddable":true,"href":"https:\/\/www.psngiochi.space\/it\/wp-json\/wp\/v2\/product_cat?post=10594"},{"taxonomy":"product_tag","embeddable":true,"href":"https:\/\/www.psngiochi.space\/it\/wp-json\/wp\/v2\/product_tag?post=10594"}],"curies":[{"name":"wp","href":"https:\/\/api.w.org\/{rel}","templated":true}]}}