{"id":10257,"date":"2020-12-26T17:14:04","date_gmt":"2020-12-26T16:14:04","guid":{"rendered":"http:\/\/www.psngiochi.space\/?post_type=product&#038;p=10257"},"modified":"2025-08-12T21:37:20","modified_gmt":"2025-08-12T19:37:20","slug":"crash-bandicoot-4-its-about-time","status":"publish","type":"product","link":"https:\/\/www.psngiochi.space\/it\/product\/crash-bandicoot-4-its-about-time\/","title":{"rendered":"Crash Bandicoot 4: It\u2019s About Time [Secondario]"},"content":{"rendered":"<p><span style=\"font-size: 14pt; color: #000000;\">It's About Time - il nuovissimo gioco di Crash Bandicoot! Parti per un'avventura oltre i confini del tempo in compagnia dei tuoi marsupiali preferiti.<\/span><\/p>\n<p><span style=\"font-size: 14pt; color: #000000;\">Neo Cortex e N. Tropy sono tornati e questa volta non hanno preso di mira solo questo universo, ma l'intero multiverso! Crash e Coco dovranno rimettere al loro posto le quattro maschere quantiche e piegare le leggi della realt\u00e0 per salvare... gli universi!<\/span><\/p>\n<p><span style=\"font-size: 14pt; color: #000000;\">Nuove abilit\u00e0? Ci sono. Pi\u00f9 personaggi giocabili? Eccoli. Dimensioni alternative? Non potrebbero mancare. Boss improponibili? Sono gi\u00e0 pronti. La solita, incredibile impertinenza? Ci puoi scommettere le mutande. Un secondo, sono davvero mutande? Non in questo universo!<\/span><\/p>\n<p><strong><span style=\"font-size: 14pt; color: #000000;\">Audio: <\/span><\/strong><span style=\"font-size: 14pt; color: #000000;\">francese, inglese, italiano, spagnolo, tedesco<\/span><\/p>\n<p><strong><span style=\"font-size: 14pt; color: #000000;\">Sottotitoli: <\/span><\/strong><span style=\"font-size: 14pt; color: #000000;\">francese, inglese, italiano, polacco, russo, spagnolo, tedesco<\/span><\/p>\n","protected":false},"excerpt":{"rendered":"<h5 class=\"provider-info__text\"><span class=\"provider-info__list-item\">Pubblicato 1\/10\/2020 <\/span><span class=\"provider-info__list-item\">| Dimens. file: 45.32 GB<\/span><\/h5>\n<h3><span style=\"font-family: georgia, palatino, serif;\"><span style=\"color: #df1d1d;\">\u23f0\u00a0Noleggio per 15 giorni:<\/span><\/span><span style=\"color: #df1d1d;\">\u00a0<span style=\"font-size: 10pt; color: #333333;\">p<\/span><\/span><span style=\"font-family: georgia, palatino, serif; font-size: 10pt; color: #333333;\">ossibilita di giocare dal vostro account personale o sull account fornito (primario o secondario).<\/span><\/h3>\n<h3><span style=\"font-size: 10pt; color: #333333;\">Il gioco in noleggio \u00e8 uno dei modi pi\u00f9 economici e convenienti per ottenere un gioco.\u00a0<\/span><span style=\"font-size: 10pt; color: #333333;\">Puoi anche estendere il periodo se non sei riuscito a finire il gioco.<\/span><\/h3>\n","protected":false},"featured_media":10258,"comment_status":"open","ping_status":"closed","template":"","meta":[],"product_cat":[122],"product_tag":[75],"class_list":{"0":"post-10257","1":"product","2":"type-product","3":"status-publish","4":"has-post-thumbnail","6":"product_cat-giochi-ps4-in-noleggio","7":"product_tag-azione","9":"first","10":"outofstock","11":"downloadable","12":"virtual","13":"purchasable","14":"product-type-simple"},"yoast_head":"<!-- This site is optimized with the Yoast SEO plugin v23.9 - https:\/\/yoast.com\/wordpress\/plugins\/seo\/ -->\n<title>Crash Bandicoot 4: It\u2019s About Time [Secondario] - Giochi Digitali PS4 e PS5<\/title>\n<meta name=\"description\" content=\"It&#039;s About Time - il nuovissimo gioco di Crash Bandicoot! Parti per un&#039;avventura oltre i confini del tempo in compagnia dei tuoi marsupiali preferiti.\" \/>\n<meta name=\"robots\" content=\"index, follow, max-snippet:-1, max-image-preview:large, max-video-preview:-1\" \/>\n<link rel=\"canonical\" href=\"https:\/\/www.psngiochi.space\/it\/product\/crash-bandicoot-4-its-about-time\/\" \/>\n<meta property=\"og:locale\" content=\"it_IT\" \/>\n<meta property=\"og:type\" content=\"article\" \/>\n<meta property=\"og:title\" content=\"Crash Bandicoot 4: It\u2019s About Time [Secondario] - Giochi Digitali PS4 e PS5\" \/>\n<meta property=\"og:description\" content=\"It&#039;s About Time - il nuovissimo gioco di Crash Bandicoot! Parti per un&#039;avventura oltre i confini del tempo in compagnia dei tuoi marsupiali preferiti.\" \/>\n<meta property=\"og:url\" content=\"https:\/\/www.psngiochi.space\/it\/product\/crash-bandicoot-4-its-about-time\/\" \/>\n<meta property=\"og:site_name\" content=\"Giochi Digitali PS4 e PS5\" \/>\n<meta property=\"article:modified_time\" content=\"2025-08-12T19:37:20+00:00\" \/>\n<meta property=\"og:image\" content=\"https:\/\/www.psngiochi.space\/wp-content\/uploads\/2020\/12\/crash-bandicoot-4-its-about-time-psngiochispace-giochi-digitali-ps4-digital-games-ps4-cifrovye-igry-ps4.jpg\" \/>\n\t<meta property=\"og:image:width\" content=\"803\" \/>\n\t<meta property=\"og:image:height\" content=\"1000\" \/>\n\t<meta property=\"og:image:type\" content=\"image\/jpeg\" \/>\n<meta name=\"twitter:card\" content=\"summary_large_image\" \/>\n<meta name=\"twitter:label1\" content=\"Tempo di lettura stimato\" \/>\n\t<meta name=\"twitter:data1\" content=\"1 minuto\" \/>\n<script type=\"application\/ld+json\" class=\"yoast-schema-graph\">{\"@context\":\"https:\/\/schema.org\",\"@graph\":[{\"@type\":\"WebPage\",\"@id\":\"https:\/\/www.psngiochi.space\/it\/product\/crash-bandicoot-4-its-about-time\/\",\"url\":\"https:\/\/www.psngiochi.space\/it\/product\/crash-bandicoot-4-its-about-time\/\",\"name\":\"Crash Bandicoot 4: It\u2019s About Time [Secondario] - Giochi Digitali PS4 e PS5\",\"isPartOf\":{\"@id\":\"https:\/\/www.psngiochi.space\/en\/#website\"},\"primaryImageOfPage\":{\"@id\":\"https:\/\/www.psngiochi.space\/it\/product\/crash-bandicoot-4-its-about-time\/#primaryimage\"},\"image\":{\"@id\":\"https:\/\/www.psngiochi.space\/it\/product\/crash-bandicoot-4-its-about-time\/#primaryimage\"},\"thumbnailUrl\":\"https:\/\/www.psngiochi.space\/wp-content\/uploads\/2020\/12\/crash-bandicoot-4-its-about-time-psngiochispace-giochi-digitali-ps4-digital-games-ps4-cifrovye-igry-ps4.jpg\",\"datePublished\":\"2020-12-26T16:14:04+00:00\",\"dateModified\":\"2025-08-12T19:37:20+00:00\",\"description\":\"It's About Time - il nuovissimo gioco di Crash Bandicoot! Parti per un'avventura oltre i confini del tempo in compagnia dei tuoi marsupiali preferiti.\",\"breadcrumb\":{\"@id\":\"https:\/\/www.psngiochi.space\/it\/product\/crash-bandicoot-4-its-about-time\/#breadcrumb\"},\"inLanguage\":\"it-IT\",\"potentialAction\":[{\"@type\":\"ReadAction\",\"target\":[\"https:\/\/www.psngiochi.space\/it\/product\/crash-bandicoot-4-its-about-time\/\"]}]},{\"@type\":\"ImageObject\",\"inLanguage\":\"it-IT\",\"@id\":\"https:\/\/www.psngiochi.space\/it\/product\/crash-bandicoot-4-its-about-time\/#primaryimage\",\"url\":\"https:\/\/www.psngiochi.space\/wp-content\/uploads\/2020\/12\/crash-bandicoot-4-its-about-time-psngiochispace-giochi-digitali-ps4-digital-games-ps4-cifrovye-igry-ps4.jpg\",\"contentUrl\":\"https:\/\/www.psngiochi.space\/wp-content\/uploads\/2020\/12\/crash-bandicoot-4-its-about-time-psngiochispace-giochi-digitali-ps4-digital-games-ps4-cifrovye-igry-ps4.jpg\",\"width\":803,\"height\":1000},{\"@type\":\"BreadcrumbList\",\"@id\":\"https:\/\/www.psngiochi.space\/it\/product\/crash-bandicoot-4-its-about-time\/#breadcrumb\",\"itemListElement\":[{\"@type\":\"ListItem\",\"position\":1,\"name\":\"Home\",\"item\":\"https:\/\/www.psngiochi.space\/en\/\"},{\"@type\":\"ListItem\",\"position\":2,\"name\":\"Negozio\",\"item\":\"https:\/\/www.psngiochi.space\/en\/negozio\/\"},{\"@type\":\"ListItem\",\"position\":3,\"name\":\"Crash Bandicoot 4: It\u2019s About Time [Secondario]\"}]},{\"@type\":\"WebSite\",\"@id\":\"https:\/\/www.psngiochi.space\/en\/#website\",\"url\":\"https:\/\/www.psngiochi.space\/en\/\",\"name\":\"Giochi Digitali PS4 e PS5\",\"description\":\"Noleggio di giochi, vendita di accounts\",\"potentialAction\":[{\"@type\":\"SearchAction\",\"target\":{\"@type\":\"EntryPoint\",\"urlTemplate\":\"https:\/\/www.psngiochi.space\/en\/?s={search_term_string}\"},\"query-input\":{\"@type\":\"PropertyValueSpecification\",\"valueRequired\":true,\"valueName\":\"search_term_string\"}}],\"inLanguage\":\"it-IT\"}]}<\/script>\n<!-- \/ Yoast SEO plugin. -->","yoast_head_json":{"title":"Crash Bandicoot 4: It\u2019s About Time [Secondario] - Giochi Digitali PS4 e PS5","description":"It's About Time - il nuovissimo gioco di Crash Bandicoot! Parti per un'avventura oltre i confini del tempo in compagnia dei tuoi marsupiali preferiti.","robots":{"index":"index","follow":"follow","max-snippet":"max-snippet:-1","max-image-preview":"max-image-preview:large","max-video-preview":"max-video-preview:-1"},"canonical":"https:\/\/www.psngiochi.space\/it\/product\/crash-bandicoot-4-its-about-time\/","og_locale":"it_IT","og_type":"article","og_title":"Crash Bandicoot 4: It\u2019s About Time [Secondario] - Giochi Digitali PS4 e PS5","og_description":"It's About Time - il nuovissimo gioco di Crash Bandicoot! Parti per un'avventura oltre i confini del tempo in compagnia dei tuoi marsupiali preferiti.","og_url":"https:\/\/www.psngiochi.space\/it\/product\/crash-bandicoot-4-its-about-time\/","og_site_name":"Giochi Digitali PS4 e PS5","article_modified_time":"2025-08-12T19:37:20+00:00","og_image":[{"width":803,"height":1000,"url":"https:\/\/www.psngiochi.space\/wp-content\/uploads\/2020\/12\/crash-bandicoot-4-its-about-time-psngiochispace-giochi-digitali-ps4-digital-games-ps4-cifrovye-igry-ps4.jpg","type":"image\/jpeg"}],"twitter_card":"summary_large_image","twitter_misc":{"Tempo di lettura stimato":"1 minuto"},"schema":{"@context":"https:\/\/schema.org","@graph":[{"@type":"WebPage","@id":"https:\/\/www.psngiochi.space\/it\/product\/crash-bandicoot-4-its-about-time\/","url":"https:\/\/www.psngiochi.space\/it\/product\/crash-bandicoot-4-its-about-time\/","name":"Crash Bandicoot 4: It\u2019s About Time [Secondario] - Giochi Digitali PS4 e PS5","isPartOf":{"@id":"https:\/\/www.psngiochi.space\/en\/#website"},"primaryImageOfPage":{"@id":"https:\/\/www.psngiochi.space\/it\/product\/crash-bandicoot-4-its-about-time\/#primaryimage"},"image":{"@id":"https:\/\/www.psngiochi.space\/it\/product\/crash-bandicoot-4-its-about-time\/#primaryimage"},"thumbnailUrl":"https:\/\/www.psngiochi.space\/wp-content\/uploads\/2020\/12\/crash-bandicoot-4-its-about-time-psngiochispace-giochi-digitali-ps4-digital-games-ps4-cifrovye-igry-ps4.jpg","datePublished":"2020-12-26T16:14:04+00:00","dateModified":"2025-08-12T19:37:20+00:00","description":"It's About Time - il nuovissimo gioco di Crash Bandicoot! Parti per un'avventura oltre i confini del tempo in compagnia dei tuoi marsupiali preferiti.","breadcrumb":{"@id":"https:\/\/www.psngiochi.space\/it\/product\/crash-bandicoot-4-its-about-time\/#breadcrumb"},"inLanguage":"it-IT","potentialAction":[{"@type":"ReadAction","target":["https:\/\/www.psngiochi.space\/it\/product\/crash-bandicoot-4-its-about-time\/"]}]},{"@type":"ImageObject","inLanguage":"it-IT","@id":"https:\/\/www.psngiochi.space\/it\/product\/crash-bandicoot-4-its-about-time\/#primaryimage","url":"https:\/\/www.psngiochi.space\/wp-content\/uploads\/2020\/12\/crash-bandicoot-4-its-about-time-psngiochispace-giochi-digitali-ps4-digital-games-ps4-cifrovye-igry-ps4.jpg","contentUrl":"https:\/\/www.psngiochi.space\/wp-content\/uploads\/2020\/12\/crash-bandicoot-4-its-about-time-psngiochispace-giochi-digitali-ps4-digital-games-ps4-cifrovye-igry-ps4.jpg","width":803,"height":1000},{"@type":"BreadcrumbList","@id":"https:\/\/www.psngiochi.space\/it\/product\/crash-bandicoot-4-its-about-time\/#breadcrumb","itemListElement":[{"@type":"ListItem","position":1,"name":"Home","item":"https:\/\/www.psngiochi.space\/en\/"},{"@type":"ListItem","position":2,"name":"Negozio","item":"https:\/\/www.psngiochi.space\/en\/negozio\/"},{"@type":"ListItem","position":3,"name":"Crash Bandicoot 4: It\u2019s About Time [Secondario]"}]},{"@type":"WebSite","@id":"https:\/\/www.psngiochi.space\/en\/#website","url":"https:\/\/www.psngiochi.space\/en\/","name":"Giochi Digitali PS4 e PS5","description":"Noleggio di giochi, vendita di accounts","potentialAction":[{"@type":"SearchAction","target":{"@type":"EntryPoint","urlTemplate":"https:\/\/www.psngiochi.space\/en\/?s={search_term_string}"},"query-input":{"@type":"PropertyValueSpecification","valueRequired":true,"valueName":"search_term_string"}}],"inLanguage":"it-IT"}]}},"_links":{"self":[{"href":"https:\/\/www.psngiochi.space\/it\/wp-json\/wp\/v2\/product\/10257","targetHints":{"allow":["GET"]}}],"collection":[{"href":"https:\/\/www.psngiochi.space\/it\/wp-json\/wp\/v2\/product"}],"about":[{"href":"https:\/\/www.psngiochi.space\/it\/wp-json\/wp\/v2\/types\/product"}],"replies":[{"embeddable":true,"href":"https:\/\/www.psngiochi.space\/it\/wp-json\/wp\/v2\/comments?post=10257"}],"wp:featuredmedia":[{"embeddable":true,"href":"https:\/\/www.psngiochi.space\/it\/wp-json\/wp\/v2\/media\/10258"}],"wp:attachment":[{"href":"https:\/\/www.psngiochi.space\/it\/wp-json\/wp\/v2\/media?parent=10257"}],"wp:term":[{"taxonomy":"product_cat","embeddable":true,"href":"https:\/\/www.psngiochi.space\/it\/wp-json\/wp\/v2\/product_cat?post=10257"},{"taxonomy":"product_tag","embeddable":true,"href":"https:\/\/www.psngiochi.space\/it\/wp-json\/wp\/v2\/product_tag?post=10257"}],"curies":[{"name":"wp","href":"https:\/\/api.w.org\/{rel}","templated":true}]}}