{"id":9751,"date":"2020-06-21T08:51:15","date_gmt":"2020-06-21T08:51:15","guid":{"rendered":"http:\/\/www.psngiochi.space\/?post_type=product&#038;p=9751"},"modified":"2020-06-24T19:02:45","modified_gmt":"2020-06-24T19:02:45","slug":"life-is-strange-2-complete-season","status":"publish","type":"product","link":"https:\/\/www.psngiochi.space\/en\/product\/life-is-strange-2-complete-season\/","title":{"rendered":"Life is Strange 2 Complete Season"},"content":{"rendered":"<p><span style=\"font-size: 14pt; color: #000000;\">La serie di Life is Strange continua con una storia inedita di DONTNOD Entertainment.<\/span><\/p>\n<p><span style=\"font-size: 14pt; color: #000000;\">Sean e Daniel Diaz devono scappare di casa dopo un tragico incidente. Per paura della polizia e del nuovo potere telecinetico di Daniel, i fratelli vanno verso il Messico.<\/span><\/p>\n<p><span style=\"font-size: 14pt; color: #000000;\">Sean ora si deve occupare della sicurezza di Daniel e deve insegnargli a distinguere ci\u00f2 che \u00e8 giusto da ci\u00f2 che \u00e8 sbagliato. Le tue scelte determineranno il futuro dei fratelli e le vite di chi incontreranno.<\/span><\/p>\n<p><span style=\"font-size: 14pt; color: #000000;\">La strada per il Messico \u00e8 pericolosa. Questo lungo viaggio potrebbe avvicinare i fratelli o spezzare per sempre il loro legame.<\/span><\/p>\n<p><span style=\"font-size: 14pt; color: #000000;\">- La stagione completa include tutti e 5 gli episodi.<\/span><br \/>\n<span style=\"font-size: 14pt; color: #000000;\">- Tutti gli episodi possono essere acquistati individualmente. Ti consigliamo di giocare agli episodi in ordine per un'esperienza ottimale.<\/span><\/p>\n<p><strong><span style=\"font-size: 14pt; color: #000000;\">Audio: <\/span><\/strong><span style=\"font-size: 14pt; color: #000000;\">english<\/span><\/p>\n<p><strong><span style=\"font-size: 14pt; color: #000000;\">Subtitles:\u00a0<\/span><\/strong><span style=\"font-size: 14pt; color: #000000;\">inglese, italiano, tedesco, russo, francese, spagnolo<\/span><\/p>","protected":false},"excerpt":{"rendered":"<h5 class=\"provider-info__text\"><span class=\"provider-info__list-item\">Pubblicato 26 Set 2018<\/span><span class=\"provider-info__list-item\"> | Dimens. file: 9.57 GB<\/span><\/h5>\n<h3><span style=\"font-family: georgia, palatino, serif;\"><span style=\"color: #df1d1d;\">\u23f0 Noleggio per 15 giorni: <\/span><\/span><span style=\"font-family: georgia, palatino, serif; font-size: 10pt; color: #333333;\">possibilita di giocare dal vostro account personale o sull'account fornito (primario o secondario).<\/span><\/h3>\n<h3><span style=\"font-size: 10pt; color: #333333;\">Game for rent is one of the cheapest and most convenient ways to get a game.\u00a0<\/span><span style=\"font-size: 10pt; color: #333333;\">You can also extend the period if you have not finished the game.<\/span><\/h3>","protected":false},"featured_media":9752,"comment_status":"open","ping_status":"closed","template":"","meta":[],"product_cat":[131],"product_tag":[75],"class_list":{"0":"post-9751","1":"product","2":"type-product","3":"status-publish","4":"has-post-thumbnail","6":"product_cat-esaurito","7":"product_tag-azione","9":"first","10":"outofstock","11":"downloadable","12":"virtual","13":"purchasable","14":"product-type-simple"},"yoast_head":"<!-- This site is optimized with the Yoast SEO plugin v23.9 - https:\/\/yoast.com\/wordpress\/plugins\/seo\/ -->\n<title>Life is Strange 2 Complete Season - Giochi Digitali PS4 e PS5<\/title>\n<meta name=\"description\" content=\"La serie di Life is Strange continua con una storia inedita di DONTNOD Entertainment.\" \/>\n<meta name=\"robots\" content=\"index, follow, max-snippet:-1, max-image-preview:large, max-video-preview:-1\" \/>\n<link rel=\"canonical\" href=\"https:\/\/www.psngiochi.space\/en\/product\/life-is-strange-2-complete-season\/\" \/>\n<meta property=\"og:locale\" content=\"en_US\" \/>\n<meta property=\"og:type\" content=\"article\" \/>\n<meta property=\"og:title\" content=\"Life is Strange 2 Complete Season - Giochi Digitali PS4 e PS5\" \/>\n<meta property=\"og:description\" content=\"La serie di Life is Strange continua con una storia inedita di DONTNOD Entertainment.\" \/>\n<meta property=\"og:url\" content=\"https:\/\/www.psngiochi.space\/en\/product\/life-is-strange-2-complete-season\/\" \/>\n<meta property=\"og:site_name\" content=\"Giochi Digitali PS4 e PS5\" \/>\n<meta property=\"article:modified_time\" content=\"2020-06-24T19:02:45+00:00\" \/>\n<meta property=\"og:image\" content=\"https:\/\/www.psngiochi.space\/wp-content\/uploads\/2020\/06\/life-is-strange-2-complete-season-psngiochispace-giochi-digitali-ps4-digital-games-ps4-cifrovye-igry-ps4.jpg\" \/>\n\t<meta property=\"og:image:width\" content=\"803\" \/>\n\t<meta property=\"og:image:height\" content=\"1000\" \/>\n\t<meta property=\"og:image:type\" content=\"image\/jpeg\" \/>\n<meta name=\"twitter:card\" content=\"summary_large_image\" \/>\n<meta name=\"twitter:label1\" content=\"Est. reading time\" \/>\n\t<meta name=\"twitter:data1\" content=\"1 minute\" \/>\n<script type=\"application\/ld+json\" class=\"yoast-schema-graph\">{\"@context\":\"https:\/\/schema.org\",\"@graph\":[{\"@type\":\"WebPage\",\"@id\":\"https:\/\/www.psngiochi.space\/it\/product\/life-is-strange-2-complete-season\/\",\"url\":\"https:\/\/www.psngiochi.space\/it\/product\/life-is-strange-2-complete-season\/\",\"name\":\"Life is Strange 2 Complete Season - Giochi Digitali PS4 e PS5\",\"isPartOf\":{\"@id\":\"https:\/\/www.psngiochi.space\/en\/#website\"},\"primaryImageOfPage\":{\"@id\":\"https:\/\/www.psngiochi.space\/it\/product\/life-is-strange-2-complete-season\/#primaryimage\"},\"image\":{\"@id\":\"https:\/\/www.psngiochi.space\/it\/product\/life-is-strange-2-complete-season\/#primaryimage\"},\"thumbnailUrl\":\"https:\/\/www.psngiochi.space\/wp-content\/uploads\/2020\/06\/life-is-strange-2-complete-season-psngiochispace-giochi-digitali-ps4-digital-games-ps4-cifrovye-igry-ps4.jpg\",\"datePublished\":\"2020-06-21T08:51:15+00:00\",\"dateModified\":\"2020-06-24T19:02:45+00:00\",\"description\":\"La serie di Life is Strange continua con una storia inedita di DONTNOD Entertainment.\",\"breadcrumb\":{\"@id\":\"https:\/\/www.psngiochi.space\/it\/product\/life-is-strange-2-complete-season\/#breadcrumb\"},\"inLanguage\":\"en-US\",\"potentialAction\":[{\"@type\":\"ReadAction\",\"target\":[\"https:\/\/www.psngiochi.space\/it\/product\/life-is-strange-2-complete-season\/\"]}]},{\"@type\":\"ImageObject\",\"inLanguage\":\"en-US\",\"@id\":\"https:\/\/www.psngiochi.space\/it\/product\/life-is-strange-2-complete-season\/#primaryimage\",\"url\":\"https:\/\/www.psngiochi.space\/wp-content\/uploads\/2020\/06\/life-is-strange-2-complete-season-psngiochispace-giochi-digitali-ps4-digital-games-ps4-cifrovye-igry-ps4.jpg\",\"contentUrl\":\"https:\/\/www.psngiochi.space\/wp-content\/uploads\/2020\/06\/life-is-strange-2-complete-season-psngiochispace-giochi-digitali-ps4-digital-games-ps4-cifrovye-igry-ps4.jpg\",\"width\":803,\"height\":1000},{\"@type\":\"BreadcrumbList\",\"@id\":\"https:\/\/www.psngiochi.space\/it\/product\/life-is-strange-2-complete-season\/#breadcrumb\",\"itemListElement\":[{\"@type\":\"ListItem\",\"position\":1,\"name\":\"Home\",\"item\":\"https:\/\/www.psngiochi.space\/en\/\"},{\"@type\":\"ListItem\",\"position\":2,\"name\":\"Negozio\",\"item\":\"https:\/\/www.psngiochi.space\/en\/negozio\/\"},{\"@type\":\"ListItem\",\"position\":3,\"name\":\"Life is Strange 2 Complete Season\"}]},{\"@type\":\"WebSite\",\"@id\":\"https:\/\/www.psngiochi.space\/en\/#website\",\"url\":\"https:\/\/www.psngiochi.space\/en\/\",\"name\":\"Giochi Digitali PS4 e PS5\",\"description\":\"Noleggio di giochi, vendita di accounts\",\"potentialAction\":[{\"@type\":\"SearchAction\",\"target\":{\"@type\":\"EntryPoint\",\"urlTemplate\":\"https:\/\/www.psngiochi.space\/en\/?s={search_term_string}\"},\"query-input\":{\"@type\":\"PropertyValueSpecification\",\"valueRequired\":true,\"valueName\":\"search_term_string\"}}],\"inLanguage\":\"en-US\"}]}<\/script>\n<!-- \/ Yoast SEO plugin. -->","yoast_head_json":{"title":"Life is Strange 2 Complete Season - Giochi Digitali PS4 e PS5","description":"La serie di Life is Strange continua con una storia inedita di DONTNOD Entertainment.","robots":{"index":"index","follow":"follow","max-snippet":"max-snippet:-1","max-image-preview":"max-image-preview:large","max-video-preview":"max-video-preview:-1"},"canonical":"https:\/\/www.psngiochi.space\/en\/product\/life-is-strange-2-complete-season\/","og_locale":"en_US","og_type":"article","og_title":"Life is Strange 2 Complete Season - Giochi Digitali PS4 e PS5","og_description":"La serie di Life is Strange continua con una storia inedita di DONTNOD Entertainment.","og_url":"https:\/\/www.psngiochi.space\/en\/product\/life-is-strange-2-complete-season\/","og_site_name":"Giochi Digitali PS4 e PS5","article_modified_time":"2020-06-24T19:02:45+00:00","og_image":[{"width":803,"height":1000,"url":"https:\/\/www.psngiochi.space\/wp-content\/uploads\/2020\/06\/life-is-strange-2-complete-season-psngiochispace-giochi-digitali-ps4-digital-games-ps4-cifrovye-igry-ps4.jpg","type":"image\/jpeg"}],"twitter_card":"summary_large_image","twitter_misc":{"Est. reading time":"1 minute"},"schema":{"@context":"https:\/\/schema.org","@graph":[{"@type":"WebPage","@id":"https:\/\/www.psngiochi.space\/it\/product\/life-is-strange-2-complete-season\/","url":"https:\/\/www.psngiochi.space\/it\/product\/life-is-strange-2-complete-season\/","name":"Life is Strange 2 Complete Season - Giochi Digitali PS4 e PS5","isPartOf":{"@id":"https:\/\/www.psngiochi.space\/en\/#website"},"primaryImageOfPage":{"@id":"https:\/\/www.psngiochi.space\/it\/product\/life-is-strange-2-complete-season\/#primaryimage"},"image":{"@id":"https:\/\/www.psngiochi.space\/it\/product\/life-is-strange-2-complete-season\/#primaryimage"},"thumbnailUrl":"https:\/\/www.psngiochi.space\/wp-content\/uploads\/2020\/06\/life-is-strange-2-complete-season-psngiochispace-giochi-digitali-ps4-digital-games-ps4-cifrovye-igry-ps4.jpg","datePublished":"2020-06-21T08:51:15+00:00","dateModified":"2020-06-24T19:02:45+00:00","description":"La serie di Life is Strange continua con una storia inedita di DONTNOD Entertainment.","breadcrumb":{"@id":"https:\/\/www.psngiochi.space\/it\/product\/life-is-strange-2-complete-season\/#breadcrumb"},"inLanguage":"en-US","potentialAction":[{"@type":"ReadAction","target":["https:\/\/www.psngiochi.space\/it\/product\/life-is-strange-2-complete-season\/"]}]},{"@type":"ImageObject","inLanguage":"en-US","@id":"https:\/\/www.psngiochi.space\/it\/product\/life-is-strange-2-complete-season\/#primaryimage","url":"https:\/\/www.psngiochi.space\/wp-content\/uploads\/2020\/06\/life-is-strange-2-complete-season-psngiochispace-giochi-digitali-ps4-digital-games-ps4-cifrovye-igry-ps4.jpg","contentUrl":"https:\/\/www.psngiochi.space\/wp-content\/uploads\/2020\/06\/life-is-strange-2-complete-season-psngiochispace-giochi-digitali-ps4-digital-games-ps4-cifrovye-igry-ps4.jpg","width":803,"height":1000},{"@type":"BreadcrumbList","@id":"https:\/\/www.psngiochi.space\/it\/product\/life-is-strange-2-complete-season\/#breadcrumb","itemListElement":[{"@type":"ListItem","position":1,"name":"Home","item":"https:\/\/www.psngiochi.space\/en\/"},{"@type":"ListItem","position":2,"name":"Negozio","item":"https:\/\/www.psngiochi.space\/en\/negozio\/"},{"@type":"ListItem","position":3,"name":"Life is Strange 2 Complete Season"}]},{"@type":"WebSite","@id":"https:\/\/www.psngiochi.space\/en\/#website","url":"https:\/\/www.psngiochi.space\/en\/","name":"Giochi Digitali PS4 e PS5","description":"Noleggio di giochi, vendita di accounts","potentialAction":[{"@type":"SearchAction","target":{"@type":"EntryPoint","urlTemplate":"https:\/\/www.psngiochi.space\/en\/?s={search_term_string}"},"query-input":{"@type":"PropertyValueSpecification","valueRequired":true,"valueName":"search_term_string"}}],"inLanguage":"en-US"}]}},"_links":{"self":[{"href":"https:\/\/www.psngiochi.space\/en\/wp-json\/wp\/v2\/product\/9751","targetHints":{"allow":["GET"]}}],"collection":[{"href":"https:\/\/www.psngiochi.space\/en\/wp-json\/wp\/v2\/product"}],"about":[{"href":"https:\/\/www.psngiochi.space\/en\/wp-json\/wp\/v2\/types\/product"}],"replies":[{"embeddable":true,"href":"https:\/\/www.psngiochi.space\/en\/wp-json\/wp\/v2\/comments?post=9751"}],"wp:featuredmedia":[{"embeddable":true,"href":"https:\/\/www.psngiochi.space\/en\/wp-json\/wp\/v2\/media\/9752"}],"wp:attachment":[{"href":"https:\/\/www.psngiochi.space\/en\/wp-json\/wp\/v2\/media?parent=9751"}],"wp:term":[{"taxonomy":"product_cat","embeddable":true,"href":"https:\/\/www.psngiochi.space\/en\/wp-json\/wp\/v2\/product_cat?post=9751"},{"taxonomy":"product_tag","embeddable":true,"href":"https:\/\/www.psngiochi.space\/en\/wp-json\/wp\/v2\/product_tag?post=9751"}],"curies":[{"name":"wp","href":"https:\/\/api.w.org\/{rel}","templated":true}]}}