{"id":9631,"date":"2020-05-15T18:43:14","date_gmt":"2020-05-15T18:43:14","guid":{"rendered":"http:\/\/www.psngiochi.space\/?post_type=product&#038;p=9631"},"modified":"2025-11-23T01:14:39","modified_gmt":"2025-11-23T00:14:39","slug":"friday-the-13th-the-game","status":"publish","type":"product","link":"https:\/\/www.psngiochi.space\/en\/product\/friday-the-13th-the-game\/","title":{"rendered":"Friday the 13th: The Game"},"content":{"rendered":"<p><span style=\"font-size: 14pt; color: #000000;\">Venerd\u00ec 13: Il Gioco si adopera per dare a tutti i giocatori gli strumenti per sopravvivere, sfuggire o persino tentare di abbattere l'uomo che non pu\u00f2 essere ucciso. Ogni sessione di gameplay vi dar\u00e0 un'occasione totalmente nuova per dimostrare se hai quello che ti occorre non solo per sopravvivere, ma al meglio l'assassino pi\u00f9 prolifico nella storia del cinema, uno slasher con pi\u00f9 uccisioni di qualsiasi rivale!<\/span><\/p>\n<p><span style=\"font-size: 14pt; color: #000000;\">Nel frattempo, Jason ricever\u00e0 una serie di abilit\u00e0 per tracciare, caccia e uccidere la sua preda. Stalk dalle ombre, spaventare i tuoi bersagli e ucciderli quando il tempo \u00e8 proprio in modo brutale come si pu\u00f2 immaginare. Prendi il controllo del leggendario killer che \u00e8 Jason Voorhees e terrificare quelli abbastanza sfortunati per attraversare il tuo percorso!<\/span><\/p>\n<p><strong><span style=\"font-size: 14pt; color: #000000;\">Audio: <\/span><\/strong><span style=\"font-size: 14pt; color: #000000;\">english<\/span><\/p>\n<p><strong><span style=\"font-size: 14pt; color: #000000;\">Subtitles:\u00a0<\/span><\/strong><span style=\"font-size: 14pt; color: #000000;\">english<\/span><\/p>","protected":false},"excerpt":{"rendered":"<h5 class=\"provider-info__text\"><span class=\"provider-info__list-item\">Pubblicato 2 Giu 2017<\/span><span class=\"provider-info__list-item\"> | Dimens. file: 3.21 GB<\/span><\/h5>\n<h3><span style=\"font-family: georgia, palatino, serif;\"><span style=\"color: #df1d1d;\">\u23f0 Noleggio per 10 giorni: <\/span><\/span><span style=\"font-family: georgia, palatino, serif; font-size: 10pt; color: #333333;\">possibilita di giocare dal vostro account personale o sull'account fornito (primario o secondario).<\/span><\/h3>\n<h3><span style=\"font-size: 10pt; color: #333333;\">Game for rent is one of the cheapest and most convenient ways to get a game.\u00a0<\/span><span style=\"font-size: 10pt; color: #333333;\">You can also extend the period if you have not finished the game.<\/span><\/h3>","protected":false},"featured_media":9632,"comment_status":"open","ping_status":"closed","template":"","meta":[],"product_cat":[122,121],"product_tag":[101],"class_list":{"0":"post-9631","1":"product","2":"type-product","3":"status-publish","4":"has-post-thumbnail","6":"product_cat-giochi-ps4-in-noleggio","7":"product_cat-playstation-hits","8":"product_tag-horror","10":"first","11":"outofstock","12":"downloadable","13":"virtual","14":"purchasable","15":"product-type-simple"},"yoast_head":"<!-- This site is optimized with the Yoast SEO plugin v23.9 - https:\/\/yoast.com\/wordpress\/plugins\/seo\/ -->\n<title>Friday the 13th: The Game - Giochi Digitali PS4 e PS5<\/title>\n<meta name=\"description\" content=\"Venerd\u00ec 13: Il Gioco si adopera per dare a tutti i giocatori gli strumenti per sopravvivere, sfuggire o persino tentare di abbattere l&#039;uomo che non pu\u00f2 essere ucciso.\" \/>\n<meta name=\"robots\" content=\"index, follow, max-snippet:-1, max-image-preview:large, max-video-preview:-1\" \/>\n<link rel=\"canonical\" href=\"https:\/\/www.psngiochi.space\/en\/product\/friday-the-13th-the-game\/\" \/>\n<meta property=\"og:locale\" content=\"en_US\" \/>\n<meta property=\"og:type\" content=\"article\" \/>\n<meta property=\"og:title\" content=\"Friday the 13th: The Game - Giochi Digitali PS4 e PS5\" \/>\n<meta property=\"og:description\" content=\"Venerd\u00ec 13: Il Gioco si adopera per dare a tutti i giocatori gli strumenti per sopravvivere, sfuggire o persino tentare di abbattere l&#039;uomo che non pu\u00f2 essere ucciso.\" \/>\n<meta property=\"og:url\" content=\"https:\/\/www.psngiochi.space\/en\/product\/friday-the-13th-the-game\/\" \/>\n<meta property=\"og:site_name\" content=\"Giochi Digitali PS4 e PS5\" \/>\n<meta property=\"article:modified_time\" content=\"2025-11-23T00:14:39+00:00\" \/>\n<meta property=\"og:image\" content=\"https:\/\/www.psngiochi.space\/wp-content\/uploads\/2020\/05\/friday-the-13th-the-game-psngiochispace-giochi-digitali-ps4-digital-games-ps4-cifrovye-igry-ps4.jpg\" \/>\n\t<meta property=\"og:image:width\" content=\"803\" \/>\n\t<meta property=\"og:image:height\" content=\"1000\" \/>\n\t<meta property=\"og:image:type\" content=\"image\/jpeg\" \/>\n<meta name=\"twitter:card\" content=\"summary_large_image\" \/>\n<meta name=\"twitter:label1\" content=\"Est. reading time\" \/>\n\t<meta name=\"twitter:data1\" content=\"1 minute\" \/>\n<script type=\"application\/ld+json\" class=\"yoast-schema-graph\">{\"@context\":\"https:\/\/schema.org\",\"@graph\":[{\"@type\":\"WebPage\",\"@id\":\"https:\/\/www.psngiochi.space\/en\/product\/friday-the-13th-the-game\/\",\"url\":\"https:\/\/www.psngiochi.space\/en\/product\/friday-the-13th-the-game\/\",\"name\":\"Friday the 13th: The Game - Giochi Digitali PS4 e PS5\",\"isPartOf\":{\"@id\":\"https:\/\/www.psngiochi.space\/en\/#website\"},\"primaryImageOfPage\":{\"@id\":\"https:\/\/www.psngiochi.space\/en\/product\/friday-the-13th-the-game\/#primaryimage\"},\"image\":{\"@id\":\"https:\/\/www.psngiochi.space\/en\/product\/friday-the-13th-the-game\/#primaryimage\"},\"thumbnailUrl\":\"https:\/\/www.psngiochi.space\/wp-content\/uploads\/2020\/05\/friday-the-13th-the-game-psngiochispace-giochi-digitali-ps4-digital-games-ps4-cifrovye-igry-ps4.jpg\",\"datePublished\":\"2020-05-15T18:43:14+00:00\",\"dateModified\":\"2025-11-23T00:14:39+00:00\",\"description\":\"Venerd\u00ec 13: Il Gioco si adopera per dare a tutti i giocatori gli strumenti per sopravvivere, sfuggire o persino tentare di abbattere l'uomo che non pu\u00f2 essere ucciso.\",\"breadcrumb\":{\"@id\":\"https:\/\/www.psngiochi.space\/en\/product\/friday-the-13th-the-game\/#breadcrumb\"},\"inLanguage\":\"en-US\",\"potentialAction\":[{\"@type\":\"ReadAction\",\"target\":[\"https:\/\/www.psngiochi.space\/en\/product\/friday-the-13th-the-game\/\"]}]},{\"@type\":\"ImageObject\",\"inLanguage\":\"en-US\",\"@id\":\"https:\/\/www.psngiochi.space\/en\/product\/friday-the-13th-the-game\/#primaryimage\",\"url\":\"https:\/\/www.psngiochi.space\/wp-content\/uploads\/2020\/05\/friday-the-13th-the-game-psngiochispace-giochi-digitali-ps4-digital-games-ps4-cifrovye-igry-ps4.jpg\",\"contentUrl\":\"https:\/\/www.psngiochi.space\/wp-content\/uploads\/2020\/05\/friday-the-13th-the-game-psngiochispace-giochi-digitali-ps4-digital-games-ps4-cifrovye-igry-ps4.jpg\",\"width\":803,\"height\":1000},{\"@type\":\"BreadcrumbList\",\"@id\":\"https:\/\/www.psngiochi.space\/en\/product\/friday-the-13th-the-game\/#breadcrumb\",\"itemListElement\":[{\"@type\":\"ListItem\",\"position\":1,\"name\":\"Home\",\"item\":\"https:\/\/www.psngiochi.space\/en\/\"},{\"@type\":\"ListItem\",\"position\":2,\"name\":\"Negozio\",\"item\":\"https:\/\/www.psngiochi.space\/en\/negozio\/\"},{\"@type\":\"ListItem\",\"position\":3,\"name\":\"Friday the 13th: The Game\"}]},{\"@type\":\"WebSite\",\"@id\":\"https:\/\/www.psngiochi.space\/en\/#website\",\"url\":\"https:\/\/www.psngiochi.space\/en\/\",\"name\":\"Giochi Digitali PS4 e PS5\",\"description\":\"Noleggio di giochi, vendita di accounts\",\"potentialAction\":[{\"@type\":\"SearchAction\",\"target\":{\"@type\":\"EntryPoint\",\"urlTemplate\":\"https:\/\/www.psngiochi.space\/en\/?s={search_term_string}\"},\"query-input\":{\"@type\":\"PropertyValueSpecification\",\"valueRequired\":true,\"valueName\":\"search_term_string\"}}],\"inLanguage\":\"en-US\"}]}<\/script>\n<!-- \/ Yoast SEO plugin. -->","yoast_head_json":{"title":"Friday the 13th: The Game - Giochi Digitali PS4 e PS5","description":"Venerd\u00ec 13: Il Gioco si adopera per dare a tutti i giocatori gli strumenti per sopravvivere, sfuggire o persino tentare di abbattere l'uomo che non pu\u00f2 essere ucciso.","robots":{"index":"index","follow":"follow","max-snippet":"max-snippet:-1","max-image-preview":"max-image-preview:large","max-video-preview":"max-video-preview:-1"},"canonical":"https:\/\/www.psngiochi.space\/en\/product\/friday-the-13th-the-game\/","og_locale":"en_US","og_type":"article","og_title":"Friday the 13th: The Game - Giochi Digitali PS4 e PS5","og_description":"Venerd\u00ec 13: Il Gioco si adopera per dare a tutti i giocatori gli strumenti per sopravvivere, sfuggire o persino tentare di abbattere l'uomo che non pu\u00f2 essere ucciso.","og_url":"https:\/\/www.psngiochi.space\/en\/product\/friday-the-13th-the-game\/","og_site_name":"Giochi Digitali PS4 e PS5","article_modified_time":"2025-11-23T00:14:39+00:00","og_image":[{"width":803,"height":1000,"url":"https:\/\/www.psngiochi.space\/wp-content\/uploads\/2020\/05\/friday-the-13th-the-game-psngiochispace-giochi-digitali-ps4-digital-games-ps4-cifrovye-igry-ps4.jpg","type":"image\/jpeg"}],"twitter_card":"summary_large_image","twitter_misc":{"Est. reading time":"1 minute"},"schema":{"@context":"https:\/\/schema.org","@graph":[{"@type":"WebPage","@id":"https:\/\/www.psngiochi.space\/en\/product\/friday-the-13th-the-game\/","url":"https:\/\/www.psngiochi.space\/en\/product\/friday-the-13th-the-game\/","name":"Friday the 13th: The Game - Giochi Digitali PS4 e PS5","isPartOf":{"@id":"https:\/\/www.psngiochi.space\/en\/#website"},"primaryImageOfPage":{"@id":"https:\/\/www.psngiochi.space\/en\/product\/friday-the-13th-the-game\/#primaryimage"},"image":{"@id":"https:\/\/www.psngiochi.space\/en\/product\/friday-the-13th-the-game\/#primaryimage"},"thumbnailUrl":"https:\/\/www.psngiochi.space\/wp-content\/uploads\/2020\/05\/friday-the-13th-the-game-psngiochispace-giochi-digitali-ps4-digital-games-ps4-cifrovye-igry-ps4.jpg","datePublished":"2020-05-15T18:43:14+00:00","dateModified":"2025-11-23T00:14:39+00:00","description":"Venerd\u00ec 13: Il Gioco si adopera per dare a tutti i giocatori gli strumenti per sopravvivere, sfuggire o persino tentare di abbattere l'uomo che non pu\u00f2 essere ucciso.","breadcrumb":{"@id":"https:\/\/www.psngiochi.space\/en\/product\/friday-the-13th-the-game\/#breadcrumb"},"inLanguage":"en-US","potentialAction":[{"@type":"ReadAction","target":["https:\/\/www.psngiochi.space\/en\/product\/friday-the-13th-the-game\/"]}]},{"@type":"ImageObject","inLanguage":"en-US","@id":"https:\/\/www.psngiochi.space\/en\/product\/friday-the-13th-the-game\/#primaryimage","url":"https:\/\/www.psngiochi.space\/wp-content\/uploads\/2020\/05\/friday-the-13th-the-game-psngiochispace-giochi-digitali-ps4-digital-games-ps4-cifrovye-igry-ps4.jpg","contentUrl":"https:\/\/www.psngiochi.space\/wp-content\/uploads\/2020\/05\/friday-the-13th-the-game-psngiochispace-giochi-digitali-ps4-digital-games-ps4-cifrovye-igry-ps4.jpg","width":803,"height":1000},{"@type":"BreadcrumbList","@id":"https:\/\/www.psngiochi.space\/en\/product\/friday-the-13th-the-game\/#breadcrumb","itemListElement":[{"@type":"ListItem","position":1,"name":"Home","item":"https:\/\/www.psngiochi.space\/en\/"},{"@type":"ListItem","position":2,"name":"Negozio","item":"https:\/\/www.psngiochi.space\/en\/negozio\/"},{"@type":"ListItem","position":3,"name":"Friday the 13th: The Game"}]},{"@type":"WebSite","@id":"https:\/\/www.psngiochi.space\/en\/#website","url":"https:\/\/www.psngiochi.space\/en\/","name":"Giochi Digitali PS4 e PS5","description":"Noleggio di giochi, vendita di accounts","potentialAction":[{"@type":"SearchAction","target":{"@type":"EntryPoint","urlTemplate":"https:\/\/www.psngiochi.space\/en\/?s={search_term_string}"},"query-input":{"@type":"PropertyValueSpecification","valueRequired":true,"valueName":"search_term_string"}}],"inLanguage":"en-US"}]}},"_links":{"self":[{"href":"https:\/\/www.psngiochi.space\/en\/wp-json\/wp\/v2\/product\/9631","targetHints":{"allow":["GET"]}}],"collection":[{"href":"https:\/\/www.psngiochi.space\/en\/wp-json\/wp\/v2\/product"}],"about":[{"href":"https:\/\/www.psngiochi.space\/en\/wp-json\/wp\/v2\/types\/product"}],"replies":[{"embeddable":true,"href":"https:\/\/www.psngiochi.space\/en\/wp-json\/wp\/v2\/comments?post=9631"}],"wp:featuredmedia":[{"embeddable":true,"href":"https:\/\/www.psngiochi.space\/en\/wp-json\/wp\/v2\/media\/9632"}],"wp:attachment":[{"href":"https:\/\/www.psngiochi.space\/en\/wp-json\/wp\/v2\/media?parent=9631"}],"wp:term":[{"taxonomy":"product_cat","embeddable":true,"href":"https:\/\/www.psngiochi.space\/en\/wp-json\/wp\/v2\/product_cat?post=9631"},{"taxonomy":"product_tag","embeddable":true,"href":"https:\/\/www.psngiochi.space\/en\/wp-json\/wp\/v2\/product_tag?post=9631"}],"curies":[{"name":"wp","href":"https:\/\/api.w.org\/{rel}","templated":true}]}}