{"id":9314,"date":"2020-02-25T19:11:59","date_gmt":"2020-02-25T18:11:59","guid":{"rendered":"http:\/\/www.psngiochi.space\/?post_type=product&#038;p=9314"},"modified":"2025-02-17T20:59:47","modified_gmt":"2025-02-17T19:59:47","slug":"resident-evil-3","status":"publish","type":"product","link":"https:\/\/www.psngiochi.space\/en\/product\/resident-evil-3\/","title":{"rendered":"RESIDENT EVIL 3"},"content":{"rendered":"<p><span style=\"font-size: 14pt; color: #000000;\">Jill Valentine \u00e8 una delle poche superstiti delle atrocit\u00e0 che hanno sconvolto Raccoon City. Per fermarla, la Umbrella \u00e8 pronta a ricorrere alla sua arma segreta pi\u00f9 temibile: Nemesis!<\/span><\/p>\n<p><span style=\"font-size: 14pt; color: #000000;\">Include anche Resident Evil Resistance, una nuova esperienza multiplayer online 1 vs 4 ambientata nell'universo di Resident Evil e incentrata sul confronto mortale tra quattro superstiti e un malvagio Mastermind.<\/span><\/p>","protected":false},"excerpt":{"rendered":"<h5 class=\"provider-info__text\"><span class=\"provider-info__list-item\">Pubblicato 3 Apr 2020<\/span><span class=\"provider-info__list-item\"> | Dimens. file: 45.2 GB<\/span><\/h5>\n<h3><span style=\"font-family: georgia, palatino, serif;\"><span style=\"color: #df1d1d;\">\u23f0 Noleggio per 15 giorni:<\/span><\/span><span style=\"color: #df1d1d;\">\u00a0<span style=\"font-size: 10pt; color: #333333;\">p<\/span><\/span><span style=\"font-family: georgia, palatino, serif; font-size: 10pt; color: #333333;\">ossibilita di giocare dal vostro account personale o sull account fornito (primario o secondario).<\/span><\/h3>\n<h3><span style=\"font-size: 10pt; color: #333333;\">Game for rent is one of the cheapest and most convenient ways to get a game.\u00a0<\/span><span style=\"font-size: 10pt; color: #333333;\">You can also extend the period if you have not finished the game.<\/span><\/h3>","protected":false},"featured_media":9331,"comment_status":"open","ping_status":"closed","template":"","meta":[],"product_cat":[122,151],"product_tag":[58,75],"class_list":{"0":"post-9314","1":"product","2":"type-product","3":"status-publish","4":"has-post-thumbnail","6":"product_cat-giochi-ps4-in-noleggio","7":"product_cat-resident-evil","8":"product_tag-avventura","9":"product_tag-azione","11":"first","12":"instock","13":"downloadable","14":"virtual","15":"purchasable","16":"product-type-simple"},"yoast_head":"<!-- This site is optimized with the Yoast SEO plugin v23.9 - https:\/\/yoast.com\/wordpress\/plugins\/seo\/ -->\n<title>RESIDENT EVIL 3 - Giochi Digitali PS4 e PS5<\/title>\n<meta name=\"description\" content=\"Jill Valentine \u00e8 una delle poche superstiti delle atrocit\u00e0 che hanno sconvolto Raccoon City.\" \/>\n<meta name=\"robots\" content=\"index, follow, max-snippet:-1, max-image-preview:large, max-video-preview:-1\" \/>\n<link rel=\"canonical\" href=\"https:\/\/www.psngiochi.space\/en\/product\/resident-evil-3\/\" \/>\n<meta property=\"og:locale\" content=\"en_US\" \/>\n<meta property=\"og:type\" content=\"article\" \/>\n<meta property=\"og:title\" content=\"RESIDENT EVIL 3 - Giochi Digitali PS4 e PS5\" \/>\n<meta property=\"og:description\" content=\"Jill Valentine \u00e8 una delle poche superstiti delle atrocit\u00e0 che hanno sconvolto Raccoon City.\" \/>\n<meta property=\"og:url\" content=\"https:\/\/www.psngiochi.space\/en\/product\/resident-evil-3\/\" \/>\n<meta property=\"og:site_name\" content=\"Giochi Digitali PS4 e PS5\" \/>\n<meta property=\"article:modified_time\" content=\"2025-02-17T19:59:47+00:00\" \/>\n<meta property=\"og:image\" content=\"https:\/\/www.psngiochi.space\/wp-content\/uploads\/2020\/02\/resident-evil-3-psngiochispace-giochi-digitali-ps4-digital-games-ps4-cifrovye-igry-ps4.jpg\" \/>\n\t<meta property=\"og:image:width\" content=\"803\" \/>\n\t<meta property=\"og:image:height\" content=\"1000\" \/>\n\t<meta property=\"og:image:type\" content=\"image\/jpeg\" \/>\n<meta name=\"twitter:card\" content=\"summary_large_image\" \/>\n<meta name=\"twitter:label1\" content=\"Est. reading time\" \/>\n\t<meta name=\"twitter:data1\" content=\"1 minute\" \/>\n<script type=\"application\/ld+json\" class=\"yoast-schema-graph\">{\"@context\":\"https:\/\/schema.org\",\"@graph\":[{\"@type\":\"WebPage\",\"@id\":\"https:\/\/www.psngiochi.space\/en\/product\/resident-evil-3\/\",\"url\":\"https:\/\/www.psngiochi.space\/en\/product\/resident-evil-3\/\",\"name\":\"RESIDENT EVIL 3 - Giochi Digitali PS4 e PS5\",\"isPartOf\":{\"@id\":\"https:\/\/www.psngiochi.space\/en\/#website\"},\"primaryImageOfPage\":{\"@id\":\"https:\/\/www.psngiochi.space\/en\/product\/resident-evil-3\/#primaryimage\"},\"image\":{\"@id\":\"https:\/\/www.psngiochi.space\/en\/product\/resident-evil-3\/#primaryimage\"},\"thumbnailUrl\":\"https:\/\/www.psngiochi.space\/wp-content\/uploads\/2020\/02\/resident-evil-3-psngiochispace-giochi-digitali-ps4-digital-games-ps4-cifrovye-igry-ps4.jpg\",\"datePublished\":\"2020-02-25T18:11:59+00:00\",\"dateModified\":\"2025-02-17T19:59:47+00:00\",\"description\":\"Jill Valentine \u00e8 una delle poche superstiti delle atrocit\u00e0 che hanno sconvolto Raccoon City.\",\"breadcrumb\":{\"@id\":\"https:\/\/www.psngiochi.space\/en\/product\/resident-evil-3\/#breadcrumb\"},\"inLanguage\":\"en-US\",\"potentialAction\":[{\"@type\":\"ReadAction\",\"target\":[\"https:\/\/www.psngiochi.space\/en\/product\/resident-evil-3\/\"]}]},{\"@type\":\"ImageObject\",\"inLanguage\":\"en-US\",\"@id\":\"https:\/\/www.psngiochi.space\/en\/product\/resident-evil-3\/#primaryimage\",\"url\":\"https:\/\/www.psngiochi.space\/wp-content\/uploads\/2020\/02\/resident-evil-3-psngiochispace-giochi-digitali-ps4-digital-games-ps4-cifrovye-igry-ps4.jpg\",\"contentUrl\":\"https:\/\/www.psngiochi.space\/wp-content\/uploads\/2020\/02\/resident-evil-3-psngiochispace-giochi-digitali-ps4-digital-games-ps4-cifrovye-igry-ps4.jpg\",\"width\":803,\"height\":1000},{\"@type\":\"BreadcrumbList\",\"@id\":\"https:\/\/www.psngiochi.space\/en\/product\/resident-evil-3\/#breadcrumb\",\"itemListElement\":[{\"@type\":\"ListItem\",\"position\":1,\"name\":\"Home\",\"item\":\"https:\/\/www.psngiochi.space\/en\/\"},{\"@type\":\"ListItem\",\"position\":2,\"name\":\"Negozio\",\"item\":\"https:\/\/www.psngiochi.space\/en\/negozio\/\"},{\"@type\":\"ListItem\",\"position\":3,\"name\":\"RESIDENT EVIL 3\"}]},{\"@type\":\"WebSite\",\"@id\":\"https:\/\/www.psngiochi.space\/en\/#website\",\"url\":\"https:\/\/www.psngiochi.space\/en\/\",\"name\":\"Giochi Digitali PS4 e PS5\",\"description\":\"Noleggio di giochi, vendita di accounts\",\"potentialAction\":[{\"@type\":\"SearchAction\",\"target\":{\"@type\":\"EntryPoint\",\"urlTemplate\":\"https:\/\/www.psngiochi.space\/en\/?s={search_term_string}\"},\"query-input\":{\"@type\":\"PropertyValueSpecification\",\"valueRequired\":true,\"valueName\":\"search_term_string\"}}],\"inLanguage\":\"en-US\"}]}<\/script>\n<!-- \/ Yoast SEO plugin. -->","yoast_head_json":{"title":"RESIDENT EVIL 3 - Giochi Digitali PS4 e PS5","description":"Jill Valentine \u00e8 una delle poche superstiti delle atrocit\u00e0 che hanno sconvolto Raccoon City.","robots":{"index":"index","follow":"follow","max-snippet":"max-snippet:-1","max-image-preview":"max-image-preview:large","max-video-preview":"max-video-preview:-1"},"canonical":"https:\/\/www.psngiochi.space\/en\/product\/resident-evil-3\/","og_locale":"en_US","og_type":"article","og_title":"RESIDENT EVIL 3 - Giochi Digitali PS4 e PS5","og_description":"Jill Valentine \u00e8 una delle poche superstiti delle atrocit\u00e0 che hanno sconvolto Raccoon City.","og_url":"https:\/\/www.psngiochi.space\/en\/product\/resident-evil-3\/","og_site_name":"Giochi Digitali PS4 e PS5","article_modified_time":"2025-02-17T19:59:47+00:00","og_image":[{"width":803,"height":1000,"url":"https:\/\/www.psngiochi.space\/wp-content\/uploads\/2020\/02\/resident-evil-3-psngiochispace-giochi-digitali-ps4-digital-games-ps4-cifrovye-igry-ps4.jpg","type":"image\/jpeg"}],"twitter_card":"summary_large_image","twitter_misc":{"Est. reading time":"1 minute"},"schema":{"@context":"https:\/\/schema.org","@graph":[{"@type":"WebPage","@id":"https:\/\/www.psngiochi.space\/en\/product\/resident-evil-3\/","url":"https:\/\/www.psngiochi.space\/en\/product\/resident-evil-3\/","name":"RESIDENT EVIL 3 - Giochi Digitali PS4 e PS5","isPartOf":{"@id":"https:\/\/www.psngiochi.space\/en\/#website"},"primaryImageOfPage":{"@id":"https:\/\/www.psngiochi.space\/en\/product\/resident-evil-3\/#primaryimage"},"image":{"@id":"https:\/\/www.psngiochi.space\/en\/product\/resident-evil-3\/#primaryimage"},"thumbnailUrl":"https:\/\/www.psngiochi.space\/wp-content\/uploads\/2020\/02\/resident-evil-3-psngiochispace-giochi-digitali-ps4-digital-games-ps4-cifrovye-igry-ps4.jpg","datePublished":"2020-02-25T18:11:59+00:00","dateModified":"2025-02-17T19:59:47+00:00","description":"Jill Valentine \u00e8 una delle poche superstiti delle atrocit\u00e0 che hanno sconvolto Raccoon City.","breadcrumb":{"@id":"https:\/\/www.psngiochi.space\/en\/product\/resident-evil-3\/#breadcrumb"},"inLanguage":"en-US","potentialAction":[{"@type":"ReadAction","target":["https:\/\/www.psngiochi.space\/en\/product\/resident-evil-3\/"]}]},{"@type":"ImageObject","inLanguage":"en-US","@id":"https:\/\/www.psngiochi.space\/en\/product\/resident-evil-3\/#primaryimage","url":"https:\/\/www.psngiochi.space\/wp-content\/uploads\/2020\/02\/resident-evil-3-psngiochispace-giochi-digitali-ps4-digital-games-ps4-cifrovye-igry-ps4.jpg","contentUrl":"https:\/\/www.psngiochi.space\/wp-content\/uploads\/2020\/02\/resident-evil-3-psngiochispace-giochi-digitali-ps4-digital-games-ps4-cifrovye-igry-ps4.jpg","width":803,"height":1000},{"@type":"BreadcrumbList","@id":"https:\/\/www.psngiochi.space\/en\/product\/resident-evil-3\/#breadcrumb","itemListElement":[{"@type":"ListItem","position":1,"name":"Home","item":"https:\/\/www.psngiochi.space\/en\/"},{"@type":"ListItem","position":2,"name":"Negozio","item":"https:\/\/www.psngiochi.space\/en\/negozio\/"},{"@type":"ListItem","position":3,"name":"RESIDENT EVIL 3"}]},{"@type":"WebSite","@id":"https:\/\/www.psngiochi.space\/en\/#website","url":"https:\/\/www.psngiochi.space\/en\/","name":"Giochi Digitali PS4 e PS5","description":"Noleggio di giochi, vendita di accounts","potentialAction":[{"@type":"SearchAction","target":{"@type":"EntryPoint","urlTemplate":"https:\/\/www.psngiochi.space\/en\/?s={search_term_string}"},"query-input":{"@type":"PropertyValueSpecification","valueRequired":true,"valueName":"search_term_string"}}],"inLanguage":"en-US"}]}},"_links":{"self":[{"href":"https:\/\/www.psngiochi.space\/en\/wp-json\/wp\/v2\/product\/9314","targetHints":{"allow":["GET"]}}],"collection":[{"href":"https:\/\/www.psngiochi.space\/en\/wp-json\/wp\/v2\/product"}],"about":[{"href":"https:\/\/www.psngiochi.space\/en\/wp-json\/wp\/v2\/types\/product"}],"replies":[{"embeddable":true,"href":"https:\/\/www.psngiochi.space\/en\/wp-json\/wp\/v2\/comments?post=9314"}],"wp:featuredmedia":[{"embeddable":true,"href":"https:\/\/www.psngiochi.space\/en\/wp-json\/wp\/v2\/media\/9331"}],"wp:attachment":[{"href":"https:\/\/www.psngiochi.space\/en\/wp-json\/wp\/v2\/media?parent=9314"}],"wp:term":[{"taxonomy":"product_cat","embeddable":true,"href":"https:\/\/www.psngiochi.space\/en\/wp-json\/wp\/v2\/product_cat?post=9314"},{"taxonomy":"product_tag","embeddable":true,"href":"https:\/\/www.psngiochi.space\/en\/wp-json\/wp\/v2\/product_tag?post=9314"}],"curies":[{"name":"wp","href":"https:\/\/api.w.org\/{rel}","templated":true}]}}