{"id":8861,"date":"2019-11-09T18:43:34","date_gmt":"2019-11-09T18:43:34","guid":{"rendered":"http:\/\/www.psngiochi.space\/?post_type=product&#038;p=8861"},"modified":"2020-06-12T16:19:21","modified_gmt":"2020-06-12T16:19:21","slug":"dragon-ball-xenoverse-2","status":"publish","type":"product","link":"https:\/\/www.psngiochi.space\/en\/product\/dragon-ball-xenoverse-2\/","title":{"rendered":"DRAGON BALL XENOVERSE 2"},"content":{"rendered":"<p><span style=\"font-size: 14pt; color: #000000;\">Sulla scia del successo di DRAGON BALL XENOVERSE, sta per arrivare DRAGON BALL XENOVERSE 2, che con la sua grafica potenziata, ti permetter\u00e0 di vivere un'avventura ancora pi\u00f9 entusiasmante.<\/span><\/p>\n<p><span style=\"font-size: 14pt; color: #000000;\">Una citt\u00e0 tutta nuova e una vasta gamma di opzioni per rendere unici i tuoi personaggi sono solo alcune delle tante novit\u00e0 e funzionalit\u00e0 di DRAGON BALL XENOVERSE 2.<\/span><\/p>\n<p><span style=\"font-size: 14pt; color: #000000;\">\u2022 Rivivi la trama di Dragon Ball viaggiando nel tempo e proteggendo gli eventi salienti dell'universo di Dragon Ball<\/span><\/p>\n<p><span style=\"font-size: 14pt; color: #000000;\">\u2022 Una nuova citt\u00e0 sette volte pi\u00f9 grande di quella originale, con 300 giocatori online in contemporanea<\/span><\/p>\n<p><span style=\"font-size: 14pt; color: #000000;\">\u2022 La grafica next-gen rende pi\u00f9 viva che mai l'esperienza di gioco<\/span><\/p>\n<p><span style=\"font-size: 14pt; color: #000000;\">\u2022 Nuovi personaggi e sfide boss<\/span><\/p>\n<p><span style=\"font-size: 14pt; color: #000000;\">\u2022 Possibilit\u00e0 di creare personaggi e regolare le battaglie pi\u00f9 in dettaglio<\/span><\/p>\n<p><span style=\"font-size: 14pt; color: #000000;\">Audio: inglese<\/span><\/p>\n<p><span style=\"font-size: 14pt; color: #000000;\">Sottotitoli: inglese, italiano<\/span><\/p>","protected":false},"excerpt":{"rendered":"<h5 class=\"provider-info__text\"><span class=\"provider-info__list-item\">Pubblicato\u00a027 Ott 2016<\/span><span class=\"provider-info__list-item\">\u00a0| Dimens. file: 13.15 GB |\u00a0 \u03361\u03369\u0336.\u03369\u03369\u0336<\/span><\/h5>\n<h3><span style=\"font-family: georgia, palatino, serif;\"><span style=\"color: #df1d1d;\">\u23f0 Rent for 15 days:<\/span><\/span><span style=\"color: #df1d1d;\">\u00a0<span style=\"font-size: 10pt; color: #333333;\">p<\/span><\/span><span style=\"font-family: georgia, palatino, serif; font-size: 10pt; color: #333333;\">ossibilita di giocare dal vostro account personale o sull account fornito (primario o secondario).<\/span><\/h3>\n<h3><span style=\"font-size: 10pt; color: #333333;\">Game for rent is one of the cheapest and most convenient ways to get a game.\u00a0<\/span><span style=\"font-size: 10pt; color: #333333;\">You can also extend the period if you have not finished the game.<\/span><\/h3>","protected":false},"featured_media":8862,"comment_status":"open","ping_status":"closed","template":"","meta":[],"product_cat":[131,121],"product_tag":[75,105,77],"class_list":{"0":"post-8861","1":"product","2":"type-product","3":"status-publish","4":"has-post-thumbnail","6":"product_cat-esaurito","7":"product_cat-playstation-hits","8":"product_tag-azione","9":"product_tag-casual","10":"product_tag-combattimento","12":"first","13":"outofstock","14":"downloadable","15":"virtual","16":"purchasable","17":"product-type-simple"},"yoast_head":"<!-- This site is optimized with the Yoast SEO plugin v23.9 - https:\/\/yoast.com\/wordpress\/plugins\/seo\/ -->\n<title>DRAGON BALL XENOVERSE 2 - Giochi Digitali PS4 e PS5<\/title>\n<meta name=\"description\" content=\"Sulla scia del successo di DRAGON BALL XENOVERSE, sta per arrivare DRAGON BALL XENOVERSE 2.\" \/>\n<meta name=\"robots\" content=\"index, follow, max-snippet:-1, max-image-preview:large, max-video-preview:-1\" \/>\n<link rel=\"canonical\" href=\"https:\/\/www.psngiochi.space\/en\/product\/dragon-ball-xenoverse-2\/\" \/>\n<meta property=\"og:locale\" content=\"en_US\" \/>\n<meta property=\"og:type\" content=\"article\" \/>\n<meta property=\"og:title\" content=\"DRAGON BALL XENOVERSE 2 - Giochi Digitali PS4 e PS5\" \/>\n<meta property=\"og:description\" content=\"Sulla scia del successo di DRAGON BALL XENOVERSE, sta per arrivare DRAGON BALL XENOVERSE 2.\" \/>\n<meta property=\"og:url\" content=\"https:\/\/www.psngiochi.space\/en\/product\/dragon-ball-xenoverse-2\/\" \/>\n<meta property=\"og:site_name\" content=\"Giochi Digitali PS4 e PS5\" \/>\n<meta property=\"article:modified_time\" content=\"2020-06-12T16:19:21+00:00\" \/>\n<meta property=\"og:image\" content=\"https:\/\/www.psngiochi.space\/wp-content\/uploads\/2019\/11\/dragon-ball-xenoverse-2-psngiochispace-giochi-digitali-ps4-digital-games-ps4-cifrovye-igry-ps4.jpg\" \/>\n\t<meta property=\"og:image:width\" content=\"803\" \/>\n\t<meta property=\"og:image:height\" content=\"1000\" \/>\n\t<meta property=\"og:image:type\" content=\"image\/jpeg\" \/>\n<meta name=\"twitter:card\" content=\"summary_large_image\" \/>\n<meta name=\"twitter:label1\" content=\"Est. reading time\" \/>\n\t<meta name=\"twitter:data1\" content=\"1 minute\" \/>\n<script type=\"application\/ld+json\" class=\"yoast-schema-graph\">{\"@context\":\"https:\/\/schema.org\",\"@graph\":[{\"@type\":\"WebPage\",\"@id\":\"https:\/\/www.psngiochi.space\/en\/product\/dragon-ball-xenoverse-2\/\",\"url\":\"https:\/\/www.psngiochi.space\/en\/product\/dragon-ball-xenoverse-2\/\",\"name\":\"DRAGON BALL XENOVERSE 2 - Giochi Digitali PS4 e PS5\",\"isPartOf\":{\"@id\":\"https:\/\/www.psngiochi.space\/en\/#website\"},\"primaryImageOfPage\":{\"@id\":\"https:\/\/www.psngiochi.space\/en\/product\/dragon-ball-xenoverse-2\/#primaryimage\"},\"image\":{\"@id\":\"https:\/\/www.psngiochi.space\/en\/product\/dragon-ball-xenoverse-2\/#primaryimage\"},\"thumbnailUrl\":\"https:\/\/www.psngiochi.space\/wp-content\/uploads\/2019\/11\/dragon-ball-xenoverse-2-psngiochispace-giochi-digitali-ps4-digital-games-ps4-cifrovye-igry-ps4.jpg\",\"datePublished\":\"2019-11-09T18:43:34+00:00\",\"dateModified\":\"2020-06-12T16:19:21+00:00\",\"description\":\"Sulla scia del successo di DRAGON BALL XENOVERSE, sta per arrivare DRAGON BALL XENOVERSE 2.\",\"breadcrumb\":{\"@id\":\"https:\/\/www.psngiochi.space\/en\/product\/dragon-ball-xenoverse-2\/#breadcrumb\"},\"inLanguage\":\"en-US\",\"potentialAction\":[{\"@type\":\"ReadAction\",\"target\":[\"https:\/\/www.psngiochi.space\/en\/product\/dragon-ball-xenoverse-2\/\"]}]},{\"@type\":\"ImageObject\",\"inLanguage\":\"en-US\",\"@id\":\"https:\/\/www.psngiochi.space\/en\/product\/dragon-ball-xenoverse-2\/#primaryimage\",\"url\":\"https:\/\/www.psngiochi.space\/wp-content\/uploads\/2019\/11\/dragon-ball-xenoverse-2-psngiochispace-giochi-digitali-ps4-digital-games-ps4-cifrovye-igry-ps4.jpg\",\"contentUrl\":\"https:\/\/www.psngiochi.space\/wp-content\/uploads\/2019\/11\/dragon-ball-xenoverse-2-psngiochispace-giochi-digitali-ps4-digital-games-ps4-cifrovye-igry-ps4.jpg\",\"width\":803,\"height\":1000},{\"@type\":\"BreadcrumbList\",\"@id\":\"https:\/\/www.psngiochi.space\/en\/product\/dragon-ball-xenoverse-2\/#breadcrumb\",\"itemListElement\":[{\"@type\":\"ListItem\",\"position\":1,\"name\":\"Home\",\"item\":\"https:\/\/www.psngiochi.space\/en\/\"},{\"@type\":\"ListItem\",\"position\":2,\"name\":\"Negozio\",\"item\":\"https:\/\/www.psngiochi.space\/en\/negozio\/\"},{\"@type\":\"ListItem\",\"position\":3,\"name\":\"DRAGON BALL XENOVERSE 2\"}]},{\"@type\":\"WebSite\",\"@id\":\"https:\/\/www.psngiochi.space\/en\/#website\",\"url\":\"https:\/\/www.psngiochi.space\/en\/\",\"name\":\"Giochi Digitali PS4 e PS5\",\"description\":\"Noleggio di giochi, vendita di accounts\",\"potentialAction\":[{\"@type\":\"SearchAction\",\"target\":{\"@type\":\"EntryPoint\",\"urlTemplate\":\"https:\/\/www.psngiochi.space\/en\/?s={search_term_string}\"},\"query-input\":{\"@type\":\"PropertyValueSpecification\",\"valueRequired\":true,\"valueName\":\"search_term_string\"}}],\"inLanguage\":\"en-US\"}]}<\/script>\n<!-- \/ Yoast SEO plugin. -->","yoast_head_json":{"title":"DRAGON BALL XENOVERSE 2 - Giochi Digitali PS4 e PS5","description":"Sulla scia del successo di DRAGON BALL XENOVERSE, sta per arrivare DRAGON BALL XENOVERSE 2.","robots":{"index":"index","follow":"follow","max-snippet":"max-snippet:-1","max-image-preview":"max-image-preview:large","max-video-preview":"max-video-preview:-1"},"canonical":"https:\/\/www.psngiochi.space\/en\/product\/dragon-ball-xenoverse-2\/","og_locale":"en_US","og_type":"article","og_title":"DRAGON BALL XENOVERSE 2 - Giochi Digitali PS4 e PS5","og_description":"Sulla scia del successo di DRAGON BALL XENOVERSE, sta per arrivare DRAGON BALL XENOVERSE 2.","og_url":"https:\/\/www.psngiochi.space\/en\/product\/dragon-ball-xenoverse-2\/","og_site_name":"Giochi Digitali PS4 e PS5","article_modified_time":"2020-06-12T16:19:21+00:00","og_image":[{"width":803,"height":1000,"url":"https:\/\/www.psngiochi.space\/wp-content\/uploads\/2019\/11\/dragon-ball-xenoverse-2-psngiochispace-giochi-digitali-ps4-digital-games-ps4-cifrovye-igry-ps4.jpg","type":"image\/jpeg"}],"twitter_card":"summary_large_image","twitter_misc":{"Est. reading time":"1 minute"},"schema":{"@context":"https:\/\/schema.org","@graph":[{"@type":"WebPage","@id":"https:\/\/www.psngiochi.space\/en\/product\/dragon-ball-xenoverse-2\/","url":"https:\/\/www.psngiochi.space\/en\/product\/dragon-ball-xenoverse-2\/","name":"DRAGON BALL XENOVERSE 2 - Giochi Digitali PS4 e PS5","isPartOf":{"@id":"https:\/\/www.psngiochi.space\/en\/#website"},"primaryImageOfPage":{"@id":"https:\/\/www.psngiochi.space\/en\/product\/dragon-ball-xenoverse-2\/#primaryimage"},"image":{"@id":"https:\/\/www.psngiochi.space\/en\/product\/dragon-ball-xenoverse-2\/#primaryimage"},"thumbnailUrl":"https:\/\/www.psngiochi.space\/wp-content\/uploads\/2019\/11\/dragon-ball-xenoverse-2-psngiochispace-giochi-digitali-ps4-digital-games-ps4-cifrovye-igry-ps4.jpg","datePublished":"2019-11-09T18:43:34+00:00","dateModified":"2020-06-12T16:19:21+00:00","description":"Sulla scia del successo di DRAGON BALL XENOVERSE, sta per arrivare DRAGON BALL XENOVERSE 2.","breadcrumb":{"@id":"https:\/\/www.psngiochi.space\/en\/product\/dragon-ball-xenoverse-2\/#breadcrumb"},"inLanguage":"en-US","potentialAction":[{"@type":"ReadAction","target":["https:\/\/www.psngiochi.space\/en\/product\/dragon-ball-xenoverse-2\/"]}]},{"@type":"ImageObject","inLanguage":"en-US","@id":"https:\/\/www.psngiochi.space\/en\/product\/dragon-ball-xenoverse-2\/#primaryimage","url":"https:\/\/www.psngiochi.space\/wp-content\/uploads\/2019\/11\/dragon-ball-xenoverse-2-psngiochispace-giochi-digitali-ps4-digital-games-ps4-cifrovye-igry-ps4.jpg","contentUrl":"https:\/\/www.psngiochi.space\/wp-content\/uploads\/2019\/11\/dragon-ball-xenoverse-2-psngiochispace-giochi-digitali-ps4-digital-games-ps4-cifrovye-igry-ps4.jpg","width":803,"height":1000},{"@type":"BreadcrumbList","@id":"https:\/\/www.psngiochi.space\/en\/product\/dragon-ball-xenoverse-2\/#breadcrumb","itemListElement":[{"@type":"ListItem","position":1,"name":"Home","item":"https:\/\/www.psngiochi.space\/en\/"},{"@type":"ListItem","position":2,"name":"Negozio","item":"https:\/\/www.psngiochi.space\/en\/negozio\/"},{"@type":"ListItem","position":3,"name":"DRAGON BALL XENOVERSE 2"}]},{"@type":"WebSite","@id":"https:\/\/www.psngiochi.space\/en\/#website","url":"https:\/\/www.psngiochi.space\/en\/","name":"Giochi Digitali PS4 e PS5","description":"Noleggio di giochi, vendita di accounts","potentialAction":[{"@type":"SearchAction","target":{"@type":"EntryPoint","urlTemplate":"https:\/\/www.psngiochi.space\/en\/?s={search_term_string}"},"query-input":{"@type":"PropertyValueSpecification","valueRequired":true,"valueName":"search_term_string"}}],"inLanguage":"en-US"}]}},"_links":{"self":[{"href":"https:\/\/www.psngiochi.space\/en\/wp-json\/wp\/v2\/product\/8861","targetHints":{"allow":["GET"]}}],"collection":[{"href":"https:\/\/www.psngiochi.space\/en\/wp-json\/wp\/v2\/product"}],"about":[{"href":"https:\/\/www.psngiochi.space\/en\/wp-json\/wp\/v2\/types\/product"}],"replies":[{"embeddable":true,"href":"https:\/\/www.psngiochi.space\/en\/wp-json\/wp\/v2\/comments?post=8861"}],"wp:featuredmedia":[{"embeddable":true,"href":"https:\/\/www.psngiochi.space\/en\/wp-json\/wp\/v2\/media\/8862"}],"wp:attachment":[{"href":"https:\/\/www.psngiochi.space\/en\/wp-json\/wp\/v2\/media?parent=8861"}],"wp:term":[{"taxonomy":"product_cat","embeddable":true,"href":"https:\/\/www.psngiochi.space\/en\/wp-json\/wp\/v2\/product_cat?post=8861"},{"taxonomy":"product_tag","embeddable":true,"href":"https:\/\/www.psngiochi.space\/en\/wp-json\/wp\/v2\/product_tag?post=8861"}],"curies":[{"name":"wp","href":"https:\/\/api.w.org\/{rel}","templated":true}]}}