{"id":8413,"date":"2019-05-14T12:17:44","date_gmt":"2019-05-14T12:17:44","guid":{"rendered":"http:\/\/www.psngiochi.space\/?post_type=product&#038;p=8413"},"modified":"2024-06-29T01:16:10","modified_gmt":"2024-06-28T23:16:10","slug":"the-sinking-city","status":"publish","type":"product","link":"https:\/\/www.psngiochi.space\/en\/product\/the-sinking-city\/","title":{"rendered":"The Sinking City"},"content":{"rendered":"<p><span style=\"font-size: 14pt; color: #000000;\">The Sinking City \u00e8 un gioco di avventura e investigazione ambientato in un mondo aperto ispirato all'universo di H.P. Lovecraft, il maestro dell'horror. Oakmont \u00e8 una citt\u00e0 inondata, stretta nella morsa di forze soprannaturali. Tu sei l'investigatore privato che dovr\u00e0 scoprire cosa ha infestato la citt\u00e0\u2026 e le menti dei suoi abitanti.<\/span><\/p>\n<p><span style=\"font-size: 14pt; color: #000000;\">- Storia e ambientazione oppressive, ispirate all'universo di H.P. Lovecraft.<\/span><br \/>\n<span style=\"font-size: 14pt; color: #000000;\">- Un esteso mondo aperto esplorabile a piedi, in barca o in uno scafandro\u2026<\/span><br \/>\n<span style=\"font-size: 14pt; color: #000000;\">- Alto tasso di rigiocabilit\u00e0 grazie a un sistema di investigazione aperto: ogni caso pu\u00f2 essere risolto in modi diversi, con finali differenti in base alle tue scelte.<\/span><br \/>\n<span style=\"font-size: 14pt; color: #000000;\">- Un arsenale di armi degli anni '20 per affrontare creature da incubo.<\/span><br \/>\n<span style=\"font-size: 14pt; color: #000000;\">- Preserva la tua salute mentale per scoprire la verit\u00e0 che si cela dietro alla follia.<\/span><\/p>\n<p><span style=\"font-size: 14pt; color: #000000;\">Audio: inglese, russo<\/span><\/p>\n<p><span style=\"font-size: 14pt; color: #000000;\">Sottotitoli: inglese, italiano, russo<\/span><\/p>","protected":false},"excerpt":{"rendered":"<h5 class=\"provider-info__text\"><span class=\"provider-info__list-item\">Pubblicato\u00a027 Giu 2019<\/span><span class=\"provider-info__list-item\">\u00a0| Dimens. file: 12.44 GB |\u00a0 \u03365\u03369\u0336.\u03369\u03369\u0336<\/span><\/h5>\n<h3><span style=\"font-family: georgia, palatino, serif;\"><span style=\"color: #df1d1d;\">\u23f0 Rent for 15 days:<\/span><\/span><span style=\"color: #df1d1d;\">\u00a0<span style=\"font-size: 10pt; color: #333333;\">p<\/span><\/span><span style=\"font-family: georgia, palatino, serif; font-size: 10pt; color: #333333;\">ossibilita di giocare dal vostro account personale o sull account fornito (primario o secondario).<\/span><\/h3>\n<h3><span style=\"font-size: 10pt; color: #333333;\">Game for rent is one of the cheapest and most convenient ways to get a game.\u00a0<\/span><span style=\"font-size: 10pt; color: #333333;\">You can also extend the period if you have not finished the game.<\/span><\/h3>","protected":false},"featured_media":8414,"comment_status":"open","ping_status":"closed","template":"","meta":[],"product_cat":[122],"product_tag":[58,75],"class_list":{"0":"post-8413","1":"product","2":"type-product","3":"status-publish","4":"has-post-thumbnail","6":"product_cat-giochi-ps4-in-noleggio","7":"product_tag-avventura","8":"product_tag-azione","10":"first","11":"instock","12":"sale","13":"downloadable","14":"virtual","15":"purchasable","16":"product-type-simple"},"yoast_head":"<!-- This site is optimized with the Yoast SEO plugin v23.9 - https:\/\/yoast.com\/wordpress\/plugins\/seo\/ -->\n<title>The Sinking City - Giochi Digitali PS4 e PS5<\/title>\n<meta name=\"description\" content=\"Giochi Digitali PS4 in Noleggio. The Sinking City \u00e8 un gioco di avventura e investigazione ambientato in un mondo aperto ispirato all&#039;universo di H.P. Lovecraft, il maestro dell&#039;horror.\" \/>\n<meta name=\"robots\" content=\"index, follow, max-snippet:-1, max-image-preview:large, max-video-preview:-1\" \/>\n<link rel=\"canonical\" href=\"https:\/\/www.psngiochi.space\/en\/product\/the-sinking-city\/\" \/>\n<meta property=\"og:locale\" content=\"en_US\" \/>\n<meta property=\"og:type\" content=\"article\" \/>\n<meta property=\"og:title\" content=\"The Sinking City - Giochi Digitali PS4 e PS5\" \/>\n<meta property=\"og:description\" content=\"Giochi Digitali PS4 in Noleggio. The Sinking City \u00e8 un gioco di avventura e investigazione ambientato in un mondo aperto ispirato all&#039;universo di H.P. Lovecraft, il maestro dell&#039;horror.\" \/>\n<meta property=\"og:url\" content=\"https:\/\/www.psngiochi.space\/en\/product\/the-sinking-city\/\" \/>\n<meta property=\"og:site_name\" content=\"Giochi Digitali PS4 e PS5\" \/>\n<meta property=\"article:modified_time\" content=\"2024-06-28T23:16:10+00:00\" \/>\n<meta property=\"og:image\" content=\"https:\/\/www.psngiochi.space\/wp-content\/uploads\/2019\/05\/the-sinking-city-psngiochispace-giochi-digitali-ps4-digital-games-ps4-cifrovye-igry-ps4.jpg\" \/>\n\t<meta property=\"og:image:width\" content=\"803\" \/>\n\t<meta property=\"og:image:height\" content=\"1000\" \/>\n\t<meta property=\"og:image:type\" content=\"image\/jpeg\" \/>\n<meta name=\"twitter:card\" content=\"summary_large_image\" \/>\n<meta name=\"twitter:label1\" content=\"Est. reading time\" \/>\n\t<meta name=\"twitter:data1\" content=\"1 minute\" \/>\n<script type=\"application\/ld+json\" class=\"yoast-schema-graph\">{\"@context\":\"https:\/\/schema.org\",\"@graph\":[{\"@type\":\"WebPage\",\"@id\":\"https:\/\/www.psngiochi.space\/en\/product\/the-sinking-city\/\",\"url\":\"https:\/\/www.psngiochi.space\/en\/product\/the-sinking-city\/\",\"name\":\"The Sinking City - Giochi Digitali PS4 e PS5\",\"isPartOf\":{\"@id\":\"https:\/\/www.psngiochi.space\/en\/#website\"},\"primaryImageOfPage\":{\"@id\":\"https:\/\/www.psngiochi.space\/en\/product\/the-sinking-city\/#primaryimage\"},\"image\":{\"@id\":\"https:\/\/www.psngiochi.space\/en\/product\/the-sinking-city\/#primaryimage\"},\"thumbnailUrl\":\"https:\/\/www.psngiochi.space\/wp-content\/uploads\/2019\/05\/the-sinking-city-psngiochispace-giochi-digitali-ps4-digital-games-ps4-cifrovye-igry-ps4.jpg\",\"datePublished\":\"2019-05-14T12:17:44+00:00\",\"dateModified\":\"2024-06-28T23:16:10+00:00\",\"description\":\"Giochi Digitali PS4 in Noleggio. The Sinking City \u00e8 un gioco di avventura e investigazione ambientato in un mondo aperto ispirato all'universo di H.P. Lovecraft, il maestro dell'horror.\",\"breadcrumb\":{\"@id\":\"https:\/\/www.psngiochi.space\/en\/product\/the-sinking-city\/#breadcrumb\"},\"inLanguage\":\"en-US\",\"potentialAction\":[{\"@type\":\"ReadAction\",\"target\":[\"https:\/\/www.psngiochi.space\/en\/product\/the-sinking-city\/\"]}]},{\"@type\":\"ImageObject\",\"inLanguage\":\"en-US\",\"@id\":\"https:\/\/www.psngiochi.space\/en\/product\/the-sinking-city\/#primaryimage\",\"url\":\"https:\/\/www.psngiochi.space\/wp-content\/uploads\/2019\/05\/the-sinking-city-psngiochispace-giochi-digitali-ps4-digital-games-ps4-cifrovye-igry-ps4.jpg\",\"contentUrl\":\"https:\/\/www.psngiochi.space\/wp-content\/uploads\/2019\/05\/the-sinking-city-psngiochispace-giochi-digitali-ps4-digital-games-ps4-cifrovye-igry-ps4.jpg\",\"width\":803,\"height\":1000},{\"@type\":\"BreadcrumbList\",\"@id\":\"https:\/\/www.psngiochi.space\/en\/product\/the-sinking-city\/#breadcrumb\",\"itemListElement\":[{\"@type\":\"ListItem\",\"position\":1,\"name\":\"Home\",\"item\":\"https:\/\/www.psngiochi.space\/en\/\"},{\"@type\":\"ListItem\",\"position\":2,\"name\":\"Negozio\",\"item\":\"https:\/\/www.psngiochi.space\/en\/negozio\/\"},{\"@type\":\"ListItem\",\"position\":3,\"name\":\"The Sinking City\"}]},{\"@type\":\"WebSite\",\"@id\":\"https:\/\/www.psngiochi.space\/en\/#website\",\"url\":\"https:\/\/www.psngiochi.space\/en\/\",\"name\":\"Giochi Digitali PS4 e PS5\",\"description\":\"Noleggio di giochi, vendita di accounts\",\"potentialAction\":[{\"@type\":\"SearchAction\",\"target\":{\"@type\":\"EntryPoint\",\"urlTemplate\":\"https:\/\/www.psngiochi.space\/en\/?s={search_term_string}\"},\"query-input\":{\"@type\":\"PropertyValueSpecification\",\"valueRequired\":true,\"valueName\":\"search_term_string\"}}],\"inLanguage\":\"en-US\"}]}<\/script>\n<!-- \/ Yoast SEO plugin. -->","yoast_head_json":{"title":"The Sinking City - Giochi Digitali PS4 e PS5","description":"Giochi Digitali PS4 in Noleggio. The Sinking City \u00e8 un gioco di avventura e investigazione ambientato in un mondo aperto ispirato all'universo di H.P. Lovecraft, il maestro dell'horror.","robots":{"index":"index","follow":"follow","max-snippet":"max-snippet:-1","max-image-preview":"max-image-preview:large","max-video-preview":"max-video-preview:-1"},"canonical":"https:\/\/www.psngiochi.space\/en\/product\/the-sinking-city\/","og_locale":"en_US","og_type":"article","og_title":"The Sinking City - Giochi Digitali PS4 e PS5","og_description":"Giochi Digitali PS4 in Noleggio. The Sinking City \u00e8 un gioco di avventura e investigazione ambientato in un mondo aperto ispirato all'universo di H.P. Lovecraft, il maestro dell'horror.","og_url":"https:\/\/www.psngiochi.space\/en\/product\/the-sinking-city\/","og_site_name":"Giochi Digitali PS4 e PS5","article_modified_time":"2024-06-28T23:16:10+00:00","og_image":[{"width":803,"height":1000,"url":"https:\/\/www.psngiochi.space\/wp-content\/uploads\/2019\/05\/the-sinking-city-psngiochispace-giochi-digitali-ps4-digital-games-ps4-cifrovye-igry-ps4.jpg","type":"image\/jpeg"}],"twitter_card":"summary_large_image","twitter_misc":{"Est. reading time":"1 minute"},"schema":{"@context":"https:\/\/schema.org","@graph":[{"@type":"WebPage","@id":"https:\/\/www.psngiochi.space\/en\/product\/the-sinking-city\/","url":"https:\/\/www.psngiochi.space\/en\/product\/the-sinking-city\/","name":"The Sinking City - Giochi Digitali PS4 e PS5","isPartOf":{"@id":"https:\/\/www.psngiochi.space\/en\/#website"},"primaryImageOfPage":{"@id":"https:\/\/www.psngiochi.space\/en\/product\/the-sinking-city\/#primaryimage"},"image":{"@id":"https:\/\/www.psngiochi.space\/en\/product\/the-sinking-city\/#primaryimage"},"thumbnailUrl":"https:\/\/www.psngiochi.space\/wp-content\/uploads\/2019\/05\/the-sinking-city-psngiochispace-giochi-digitali-ps4-digital-games-ps4-cifrovye-igry-ps4.jpg","datePublished":"2019-05-14T12:17:44+00:00","dateModified":"2024-06-28T23:16:10+00:00","description":"Giochi Digitali PS4 in Noleggio. The Sinking City \u00e8 un gioco di avventura e investigazione ambientato in un mondo aperto ispirato all'universo di H.P. Lovecraft, il maestro dell'horror.","breadcrumb":{"@id":"https:\/\/www.psngiochi.space\/en\/product\/the-sinking-city\/#breadcrumb"},"inLanguage":"en-US","potentialAction":[{"@type":"ReadAction","target":["https:\/\/www.psngiochi.space\/en\/product\/the-sinking-city\/"]}]},{"@type":"ImageObject","inLanguage":"en-US","@id":"https:\/\/www.psngiochi.space\/en\/product\/the-sinking-city\/#primaryimage","url":"https:\/\/www.psngiochi.space\/wp-content\/uploads\/2019\/05\/the-sinking-city-psngiochispace-giochi-digitali-ps4-digital-games-ps4-cifrovye-igry-ps4.jpg","contentUrl":"https:\/\/www.psngiochi.space\/wp-content\/uploads\/2019\/05\/the-sinking-city-psngiochispace-giochi-digitali-ps4-digital-games-ps4-cifrovye-igry-ps4.jpg","width":803,"height":1000},{"@type":"BreadcrumbList","@id":"https:\/\/www.psngiochi.space\/en\/product\/the-sinking-city\/#breadcrumb","itemListElement":[{"@type":"ListItem","position":1,"name":"Home","item":"https:\/\/www.psngiochi.space\/en\/"},{"@type":"ListItem","position":2,"name":"Negozio","item":"https:\/\/www.psngiochi.space\/en\/negozio\/"},{"@type":"ListItem","position":3,"name":"The Sinking City"}]},{"@type":"WebSite","@id":"https:\/\/www.psngiochi.space\/en\/#website","url":"https:\/\/www.psngiochi.space\/en\/","name":"Giochi Digitali PS4 e PS5","description":"Noleggio di giochi, vendita di accounts","potentialAction":[{"@type":"SearchAction","target":{"@type":"EntryPoint","urlTemplate":"https:\/\/www.psngiochi.space\/en\/?s={search_term_string}"},"query-input":{"@type":"PropertyValueSpecification","valueRequired":true,"valueName":"search_term_string"}}],"inLanguage":"en-US"}]}},"_links":{"self":[{"href":"https:\/\/www.psngiochi.space\/en\/wp-json\/wp\/v2\/product\/8413","targetHints":{"allow":["GET"]}}],"collection":[{"href":"https:\/\/www.psngiochi.space\/en\/wp-json\/wp\/v2\/product"}],"about":[{"href":"https:\/\/www.psngiochi.space\/en\/wp-json\/wp\/v2\/types\/product"}],"replies":[{"embeddable":true,"href":"https:\/\/www.psngiochi.space\/en\/wp-json\/wp\/v2\/comments?post=8413"}],"wp:featuredmedia":[{"embeddable":true,"href":"https:\/\/www.psngiochi.space\/en\/wp-json\/wp\/v2\/media\/8414"}],"wp:attachment":[{"href":"https:\/\/www.psngiochi.space\/en\/wp-json\/wp\/v2\/media?parent=8413"}],"wp:term":[{"taxonomy":"product_cat","embeddable":true,"href":"https:\/\/www.psngiochi.space\/en\/wp-json\/wp\/v2\/product_cat?post=8413"},{"taxonomy":"product_tag","embeddable":true,"href":"https:\/\/www.psngiochi.space\/en\/wp-json\/wp\/v2\/product_tag?post=8413"}],"curies":[{"name":"wp","href":"https:\/\/api.w.org\/{rel}","templated":true}]}}