{"id":7574,"date":"2019-01-21T21:54:54","date_gmt":"2019-01-21T21:54:54","guid":{"rendered":"http:\/\/www.psngiochi.space\/?post_type=product&#038;p=7574"},"modified":"2020-04-19T17:09:30","modified_gmt":"2020-04-19T17:09:30","slug":"life-is-strange-before-the-storm-complete-season","status":"publish","type":"product","link":"https:\/\/www.psngiochi.space\/en\/product\/life-is-strange-before-the-storm-complete-season\/","title":{"rendered":"Life is Strange: Before the Storm Complete Season"},"content":{"rendered":"<p><span style=\"font-size: 14pt; color: #000000;\">La stagione completa (Episodi 1, 2 e 3).<\/span><\/p>\n<p><span style=\"font-size: 14pt; color: #000000;\">Life is Strange: Before the Storm ha come protagonista una Chloe Price sedicenne che stringe un'improbabile amicizia con Rachel Amber, una ragazza bellissima e popolare. Quando la vita di Rachel viene stravolta da un segreto della sua famiglia, questa nuova amicizia sar\u00e0 ci\u00f2 che dar\u00e0 forza a entrambe per sconfiggere i propri demoni.<\/span><\/p>\n<p><span style=\"font-size: 14pt; color: #000000;\">Key Features:<\/span><br \/>\n<span style=\"font-size: 14pt; color: #000000;\">\u2022 Avventura narrativa con scelte e conseguenze<\/span><br \/>\n<span style=\"font-size: 14pt; color: #000000;\">\u2022 Finali multipli che dipendono dalle scelte effettuate<\/span><br \/>\n<span style=\"font-size: 14pt; color: #000000;\">\u2022 'Insolenza': una modalit\u00e0 di conversazione rischio\/ricompensa in cui Chloe provoca e cerca di ottenere ci\u00f2 che vuole<\/span><br \/>\n<span style=\"font-size: 14pt; color: #000000;\">\u2022 Lascia il segno con graffiti ingegnosi<\/span><br \/>\n<span style=\"font-size: 14pt; color: #000000;\">\u2022 Scegli gli abiti di Chloe e osserva le reazioni della gente<\/span><br \/>\n<span style=\"font-size: 14pt; color: #000000;\">\u2022 Colonna sonora originale indie e musiche originali di Daughter.<\/span><\/p>\n<p><span style=\"font-size: 14pt; color: #000000;\">Audio: inglese<\/span><\/p>\n<p><span style=\"font-size: 14pt; color: #000000;\">Sottotitoli: inglese, italiano<\/span><\/p>","protected":false},"excerpt":{"rendered":"<h5 class=\"provider-info__text\"><span class=\"provider-info__list-item\">Pubblicato\u00a031 Ago 2017<\/span><span class=\"provider-info__list-item\">\u00a0| Dimens. file: 5.11 GB <\/span><span class=\"provider-info__list-item\">|\u00a0 \u03361\u03366\u0336.\u03369\u03369\u0336<\/span><\/h5>\n<h3><span style=\"font-family: georgia, palatino, serif;\"><span style=\"color: #df1d1d;\">\u23f0 Rent for 10 days:<\/span><\/span><span style=\"color: #df1d1d;\">\u00a0<span style=\"font-size: 10pt; color: #333333;\">p<\/span><\/span><span style=\"font-family: georgia, palatino, serif; font-size: 10pt; color: #333333;\">ossibilita di giocare dal vostro account personale o sull account fornito (primario o secondario).<\/span><\/h3>\n<h3><span style=\"font-size: 10pt; color: #333333;\">Game for rent is one of the cheapest and most convenient ways to get a game.\u00a0<\/span><span style=\"font-size: 10pt; color: #333333;\">You can also extend the period if you have not finished the game.<\/span><\/h3>","protected":false},"featured_media":7575,"comment_status":"open","ping_status":"closed","template":"","meta":[],"product_cat":[122],"product_tag":[75],"class_list":{"0":"post-7574","1":"product","2":"type-product","3":"status-publish","4":"has-post-thumbnail","6":"product_cat-giochi-ps4-in-noleggio","7":"product_tag-azione","9":"first","10":"instock","11":"downloadable","12":"virtual","13":"purchasable","14":"product-type-simple"},"yoast_head":"<!-- This site is optimized with the Yoast SEO plugin v23.9 - https:\/\/yoast.com\/wordpress\/plugins\/seo\/ -->\n<title>Life is Strange: Before the Storm Complete Season - Giochi Digitali PS4 e PS5<\/title>\n<meta name=\"description\" content=\"Giochi Digitali PS4 in Noleggio. Life is Strange: Before the Storm ha come protagonista una Chloe Price sedicenne che stringe un&#039;improbabile amicizia con Rachel Amber.\" \/>\n<meta name=\"robots\" content=\"index, follow, max-snippet:-1, max-image-preview:large, max-video-preview:-1\" \/>\n<link rel=\"canonical\" href=\"https:\/\/www.psngiochi.space\/en\/product\/life-is-strange-before-the-storm-complete-season\/\" \/>\n<meta property=\"og:locale\" content=\"en_US\" \/>\n<meta property=\"og:type\" content=\"article\" \/>\n<meta property=\"og:title\" content=\"Life is Strange: Before the Storm Complete Season - Giochi Digitali PS4 e PS5\" \/>\n<meta property=\"og:description\" content=\"Giochi Digitali PS4 in Noleggio. Life is Strange: Before the Storm ha come protagonista una Chloe Price sedicenne che stringe un&#039;improbabile amicizia con Rachel Amber.\" \/>\n<meta property=\"og:url\" content=\"https:\/\/www.psngiochi.space\/en\/product\/life-is-strange-before-the-storm-complete-season\/\" \/>\n<meta property=\"og:site_name\" content=\"Giochi Digitali PS4 e PS5\" \/>\n<meta property=\"article:modified_time\" content=\"2020-04-19T17:09:30+00:00\" \/>\n<meta property=\"og:image\" content=\"https:\/\/www.psngiochi.space\/wp-content\/uploads\/2019\/01\/life-is-strange-before-the-storm-stagione-completa-noleggio-score-rating.png\" \/>\n\t<meta property=\"og:image:width\" content=\"375\" \/>\n\t<meta property=\"og:image:height\" content=\"375\" \/>\n\t<meta property=\"og:image:type\" content=\"image\/png\" \/>\n<meta name=\"twitter:card\" content=\"summary_large_image\" \/>\n<meta name=\"twitter:label1\" content=\"Est. reading time\" \/>\n\t<meta name=\"twitter:data1\" content=\"1 minute\" \/>\n<script type=\"application\/ld+json\" class=\"yoast-schema-graph\">{\"@context\":\"https:\/\/schema.org\",\"@graph\":[{\"@type\":\"WebPage\",\"@id\":\"https:\/\/www.psngiochi.space\/en\/product\/life-is-strange-before-the-storm-complete-season\/\",\"url\":\"https:\/\/www.psngiochi.space\/en\/product\/life-is-strange-before-the-storm-complete-season\/\",\"name\":\"Life is Strange: Before the Storm Complete Season - Giochi Digitali PS4 e PS5\",\"isPartOf\":{\"@id\":\"https:\/\/www.psngiochi.space\/en\/#website\"},\"primaryImageOfPage\":{\"@id\":\"https:\/\/www.psngiochi.space\/en\/product\/life-is-strange-before-the-storm-complete-season\/#primaryimage\"},\"image\":{\"@id\":\"https:\/\/www.psngiochi.space\/en\/product\/life-is-strange-before-the-storm-complete-season\/#primaryimage\"},\"thumbnailUrl\":\"https:\/\/www.psngiochi.space\/wp-content\/uploads\/2019\/01\/life-is-strange-before-the-storm-stagione-completa-noleggio-score-rating.png\",\"datePublished\":\"2019-01-21T21:54:54+00:00\",\"dateModified\":\"2020-04-19T17:09:30+00:00\",\"description\":\"Giochi Digitali PS4 in Noleggio. Life is Strange: Before the Storm ha come protagonista una Chloe Price sedicenne che stringe un'improbabile amicizia con Rachel Amber.\",\"breadcrumb\":{\"@id\":\"https:\/\/www.psngiochi.space\/en\/product\/life-is-strange-before-the-storm-complete-season\/#breadcrumb\"},\"inLanguage\":\"en-US\",\"potentialAction\":[{\"@type\":\"ReadAction\",\"target\":[\"https:\/\/www.psngiochi.space\/en\/product\/life-is-strange-before-the-storm-complete-season\/\"]}]},{\"@type\":\"ImageObject\",\"inLanguage\":\"en-US\",\"@id\":\"https:\/\/www.psngiochi.space\/en\/product\/life-is-strange-before-the-storm-complete-season\/#primaryimage\",\"url\":\"https:\/\/www.psngiochi.space\/wp-content\/uploads\/2019\/01\/life-is-strange-before-the-storm-stagione-completa-noleggio-score-rating.png\",\"contentUrl\":\"https:\/\/www.psngiochi.space\/wp-content\/uploads\/2019\/01\/life-is-strange-before-the-storm-stagione-completa-noleggio-score-rating.png\",\"width\":375,\"height\":375},{\"@type\":\"BreadcrumbList\",\"@id\":\"https:\/\/www.psngiochi.space\/en\/product\/life-is-strange-before-the-storm-complete-season\/#breadcrumb\",\"itemListElement\":[{\"@type\":\"ListItem\",\"position\":1,\"name\":\"Home\",\"item\":\"https:\/\/www.psngiochi.space\/en\/\"},{\"@type\":\"ListItem\",\"position\":2,\"name\":\"Negozio\",\"item\":\"https:\/\/www.psngiochi.space\/en\/negozio\/\"},{\"@type\":\"ListItem\",\"position\":3,\"name\":\"Life is Strange: Before the Storm Complete Season\"}]},{\"@type\":\"WebSite\",\"@id\":\"https:\/\/www.psngiochi.space\/en\/#website\",\"url\":\"https:\/\/www.psngiochi.space\/en\/\",\"name\":\"Giochi Digitali PS4 e PS5\",\"description\":\"Noleggio di giochi, vendita di accounts\",\"potentialAction\":[{\"@type\":\"SearchAction\",\"target\":{\"@type\":\"EntryPoint\",\"urlTemplate\":\"https:\/\/www.psngiochi.space\/en\/?s={search_term_string}\"},\"query-input\":{\"@type\":\"PropertyValueSpecification\",\"valueRequired\":true,\"valueName\":\"search_term_string\"}}],\"inLanguage\":\"en-US\"}]}<\/script>\n<!-- \/ Yoast SEO plugin. -->","yoast_head_json":{"title":"Life is Strange: Before the Storm Complete Season - Giochi Digitali PS4 e PS5","description":"Giochi Digitali PS4 in Noleggio. Life is Strange: Before the Storm ha come protagonista una Chloe Price sedicenne che stringe un'improbabile amicizia con Rachel Amber.","robots":{"index":"index","follow":"follow","max-snippet":"max-snippet:-1","max-image-preview":"max-image-preview:large","max-video-preview":"max-video-preview:-1"},"canonical":"https:\/\/www.psngiochi.space\/en\/product\/life-is-strange-before-the-storm-complete-season\/","og_locale":"en_US","og_type":"article","og_title":"Life is Strange: Before the Storm Complete Season - Giochi Digitali PS4 e PS5","og_description":"Giochi Digitali PS4 in Noleggio. Life is Strange: Before the Storm ha come protagonista una Chloe Price sedicenne che stringe un'improbabile amicizia con Rachel Amber.","og_url":"https:\/\/www.psngiochi.space\/en\/product\/life-is-strange-before-the-storm-complete-season\/","og_site_name":"Giochi Digitali PS4 e PS5","article_modified_time":"2020-04-19T17:09:30+00:00","og_image":[{"width":375,"height":375,"url":"https:\/\/www.psngiochi.space\/wp-content\/uploads\/2019\/01\/life-is-strange-before-the-storm-stagione-completa-noleggio-score-rating.png","type":"image\/png"}],"twitter_card":"summary_large_image","twitter_misc":{"Est. reading time":"1 minute"},"schema":{"@context":"https:\/\/schema.org","@graph":[{"@type":"WebPage","@id":"https:\/\/www.psngiochi.space\/en\/product\/life-is-strange-before-the-storm-complete-season\/","url":"https:\/\/www.psngiochi.space\/en\/product\/life-is-strange-before-the-storm-complete-season\/","name":"Life is Strange: Before the Storm Complete Season - Giochi Digitali PS4 e PS5","isPartOf":{"@id":"https:\/\/www.psngiochi.space\/en\/#website"},"primaryImageOfPage":{"@id":"https:\/\/www.psngiochi.space\/en\/product\/life-is-strange-before-the-storm-complete-season\/#primaryimage"},"image":{"@id":"https:\/\/www.psngiochi.space\/en\/product\/life-is-strange-before-the-storm-complete-season\/#primaryimage"},"thumbnailUrl":"https:\/\/www.psngiochi.space\/wp-content\/uploads\/2019\/01\/life-is-strange-before-the-storm-stagione-completa-noleggio-score-rating.png","datePublished":"2019-01-21T21:54:54+00:00","dateModified":"2020-04-19T17:09:30+00:00","description":"Giochi Digitali PS4 in Noleggio. Life is Strange: Before the Storm ha come protagonista una Chloe Price sedicenne che stringe un'improbabile amicizia con Rachel Amber.","breadcrumb":{"@id":"https:\/\/www.psngiochi.space\/en\/product\/life-is-strange-before-the-storm-complete-season\/#breadcrumb"},"inLanguage":"en-US","potentialAction":[{"@type":"ReadAction","target":["https:\/\/www.psngiochi.space\/en\/product\/life-is-strange-before-the-storm-complete-season\/"]}]},{"@type":"ImageObject","inLanguage":"en-US","@id":"https:\/\/www.psngiochi.space\/en\/product\/life-is-strange-before-the-storm-complete-season\/#primaryimage","url":"https:\/\/www.psngiochi.space\/wp-content\/uploads\/2019\/01\/life-is-strange-before-the-storm-stagione-completa-noleggio-score-rating.png","contentUrl":"https:\/\/www.psngiochi.space\/wp-content\/uploads\/2019\/01\/life-is-strange-before-the-storm-stagione-completa-noleggio-score-rating.png","width":375,"height":375},{"@type":"BreadcrumbList","@id":"https:\/\/www.psngiochi.space\/en\/product\/life-is-strange-before-the-storm-complete-season\/#breadcrumb","itemListElement":[{"@type":"ListItem","position":1,"name":"Home","item":"https:\/\/www.psngiochi.space\/en\/"},{"@type":"ListItem","position":2,"name":"Negozio","item":"https:\/\/www.psngiochi.space\/en\/negozio\/"},{"@type":"ListItem","position":3,"name":"Life is Strange: Before the Storm Complete Season"}]},{"@type":"WebSite","@id":"https:\/\/www.psngiochi.space\/en\/#website","url":"https:\/\/www.psngiochi.space\/en\/","name":"Giochi Digitali PS4 e PS5","description":"Noleggio di giochi, vendita di accounts","potentialAction":[{"@type":"SearchAction","target":{"@type":"EntryPoint","urlTemplate":"https:\/\/www.psngiochi.space\/en\/?s={search_term_string}"},"query-input":{"@type":"PropertyValueSpecification","valueRequired":true,"valueName":"search_term_string"}}],"inLanguage":"en-US"}]}},"_links":{"self":[{"href":"https:\/\/www.psngiochi.space\/en\/wp-json\/wp\/v2\/product\/7574","targetHints":{"allow":["GET"]}}],"collection":[{"href":"https:\/\/www.psngiochi.space\/en\/wp-json\/wp\/v2\/product"}],"about":[{"href":"https:\/\/www.psngiochi.space\/en\/wp-json\/wp\/v2\/types\/product"}],"replies":[{"embeddable":true,"href":"https:\/\/www.psngiochi.space\/en\/wp-json\/wp\/v2\/comments?post=7574"}],"wp:featuredmedia":[{"embeddable":true,"href":"https:\/\/www.psngiochi.space\/en\/wp-json\/wp\/v2\/media\/7575"}],"wp:attachment":[{"href":"https:\/\/www.psngiochi.space\/en\/wp-json\/wp\/v2\/media?parent=7574"}],"wp:term":[{"taxonomy":"product_cat","embeddable":true,"href":"https:\/\/www.psngiochi.space\/en\/wp-json\/wp\/v2\/product_cat?post=7574"},{"taxonomy":"product_tag","embeddable":true,"href":"https:\/\/www.psngiochi.space\/en\/wp-json\/wp\/v2\/product_tag?post=7574"}],"curies":[{"name":"wp","href":"https:\/\/api.w.org\/{rel}","templated":true}]}}