{"id":6895,"date":"2018-12-06T06:17:23","date_gmt":"2018-12-06T06:17:23","guid":{"rendered":"http:\/\/www.psngiochi.space\/?post_type=product&#038;p=6895"},"modified":"2021-03-24T17:51:44","modified_gmt":"2021-03-24T17:51:44","slug":"project-cars","status":"publish","type":"product","link":"https:\/\/www.psngiochi.space\/en\/product\/project-cars\/","title":{"rendered":"Project CARS"},"content":{"rendered":"<p><span style=\"font-size: 14pt; color: #000000;\">Project CARS \u00e8 l'esperienza di guida definitiva!\u00a0<\/span><\/p>\n<p><span style=\"font-size: 14pt; color: #000000;\">L'edizione digitale di Project CARS include il DLC edizione limitata, con 5 leggendarie auto in tutte le modalit\u00e0 di gioco e in speciali campionati monomarca nella carriera!<\/span><\/p>\n<p><span style=\"font-size: 14pt; color: #000000;\">\u2022 Ford GT40 Mk IV<\/span><br \/>\n<span style=\"font-size: 14pt; color: #000000;\">\u2022 BMW M1 Pro Car<\/span><br \/>\n<span style=\"font-size: 14pt; color: #000000;\">\u2022 McLaren F1<\/span><br \/>\n<span style=\"font-size: 14pt; color: #000000;\">\u2022 Sauber C9<\/span><br \/>\n<span style=\"font-size: 14pt; color: #000000;\">\u2022 Mercedes-Benz AMG C-Coupe DTM<\/span><\/p>\n<p><span style=\"font-size: 14pt; color: #000000;\">Guidato, testato e approvato da una community di appassionati dei giochi di corsa e di veri piloti, Project CARS \u00e8 la nuova generazione delle simulazioni di guida, punto d'incontro fra desideri dei giocatori ed esperienza degli sviluppatori.<\/span><\/p>\n<p><span style=\"font-size: 14pt; color: #000000;\">Vivi un'esperienza coinvolgente, con una grafica di prima classe e una manovrabilit\u00e0 perfetta. Crea un pilota, scegli fra vari sport motoristici nella modalit\u00e0 carriera e scrivi la tua storia nella modalit\u00e0 multigiocatore online.<\/span><\/p>\n<p><span style=\"font-size: 14pt; color: #000000;\">Project CARS, con la pi\u00f9 vasta scelta di tracciati, uno straordinario sistema meteo dinamico, ciclo del giorno, funzioni di elaborazione e soste ai box, fa mangiare la polvere a tutti i rivali.<\/span><\/p>\n<p><span style=\"font-size: 14pt; color: #000000;\">Audio: inglese<\/span><\/p>\n<p><span style=\"font-size: 14pt; color: #000000;\">Sottotitoli: inglese<\/span><\/p>","protected":false},"excerpt":{"rendered":"<h5 class=\"provider-info__text\"><span class=\"provider-info__list-item\">Pubblicato\u00a07 Mag 2015<\/span><span class=\"provider-info__list-item\">\u00a0| Dimens. file: 19.09 GB |\u00a0 \u03361\u03369\u0336.\u03369\u03369<\/span><\/h5>\n<h3><span style=\"font-family: georgia, palatino, serif;\"><span style=\"color: #df1d1d;\">\u23f0 Rent for 15 days:<\/span><\/span><span style=\"color: #df1d1d;\">\u00a0<span style=\"font-size: 10pt; color: #333333;\">p<\/span><\/span><span style=\"font-family: georgia, palatino, serif; font-size: 10pt; color: #333333;\">ossibilita di giocare dal vostro account personale o sull account fornito (primario o secondario).<\/span><\/h3>\n<h3><span style=\"font-size: 10pt; color: #333333;\">Game for rent is one of the cheapest and most convenient ways to get a game.\u00a0<\/span><span style=\"font-size: 10pt; color: #333333;\">You can also extend the period if you have not finished the game.<\/span><\/h3>","protected":false},"featured_media":8159,"comment_status":"open","ping_status":"closed","template":"","meta":[],"product_cat":[122,121],"product_tag":[76],"class_list":{"0":"post-6895","1":"product","2":"type-product","3":"status-publish","4":"has-post-thumbnail","6":"product_cat-giochi-ps4-in-noleggio","7":"product_cat-playstation-hits","8":"product_tag-gara","10":"first","11":"instock","12":"downloadable","13":"virtual","14":"purchasable","15":"product-type-simple"},"yoast_head":"<!-- This site is optimized with the Yoast SEO plugin v23.9 - https:\/\/yoast.com\/wordpress\/plugins\/seo\/ -->\n<title>Project CARS - Giochi Digitali PS4 e PS5<\/title>\n<meta name=\"description\" content=\"Giochi Digitali PS4 in Noleggio. Project CARS \u00e8 l&#039;esperienza di guida definitiva!\" \/>\n<meta name=\"robots\" content=\"index, follow, max-snippet:-1, max-image-preview:large, max-video-preview:-1\" \/>\n<link rel=\"canonical\" href=\"https:\/\/www.psngiochi.space\/en\/product\/project-cars\/\" \/>\n<meta property=\"og:locale\" content=\"en_US\" \/>\n<meta property=\"og:type\" content=\"article\" \/>\n<meta property=\"og:title\" content=\"Project CARS - Giochi Digitali PS4 e PS5\" \/>\n<meta property=\"og:description\" content=\"Giochi Digitali PS4 in Noleggio. Project CARS \u00e8 l&#039;esperienza di guida definitiva!\" \/>\n<meta property=\"og:url\" content=\"https:\/\/www.psngiochi.space\/en\/product\/project-cars\/\" \/>\n<meta property=\"og:site_name\" content=\"Giochi Digitali PS4 e PS5\" \/>\n<meta property=\"article:modified_time\" content=\"2021-03-24T17:51:44+00:00\" \/>\n<meta property=\"og:image\" content=\"https:\/\/www.psngiochi.space\/wp-content\/uploads\/2018\/12\/project-cars-psngiochispace-giochidigitalips4.png\" \/>\n\t<meta property=\"og:image:width\" content=\"375\" \/>\n\t<meta property=\"og:image:height\" content=\"375\" \/>\n\t<meta property=\"og:image:type\" content=\"image\/png\" \/>\n<meta name=\"twitter:card\" content=\"summary_large_image\" \/>\n<meta name=\"twitter:label1\" content=\"Est. reading time\" \/>\n\t<meta name=\"twitter:data1\" content=\"1 minute\" \/>\n<script type=\"application\/ld+json\" class=\"yoast-schema-graph\">{\"@context\":\"https:\/\/schema.org\",\"@graph\":[{\"@type\":\"WebPage\",\"@id\":\"https:\/\/www.psngiochi.space\/it\/product\/project-cars\/\",\"url\":\"https:\/\/www.psngiochi.space\/it\/product\/project-cars\/\",\"name\":\"Project CARS - Giochi Digitali PS4 e PS5\",\"isPartOf\":{\"@id\":\"https:\/\/www.psngiochi.space\/en\/#website\"},\"primaryImageOfPage\":{\"@id\":\"https:\/\/www.psngiochi.space\/it\/product\/project-cars\/#primaryimage\"},\"image\":{\"@id\":\"https:\/\/www.psngiochi.space\/it\/product\/project-cars\/#primaryimage\"},\"thumbnailUrl\":\"https:\/\/www.psngiochi.space\/wp-content\/uploads\/2018\/12\/project-cars-psngiochispace-giochidigitalips4.png\",\"datePublished\":\"2018-12-06T06:17:23+00:00\",\"dateModified\":\"2021-03-24T17:51:44+00:00\",\"description\":\"Giochi Digitali PS4 in Noleggio. Project CARS \u00e8 l'esperienza di guida definitiva!\",\"breadcrumb\":{\"@id\":\"https:\/\/www.psngiochi.space\/it\/product\/project-cars\/#breadcrumb\"},\"inLanguage\":\"en-US\",\"potentialAction\":[{\"@type\":\"ReadAction\",\"target\":[\"https:\/\/www.psngiochi.space\/it\/product\/project-cars\/\"]}]},{\"@type\":\"ImageObject\",\"inLanguage\":\"en-US\",\"@id\":\"https:\/\/www.psngiochi.space\/it\/product\/project-cars\/#primaryimage\",\"url\":\"https:\/\/www.psngiochi.space\/wp-content\/uploads\/2018\/12\/project-cars-psngiochispace-giochidigitalips4.png\",\"contentUrl\":\"https:\/\/www.psngiochi.space\/wp-content\/uploads\/2018\/12\/project-cars-psngiochispace-giochidigitalips4.png\",\"width\":375,\"height\":375},{\"@type\":\"BreadcrumbList\",\"@id\":\"https:\/\/www.psngiochi.space\/it\/product\/project-cars\/#breadcrumb\",\"itemListElement\":[{\"@type\":\"ListItem\",\"position\":1,\"name\":\"Home\",\"item\":\"https:\/\/www.psngiochi.space\/en\/\"},{\"@type\":\"ListItem\",\"position\":2,\"name\":\"Negozio\",\"item\":\"https:\/\/www.psngiochi.space\/en\/negozio\/\"},{\"@type\":\"ListItem\",\"position\":3,\"name\":\"Project CARS\"}]},{\"@type\":\"WebSite\",\"@id\":\"https:\/\/www.psngiochi.space\/en\/#website\",\"url\":\"https:\/\/www.psngiochi.space\/en\/\",\"name\":\"Giochi Digitali PS4 e PS5\",\"description\":\"Noleggio di giochi, vendita di accounts\",\"potentialAction\":[{\"@type\":\"SearchAction\",\"target\":{\"@type\":\"EntryPoint\",\"urlTemplate\":\"https:\/\/www.psngiochi.space\/en\/?s={search_term_string}\"},\"query-input\":{\"@type\":\"PropertyValueSpecification\",\"valueRequired\":true,\"valueName\":\"search_term_string\"}}],\"inLanguage\":\"en-US\"}]}<\/script>\n<!-- \/ Yoast SEO plugin. -->","yoast_head_json":{"title":"Project CARS - Giochi Digitali PS4 e PS5","description":"Giochi Digitali PS4 in Noleggio. Project CARS \u00e8 l'esperienza di guida definitiva!","robots":{"index":"index","follow":"follow","max-snippet":"max-snippet:-1","max-image-preview":"max-image-preview:large","max-video-preview":"max-video-preview:-1"},"canonical":"https:\/\/www.psngiochi.space\/en\/product\/project-cars\/","og_locale":"en_US","og_type":"article","og_title":"Project CARS - Giochi Digitali PS4 e PS5","og_description":"Giochi Digitali PS4 in Noleggio. Project CARS \u00e8 l'esperienza di guida definitiva!","og_url":"https:\/\/www.psngiochi.space\/en\/product\/project-cars\/","og_site_name":"Giochi Digitali PS4 e PS5","article_modified_time":"2021-03-24T17:51:44+00:00","og_image":[{"width":375,"height":375,"url":"https:\/\/www.psngiochi.space\/wp-content\/uploads\/2018\/12\/project-cars-psngiochispace-giochidigitalips4.png","type":"image\/png"}],"twitter_card":"summary_large_image","twitter_misc":{"Est. reading time":"1 minute"},"schema":{"@context":"https:\/\/schema.org","@graph":[{"@type":"WebPage","@id":"https:\/\/www.psngiochi.space\/it\/product\/project-cars\/","url":"https:\/\/www.psngiochi.space\/it\/product\/project-cars\/","name":"Project CARS - Giochi Digitali PS4 e PS5","isPartOf":{"@id":"https:\/\/www.psngiochi.space\/en\/#website"},"primaryImageOfPage":{"@id":"https:\/\/www.psngiochi.space\/it\/product\/project-cars\/#primaryimage"},"image":{"@id":"https:\/\/www.psngiochi.space\/it\/product\/project-cars\/#primaryimage"},"thumbnailUrl":"https:\/\/www.psngiochi.space\/wp-content\/uploads\/2018\/12\/project-cars-psngiochispace-giochidigitalips4.png","datePublished":"2018-12-06T06:17:23+00:00","dateModified":"2021-03-24T17:51:44+00:00","description":"Giochi Digitali PS4 in Noleggio. Project CARS \u00e8 l'esperienza di guida definitiva!","breadcrumb":{"@id":"https:\/\/www.psngiochi.space\/it\/product\/project-cars\/#breadcrumb"},"inLanguage":"en-US","potentialAction":[{"@type":"ReadAction","target":["https:\/\/www.psngiochi.space\/it\/product\/project-cars\/"]}]},{"@type":"ImageObject","inLanguage":"en-US","@id":"https:\/\/www.psngiochi.space\/it\/product\/project-cars\/#primaryimage","url":"https:\/\/www.psngiochi.space\/wp-content\/uploads\/2018\/12\/project-cars-psngiochispace-giochidigitalips4.png","contentUrl":"https:\/\/www.psngiochi.space\/wp-content\/uploads\/2018\/12\/project-cars-psngiochispace-giochidigitalips4.png","width":375,"height":375},{"@type":"BreadcrumbList","@id":"https:\/\/www.psngiochi.space\/it\/product\/project-cars\/#breadcrumb","itemListElement":[{"@type":"ListItem","position":1,"name":"Home","item":"https:\/\/www.psngiochi.space\/en\/"},{"@type":"ListItem","position":2,"name":"Negozio","item":"https:\/\/www.psngiochi.space\/en\/negozio\/"},{"@type":"ListItem","position":3,"name":"Project CARS"}]},{"@type":"WebSite","@id":"https:\/\/www.psngiochi.space\/en\/#website","url":"https:\/\/www.psngiochi.space\/en\/","name":"Giochi Digitali PS4 e PS5","description":"Noleggio di giochi, vendita di accounts","potentialAction":[{"@type":"SearchAction","target":{"@type":"EntryPoint","urlTemplate":"https:\/\/www.psngiochi.space\/en\/?s={search_term_string}"},"query-input":{"@type":"PropertyValueSpecification","valueRequired":true,"valueName":"search_term_string"}}],"inLanguage":"en-US"}]}},"_links":{"self":[{"href":"https:\/\/www.psngiochi.space\/en\/wp-json\/wp\/v2\/product\/6895","targetHints":{"allow":["GET"]}}],"collection":[{"href":"https:\/\/www.psngiochi.space\/en\/wp-json\/wp\/v2\/product"}],"about":[{"href":"https:\/\/www.psngiochi.space\/en\/wp-json\/wp\/v2\/types\/product"}],"replies":[{"embeddable":true,"href":"https:\/\/www.psngiochi.space\/en\/wp-json\/wp\/v2\/comments?post=6895"}],"wp:featuredmedia":[{"embeddable":true,"href":"https:\/\/www.psngiochi.space\/en\/wp-json\/wp\/v2\/media\/8159"}],"wp:attachment":[{"href":"https:\/\/www.psngiochi.space\/en\/wp-json\/wp\/v2\/media?parent=6895"}],"wp:term":[{"taxonomy":"product_cat","embeddable":true,"href":"https:\/\/www.psngiochi.space\/en\/wp-json\/wp\/v2\/product_cat?post=6895"},{"taxonomy":"product_tag","embeddable":true,"href":"https:\/\/www.psngiochi.space\/en\/wp-json\/wp\/v2\/product_tag?post=6895"}],"curies":[{"name":"wp","href":"https:\/\/api.w.org\/{rel}","templated":true}]}}