{"id":6554,"date":"2018-11-10T13:50:06","date_gmt":"2018-11-10T12:50:06","guid":{"rendered":"http:\/\/www.psngiochi.space\/?post_type=product&#038;p=6554"},"modified":"2023-05-02T19:00:35","modified_gmt":"2023-05-02T17:00:35","slug":"the-dark-pictures-anthology-house-of-ashes","status":"publish","type":"product","link":"https:\/\/www.psngiochi.space\/en\/product\/the-dark-pictures-anthology-house-of-ashes\/","title":{"rendered":"The Dark Pictures Anthology: House of Ashes [Secondario]"},"content":{"rendered":"<p><span style=\"font-size: 14pt; color: #df1d1d;\">+ GIOCO BONUS \"The Evil Within\"<\/span><\/p>\n<p><span style=\"font-size: 14pt; color: #000000;\">L'antologia di The Dark Pictures \u00e8 una raccolta di giochi horror di stampo cinematografico in cui la trama \u00e8 determinata dalle tue scelte. House of Ashes \u00e8 il terzo titolo della serie.<\/span><\/p>\n<p><span style=\"font-size: 14pt; color: #000000;\">Al termine della guerra in Iraq, durante la ricerca di armi di distruzione di massa, le forze speciali si imbattono in una minaccia ancora pi\u00f9 spaventosa: un tempio sumero sotterraneo popolato da creature ultraterrene. Per sopravvivere, dovranno stringere un patto di fratellanza con i loro nemici.<\/span><\/p>\n<p><span style=\"font-size: 14pt; color: #000000;\">- Esplora le viscere della terra mentre fuggi da una minaccia oscura<\/span><br \/>\n<span style=\"font-size: 14pt; color: #000000;\">Combatti per sottrarti alle orde di mostri tra le ombre di un antico tempio sumero sotterraneo.<\/span><\/p>\n<p><span style=\"font-size: 14pt; color: #000000;\">- Il nemico del mio nemico \u00e8 mio amico<\/span><br \/>\n<span style=\"font-size: 14pt; color: #000000;\">Questa volta, il gruppo \u00e8 composto da due fazioni contrapposte, che solo occasionalmente si incontrano. Riuscirai a mettere da parte le rivalit\u00e0 tra personaggi in nome della sopravvivenza comune?<\/span><\/p>\n<p><span style=\"font-size: 14pt; color: #000000;\">- Non giocare solo<\/span><br \/>\n<span style=\"font-size: 14pt; color: #000000;\">Le due acclamate modalit\u00e0 multigiocatore sono tornate. Condividi la storia online con un amico o gioca in gruppo con fino a 5 giocatori offline con controller condiviso.<\/span><\/p>","protected":false},"excerpt":{"rendered":"<h5 class=\"provider-info__text\"><span class=\"provider-info__list-item\">Pubblicato 22\/10\/2021<\/span><span class=\"provider-info__list-item\"> | Dimens. file: 00.00 GB<\/span><\/h5>\n<h3><span style=\"font-family: georgia, palatino, serif;\"><span style=\"color: #df1d1d;\">\u23f0 Noleggio per 10 giorni:<\/span><\/span><span style=\"color: #df1d1d;\">\u00a0<span style=\"font-size: 10pt; color: #333333;\">p<\/span><\/span><span style=\"font-family: georgia, palatino, serif; font-size: 10pt; color: #333333;\">ossibilita di giocare dal vostro account personale o sull account fornito (primario o secondario).<\/span><\/h3>\n<h3><span style=\"font-size: 10pt; color: #333333;\">Game for rent is one of the cheapest and most convenient ways to get a game.\u00a0<\/span><span style=\"font-size: 10pt; color: #333333;\">You can also extend the period if you have not finished the game.<\/span><\/h3>","protected":false},"featured_media":10900,"comment_status":"open","ping_status":"closed","template":"","meta":[],"product_cat":[122,142],"product_tag":[58,101],"class_list":{"0":"post-6554","1":"product","2":"type-product","3":"status-publish","4":"has-post-thumbnail","6":"product_cat-giochi-ps4-in-noleggio","7":"product_cat-giochi-ps5-in-noleggio","8":"product_tag-avventura","9":"product_tag-horror","11":"first","12":"instock","13":"downloadable","14":"virtual","15":"purchasable","16":"product-type-simple"},"yoast_head":"<!-- This site is optimized with the Yoast SEO plugin v23.9 - https:\/\/yoast.com\/wordpress\/plugins\/seo\/ -->\n<title>The Dark Pictures Anthology: House of Ashes [Secondario] - Giochi Digitali PS4 e PS5<\/title>\n<meta name=\"description\" content=\"L&#039;antologia di The Dark Pictures \u00e8 una raccolta di giochi horror di stampo cinematografico in cui la trama \u00e8 determinata dalle tue scelte.\" \/>\n<meta name=\"robots\" content=\"index, follow, max-snippet:-1, max-image-preview:large, max-video-preview:-1\" \/>\n<link rel=\"canonical\" href=\"https:\/\/www.psngiochi.space\/en\/product\/the-dark-pictures-anthology-house-of-ashes\/\" \/>\n<meta property=\"og:locale\" content=\"en_US\" \/>\n<meta property=\"og:type\" content=\"article\" \/>\n<meta property=\"og:title\" content=\"The Dark Pictures Anthology: House of Ashes [Secondario] - Giochi Digitali PS4 e PS5\" \/>\n<meta property=\"og:description\" content=\"L&#039;antologia di The Dark Pictures \u00e8 una raccolta di giochi horror di stampo cinematografico in cui la trama \u00e8 determinata dalle tue scelte.\" \/>\n<meta property=\"og:url\" content=\"https:\/\/www.psngiochi.space\/en\/product\/the-dark-pictures-anthology-house-of-ashes\/\" \/>\n<meta property=\"og:site_name\" content=\"Giochi Digitali PS4 e PS5\" \/>\n<meta property=\"article:modified_time\" content=\"2023-05-02T17:00:35+00:00\" \/>\n<meta property=\"og:image\" content=\"https:\/\/www.psngiochi.space\/wp-content\/uploads\/2018\/11\/the-dark-pictures-anthology-house-of-ashes-pc-game-steam-cover.jpg\" \/>\n\t<meta property=\"og:image:width\" content=\"1506\" \/>\n\t<meta property=\"og:image:height\" content=\"2096\" \/>\n\t<meta property=\"og:image:type\" content=\"image\/jpeg\" \/>\n<meta name=\"twitter:card\" content=\"summary_large_image\" \/>\n<meta name=\"twitter:label1\" content=\"Est. reading time\" \/>\n\t<meta name=\"twitter:data1\" content=\"1 minute\" \/>\n<script type=\"application\/ld+json\" class=\"yoast-schema-graph\">{\"@context\":\"https:\/\/schema.org\",\"@graph\":[{\"@type\":\"WebPage\",\"@id\":\"https:\/\/www.psngiochi.space\/en\/product\/the-dark-pictures-anthology-house-of-ashes\/\",\"url\":\"https:\/\/www.psngiochi.space\/en\/product\/the-dark-pictures-anthology-house-of-ashes\/\",\"name\":\"The Dark Pictures Anthology: House of Ashes [Secondario] - Giochi Digitali PS4 e PS5\",\"isPartOf\":{\"@id\":\"https:\/\/www.psngiochi.space\/en\/#website\"},\"primaryImageOfPage\":{\"@id\":\"https:\/\/www.psngiochi.space\/en\/product\/the-dark-pictures-anthology-house-of-ashes\/#primaryimage\"},\"image\":{\"@id\":\"https:\/\/www.psngiochi.space\/en\/product\/the-dark-pictures-anthology-house-of-ashes\/#primaryimage\"},\"thumbnailUrl\":\"https:\/\/www.psngiochi.space\/wp-content\/uploads\/2018\/11\/the-dark-pictures-anthology-house-of-ashes-pc-game-steam-cover.jpg\",\"datePublished\":\"2018-11-10T12:50:06+00:00\",\"dateModified\":\"2023-05-02T17:00:35+00:00\",\"description\":\"L'antologia di The Dark Pictures \u00e8 una raccolta di giochi horror di stampo cinematografico in cui la trama \u00e8 determinata dalle tue scelte.\",\"breadcrumb\":{\"@id\":\"https:\/\/www.psngiochi.space\/en\/product\/the-dark-pictures-anthology-house-of-ashes\/#breadcrumb\"},\"inLanguage\":\"en-US\",\"potentialAction\":[{\"@type\":\"ReadAction\",\"target\":[\"https:\/\/www.psngiochi.space\/en\/product\/the-dark-pictures-anthology-house-of-ashes\/\"]}]},{\"@type\":\"ImageObject\",\"inLanguage\":\"en-US\",\"@id\":\"https:\/\/www.psngiochi.space\/en\/product\/the-dark-pictures-anthology-house-of-ashes\/#primaryimage\",\"url\":\"https:\/\/www.psngiochi.space\/wp-content\/uploads\/2018\/11\/the-dark-pictures-anthology-house-of-ashes-pc-game-steam-cover.jpg\",\"contentUrl\":\"https:\/\/www.psngiochi.space\/wp-content\/uploads\/2018\/11\/the-dark-pictures-anthology-house-of-ashes-pc-game-steam-cover.jpg\",\"width\":1506,\"height\":2096},{\"@type\":\"BreadcrumbList\",\"@id\":\"https:\/\/www.psngiochi.space\/en\/product\/the-dark-pictures-anthology-house-of-ashes\/#breadcrumb\",\"itemListElement\":[{\"@type\":\"ListItem\",\"position\":1,\"name\":\"Home\",\"item\":\"https:\/\/www.psngiochi.space\/en\/\"},{\"@type\":\"ListItem\",\"position\":2,\"name\":\"Negozio\",\"item\":\"https:\/\/www.psngiochi.space\/en\/negozio\/\"},{\"@type\":\"ListItem\",\"position\":3,\"name\":\"The Dark Pictures Anthology: House of Ashes [Secondario]\"}]},{\"@type\":\"WebSite\",\"@id\":\"https:\/\/www.psngiochi.space\/en\/#website\",\"url\":\"https:\/\/www.psngiochi.space\/en\/\",\"name\":\"Giochi Digitali PS4 e PS5\",\"description\":\"Noleggio di giochi, vendita di accounts\",\"potentialAction\":[{\"@type\":\"SearchAction\",\"target\":{\"@type\":\"EntryPoint\",\"urlTemplate\":\"https:\/\/www.psngiochi.space\/en\/?s={search_term_string}\"},\"query-input\":{\"@type\":\"PropertyValueSpecification\",\"valueRequired\":true,\"valueName\":\"search_term_string\"}}],\"inLanguage\":\"en-US\"}]}<\/script>\n<!-- \/ Yoast SEO plugin. -->","yoast_head_json":{"title":"The Dark Pictures Anthology: House of Ashes [Secondario] - Giochi Digitali PS4 e PS5","description":"L'antologia di The Dark Pictures \u00e8 una raccolta di giochi horror di stampo cinematografico in cui la trama \u00e8 determinata dalle tue scelte.","robots":{"index":"index","follow":"follow","max-snippet":"max-snippet:-1","max-image-preview":"max-image-preview:large","max-video-preview":"max-video-preview:-1"},"canonical":"https:\/\/www.psngiochi.space\/en\/product\/the-dark-pictures-anthology-house-of-ashes\/","og_locale":"en_US","og_type":"article","og_title":"The Dark Pictures Anthology: House of Ashes [Secondario] - Giochi Digitali PS4 e PS5","og_description":"L'antologia di The Dark Pictures \u00e8 una raccolta di giochi horror di stampo cinematografico in cui la trama \u00e8 determinata dalle tue scelte.","og_url":"https:\/\/www.psngiochi.space\/en\/product\/the-dark-pictures-anthology-house-of-ashes\/","og_site_name":"Giochi Digitali PS4 e PS5","article_modified_time":"2023-05-02T17:00:35+00:00","og_image":[{"width":1506,"height":2096,"url":"https:\/\/www.psngiochi.space\/wp-content\/uploads\/2018\/11\/the-dark-pictures-anthology-house-of-ashes-pc-game-steam-cover.jpg","type":"image\/jpeg"}],"twitter_card":"summary_large_image","twitter_misc":{"Est. reading time":"1 minute"},"schema":{"@context":"https:\/\/schema.org","@graph":[{"@type":"WebPage","@id":"https:\/\/www.psngiochi.space\/en\/product\/the-dark-pictures-anthology-house-of-ashes\/","url":"https:\/\/www.psngiochi.space\/en\/product\/the-dark-pictures-anthology-house-of-ashes\/","name":"The Dark Pictures Anthology: House of Ashes [Secondario] - Giochi Digitali PS4 e PS5","isPartOf":{"@id":"https:\/\/www.psngiochi.space\/en\/#website"},"primaryImageOfPage":{"@id":"https:\/\/www.psngiochi.space\/en\/product\/the-dark-pictures-anthology-house-of-ashes\/#primaryimage"},"image":{"@id":"https:\/\/www.psngiochi.space\/en\/product\/the-dark-pictures-anthology-house-of-ashes\/#primaryimage"},"thumbnailUrl":"https:\/\/www.psngiochi.space\/wp-content\/uploads\/2018\/11\/the-dark-pictures-anthology-house-of-ashes-pc-game-steam-cover.jpg","datePublished":"2018-11-10T12:50:06+00:00","dateModified":"2023-05-02T17:00:35+00:00","description":"L'antologia di The Dark Pictures \u00e8 una raccolta di giochi horror di stampo cinematografico in cui la trama \u00e8 determinata dalle tue scelte.","breadcrumb":{"@id":"https:\/\/www.psngiochi.space\/en\/product\/the-dark-pictures-anthology-house-of-ashes\/#breadcrumb"},"inLanguage":"en-US","potentialAction":[{"@type":"ReadAction","target":["https:\/\/www.psngiochi.space\/en\/product\/the-dark-pictures-anthology-house-of-ashes\/"]}]},{"@type":"ImageObject","inLanguage":"en-US","@id":"https:\/\/www.psngiochi.space\/en\/product\/the-dark-pictures-anthology-house-of-ashes\/#primaryimage","url":"https:\/\/www.psngiochi.space\/wp-content\/uploads\/2018\/11\/the-dark-pictures-anthology-house-of-ashes-pc-game-steam-cover.jpg","contentUrl":"https:\/\/www.psngiochi.space\/wp-content\/uploads\/2018\/11\/the-dark-pictures-anthology-house-of-ashes-pc-game-steam-cover.jpg","width":1506,"height":2096},{"@type":"BreadcrumbList","@id":"https:\/\/www.psngiochi.space\/en\/product\/the-dark-pictures-anthology-house-of-ashes\/#breadcrumb","itemListElement":[{"@type":"ListItem","position":1,"name":"Home","item":"https:\/\/www.psngiochi.space\/en\/"},{"@type":"ListItem","position":2,"name":"Negozio","item":"https:\/\/www.psngiochi.space\/en\/negozio\/"},{"@type":"ListItem","position":3,"name":"The Dark Pictures Anthology: House of Ashes [Secondario]"}]},{"@type":"WebSite","@id":"https:\/\/www.psngiochi.space\/en\/#website","url":"https:\/\/www.psngiochi.space\/en\/","name":"Giochi Digitali PS4 e PS5","description":"Noleggio di giochi, vendita di accounts","potentialAction":[{"@type":"SearchAction","target":{"@type":"EntryPoint","urlTemplate":"https:\/\/www.psngiochi.space\/en\/?s={search_term_string}"},"query-input":{"@type":"PropertyValueSpecification","valueRequired":true,"valueName":"search_term_string"}}],"inLanguage":"en-US"}]}},"_links":{"self":[{"href":"https:\/\/www.psngiochi.space\/en\/wp-json\/wp\/v2\/product\/6554","targetHints":{"allow":["GET"]}}],"collection":[{"href":"https:\/\/www.psngiochi.space\/en\/wp-json\/wp\/v2\/product"}],"about":[{"href":"https:\/\/www.psngiochi.space\/en\/wp-json\/wp\/v2\/types\/product"}],"replies":[{"embeddable":true,"href":"https:\/\/www.psngiochi.space\/en\/wp-json\/wp\/v2\/comments?post=6554"}],"wp:featuredmedia":[{"embeddable":true,"href":"https:\/\/www.psngiochi.space\/en\/wp-json\/wp\/v2\/media\/10900"}],"wp:attachment":[{"href":"https:\/\/www.psngiochi.space\/en\/wp-json\/wp\/v2\/media?parent=6554"}],"wp:term":[{"taxonomy":"product_cat","embeddable":true,"href":"https:\/\/www.psngiochi.space\/en\/wp-json\/wp\/v2\/product_cat?post=6554"},{"taxonomy":"product_tag","embeddable":true,"href":"https:\/\/www.psngiochi.space\/en\/wp-json\/wp\/v2\/product_tag?post=6554"}],"curies":[{"name":"wp","href":"https:\/\/api.w.org\/{rel}","templated":true}]}}