{"id":6481,"date":"2018-11-06T19:30:46","date_gmt":"2018-11-06T18:30:46","guid":{"rendered":"http:\/\/www.psngiochi.space\/?post_type=product&#038;p=6481"},"modified":"2024-03-18T09:00:05","modified_gmt":"2024-03-18T08:00:05","slug":"metal-gear-solid-v-the-phantom-pain","status":"publish","type":"product","link":"https:\/\/www.psngiochi.space\/en\/product\/metal-gear-solid-v-the-phantom-pain\/","title":{"rendered":"Metal Gear Solid V: The Phantom Pain"},"content":{"rendered":"<p><span style=\"font-size: 14pt; color: #000000;\">Nove anni dopo gli eventi di MGSV: Ground Zeroes e la caduta della Mother Base, Snake, conosciuto anche come Big Boss, si risveglia da un lungo coma, durato quasi dieci anni. Il gioco inizia nel 1984, in piena crisi globale provocata dalla Guerra Fredda. La missione di Snake sar\u00e0 influenzata soprattutto dalla sua volont\u00e0 di vendicarsi, dando la caccia a un'unit\u00e0 misteriosa, conosciuta come XOF. METAL GEAR SOLID V: The Phantom Pain, continua a esplorare in maniera ambiziosa alcuni temi maturi, come la psicologia della guerra e le atrocit\u00e0 perpetrate da chi resta coinvolto nel suo circolo vizioso. MGSV: The Phantom Pain \u00e8 uno dei giochi pi\u00f9 attesi dell'anno, grazie alle sue ambientazioni liberamente esplorabili, una fedelt\u00e0 grafica fotorealistica e un game design ricco di opportunit\u00e0, ma \u00e8 destinato anche a diventare uno dei migliori capolavori del settore videoludico per la sua narrazione cinematografica, le tematiche forti e un'azione di gioco tattica davvero avvincente.<\/span><\/p>\n<p><span style=\"font-size: 14pt; color: #000000;\">Audio: inglese<\/span><\/p>\n<p><span style=\"font-size: 14pt; color: #000000;\">Sottotitoli: inglese, italiano, russo<\/span><\/p>","protected":false},"excerpt":{"rendered":"<h5 class=\"provider-info__text\"><span class=\"provider-info__list-item\">Pubblicato\u00a01 Set 2015<\/span><span class=\"provider-info__list-item\">\u00a0| Dimens. file: 26.97 GB <\/span><span class=\"provider-info__list-item\">|\u00a0 \u03362\u03369\u0336.\u03369\u03369<\/span><\/h5>\n<h3><span style=\"font-family: georgia, palatino, serif;\"><span style=\"color: #df1d1d;\">\u23f0\u00a0Noleggio per 30 giorni:<\/span><\/span><span style=\"color: #df1d1d;\">\u00a0<span style=\"font-size: 10pt; color: #333333;\">p<\/span><\/span><span style=\"font-family: georgia, palatino, serif; font-size: 10pt; color: #333333;\">ossibilita di giocare dal vostro account personale o sull account fornito (primario o secondario).<\/span><\/h3>\n<h3><span style=\"font-size: 10pt; color: #333333;\">Game for rent is one of the cheapest and most convenient ways to get a game.\u00a0<\/span><span style=\"font-size: 10pt; color: #333333;\">You can also extend the period if you have not finished the game.<\/span><\/h3>","protected":false},"featured_media":8129,"comment_status":"open","ping_status":"closed","template":"","meta":[],"product_cat":[122],"product_tag":[75],"class_list":{"0":"post-6481","1":"product","2":"type-product","3":"status-publish","4":"has-post-thumbnail","6":"product_cat-giochi-ps4-in-noleggio","7":"product_tag-azione","9":"first","10":"instock","11":"downloadable","12":"virtual","13":"purchasable","14":"product-type-simple"},"yoast_head":"<!-- This site is optimized with the Yoast SEO plugin v23.9 - https:\/\/yoast.com\/wordpress\/plugins\/seo\/ -->\n<title>Metal Gear Solid V: The Phantom Pain - Giochi Digitali PS4 e PS5<\/title>\n<meta name=\"description\" content=\"Giochi Digitali PS4 in Noleggio. Nove anni dopo gli eventi di MGSV: Ground Zeroes e la caduta della Mother Base, Snake, conosciuto anche come Big Boss.\" \/>\n<meta name=\"robots\" content=\"index, follow, max-snippet:-1, max-image-preview:large, max-video-preview:-1\" \/>\n<link rel=\"canonical\" href=\"https:\/\/www.psngiochi.space\/en\/product\/metal-gear-solid-v-the-phantom-pain\/\" \/>\n<meta property=\"og:locale\" content=\"en_US\" \/>\n<meta property=\"og:type\" content=\"article\" \/>\n<meta property=\"og:title\" content=\"Metal Gear Solid V: The Phantom Pain - Giochi Digitali PS4 e PS5\" \/>\n<meta property=\"og:description\" content=\"Giochi Digitali PS4 in Noleggio. Nove anni dopo gli eventi di MGSV: Ground Zeroes e la caduta della Mother Base, Snake, conosciuto anche come Big Boss.\" \/>\n<meta property=\"og:url\" content=\"https:\/\/www.psngiochi.space\/en\/product\/metal-gear-solid-v-the-phantom-pain\/\" \/>\n<meta property=\"og:site_name\" content=\"Giochi Digitali PS4 e PS5\" \/>\n<meta property=\"article:modified_time\" content=\"2024-03-18T08:00:05+00:00\" \/>\n<meta property=\"og:image\" content=\"https:\/\/www.psngiochi.space\/wp-content\/uploads\/2018\/11\/metal-gear-solid-v-the-phantom-pain-psngiochispace-giochidigitalips4.png\" \/>\n\t<meta property=\"og:image:width\" content=\"375\" \/>\n\t<meta property=\"og:image:height\" content=\"375\" \/>\n\t<meta property=\"og:image:type\" content=\"image\/png\" \/>\n<meta name=\"twitter:card\" content=\"summary_large_image\" \/>\n<meta name=\"twitter:label1\" content=\"Est. reading time\" \/>\n\t<meta name=\"twitter:data1\" content=\"1 minute\" \/>\n<script type=\"application\/ld+json\" class=\"yoast-schema-graph\">{\"@context\":\"https:\/\/schema.org\",\"@graph\":[{\"@type\":\"WebPage\",\"@id\":\"https:\/\/www.psngiochi.space\/it\/product\/metal-gear-solid-v-the-phantom-pain\/\",\"url\":\"https:\/\/www.psngiochi.space\/it\/product\/metal-gear-solid-v-the-phantom-pain\/\",\"name\":\"Metal Gear Solid V: The Phantom Pain - Giochi Digitali PS4 e PS5\",\"isPartOf\":{\"@id\":\"https:\/\/www.psngiochi.space\/en\/#website\"},\"primaryImageOfPage\":{\"@id\":\"https:\/\/www.psngiochi.space\/it\/product\/metal-gear-solid-v-the-phantom-pain\/#primaryimage\"},\"image\":{\"@id\":\"https:\/\/www.psngiochi.space\/it\/product\/metal-gear-solid-v-the-phantom-pain\/#primaryimage\"},\"thumbnailUrl\":\"https:\/\/www.psngiochi.space\/wp-content\/uploads\/2018\/11\/metal-gear-solid-v-the-phantom-pain-psngiochispace-giochidigitalips4.png\",\"datePublished\":\"2018-11-06T18:30:46+00:00\",\"dateModified\":\"2024-03-18T08:00:05+00:00\",\"description\":\"Giochi Digitali PS4 in Noleggio. Nove anni dopo gli eventi di MGSV: Ground Zeroes e la caduta della Mother Base, Snake, conosciuto anche come Big Boss.\",\"breadcrumb\":{\"@id\":\"https:\/\/www.psngiochi.space\/it\/product\/metal-gear-solid-v-the-phantom-pain\/#breadcrumb\"},\"inLanguage\":\"en-US\",\"potentialAction\":[{\"@type\":\"ReadAction\",\"target\":[\"https:\/\/www.psngiochi.space\/it\/product\/metal-gear-solid-v-the-phantom-pain\/\"]}]},{\"@type\":\"ImageObject\",\"inLanguage\":\"en-US\",\"@id\":\"https:\/\/www.psngiochi.space\/it\/product\/metal-gear-solid-v-the-phantom-pain\/#primaryimage\",\"url\":\"https:\/\/www.psngiochi.space\/wp-content\/uploads\/2018\/11\/metal-gear-solid-v-the-phantom-pain-psngiochispace-giochidigitalips4.png\",\"contentUrl\":\"https:\/\/www.psngiochi.space\/wp-content\/uploads\/2018\/11\/metal-gear-solid-v-the-phantom-pain-psngiochispace-giochidigitalips4.png\",\"width\":375,\"height\":375},{\"@type\":\"BreadcrumbList\",\"@id\":\"https:\/\/www.psngiochi.space\/it\/product\/metal-gear-solid-v-the-phantom-pain\/#breadcrumb\",\"itemListElement\":[{\"@type\":\"ListItem\",\"position\":1,\"name\":\"Home\",\"item\":\"https:\/\/www.psngiochi.space\/en\/\"},{\"@type\":\"ListItem\",\"position\":2,\"name\":\"Negozio\",\"item\":\"https:\/\/www.psngiochi.space\/en\/negozio\/\"},{\"@type\":\"ListItem\",\"position\":3,\"name\":\"Metal Gear Solid V: The Phantom Pain\"}]},{\"@type\":\"WebSite\",\"@id\":\"https:\/\/www.psngiochi.space\/en\/#website\",\"url\":\"https:\/\/www.psngiochi.space\/en\/\",\"name\":\"Giochi Digitali PS4 e PS5\",\"description\":\"Noleggio di giochi, vendita di accounts\",\"potentialAction\":[{\"@type\":\"SearchAction\",\"target\":{\"@type\":\"EntryPoint\",\"urlTemplate\":\"https:\/\/www.psngiochi.space\/en\/?s={search_term_string}\"},\"query-input\":{\"@type\":\"PropertyValueSpecification\",\"valueRequired\":true,\"valueName\":\"search_term_string\"}}],\"inLanguage\":\"en-US\"}]}<\/script>\n<!-- \/ Yoast SEO plugin. -->","yoast_head_json":{"title":"Metal Gear Solid V: The Phantom Pain - Giochi Digitali PS4 e PS5","description":"Giochi Digitali PS4 in Noleggio. Nove anni dopo gli eventi di MGSV: Ground Zeroes e la caduta della Mother Base, Snake, conosciuto anche come Big Boss.","robots":{"index":"index","follow":"follow","max-snippet":"max-snippet:-1","max-image-preview":"max-image-preview:large","max-video-preview":"max-video-preview:-1"},"canonical":"https:\/\/www.psngiochi.space\/en\/product\/metal-gear-solid-v-the-phantom-pain\/","og_locale":"en_US","og_type":"article","og_title":"Metal Gear Solid V: The Phantom Pain - Giochi Digitali PS4 e PS5","og_description":"Giochi Digitali PS4 in Noleggio. Nove anni dopo gli eventi di MGSV: Ground Zeroes e la caduta della Mother Base, Snake, conosciuto anche come Big Boss.","og_url":"https:\/\/www.psngiochi.space\/en\/product\/metal-gear-solid-v-the-phantom-pain\/","og_site_name":"Giochi Digitali PS4 e PS5","article_modified_time":"2024-03-18T08:00:05+00:00","og_image":[{"width":375,"height":375,"url":"https:\/\/www.psngiochi.space\/wp-content\/uploads\/2018\/11\/metal-gear-solid-v-the-phantom-pain-psngiochispace-giochidigitalips4.png","type":"image\/png"}],"twitter_card":"summary_large_image","twitter_misc":{"Est. reading time":"1 minute"},"schema":{"@context":"https:\/\/schema.org","@graph":[{"@type":"WebPage","@id":"https:\/\/www.psngiochi.space\/it\/product\/metal-gear-solid-v-the-phantom-pain\/","url":"https:\/\/www.psngiochi.space\/it\/product\/metal-gear-solid-v-the-phantom-pain\/","name":"Metal Gear Solid V: The Phantom Pain - Giochi Digitali PS4 e PS5","isPartOf":{"@id":"https:\/\/www.psngiochi.space\/en\/#website"},"primaryImageOfPage":{"@id":"https:\/\/www.psngiochi.space\/it\/product\/metal-gear-solid-v-the-phantom-pain\/#primaryimage"},"image":{"@id":"https:\/\/www.psngiochi.space\/it\/product\/metal-gear-solid-v-the-phantom-pain\/#primaryimage"},"thumbnailUrl":"https:\/\/www.psngiochi.space\/wp-content\/uploads\/2018\/11\/metal-gear-solid-v-the-phantom-pain-psngiochispace-giochidigitalips4.png","datePublished":"2018-11-06T18:30:46+00:00","dateModified":"2024-03-18T08:00:05+00:00","description":"Giochi Digitali PS4 in Noleggio. Nove anni dopo gli eventi di MGSV: Ground Zeroes e la caduta della Mother Base, Snake, conosciuto anche come Big Boss.","breadcrumb":{"@id":"https:\/\/www.psngiochi.space\/it\/product\/metal-gear-solid-v-the-phantom-pain\/#breadcrumb"},"inLanguage":"en-US","potentialAction":[{"@type":"ReadAction","target":["https:\/\/www.psngiochi.space\/it\/product\/metal-gear-solid-v-the-phantom-pain\/"]}]},{"@type":"ImageObject","inLanguage":"en-US","@id":"https:\/\/www.psngiochi.space\/it\/product\/metal-gear-solid-v-the-phantom-pain\/#primaryimage","url":"https:\/\/www.psngiochi.space\/wp-content\/uploads\/2018\/11\/metal-gear-solid-v-the-phantom-pain-psngiochispace-giochidigitalips4.png","contentUrl":"https:\/\/www.psngiochi.space\/wp-content\/uploads\/2018\/11\/metal-gear-solid-v-the-phantom-pain-psngiochispace-giochidigitalips4.png","width":375,"height":375},{"@type":"BreadcrumbList","@id":"https:\/\/www.psngiochi.space\/it\/product\/metal-gear-solid-v-the-phantom-pain\/#breadcrumb","itemListElement":[{"@type":"ListItem","position":1,"name":"Home","item":"https:\/\/www.psngiochi.space\/en\/"},{"@type":"ListItem","position":2,"name":"Negozio","item":"https:\/\/www.psngiochi.space\/en\/negozio\/"},{"@type":"ListItem","position":3,"name":"Metal Gear Solid V: The Phantom Pain"}]},{"@type":"WebSite","@id":"https:\/\/www.psngiochi.space\/en\/#website","url":"https:\/\/www.psngiochi.space\/en\/","name":"Giochi Digitali PS4 e PS5","description":"Noleggio di giochi, vendita di accounts","potentialAction":[{"@type":"SearchAction","target":{"@type":"EntryPoint","urlTemplate":"https:\/\/www.psngiochi.space\/en\/?s={search_term_string}"},"query-input":{"@type":"PropertyValueSpecification","valueRequired":true,"valueName":"search_term_string"}}],"inLanguage":"en-US"}]}},"_links":{"self":[{"href":"https:\/\/www.psngiochi.space\/en\/wp-json\/wp\/v2\/product\/6481","targetHints":{"allow":["GET"]}}],"collection":[{"href":"https:\/\/www.psngiochi.space\/en\/wp-json\/wp\/v2\/product"}],"about":[{"href":"https:\/\/www.psngiochi.space\/en\/wp-json\/wp\/v2\/types\/product"}],"replies":[{"embeddable":true,"href":"https:\/\/www.psngiochi.space\/en\/wp-json\/wp\/v2\/comments?post=6481"}],"wp:featuredmedia":[{"embeddable":true,"href":"https:\/\/www.psngiochi.space\/en\/wp-json\/wp\/v2\/media\/8129"}],"wp:attachment":[{"href":"https:\/\/www.psngiochi.space\/en\/wp-json\/wp\/v2\/media?parent=6481"}],"wp:term":[{"taxonomy":"product_cat","embeddable":true,"href":"https:\/\/www.psngiochi.space\/en\/wp-json\/wp\/v2\/product_cat?post=6481"},{"taxonomy":"product_tag","embeddable":true,"href":"https:\/\/www.psngiochi.space\/en\/wp-json\/wp\/v2\/product_tag?post=6481"}],"curies":[{"name":"wp","href":"https:\/\/api.w.org\/{rel}","templated":true}]}}