{"id":6419,"date":"2018-11-03T14:40:24","date_gmt":"2018-11-03T14:40:24","guid":{"rendered":"http:\/\/www.psngiochi.space\/?post_type=product&#038;p=6419"},"modified":"2024-07-03T01:38:29","modified_gmt":"2024-07-02T23:38:29","slug":"devil-may-cry-4-special-edition","status":"publish","type":"product","link":"https:\/\/www.psngiochi.space\/en\/product\/devil-may-cry-4-special-edition\/","title":{"rendered":"Devil May Cry 4 Special Edition"},"content":{"rendered":"<p><span style=\"font-size: 14pt; color: #000000;\">DMC4 e la sua esplosione di stile sono tornati con nuovi personaggi giocabili e modalit\u00e0 di gioco.<\/span><\/p>\n<p><span style=\"font-size: 14pt; color: #000000;\">- Vergil \u00e8 tornato! Trish \u00e8 facile da usare, ma sempre pronta ad infuocare la situazione con le sue combo! E finalmente Lady \u00e8 giocabile per la prima volta nella serie!<\/span><\/p>\n<p><span style=\"font-size: 14pt; color: #000000;\">- Stermina orde di nemici nella modalit\u00e0 Mitico Cavaliere Oscuro!<\/span><\/p>\n<p><span style=\"font-size: 14pt; color: #000000;\">- 1080p a 60FPS!<\/span><\/p>\n<p><span style=\"font-size: 14pt; color: #000000;\">- Altri miglioramenti, tra cui il salvataggio automatico, per migliorare la tua esperienza di gioco!<\/span><\/p>\n<p><span style=\"font-size: 14pt; color: #000000;\">Audio: inglese<\/span><\/p>\n<p><span style=\"font-size: 14pt; color: #000000;\">Sottotitoli: inglese, italiano<\/span><\/p>","protected":false},"excerpt":{"rendered":"<h5 class=\"provider-info__text\"><span class=\"provider-info__list-item\">Pubblicato\u00a024 Giu 2015<\/span><span class=\"provider-info__list-item\">\u00a0| Dimens. file: 20.43 GB <\/span><span class=\"provider-info__list-item\">|\u00a0 \u03362\u03364\u0336.\u03369\u03369<\/span><\/h5>\n<h3><span style=\"font-family: georgia, palatino, serif;\"><span style=\"color: #df1d1d;\">\u23f0 Rent for 15 days:<\/span><\/span><span style=\"color: #df1d1d;\">\u00a0<span style=\"font-size: 10pt; color: #333333;\">p<\/span><\/span><span style=\"font-family: georgia, palatino, serif; font-size: 10pt; color: #333333;\">ossibilita di giocare dal vostro account personale o sull account fornito (primario o secondario).<\/span><\/h3>\n<h3><span style=\"font-size: 10pt; color: #333333;\">Game for rent is one of the cheapest and most convenient ways to get a game.\u00a0<\/span><span style=\"font-size: 10pt; color: #333333;\">You can also extend the period if you have not finished the game.<\/span><\/h3>","protected":false},"featured_media":8120,"comment_status":"open","ping_status":"closed","template":"","meta":[],"product_cat":[122],"product_tag":[75],"class_list":{"0":"post-6419","1":"product","2":"type-product","3":"status-publish","4":"has-post-thumbnail","6":"product_cat-giochi-ps4-in-noleggio","7":"product_tag-azione","9":"first","10":"instock","11":"downloadable","12":"virtual","13":"purchasable","14":"product-type-simple"},"yoast_head":"<!-- This site is optimized with the Yoast SEO plugin v23.9 - https:\/\/yoast.com\/wordpress\/plugins\/seo\/ -->\n<title>Devil May Cry 4 Special Edition - Giochi Digitali PS4 e PS5<\/title>\n<meta name=\"description\" content=\"Giochi Digitali PS4 in Noleggio. DMC4 e la sua esplosione di stile sono tornati con nuovi personaggi giocabili e modalit\u00e0 di gioco.\" \/>\n<meta name=\"robots\" content=\"index, follow, max-snippet:-1, max-image-preview:large, max-video-preview:-1\" \/>\n<link rel=\"canonical\" href=\"https:\/\/www.psngiochi.space\/en\/product\/devil-may-cry-4-special-edition\/\" \/>\n<meta property=\"og:locale\" content=\"en_US\" \/>\n<meta property=\"og:type\" content=\"article\" \/>\n<meta property=\"og:title\" content=\"Devil May Cry 4 Special Edition - Giochi Digitali PS4 e PS5\" \/>\n<meta property=\"og:description\" content=\"Giochi Digitali PS4 in Noleggio. DMC4 e la sua esplosione di stile sono tornati con nuovi personaggi giocabili e modalit\u00e0 di gioco.\" \/>\n<meta property=\"og:url\" content=\"https:\/\/www.psngiochi.space\/en\/product\/devil-may-cry-4-special-edition\/\" \/>\n<meta property=\"og:site_name\" content=\"Giochi Digitali PS4 e PS5\" \/>\n<meta property=\"article:modified_time\" content=\"2024-07-02T23:38:29+00:00\" \/>\n<meta property=\"og:image\" content=\"https:\/\/www.psngiochi.space\/wp-content\/uploads\/2018\/11\/devil-may-cry-4-special-edition-psngiochispace-giochidigitalips4.png\" \/>\n\t<meta property=\"og:image:width\" content=\"375\" \/>\n\t<meta property=\"og:image:height\" content=\"375\" \/>\n\t<meta property=\"og:image:type\" content=\"image\/png\" \/>\n<meta name=\"twitter:card\" content=\"summary_large_image\" \/>\n<script type=\"application\/ld+json\" class=\"yoast-schema-graph\">{\"@context\":\"https:\/\/schema.org\",\"@graph\":[{\"@type\":\"WebPage\",\"@id\":\"https:\/\/www.psngiochi.space\/en\/product\/devil-may-cry-4-special-edition\/\",\"url\":\"https:\/\/www.psngiochi.space\/en\/product\/devil-may-cry-4-special-edition\/\",\"name\":\"Devil May Cry 4 Special Edition - Giochi Digitali PS4 e PS5\",\"isPartOf\":{\"@id\":\"https:\/\/www.psngiochi.space\/en\/#website\"},\"primaryImageOfPage\":{\"@id\":\"https:\/\/www.psngiochi.space\/en\/product\/devil-may-cry-4-special-edition\/#primaryimage\"},\"image\":{\"@id\":\"https:\/\/www.psngiochi.space\/en\/product\/devil-may-cry-4-special-edition\/#primaryimage\"},\"thumbnailUrl\":\"https:\/\/www.psngiochi.space\/wp-content\/uploads\/2018\/11\/devil-may-cry-4-special-edition-psngiochispace-giochidigitalips4.png\",\"datePublished\":\"2018-11-03T14:40:24+00:00\",\"dateModified\":\"2024-07-02T23:38:29+00:00\",\"description\":\"Giochi Digitali PS4 in Noleggio. DMC4 e la sua esplosione di stile sono tornati con nuovi personaggi giocabili e modalit\u00e0 di gioco.\",\"breadcrumb\":{\"@id\":\"https:\/\/www.psngiochi.space\/en\/product\/devil-may-cry-4-special-edition\/#breadcrumb\"},\"inLanguage\":\"en-US\",\"potentialAction\":[{\"@type\":\"ReadAction\",\"target\":[\"https:\/\/www.psngiochi.space\/en\/product\/devil-may-cry-4-special-edition\/\"]}]},{\"@type\":\"ImageObject\",\"inLanguage\":\"en-US\",\"@id\":\"https:\/\/www.psngiochi.space\/en\/product\/devil-may-cry-4-special-edition\/#primaryimage\",\"url\":\"https:\/\/www.psngiochi.space\/wp-content\/uploads\/2018\/11\/devil-may-cry-4-special-edition-psngiochispace-giochidigitalips4.png\",\"contentUrl\":\"https:\/\/www.psngiochi.space\/wp-content\/uploads\/2018\/11\/devil-may-cry-4-special-edition-psngiochispace-giochidigitalips4.png\",\"width\":375,\"height\":375},{\"@type\":\"BreadcrumbList\",\"@id\":\"https:\/\/www.psngiochi.space\/en\/product\/devil-may-cry-4-special-edition\/#breadcrumb\",\"itemListElement\":[{\"@type\":\"ListItem\",\"position\":1,\"name\":\"Home\",\"item\":\"https:\/\/www.psngiochi.space\/en\/\"},{\"@type\":\"ListItem\",\"position\":2,\"name\":\"Negozio\",\"item\":\"https:\/\/www.psngiochi.space\/en\/negozio\/\"},{\"@type\":\"ListItem\",\"position\":3,\"name\":\"Devil May Cry 4 Special Edition\"}]},{\"@type\":\"WebSite\",\"@id\":\"https:\/\/www.psngiochi.space\/en\/#website\",\"url\":\"https:\/\/www.psngiochi.space\/en\/\",\"name\":\"Giochi Digitali PS4 e PS5\",\"description\":\"Noleggio di giochi, vendita di accounts\",\"potentialAction\":[{\"@type\":\"SearchAction\",\"target\":{\"@type\":\"EntryPoint\",\"urlTemplate\":\"https:\/\/www.psngiochi.space\/en\/?s={search_term_string}\"},\"query-input\":{\"@type\":\"PropertyValueSpecification\",\"valueRequired\":true,\"valueName\":\"search_term_string\"}}],\"inLanguage\":\"en-US\"}]}<\/script>\n<!-- \/ Yoast SEO plugin. -->","yoast_head_json":{"title":"Devil May Cry 4 Special Edition - Giochi Digitali PS4 e PS5","description":"Giochi Digitali PS4 in Noleggio. DMC4 e la sua esplosione di stile sono tornati con nuovi personaggi giocabili e modalit\u00e0 di gioco.","robots":{"index":"index","follow":"follow","max-snippet":"max-snippet:-1","max-image-preview":"max-image-preview:large","max-video-preview":"max-video-preview:-1"},"canonical":"https:\/\/www.psngiochi.space\/en\/product\/devil-may-cry-4-special-edition\/","og_locale":"en_US","og_type":"article","og_title":"Devil May Cry 4 Special Edition - Giochi Digitali PS4 e PS5","og_description":"Giochi Digitali PS4 in Noleggio. DMC4 e la sua esplosione di stile sono tornati con nuovi personaggi giocabili e modalit\u00e0 di gioco.","og_url":"https:\/\/www.psngiochi.space\/en\/product\/devil-may-cry-4-special-edition\/","og_site_name":"Giochi Digitali PS4 e PS5","article_modified_time":"2024-07-02T23:38:29+00:00","og_image":[{"width":375,"height":375,"url":"https:\/\/www.psngiochi.space\/wp-content\/uploads\/2018\/11\/devil-may-cry-4-special-edition-psngiochispace-giochidigitalips4.png","type":"image\/png"}],"twitter_card":"summary_large_image","schema":{"@context":"https:\/\/schema.org","@graph":[{"@type":"WebPage","@id":"https:\/\/www.psngiochi.space\/en\/product\/devil-may-cry-4-special-edition\/","url":"https:\/\/www.psngiochi.space\/en\/product\/devil-may-cry-4-special-edition\/","name":"Devil May Cry 4 Special Edition - Giochi Digitali PS4 e PS5","isPartOf":{"@id":"https:\/\/www.psngiochi.space\/en\/#website"},"primaryImageOfPage":{"@id":"https:\/\/www.psngiochi.space\/en\/product\/devil-may-cry-4-special-edition\/#primaryimage"},"image":{"@id":"https:\/\/www.psngiochi.space\/en\/product\/devil-may-cry-4-special-edition\/#primaryimage"},"thumbnailUrl":"https:\/\/www.psngiochi.space\/wp-content\/uploads\/2018\/11\/devil-may-cry-4-special-edition-psngiochispace-giochidigitalips4.png","datePublished":"2018-11-03T14:40:24+00:00","dateModified":"2024-07-02T23:38:29+00:00","description":"Giochi Digitali PS4 in Noleggio. DMC4 e la sua esplosione di stile sono tornati con nuovi personaggi giocabili e modalit\u00e0 di gioco.","breadcrumb":{"@id":"https:\/\/www.psngiochi.space\/en\/product\/devil-may-cry-4-special-edition\/#breadcrumb"},"inLanguage":"en-US","potentialAction":[{"@type":"ReadAction","target":["https:\/\/www.psngiochi.space\/en\/product\/devil-may-cry-4-special-edition\/"]}]},{"@type":"ImageObject","inLanguage":"en-US","@id":"https:\/\/www.psngiochi.space\/en\/product\/devil-may-cry-4-special-edition\/#primaryimage","url":"https:\/\/www.psngiochi.space\/wp-content\/uploads\/2018\/11\/devil-may-cry-4-special-edition-psngiochispace-giochidigitalips4.png","contentUrl":"https:\/\/www.psngiochi.space\/wp-content\/uploads\/2018\/11\/devil-may-cry-4-special-edition-psngiochispace-giochidigitalips4.png","width":375,"height":375},{"@type":"BreadcrumbList","@id":"https:\/\/www.psngiochi.space\/en\/product\/devil-may-cry-4-special-edition\/#breadcrumb","itemListElement":[{"@type":"ListItem","position":1,"name":"Home","item":"https:\/\/www.psngiochi.space\/en\/"},{"@type":"ListItem","position":2,"name":"Negozio","item":"https:\/\/www.psngiochi.space\/en\/negozio\/"},{"@type":"ListItem","position":3,"name":"Devil May Cry 4 Special Edition"}]},{"@type":"WebSite","@id":"https:\/\/www.psngiochi.space\/en\/#website","url":"https:\/\/www.psngiochi.space\/en\/","name":"Giochi Digitali PS4 e PS5","description":"Noleggio di giochi, vendita di accounts","potentialAction":[{"@type":"SearchAction","target":{"@type":"EntryPoint","urlTemplate":"https:\/\/www.psngiochi.space\/en\/?s={search_term_string}"},"query-input":{"@type":"PropertyValueSpecification","valueRequired":true,"valueName":"search_term_string"}}],"inLanguage":"en-US"}]}},"_links":{"self":[{"href":"https:\/\/www.psngiochi.space\/en\/wp-json\/wp\/v2\/product\/6419","targetHints":{"allow":["GET"]}}],"collection":[{"href":"https:\/\/www.psngiochi.space\/en\/wp-json\/wp\/v2\/product"}],"about":[{"href":"https:\/\/www.psngiochi.space\/en\/wp-json\/wp\/v2\/types\/product"}],"replies":[{"embeddable":true,"href":"https:\/\/www.psngiochi.space\/en\/wp-json\/wp\/v2\/comments?post=6419"}],"wp:featuredmedia":[{"embeddable":true,"href":"https:\/\/www.psngiochi.space\/en\/wp-json\/wp\/v2\/media\/8120"}],"wp:attachment":[{"href":"https:\/\/www.psngiochi.space\/en\/wp-json\/wp\/v2\/media?parent=6419"}],"wp:term":[{"taxonomy":"product_cat","embeddable":true,"href":"https:\/\/www.psngiochi.space\/en\/wp-json\/wp\/v2\/product_cat?post=6419"},{"taxonomy":"product_tag","embeddable":true,"href":"https:\/\/www.psngiochi.space\/en\/wp-json\/wp\/v2\/product_tag?post=6419"}],"curies":[{"name":"wp","href":"https:\/\/api.w.org\/{rel}","templated":true}]}}