{"id":6128,"date":"2018-10-18T13:38:41","date_gmt":"2018-10-18T11:38:41","guid":{"rendered":"http:\/\/www.psngiochi.space\/?post_type=product&#038;p=6128"},"modified":"2024-05-15T16:30:11","modified_gmt":"2024-05-15T14:30:11","slug":"the-last-of-us-remastered","status":"publish","type":"product","link":"https:\/\/www.psngiochi.space\/en\/product\/the-last-of-us-remastered\/","title":{"rendered":"The Last of Us Remastered"},"content":{"rendered":"<p><span style=\"font-size: 14pt; color: #000000;\">In un mondo reso ostile dallo scoppio di una pandemia, Joel ed Ellie sono costretti da circostanze drammatiche a intraprendere un pericoloso viaggio attraverso ci\u00f2 che resta degli Stati Uniti.<\/span><\/p>\n<p><span style=\"font-size: 14pt; color: #000000;\">Caratteristiche dell'edizione Remastered:<\/span><br \/>\n<span style=\"font-size: 14pt; color: #000000;\">\u2022 Esplora un mondo straziato ma ricco di fascino, realizzato in alta definizione a 1080p con la potenza di PlayStation 4.<\/span><br \/>\n<span style=\"font-size: 14pt; color: #000000;\">\u2022 Scopri il passato di Ellie in Left Behind, un capitolo introduttivo per giocatore singolo.\u00a0<\/span><br \/>\n<span style=\"font-size: 14pt; color: #000000;\">\u2022 Lotta per la sopravvivenza nei territori abbandonati e riscattati con otto nuove mappe multigiocatore, oltre a un livello di difficolt\u00e0 ancora pi\u00f9 impegnativo per la modalit\u00e0 in singolo.<\/span><br \/>\n<span style=\"font-size: 14pt; color: #000000;\">\u2022 Commento cinematografico dietro le quinte realizzato dal cast e dal direttore creativo.<\/span><\/p>\n<p><span style=\"font-size: 14pt; color: #000000;\">Audio: inglese, italiano<\/span><\/p>\n<p><span style=\"font-size: 14pt; color: #000000;\">Sottotitoli: inglese, italiano<\/span><\/p>","protected":false},"excerpt":{"rendered":"<h5 class=\"provider-info__text\"><span class=\"provider-info__list-item\">Pubblicato\u00a030 Lug 2014<\/span><span class=\"provider-info__list-item\">\u00a0| Dimens. file: 47.19 GB |\u00a0 \u03361\u03369\u0336.\u03369\u03369\u0336<\/span><\/h5>\n<h3><span style=\"font-family: georgia, palatino, serif;\"><span style=\"color: #df1d1d;\">\u23f0 Rent for 10 days:<\/span><\/span><span style=\"color: #df1d1d;\">\u00a0<span style=\"font-size: 10pt; color: #333333;\">p<\/span><\/span><span style=\"font-family: georgia, palatino, serif; font-size: 10pt; color: #333333;\">ossibilita di giocare dal vostro account personale o sull account fornito (primario o secondario).<\/span><\/h3>\n<h3><span style=\"font-size: 10pt; color: #333333;\">Game for rent is one of the cheapest and most convenient ways to get a game.\u00a0<\/span><span style=\"font-size: 10pt; color: #333333;\">You can also extend the period if you have not finished the game.<\/span><\/h3>","protected":false},"featured_media":8373,"comment_status":"open","ping_status":"closed","template":"","meta":[],"product_cat":[122,117,121],"product_tag":[],"class_list":{"0":"post-6128","1":"product","2":"type-product","3":"status-publish","4":"has-post-thumbnail","6":"product_cat-giochi-ps4-in-noleggio","7":"product_cat-must-play","8":"product_cat-playstation-hits","10":"first","11":"instock","12":"downloadable","13":"virtual","14":"purchasable","15":"product-type-simple"},"yoast_head":"<!-- This site is optimized with the Yoast SEO plugin v23.9 - https:\/\/yoast.com\/wordpress\/plugins\/seo\/ -->\n<title>The Last of Us Remastered - Giochi Digitali PS4 e PS5<\/title>\n<meta name=\"description\" content=\"In un mondo reso ostile dallo scoppio di una pandemia, Joel ed Ellie sono costretti da circostanze drammatiche a intraprendere un pericoloso viaggio attraverso ci\u00f2 che resta degli Stati Uniti.\" \/>\n<meta name=\"robots\" content=\"index, follow, max-snippet:-1, max-image-preview:large, max-video-preview:-1\" \/>\n<link rel=\"canonical\" href=\"https:\/\/www.psngiochi.space\/en\/product\/the-last-of-us-remastered\/\" \/>\n<meta property=\"og:locale\" content=\"en_US\" \/>\n<meta property=\"og:type\" content=\"article\" \/>\n<meta property=\"og:title\" content=\"The Last of Us Remastered - Giochi Digitali PS4 e PS5\" \/>\n<meta property=\"og:description\" content=\"In un mondo reso ostile dallo scoppio di una pandemia, Joel ed Ellie sono costretti da circostanze drammatiche a intraprendere un pericoloso viaggio attraverso ci\u00f2 che resta degli Stati Uniti.\" \/>\n<meta property=\"og:url\" content=\"https:\/\/www.psngiochi.space\/en\/product\/the-last-of-us-remastered\/\" \/>\n<meta property=\"og:site_name\" content=\"Giochi Digitali PS4 e PS5\" \/>\n<meta property=\"article:modified_time\" content=\"2024-05-15T14:30:11+00:00\" \/>\n<meta property=\"og:image\" content=\"https:\/\/www.psngiochi.space\/wp-content\/uploads\/2018\/10\/the-last-of-us-remastered-psngiochispace-giochi-digitali-ps4-digital-games-ps4-cifrovye-igry-ps4.jpg\" \/>\n\t<meta property=\"og:image:width\" content=\"803\" \/>\n\t<meta property=\"og:image:height\" content=\"1000\" \/>\n\t<meta property=\"og:image:type\" content=\"image\/jpeg\" \/>\n<meta name=\"twitter:card\" content=\"summary_large_image\" \/>\n<meta name=\"twitter:label1\" content=\"Est. reading time\" \/>\n\t<meta name=\"twitter:data1\" content=\"1 minute\" \/>\n<script type=\"application\/ld+json\" class=\"yoast-schema-graph\">{\"@context\":\"https:\/\/schema.org\",\"@graph\":[{\"@type\":\"WebPage\",\"@id\":\"https:\/\/www.psngiochi.space\/it\/product\/the-last-of-us-remastered\/\",\"url\":\"https:\/\/www.psngiochi.space\/it\/product\/the-last-of-us-remastered\/\",\"name\":\"The Last of Us Remastered - Giochi Digitali PS4 e PS5\",\"isPartOf\":{\"@id\":\"https:\/\/www.psngiochi.space\/en\/#website\"},\"primaryImageOfPage\":{\"@id\":\"https:\/\/www.psngiochi.space\/it\/product\/the-last-of-us-remastered\/#primaryimage\"},\"image\":{\"@id\":\"https:\/\/www.psngiochi.space\/it\/product\/the-last-of-us-remastered\/#primaryimage\"},\"thumbnailUrl\":\"https:\/\/www.psngiochi.space\/wp-content\/uploads\/2018\/10\/the-last-of-us-remastered-psngiochispace-giochi-digitali-ps4-digital-games-ps4-cifrovye-igry-ps4.jpg\",\"datePublished\":\"2018-10-18T11:38:41+00:00\",\"dateModified\":\"2024-05-15T14:30:11+00:00\",\"description\":\"In un mondo reso ostile dallo scoppio di una pandemia, Joel ed Ellie sono costretti da circostanze drammatiche a intraprendere un pericoloso viaggio attraverso ci\u00f2 che resta degli Stati Uniti.\",\"breadcrumb\":{\"@id\":\"https:\/\/www.psngiochi.space\/it\/product\/the-last-of-us-remastered\/#breadcrumb\"},\"inLanguage\":\"en-US\",\"potentialAction\":[{\"@type\":\"ReadAction\",\"target\":[\"https:\/\/www.psngiochi.space\/it\/product\/the-last-of-us-remastered\/\"]}]},{\"@type\":\"ImageObject\",\"inLanguage\":\"en-US\",\"@id\":\"https:\/\/www.psngiochi.space\/it\/product\/the-last-of-us-remastered\/#primaryimage\",\"url\":\"https:\/\/www.psngiochi.space\/wp-content\/uploads\/2018\/10\/the-last-of-us-remastered-psngiochispace-giochi-digitali-ps4-digital-games-ps4-cifrovye-igry-ps4.jpg\",\"contentUrl\":\"https:\/\/www.psngiochi.space\/wp-content\/uploads\/2018\/10\/the-last-of-us-remastered-psngiochispace-giochi-digitali-ps4-digital-games-ps4-cifrovye-igry-ps4.jpg\",\"width\":803,\"height\":1000},{\"@type\":\"BreadcrumbList\",\"@id\":\"https:\/\/www.psngiochi.space\/it\/product\/the-last-of-us-remastered\/#breadcrumb\",\"itemListElement\":[{\"@type\":\"ListItem\",\"position\":1,\"name\":\"Home\",\"item\":\"https:\/\/www.psngiochi.space\/en\/\"},{\"@type\":\"ListItem\",\"position\":2,\"name\":\"Negozio\",\"item\":\"https:\/\/www.psngiochi.space\/en\/negozio\/\"},{\"@type\":\"ListItem\",\"position\":3,\"name\":\"The Last of Us Remastered\"}]},{\"@type\":\"WebSite\",\"@id\":\"https:\/\/www.psngiochi.space\/en\/#website\",\"url\":\"https:\/\/www.psngiochi.space\/en\/\",\"name\":\"Giochi Digitali PS4 e PS5\",\"description\":\"Noleggio di giochi, vendita di accounts\",\"potentialAction\":[{\"@type\":\"SearchAction\",\"target\":{\"@type\":\"EntryPoint\",\"urlTemplate\":\"https:\/\/www.psngiochi.space\/en\/?s={search_term_string}\"},\"query-input\":{\"@type\":\"PropertyValueSpecification\",\"valueRequired\":true,\"valueName\":\"search_term_string\"}}],\"inLanguage\":\"en-US\"}]}<\/script>\n<!-- \/ Yoast SEO plugin. -->","yoast_head_json":{"title":"The Last of Us Remastered - Giochi Digitali PS4 e PS5","description":"In un mondo reso ostile dallo scoppio di una pandemia, Joel ed Ellie sono costretti da circostanze drammatiche a intraprendere un pericoloso viaggio attraverso ci\u00f2 che resta degli Stati Uniti.","robots":{"index":"index","follow":"follow","max-snippet":"max-snippet:-1","max-image-preview":"max-image-preview:large","max-video-preview":"max-video-preview:-1"},"canonical":"https:\/\/www.psngiochi.space\/en\/product\/the-last-of-us-remastered\/","og_locale":"en_US","og_type":"article","og_title":"The Last of Us Remastered - Giochi Digitali PS4 e PS5","og_description":"In un mondo reso ostile dallo scoppio di una pandemia, Joel ed Ellie sono costretti da circostanze drammatiche a intraprendere un pericoloso viaggio attraverso ci\u00f2 che resta degli Stati Uniti.","og_url":"https:\/\/www.psngiochi.space\/en\/product\/the-last-of-us-remastered\/","og_site_name":"Giochi Digitali PS4 e PS5","article_modified_time":"2024-05-15T14:30:11+00:00","og_image":[{"width":803,"height":1000,"url":"https:\/\/www.psngiochi.space\/wp-content\/uploads\/2018\/10\/the-last-of-us-remastered-psngiochispace-giochi-digitali-ps4-digital-games-ps4-cifrovye-igry-ps4.jpg","type":"image\/jpeg"}],"twitter_card":"summary_large_image","twitter_misc":{"Est. reading time":"1 minute"},"schema":{"@context":"https:\/\/schema.org","@graph":[{"@type":"WebPage","@id":"https:\/\/www.psngiochi.space\/it\/product\/the-last-of-us-remastered\/","url":"https:\/\/www.psngiochi.space\/it\/product\/the-last-of-us-remastered\/","name":"The Last of Us Remastered - Giochi Digitali PS4 e PS5","isPartOf":{"@id":"https:\/\/www.psngiochi.space\/en\/#website"},"primaryImageOfPage":{"@id":"https:\/\/www.psngiochi.space\/it\/product\/the-last-of-us-remastered\/#primaryimage"},"image":{"@id":"https:\/\/www.psngiochi.space\/it\/product\/the-last-of-us-remastered\/#primaryimage"},"thumbnailUrl":"https:\/\/www.psngiochi.space\/wp-content\/uploads\/2018\/10\/the-last-of-us-remastered-psngiochispace-giochi-digitali-ps4-digital-games-ps4-cifrovye-igry-ps4.jpg","datePublished":"2018-10-18T11:38:41+00:00","dateModified":"2024-05-15T14:30:11+00:00","description":"In un mondo reso ostile dallo scoppio di una pandemia, Joel ed Ellie sono costretti da circostanze drammatiche a intraprendere un pericoloso viaggio attraverso ci\u00f2 che resta degli Stati Uniti.","breadcrumb":{"@id":"https:\/\/www.psngiochi.space\/it\/product\/the-last-of-us-remastered\/#breadcrumb"},"inLanguage":"en-US","potentialAction":[{"@type":"ReadAction","target":["https:\/\/www.psngiochi.space\/it\/product\/the-last-of-us-remastered\/"]}]},{"@type":"ImageObject","inLanguage":"en-US","@id":"https:\/\/www.psngiochi.space\/it\/product\/the-last-of-us-remastered\/#primaryimage","url":"https:\/\/www.psngiochi.space\/wp-content\/uploads\/2018\/10\/the-last-of-us-remastered-psngiochispace-giochi-digitali-ps4-digital-games-ps4-cifrovye-igry-ps4.jpg","contentUrl":"https:\/\/www.psngiochi.space\/wp-content\/uploads\/2018\/10\/the-last-of-us-remastered-psngiochispace-giochi-digitali-ps4-digital-games-ps4-cifrovye-igry-ps4.jpg","width":803,"height":1000},{"@type":"BreadcrumbList","@id":"https:\/\/www.psngiochi.space\/it\/product\/the-last-of-us-remastered\/#breadcrumb","itemListElement":[{"@type":"ListItem","position":1,"name":"Home","item":"https:\/\/www.psngiochi.space\/en\/"},{"@type":"ListItem","position":2,"name":"Negozio","item":"https:\/\/www.psngiochi.space\/en\/negozio\/"},{"@type":"ListItem","position":3,"name":"The Last of Us Remastered"}]},{"@type":"WebSite","@id":"https:\/\/www.psngiochi.space\/en\/#website","url":"https:\/\/www.psngiochi.space\/en\/","name":"Giochi Digitali PS4 e PS5","description":"Noleggio di giochi, vendita di accounts","potentialAction":[{"@type":"SearchAction","target":{"@type":"EntryPoint","urlTemplate":"https:\/\/www.psngiochi.space\/en\/?s={search_term_string}"},"query-input":{"@type":"PropertyValueSpecification","valueRequired":true,"valueName":"search_term_string"}}],"inLanguage":"en-US"}]}},"_links":{"self":[{"href":"https:\/\/www.psngiochi.space\/en\/wp-json\/wp\/v2\/product\/6128","targetHints":{"allow":["GET"]}}],"collection":[{"href":"https:\/\/www.psngiochi.space\/en\/wp-json\/wp\/v2\/product"}],"about":[{"href":"https:\/\/www.psngiochi.space\/en\/wp-json\/wp\/v2\/types\/product"}],"replies":[{"embeddable":true,"href":"https:\/\/www.psngiochi.space\/en\/wp-json\/wp\/v2\/comments?post=6128"}],"wp:featuredmedia":[{"embeddable":true,"href":"https:\/\/www.psngiochi.space\/en\/wp-json\/wp\/v2\/media\/8373"}],"wp:attachment":[{"href":"https:\/\/www.psngiochi.space\/en\/wp-json\/wp\/v2\/media?parent=6128"}],"wp:term":[{"taxonomy":"product_cat","embeddable":true,"href":"https:\/\/www.psngiochi.space\/en\/wp-json\/wp\/v2\/product_cat?post=6128"},{"taxonomy":"product_tag","embeddable":true,"href":"https:\/\/www.psngiochi.space\/en\/wp-json\/wp\/v2\/product_tag?post=6128"}],"curies":[{"name":"wp","href":"https:\/\/api.w.org\/{rel}","templated":true}]}}