{"id":6017,"date":"2018-10-14T18:51:03","date_gmt":"2018-10-14T18:51:03","guid":{"rendered":"http:\/\/www.psngiochi.space\/?post_type=product&#038;p=6017"},"modified":"2020-05-28T06:02:34","modified_gmt":"2020-05-28T06:02:34","slug":"cars-3-driven-to-win","status":"publish","type":"product","link":"https:\/\/www.psngiochi.space\/en\/product\/cars-3-driven-to-win\/","title":{"rendered":"Cars 3: Driven to Win [Secondary]"},"content":{"rendered":"<p><span style=\"font-size: 14pt; color: #000000;\">Accendete i motori e preparatevi per la massima esperienza di guida con Cars 3: In Gara per la Vittoria, ispirato al film Disney \u2022 Pixar Cars 3. Gioca con oltre 20 personaggi personalizzabili tra cui Saetta McQueen, Jackson Storm, Cruz Ramirez e la futura generazione di piloti in pi\u00f9 di 20 percorsi ambientati in luoghi rappresentativi del film, come Radiator Springs. Allenati e affina le tue abilit\u00e0 in 6 modalit\u00e0 di gioco e competi con la tua famiglia e i tuoi amici nella Sfida Automobilistica per diventare il campione supremo. Sulla strada per diventare un pilota degno della Hall of Fame, l'allenamento e l'abilit\u00e0 ti daranno un vantaggio in gara che nessuno potr\u00e0 superare.<\/span><\/p>\n<p><span style=\"font-size: 14pt; color: #000000;\">Audio: inglese<\/span><\/p>\n<p><span style=\"font-size: 14pt; color: #000000;\">Sottotitoli: inglese<\/span><\/p>","protected":false},"excerpt":{"rendered":"<h5 class=\"provider-info__text\"><span class=\"provider-info__list-item\">Pubblicato\u00a014 Set 2017<\/span><span class=\"provider-info__list-item\">\u00a0| Dimens. file: 6.83 GB |\u00a0 \u03365\u03369\u0336.\u03369\u03369\u0336<\/span><\/h5>\n<h3><span style=\"font-family: georgia, palatino, serif;\"><span style=\"color: #df1d1d;\">\u23f0 Rent for 10 days:<\/span><\/span><span style=\"color: #df1d1d;\">\u00a0<span style=\"font-size: 10pt; color: #333333;\">p<\/span><\/span><span style=\"font-family: georgia, palatino, serif; font-size: 10pt; color: #333333;\">ossibilita di giocare dal vostro account personale o sull account fornito (primario o secondario).<\/span><\/h3>\n<h3><span style=\"font-size: 10pt; color: #333333;\">Game for rent is one of the cheapest and most convenient ways to get a game.\u00a0<\/span><span style=\"font-size: 10pt; color: #333333;\">You can also extend the period if you have not finished the game.<\/span><\/h3>","protected":false},"featured_media":8320,"comment_status":"open","ping_status":"closed","template":"","meta":[],"product_cat":[122],"product_tag":[76],"class_list":{"0":"post-6017","1":"product","2":"type-product","3":"status-publish","4":"has-post-thumbnail","6":"product_cat-giochi-ps4-in-noleggio","7":"product_tag-gara","9":"first","10":"instock","11":"downloadable","12":"virtual","13":"purchasable","14":"product-type-simple"},"yoast_head":"<!-- This site is optimized with the Yoast SEO plugin v23.9 - https:\/\/yoast.com\/wordpress\/plugins\/seo\/ -->\n<title>Cars 3: Driven to Win [Secondary] - Giochi Digitali PS4 e PS5<\/title>\n<meta name=\"description\" content=\"Giochi Digitali PS4 in Noleggio. Accendete i motori e preparatevi per la massima esperienza di guida con Cars 3: In Gara per la Vittoria.\" \/>\n<meta name=\"robots\" content=\"index, follow, max-snippet:-1, max-image-preview:large, max-video-preview:-1\" \/>\n<link rel=\"canonical\" href=\"https:\/\/www.psngiochi.space\/en\/product\/cars-3-driven-to-win\/\" \/>\n<meta property=\"og:locale\" content=\"en_US\" \/>\n<meta property=\"og:type\" content=\"article\" \/>\n<meta property=\"og:title\" content=\"Cars 3: Driven to Win [Secondary] - Giochi Digitali PS4 e PS5\" \/>\n<meta property=\"og:description\" content=\"Giochi Digitali PS4 in Noleggio. Accendete i motori e preparatevi per la massima esperienza di guida con Cars 3: In Gara per la Vittoria.\" \/>\n<meta property=\"og:url\" content=\"https:\/\/www.psngiochi.space\/en\/product\/cars-3-driven-to-win\/\" \/>\n<meta property=\"og:site_name\" content=\"Giochi Digitali PS4 e PS5\" \/>\n<meta property=\"article:modified_time\" content=\"2020-05-28T06:02:34+00:00\" \/>\n<meta property=\"og:image\" content=\"https:\/\/www.psngiochi.space\/wp-content\/uploads\/2018\/10\/cars-3-driven-to-win-psngiochispace-giochi-digitali-ps4-digital-games-ps4-cifrovye-igry-ps4.jpg\" \/>\n\t<meta property=\"og:image:width\" content=\"803\" \/>\n\t<meta property=\"og:image:height\" content=\"1000\" \/>\n\t<meta property=\"og:image:type\" content=\"image\/jpeg\" \/>\n<meta name=\"twitter:card\" content=\"summary_large_image\" \/>\n<meta name=\"twitter:label1\" content=\"Est. reading time\" \/>\n\t<meta name=\"twitter:data1\" content=\"1 minute\" \/>\n<script type=\"application\/ld+json\" class=\"yoast-schema-graph\">{\"@context\":\"https:\/\/schema.org\",\"@graph\":[{\"@type\":\"WebPage\",\"@id\":\"https:\/\/www.psngiochi.space\/en\/product\/cars-3-driven-to-win\/\",\"url\":\"https:\/\/www.psngiochi.space\/en\/product\/cars-3-driven-to-win\/\",\"name\":\"Cars 3: Driven to Win [Secondary] - Giochi Digitali PS4 e PS5\",\"isPartOf\":{\"@id\":\"https:\/\/www.psngiochi.space\/en\/#website\"},\"primaryImageOfPage\":{\"@id\":\"https:\/\/www.psngiochi.space\/en\/product\/cars-3-driven-to-win\/#primaryimage\"},\"image\":{\"@id\":\"https:\/\/www.psngiochi.space\/en\/product\/cars-3-driven-to-win\/#primaryimage\"},\"thumbnailUrl\":\"https:\/\/www.psngiochi.space\/wp-content\/uploads\/2018\/10\/cars-3-driven-to-win-psngiochispace-giochi-digitali-ps4-digital-games-ps4-cifrovye-igry-ps4.jpg\",\"datePublished\":\"2018-10-14T18:51:03+00:00\",\"dateModified\":\"2020-05-28T06:02:34+00:00\",\"description\":\"Giochi Digitali PS4 in Noleggio. Accendete i motori e preparatevi per la massima esperienza di guida con Cars 3: In Gara per la Vittoria.\",\"breadcrumb\":{\"@id\":\"https:\/\/www.psngiochi.space\/en\/product\/cars-3-driven-to-win\/#breadcrumb\"},\"inLanguage\":\"en-US\",\"potentialAction\":[{\"@type\":\"ReadAction\",\"target\":[\"https:\/\/www.psngiochi.space\/en\/product\/cars-3-driven-to-win\/\"]}]},{\"@type\":\"ImageObject\",\"inLanguage\":\"en-US\",\"@id\":\"https:\/\/www.psngiochi.space\/en\/product\/cars-3-driven-to-win\/#primaryimage\",\"url\":\"https:\/\/www.psngiochi.space\/wp-content\/uploads\/2018\/10\/cars-3-driven-to-win-psngiochispace-giochi-digitali-ps4-digital-games-ps4-cifrovye-igry-ps4.jpg\",\"contentUrl\":\"https:\/\/www.psngiochi.space\/wp-content\/uploads\/2018\/10\/cars-3-driven-to-win-psngiochispace-giochi-digitali-ps4-digital-games-ps4-cifrovye-igry-ps4.jpg\",\"width\":803,\"height\":1000},{\"@type\":\"BreadcrumbList\",\"@id\":\"https:\/\/www.psngiochi.space\/en\/product\/cars-3-driven-to-win\/#breadcrumb\",\"itemListElement\":[{\"@type\":\"ListItem\",\"position\":1,\"name\":\"Home\",\"item\":\"https:\/\/www.psngiochi.space\/en\/\"},{\"@type\":\"ListItem\",\"position\":2,\"name\":\"Negozio\",\"item\":\"https:\/\/www.psngiochi.space\/en\/negozio\/\"},{\"@type\":\"ListItem\",\"position\":3,\"name\":\"Cars 3: Driven to Win [Secondary]\"}]},{\"@type\":\"WebSite\",\"@id\":\"https:\/\/www.psngiochi.space\/en\/#website\",\"url\":\"https:\/\/www.psngiochi.space\/en\/\",\"name\":\"Giochi Digitali PS4 e PS5\",\"description\":\"Noleggio di giochi, vendita di accounts\",\"potentialAction\":[{\"@type\":\"SearchAction\",\"target\":{\"@type\":\"EntryPoint\",\"urlTemplate\":\"https:\/\/www.psngiochi.space\/en\/?s={search_term_string}\"},\"query-input\":{\"@type\":\"PropertyValueSpecification\",\"valueRequired\":true,\"valueName\":\"search_term_string\"}}],\"inLanguage\":\"en-US\"}]}<\/script>\n<!-- \/ Yoast SEO plugin. -->","yoast_head_json":{"title":"Cars 3: Driven to Win [Secondary] - Giochi Digitali PS4 e PS5","description":"Giochi Digitali PS4 in Noleggio. Accendete i motori e preparatevi per la massima esperienza di guida con Cars 3: In Gara per la Vittoria.","robots":{"index":"index","follow":"follow","max-snippet":"max-snippet:-1","max-image-preview":"max-image-preview:large","max-video-preview":"max-video-preview:-1"},"canonical":"https:\/\/www.psngiochi.space\/en\/product\/cars-3-driven-to-win\/","og_locale":"en_US","og_type":"article","og_title":"Cars 3: Driven to Win [Secondary] - Giochi Digitali PS4 e PS5","og_description":"Giochi Digitali PS4 in Noleggio. Accendete i motori e preparatevi per la massima esperienza di guida con Cars 3: In Gara per la Vittoria.","og_url":"https:\/\/www.psngiochi.space\/en\/product\/cars-3-driven-to-win\/","og_site_name":"Giochi Digitali PS4 e PS5","article_modified_time":"2020-05-28T06:02:34+00:00","og_image":[{"width":803,"height":1000,"url":"https:\/\/www.psngiochi.space\/wp-content\/uploads\/2018\/10\/cars-3-driven-to-win-psngiochispace-giochi-digitali-ps4-digital-games-ps4-cifrovye-igry-ps4.jpg","type":"image\/jpeg"}],"twitter_card":"summary_large_image","twitter_misc":{"Est. reading time":"1 minute"},"schema":{"@context":"https:\/\/schema.org","@graph":[{"@type":"WebPage","@id":"https:\/\/www.psngiochi.space\/en\/product\/cars-3-driven-to-win\/","url":"https:\/\/www.psngiochi.space\/en\/product\/cars-3-driven-to-win\/","name":"Cars 3: Driven to Win [Secondary] - Giochi Digitali PS4 e PS5","isPartOf":{"@id":"https:\/\/www.psngiochi.space\/en\/#website"},"primaryImageOfPage":{"@id":"https:\/\/www.psngiochi.space\/en\/product\/cars-3-driven-to-win\/#primaryimage"},"image":{"@id":"https:\/\/www.psngiochi.space\/en\/product\/cars-3-driven-to-win\/#primaryimage"},"thumbnailUrl":"https:\/\/www.psngiochi.space\/wp-content\/uploads\/2018\/10\/cars-3-driven-to-win-psngiochispace-giochi-digitali-ps4-digital-games-ps4-cifrovye-igry-ps4.jpg","datePublished":"2018-10-14T18:51:03+00:00","dateModified":"2020-05-28T06:02:34+00:00","description":"Giochi Digitali PS4 in Noleggio. Accendete i motori e preparatevi per la massima esperienza di guida con Cars 3: In Gara per la Vittoria.","breadcrumb":{"@id":"https:\/\/www.psngiochi.space\/en\/product\/cars-3-driven-to-win\/#breadcrumb"},"inLanguage":"en-US","potentialAction":[{"@type":"ReadAction","target":["https:\/\/www.psngiochi.space\/en\/product\/cars-3-driven-to-win\/"]}]},{"@type":"ImageObject","inLanguage":"en-US","@id":"https:\/\/www.psngiochi.space\/en\/product\/cars-3-driven-to-win\/#primaryimage","url":"https:\/\/www.psngiochi.space\/wp-content\/uploads\/2018\/10\/cars-3-driven-to-win-psngiochispace-giochi-digitali-ps4-digital-games-ps4-cifrovye-igry-ps4.jpg","contentUrl":"https:\/\/www.psngiochi.space\/wp-content\/uploads\/2018\/10\/cars-3-driven-to-win-psngiochispace-giochi-digitali-ps4-digital-games-ps4-cifrovye-igry-ps4.jpg","width":803,"height":1000},{"@type":"BreadcrumbList","@id":"https:\/\/www.psngiochi.space\/en\/product\/cars-3-driven-to-win\/#breadcrumb","itemListElement":[{"@type":"ListItem","position":1,"name":"Home","item":"https:\/\/www.psngiochi.space\/en\/"},{"@type":"ListItem","position":2,"name":"Negozio","item":"https:\/\/www.psngiochi.space\/en\/negozio\/"},{"@type":"ListItem","position":3,"name":"Cars 3: Driven to Win [Secondary]"}]},{"@type":"WebSite","@id":"https:\/\/www.psngiochi.space\/en\/#website","url":"https:\/\/www.psngiochi.space\/en\/","name":"Giochi Digitali PS4 e PS5","description":"Noleggio di giochi, vendita di accounts","potentialAction":[{"@type":"SearchAction","target":{"@type":"EntryPoint","urlTemplate":"https:\/\/www.psngiochi.space\/en\/?s={search_term_string}"},"query-input":{"@type":"PropertyValueSpecification","valueRequired":true,"valueName":"search_term_string"}}],"inLanguage":"en-US"}]}},"_links":{"self":[{"href":"https:\/\/www.psngiochi.space\/en\/wp-json\/wp\/v2\/product\/6017","targetHints":{"allow":["GET"]}}],"collection":[{"href":"https:\/\/www.psngiochi.space\/en\/wp-json\/wp\/v2\/product"}],"about":[{"href":"https:\/\/www.psngiochi.space\/en\/wp-json\/wp\/v2\/types\/product"}],"replies":[{"embeddable":true,"href":"https:\/\/www.psngiochi.space\/en\/wp-json\/wp\/v2\/comments?post=6017"}],"wp:featuredmedia":[{"embeddable":true,"href":"https:\/\/www.psngiochi.space\/en\/wp-json\/wp\/v2\/media\/8320"}],"wp:attachment":[{"href":"https:\/\/www.psngiochi.space\/en\/wp-json\/wp\/v2\/media?parent=6017"}],"wp:term":[{"taxonomy":"product_cat","embeddable":true,"href":"https:\/\/www.psngiochi.space\/en\/wp-json\/wp\/v2\/product_cat?post=6017"},{"taxonomy":"product_tag","embeddable":true,"href":"https:\/\/www.psngiochi.space\/en\/wp-json\/wp\/v2\/product_tag?post=6017"}],"curies":[{"name":"wp","href":"https:\/\/api.w.org\/{rel}","templated":true}]}}