{"id":4068,"date":"2018-03-29T15:44:26","date_gmt":"2018-03-29T15:44:26","guid":{"rendered":"http:\/\/www.psngiochi.space\/?post_type=product&#038;p=4068"},"modified":"2023-07-11T16:01:17","modified_gmt":"2023-07-11T14:01:17","slug":"tomb-raider","status":"publish","type":"product","link":"https:\/\/www.psngiochi.space\/en\/product\/tomb-raider\/","title":{"rendered":"Tomb Raider"},"content":{"rendered":"<p><span style=\"font-size: 14pt; color: #000000;\">Tomb Raider ti trasciner\u00e0 in un'intensa avventura alla scoperta del passato di Lara Croft. Lara pu\u00f2 contare soltanto sull'istinto e sulle sue incredibili capacit\u00e0 fisiche per crescere e trasformarsi, da giovane donna impaurita, in una coraggiosa sopravvissuta.<\/span><\/p>","protected":false},"excerpt":{"rendered":"<h5 class=\"provider-info__text\"><span class=\"provider-info__list-item\">Pubblicato\u00a015 Mag 2013<\/span><span class=\"provider-info__list-item\">\u00a0| Dimens. file: 8.57 GB |\u00a0 \u03361\u03364\u0336.\u03369\u03369\u0336<\/span><\/h5>","protected":false},"featured_media":4072,"comment_status":"open","ping_status":"closed","template":"","meta":[],"product_cat":[57],"product_tag":[58,75],"class_list":{"0":"post-4068","1":"product","2":"type-product","3":"status-publish","4":"has-post-thumbnail","6":"product_cat-ps3","7":"product_tag-avventura","8":"product_tag-azione","10":"first","11":"outofstock","12":"downloadable","13":"virtual","14":"purchasable","15":"product-type-simple"},"yoast_head":"<!-- This site is optimized with the Yoast SEO plugin v23.9 - https:\/\/yoast.com\/wordpress\/plugins\/seo\/ -->\n<title>Tomb Raider - Giochi Digitali PS4 e PS5<\/title>\n<meta name=\"description\" content=\"PSN Gioco. PS3. Tomb Raider ti trasciner\u00e0 in un&#039;intensa avventura alla scoperta del passato di Lara Croft. Lara pu\u00f2 contare soltanto sull&#039;istinto e sulle sue incredibili capacit\u00e0 fisiche per crescere e trasformarsi, da giovane donna impaurita, in una coraggiosa sopravvissuta.\" \/>\n<meta name=\"robots\" content=\"index, follow, max-snippet:-1, max-image-preview:large, max-video-preview:-1\" \/>\n<link rel=\"canonical\" href=\"https:\/\/www.psngiochi.space\/en\/product\/tomb-raider\/\" \/>\n<meta property=\"og:locale\" content=\"en_US\" \/>\n<meta property=\"og:type\" content=\"article\" \/>\n<meta property=\"og:title\" content=\"Tomb Raider - Giochi Digitali PS4 e PS5\" \/>\n<meta property=\"og:description\" content=\"PSN Gioco. PS3. Tomb Raider ti trasciner\u00e0 in un&#039;intensa avventura alla scoperta del passato di Lara Croft. Lara pu\u00f2 contare soltanto sull&#039;istinto e sulle sue incredibili capacit\u00e0 fisiche per crescere e trasformarsi, da giovane donna impaurita, in una coraggiosa sopravvissuta.\" \/>\n<meta property=\"og:url\" content=\"https:\/\/www.psngiochi.space\/en\/product\/tomb-raider\/\" \/>\n<meta property=\"og:site_name\" content=\"Giochi Digitali PS4 e PS5\" \/>\n<meta property=\"article:modified_time\" content=\"2023-07-11T14:01:17+00:00\" \/>\n<meta property=\"og:image\" content=\"https:\/\/www.psngiochi.space\/wp-content\/uploads\/2018\/03\/tomb-raider.png\" \/>\n\t<meta property=\"og:image:width\" content=\"375\" \/>\n\t<meta property=\"og:image:height\" content=\"375\" \/>\n\t<meta property=\"og:image:type\" content=\"image\/png\" \/>\n<meta name=\"twitter:card\" content=\"summary_large_image\" \/>\n<script type=\"application\/ld+json\" class=\"yoast-schema-graph\">{\"@context\":\"https:\/\/schema.org\",\"@graph\":[{\"@type\":\"WebPage\",\"@id\":\"https:\/\/www.psngiochi.space\/en\/product\/tomb-raider\/\",\"url\":\"https:\/\/www.psngiochi.space\/en\/product\/tomb-raider\/\",\"name\":\"Tomb Raider - Giochi Digitali PS4 e PS5\",\"isPartOf\":{\"@id\":\"https:\/\/www.psngiochi.space\/en\/#website\"},\"primaryImageOfPage\":{\"@id\":\"https:\/\/www.psngiochi.space\/en\/product\/tomb-raider\/#primaryimage\"},\"image\":{\"@id\":\"https:\/\/www.psngiochi.space\/en\/product\/tomb-raider\/#primaryimage\"},\"thumbnailUrl\":\"https:\/\/www.psngiochi.space\/wp-content\/uploads\/2018\/03\/tomb-raider.png\",\"datePublished\":\"2018-03-29T15:44:26+00:00\",\"dateModified\":\"2023-07-11T14:01:17+00:00\",\"description\":\"PSN Gioco. PS3. Tomb Raider ti trasciner\u00e0 in un'intensa avventura alla scoperta del passato di Lara Croft. Lara pu\u00f2 contare soltanto sull'istinto e sulle sue incredibili capacit\u00e0 fisiche per crescere e trasformarsi, da giovane donna impaurita, in una coraggiosa sopravvissuta.\",\"breadcrumb\":{\"@id\":\"https:\/\/www.psngiochi.space\/en\/product\/tomb-raider\/#breadcrumb\"},\"inLanguage\":\"en-US\",\"potentialAction\":[{\"@type\":\"ReadAction\",\"target\":[\"https:\/\/www.psngiochi.space\/en\/product\/tomb-raider\/\"]}]},{\"@type\":\"ImageObject\",\"inLanguage\":\"en-US\",\"@id\":\"https:\/\/www.psngiochi.space\/en\/product\/tomb-raider\/#primaryimage\",\"url\":\"https:\/\/www.psngiochi.space\/wp-content\/uploads\/2018\/03\/tomb-raider.png\",\"contentUrl\":\"https:\/\/www.psngiochi.space\/wp-content\/uploads\/2018\/03\/tomb-raider.png\",\"width\":375,\"height\":375},{\"@type\":\"BreadcrumbList\",\"@id\":\"https:\/\/www.psngiochi.space\/en\/product\/tomb-raider\/#breadcrumb\",\"itemListElement\":[{\"@type\":\"ListItem\",\"position\":1,\"name\":\"Home\",\"item\":\"https:\/\/www.psngiochi.space\/en\/\"},{\"@type\":\"ListItem\",\"position\":2,\"name\":\"Negozio\",\"item\":\"https:\/\/www.psngiochi.space\/en\/negozio\/\"},{\"@type\":\"ListItem\",\"position\":3,\"name\":\"Tomb Raider\"}]},{\"@type\":\"WebSite\",\"@id\":\"https:\/\/www.psngiochi.space\/en\/#website\",\"url\":\"https:\/\/www.psngiochi.space\/en\/\",\"name\":\"Giochi Digitali PS4 e PS5\",\"description\":\"Noleggio di giochi, vendita di accounts\",\"potentialAction\":[{\"@type\":\"SearchAction\",\"target\":{\"@type\":\"EntryPoint\",\"urlTemplate\":\"https:\/\/www.psngiochi.space\/en\/?s={search_term_string}\"},\"query-input\":{\"@type\":\"PropertyValueSpecification\",\"valueRequired\":true,\"valueName\":\"search_term_string\"}}],\"inLanguage\":\"en-US\"}]}<\/script>\n<!-- \/ Yoast SEO plugin. -->","yoast_head_json":{"title":"Tomb Raider - Giochi Digitali PS4 e PS5","description":"PSN Gioco. PS3. Tomb Raider ti trasciner\u00e0 in un'intensa avventura alla scoperta del passato di Lara Croft. Lara pu\u00f2 contare soltanto sull'istinto e sulle sue incredibili capacit\u00e0 fisiche per crescere e trasformarsi, da giovane donna impaurita, in una coraggiosa sopravvissuta.","robots":{"index":"index","follow":"follow","max-snippet":"max-snippet:-1","max-image-preview":"max-image-preview:large","max-video-preview":"max-video-preview:-1"},"canonical":"https:\/\/www.psngiochi.space\/en\/product\/tomb-raider\/","og_locale":"en_US","og_type":"article","og_title":"Tomb Raider - Giochi Digitali PS4 e PS5","og_description":"PSN Gioco. PS3. Tomb Raider ti trasciner\u00e0 in un'intensa avventura alla scoperta del passato di Lara Croft. Lara pu\u00f2 contare soltanto sull'istinto e sulle sue incredibili capacit\u00e0 fisiche per crescere e trasformarsi, da giovane donna impaurita, in una coraggiosa sopravvissuta.","og_url":"https:\/\/www.psngiochi.space\/en\/product\/tomb-raider\/","og_site_name":"Giochi Digitali PS4 e PS5","article_modified_time":"2023-07-11T14:01:17+00:00","og_image":[{"width":375,"height":375,"url":"https:\/\/www.psngiochi.space\/wp-content\/uploads\/2018\/03\/tomb-raider.png","type":"image\/png"}],"twitter_card":"summary_large_image","schema":{"@context":"https:\/\/schema.org","@graph":[{"@type":"WebPage","@id":"https:\/\/www.psngiochi.space\/en\/product\/tomb-raider\/","url":"https:\/\/www.psngiochi.space\/en\/product\/tomb-raider\/","name":"Tomb Raider - Giochi Digitali PS4 e PS5","isPartOf":{"@id":"https:\/\/www.psngiochi.space\/en\/#website"},"primaryImageOfPage":{"@id":"https:\/\/www.psngiochi.space\/en\/product\/tomb-raider\/#primaryimage"},"image":{"@id":"https:\/\/www.psngiochi.space\/en\/product\/tomb-raider\/#primaryimage"},"thumbnailUrl":"https:\/\/www.psngiochi.space\/wp-content\/uploads\/2018\/03\/tomb-raider.png","datePublished":"2018-03-29T15:44:26+00:00","dateModified":"2023-07-11T14:01:17+00:00","description":"PSN Gioco. PS3. Tomb Raider ti trasciner\u00e0 in un'intensa avventura alla scoperta del passato di Lara Croft. Lara pu\u00f2 contare soltanto sull'istinto e sulle sue incredibili capacit\u00e0 fisiche per crescere e trasformarsi, da giovane donna impaurita, in una coraggiosa sopravvissuta.","breadcrumb":{"@id":"https:\/\/www.psngiochi.space\/en\/product\/tomb-raider\/#breadcrumb"},"inLanguage":"en-US","potentialAction":[{"@type":"ReadAction","target":["https:\/\/www.psngiochi.space\/en\/product\/tomb-raider\/"]}]},{"@type":"ImageObject","inLanguage":"en-US","@id":"https:\/\/www.psngiochi.space\/en\/product\/tomb-raider\/#primaryimage","url":"https:\/\/www.psngiochi.space\/wp-content\/uploads\/2018\/03\/tomb-raider.png","contentUrl":"https:\/\/www.psngiochi.space\/wp-content\/uploads\/2018\/03\/tomb-raider.png","width":375,"height":375},{"@type":"BreadcrumbList","@id":"https:\/\/www.psngiochi.space\/en\/product\/tomb-raider\/#breadcrumb","itemListElement":[{"@type":"ListItem","position":1,"name":"Home","item":"https:\/\/www.psngiochi.space\/en\/"},{"@type":"ListItem","position":2,"name":"Negozio","item":"https:\/\/www.psngiochi.space\/en\/negozio\/"},{"@type":"ListItem","position":3,"name":"Tomb Raider"}]},{"@type":"WebSite","@id":"https:\/\/www.psngiochi.space\/en\/#website","url":"https:\/\/www.psngiochi.space\/en\/","name":"Giochi Digitali PS4 e PS5","description":"Noleggio di giochi, vendita di accounts","potentialAction":[{"@type":"SearchAction","target":{"@type":"EntryPoint","urlTemplate":"https:\/\/www.psngiochi.space\/en\/?s={search_term_string}"},"query-input":{"@type":"PropertyValueSpecification","valueRequired":true,"valueName":"search_term_string"}}],"inLanguage":"en-US"}]}},"_links":{"self":[{"href":"https:\/\/www.psngiochi.space\/en\/wp-json\/wp\/v2\/product\/4068","targetHints":{"allow":["GET"]}}],"collection":[{"href":"https:\/\/www.psngiochi.space\/en\/wp-json\/wp\/v2\/product"}],"about":[{"href":"https:\/\/www.psngiochi.space\/en\/wp-json\/wp\/v2\/types\/product"}],"replies":[{"embeddable":true,"href":"https:\/\/www.psngiochi.space\/en\/wp-json\/wp\/v2\/comments?post=4068"}],"wp:featuredmedia":[{"embeddable":true,"href":"https:\/\/www.psngiochi.space\/en\/wp-json\/wp\/v2\/media\/4072"}],"wp:attachment":[{"href":"https:\/\/www.psngiochi.space\/en\/wp-json\/wp\/v2\/media?parent=4068"}],"wp:term":[{"taxonomy":"product_cat","embeddable":true,"href":"https:\/\/www.psngiochi.space\/en\/wp-json\/wp\/v2\/product_cat?post=4068"},{"taxonomy":"product_tag","embeddable":true,"href":"https:\/\/www.psngiochi.space\/en\/wp-json\/wp\/v2\/product_tag?post=4068"}],"curies":[{"name":"wp","href":"https:\/\/api.w.org\/{rel}","templated":true}]}}