{"id":3589,"date":"2018-03-22T21:14:05","date_gmt":"2018-03-22T21:14:05","guid":{"rendered":"http:\/\/www.psngiochi.space\/?post_type=product&#038;p=3589"},"modified":"2018-12-23T09:06:13","modified_gmt":"2018-12-23T09:06:13","slug":"dragons-dogma-dark-arisen","status":"publish","type":"product","link":"https:\/\/www.psngiochi.space\/en\/product\/dragons-dogma-dark-arisen\/","title":{"rendered":"Dragon&#8217;s Dogma: Dark Arisen"},"content":{"rendered":"<p><span style=\"font-size: 14pt; color: #000000;\">Un'isola misteriosa conosciuta comel'Isola di Nerabisso \u00e8 apparsa al largo della costa di Gransys. Molti altri Arisen hanno perso la vita nelle sue profondit\u00e0 che nascondono un tenebroso labirinto pieno di oscuri segreti.<\/span><\/p>\n<p><span style=\"font-size: 14pt; color: #000000;\">\u00c8 arrivata l'ora di impugnare nuovamente le armi, di affrontare le profondit\u00e0 dell'isola e scoprine l'oscuro segreto!<\/span><\/p>\n<p><span style=\"font-size: 14pt; color: #000000;\">Audio: inglese<\/span><\/p>\n<p><span style=\"font-size: 14pt; color: #000000;\">Sottotitoli: inglese, italiano<\/span><\/p>","protected":false},"excerpt":{"rendered":"<h5 class=\"provider-info__text\"><span class=\"provider-info__list-item\">Pubblicato\u00a026 Apr 2013<\/span><span class=\"provider-info__list-item\">\u00a0| Dimens. file: 11.51 GB |\u00a0 \u03361\u03364\u0336.\u03369\u03369\u0336<\/span><\/h5>","protected":false},"featured_media":3593,"comment_status":"open","ping_status":"closed","template":"","meta":[],"product_cat":[57],"product_tag":[58,75,80],"class_list":{"0":"post-3589","1":"product","2":"type-product","3":"status-publish","4":"has-post-thumbnail","6":"product_cat-ps3","7":"product_tag-avventura","8":"product_tag-azione","9":"product_tag-giochi-di-ruolo","11":"first","12":"instock","13":"downloadable","14":"virtual","15":"purchasable","16":"product-type-simple"},"yoast_head":"<!-- This site is optimized with the Yoast SEO plugin v23.9 - https:\/\/yoast.com\/wordpress\/plugins\/seo\/ -->\n<title>Dragon&#039;s Dogma: Dark Arisen - Giochi Digitali PS4 e PS5<\/title>\n<meta name=\"description\" content=\"PSN Gioco. PS3. Un&#039;isola misteriosa conosciuta comel&#039;Isola di Nerabisso \u00e8 apparsa al largo della costa di Gransys. Molti altri Arisen hanno perso la vita nelle sue profondit\u00e0 che nascondono un tenebroso labirinto pieno di oscuri segreti. \u00c8 arrivata l&#039;ora di impugnare nuovamente le armi.\" \/>\n<meta name=\"robots\" content=\"index, follow, max-snippet:-1, max-image-preview:large, max-video-preview:-1\" \/>\n<link rel=\"canonical\" href=\"https:\/\/www.psngiochi.space\/en\/product\/dragons-dogma-dark-arisen\/\" \/>\n<meta property=\"og:locale\" content=\"en_US\" \/>\n<meta property=\"og:type\" content=\"article\" \/>\n<meta property=\"og:title\" content=\"Dragon&#039;s Dogma: Dark Arisen - Giochi Digitali PS4 e PS5\" \/>\n<meta property=\"og:description\" content=\"PSN Gioco. PS3. Un&#039;isola misteriosa conosciuta comel&#039;Isola di Nerabisso \u00e8 apparsa al largo della costa di Gransys. Molti altri Arisen hanno perso la vita nelle sue profondit\u00e0 che nascondono un tenebroso labirinto pieno di oscuri segreti. \u00c8 arrivata l&#039;ora di impugnare nuovamente le armi.\" \/>\n<meta property=\"og:url\" content=\"https:\/\/www.psngiochi.space\/en\/product\/dragons-dogma-dark-arisen\/\" \/>\n<meta property=\"og:site_name\" content=\"Giochi Digitali PS4 e PS5\" \/>\n<meta property=\"article:modified_time\" content=\"2018-12-23T09:06:13+00:00\" \/>\n<meta property=\"og:image\" content=\"https:\/\/www.psngiochi.space\/wp-content\/uploads\/2018\/03\/dragon-s-dogma-dark-arisen.png\" \/>\n\t<meta property=\"og:image:width\" content=\"375\" \/>\n\t<meta property=\"og:image:height\" content=\"375\" \/>\n\t<meta property=\"og:image:type\" content=\"image\/png\" \/>\n<meta name=\"twitter:card\" content=\"summary_large_image\" \/>\n<script type=\"application\/ld+json\" class=\"yoast-schema-graph\">{\"@context\":\"https:\/\/schema.org\",\"@graph\":[{\"@type\":\"WebPage\",\"@id\":\"https:\/\/www.psngiochi.space\/en\/product\/dragons-dogma-dark-arisen\/\",\"url\":\"https:\/\/www.psngiochi.space\/en\/product\/dragons-dogma-dark-arisen\/\",\"name\":\"Dragon's Dogma: Dark Arisen - Giochi Digitali PS4 e PS5\",\"isPartOf\":{\"@id\":\"https:\/\/www.psngiochi.space\/en\/#website\"},\"primaryImageOfPage\":{\"@id\":\"https:\/\/www.psngiochi.space\/en\/product\/dragons-dogma-dark-arisen\/#primaryimage\"},\"image\":{\"@id\":\"https:\/\/www.psngiochi.space\/en\/product\/dragons-dogma-dark-arisen\/#primaryimage\"},\"thumbnailUrl\":\"https:\/\/www.psngiochi.space\/wp-content\/uploads\/2018\/03\/dragon-s-dogma-dark-arisen.png\",\"datePublished\":\"2018-03-22T21:14:05+00:00\",\"dateModified\":\"2018-12-23T09:06:13+00:00\",\"description\":\"PSN Gioco. PS3. Un'isola misteriosa conosciuta comel'Isola di Nerabisso \u00e8 apparsa al largo della costa di Gransys. Molti altri Arisen hanno perso la vita nelle sue profondit\u00e0 che nascondono un tenebroso labirinto pieno di oscuri segreti. \u00c8 arrivata l'ora di impugnare nuovamente le armi.\",\"breadcrumb\":{\"@id\":\"https:\/\/www.psngiochi.space\/en\/product\/dragons-dogma-dark-arisen\/#breadcrumb\"},\"inLanguage\":\"en-US\",\"potentialAction\":[{\"@type\":\"ReadAction\",\"target\":[\"https:\/\/www.psngiochi.space\/en\/product\/dragons-dogma-dark-arisen\/\"]}]},{\"@type\":\"ImageObject\",\"inLanguage\":\"en-US\",\"@id\":\"https:\/\/www.psngiochi.space\/en\/product\/dragons-dogma-dark-arisen\/#primaryimage\",\"url\":\"https:\/\/www.psngiochi.space\/wp-content\/uploads\/2018\/03\/dragon-s-dogma-dark-arisen.png\",\"contentUrl\":\"https:\/\/www.psngiochi.space\/wp-content\/uploads\/2018\/03\/dragon-s-dogma-dark-arisen.png\",\"width\":375,\"height\":375},{\"@type\":\"BreadcrumbList\",\"@id\":\"https:\/\/www.psngiochi.space\/en\/product\/dragons-dogma-dark-arisen\/#breadcrumb\",\"itemListElement\":[{\"@type\":\"ListItem\",\"position\":1,\"name\":\"Home\",\"item\":\"https:\/\/www.psngiochi.space\/en\/\"},{\"@type\":\"ListItem\",\"position\":2,\"name\":\"Negozio\",\"item\":\"https:\/\/www.psngiochi.space\/en\/negozio\/\"},{\"@type\":\"ListItem\",\"position\":3,\"name\":\"Dragon&#8217;s Dogma: Dark Arisen\"}]},{\"@type\":\"WebSite\",\"@id\":\"https:\/\/www.psngiochi.space\/en\/#website\",\"url\":\"https:\/\/www.psngiochi.space\/en\/\",\"name\":\"Giochi Digitali PS4 e PS5\",\"description\":\"Noleggio di giochi, vendita di accounts\",\"potentialAction\":[{\"@type\":\"SearchAction\",\"target\":{\"@type\":\"EntryPoint\",\"urlTemplate\":\"https:\/\/www.psngiochi.space\/en\/?s={search_term_string}\"},\"query-input\":{\"@type\":\"PropertyValueSpecification\",\"valueRequired\":true,\"valueName\":\"search_term_string\"}}],\"inLanguage\":\"en-US\"}]}<\/script>\n<!-- \/ Yoast SEO plugin. -->","yoast_head_json":{"title":"Dragon's Dogma: Dark Arisen - Giochi Digitali PS4 e PS5","description":"PSN Gioco. PS3. Un'isola misteriosa conosciuta comel'Isola di Nerabisso \u00e8 apparsa al largo della costa di Gransys. Molti altri Arisen hanno perso la vita nelle sue profondit\u00e0 che nascondono un tenebroso labirinto pieno di oscuri segreti. \u00c8 arrivata l'ora di impugnare nuovamente le armi.","robots":{"index":"index","follow":"follow","max-snippet":"max-snippet:-1","max-image-preview":"max-image-preview:large","max-video-preview":"max-video-preview:-1"},"canonical":"https:\/\/www.psngiochi.space\/en\/product\/dragons-dogma-dark-arisen\/","og_locale":"en_US","og_type":"article","og_title":"Dragon's Dogma: Dark Arisen - Giochi Digitali PS4 e PS5","og_description":"PSN Gioco. PS3. Un'isola misteriosa conosciuta comel'Isola di Nerabisso \u00e8 apparsa al largo della costa di Gransys. Molti altri Arisen hanno perso la vita nelle sue profondit\u00e0 che nascondono un tenebroso labirinto pieno di oscuri segreti. \u00c8 arrivata l'ora di impugnare nuovamente le armi.","og_url":"https:\/\/www.psngiochi.space\/en\/product\/dragons-dogma-dark-arisen\/","og_site_name":"Giochi Digitali PS4 e PS5","article_modified_time":"2018-12-23T09:06:13+00:00","og_image":[{"width":375,"height":375,"url":"https:\/\/www.psngiochi.space\/wp-content\/uploads\/2018\/03\/dragon-s-dogma-dark-arisen.png","type":"image\/png"}],"twitter_card":"summary_large_image","schema":{"@context":"https:\/\/schema.org","@graph":[{"@type":"WebPage","@id":"https:\/\/www.psngiochi.space\/en\/product\/dragons-dogma-dark-arisen\/","url":"https:\/\/www.psngiochi.space\/en\/product\/dragons-dogma-dark-arisen\/","name":"Dragon's Dogma: Dark Arisen - Giochi Digitali PS4 e PS5","isPartOf":{"@id":"https:\/\/www.psngiochi.space\/en\/#website"},"primaryImageOfPage":{"@id":"https:\/\/www.psngiochi.space\/en\/product\/dragons-dogma-dark-arisen\/#primaryimage"},"image":{"@id":"https:\/\/www.psngiochi.space\/en\/product\/dragons-dogma-dark-arisen\/#primaryimage"},"thumbnailUrl":"https:\/\/www.psngiochi.space\/wp-content\/uploads\/2018\/03\/dragon-s-dogma-dark-arisen.png","datePublished":"2018-03-22T21:14:05+00:00","dateModified":"2018-12-23T09:06:13+00:00","description":"PSN Gioco. PS3. Un'isola misteriosa conosciuta comel'Isola di Nerabisso \u00e8 apparsa al largo della costa di Gransys. Molti altri Arisen hanno perso la vita nelle sue profondit\u00e0 che nascondono un tenebroso labirinto pieno di oscuri segreti. \u00c8 arrivata l'ora di impugnare nuovamente le armi.","breadcrumb":{"@id":"https:\/\/www.psngiochi.space\/en\/product\/dragons-dogma-dark-arisen\/#breadcrumb"},"inLanguage":"en-US","potentialAction":[{"@type":"ReadAction","target":["https:\/\/www.psngiochi.space\/en\/product\/dragons-dogma-dark-arisen\/"]}]},{"@type":"ImageObject","inLanguage":"en-US","@id":"https:\/\/www.psngiochi.space\/en\/product\/dragons-dogma-dark-arisen\/#primaryimage","url":"https:\/\/www.psngiochi.space\/wp-content\/uploads\/2018\/03\/dragon-s-dogma-dark-arisen.png","contentUrl":"https:\/\/www.psngiochi.space\/wp-content\/uploads\/2018\/03\/dragon-s-dogma-dark-arisen.png","width":375,"height":375},{"@type":"BreadcrumbList","@id":"https:\/\/www.psngiochi.space\/en\/product\/dragons-dogma-dark-arisen\/#breadcrumb","itemListElement":[{"@type":"ListItem","position":1,"name":"Home","item":"https:\/\/www.psngiochi.space\/en\/"},{"@type":"ListItem","position":2,"name":"Negozio","item":"https:\/\/www.psngiochi.space\/en\/negozio\/"},{"@type":"ListItem","position":3,"name":"Dragon&#8217;s Dogma: Dark Arisen"}]},{"@type":"WebSite","@id":"https:\/\/www.psngiochi.space\/en\/#website","url":"https:\/\/www.psngiochi.space\/en\/","name":"Giochi Digitali PS4 e PS5","description":"Noleggio di giochi, vendita di accounts","potentialAction":[{"@type":"SearchAction","target":{"@type":"EntryPoint","urlTemplate":"https:\/\/www.psngiochi.space\/en\/?s={search_term_string}"},"query-input":{"@type":"PropertyValueSpecification","valueRequired":true,"valueName":"search_term_string"}}],"inLanguage":"en-US"}]}},"_links":{"self":[{"href":"https:\/\/www.psngiochi.space\/en\/wp-json\/wp\/v2\/product\/3589","targetHints":{"allow":["GET"]}}],"collection":[{"href":"https:\/\/www.psngiochi.space\/en\/wp-json\/wp\/v2\/product"}],"about":[{"href":"https:\/\/www.psngiochi.space\/en\/wp-json\/wp\/v2\/types\/product"}],"replies":[{"embeddable":true,"href":"https:\/\/www.psngiochi.space\/en\/wp-json\/wp\/v2\/comments?post=3589"}],"wp:featuredmedia":[{"embeddable":true,"href":"https:\/\/www.psngiochi.space\/en\/wp-json\/wp\/v2\/media\/3593"}],"wp:attachment":[{"href":"https:\/\/www.psngiochi.space\/en\/wp-json\/wp\/v2\/media?parent=3589"}],"wp:term":[{"taxonomy":"product_cat","embeddable":true,"href":"https:\/\/www.psngiochi.space\/en\/wp-json\/wp\/v2\/product_cat?post=3589"},{"taxonomy":"product_tag","embeddable":true,"href":"https:\/\/www.psngiochi.space\/en\/wp-json\/wp\/v2\/product_tag?post=3589"}],"curies":[{"name":"wp","href":"https:\/\/api.w.org\/{rel}","templated":true}]}}