{"id":3005,"date":"2018-03-09T11:13:09","date_gmt":"2018-03-09T11:13:09","guid":{"rendered":"http:\/\/www.psngiochi.space\/?post_type=product&#038;p=3005"},"modified":"2021-01-14T15:24:12","modified_gmt":"2021-01-14T15:24:12","slug":"max-payne-3","status":"publish","type":"product","link":"https:\/\/www.psngiochi.space\/en\/product\/max-payne-3\/","title":{"rendered":"Max Payne 3"},"content":{"rendered":"<p><span style=\"font-size: 14pt; color: #000000;\">Per Max Payne, la tragedia che ha portato via i suoi cari diversi anni fa \u00e8 una ferita ancora aperta. Senza pi\u00f9 un distintivo, distrutto e dipendente dagli antidolorifici, Max accetta un incarico a San Paolo, in Brasile, come guardia del corpo del magnate delle costruzioni Rodrigo Branco per sfuggire dal suo torbido passato. Ma in una rapida successione di eventi ben presto fuori controllo, Max si ritrover\u00e0 da solo per le strade di una citt\u00e0 inospitale a lui sconosciuta, alla ricerca disperata della verit\u00e0 e a combattere per trovare una via d'uscita.<\/span><\/p>","protected":false},"excerpt":{"rendered":"<h5 class=\"provider-info__text\"><span class=\"provider-info__list-item\">Pubblicato\u00a012 Set 2012<\/span><span class=\"provider-info__list-item\">\u00a0| Dimens. file: 13.58 GB |\u00a0 \u03361\u03369\u0336.\u03369\u03369\u0336<\/span><\/h5>","protected":false},"featured_media":3551,"comment_status":"open","ping_status":"closed","template":"","meta":[],"product_cat":[57],"product_tag":[58,75,88],"class_list":{"0":"post-3005","1":"product","2":"type-product","3":"status-publish","4":"has-post-thumbnail","6":"product_cat-ps3","7":"product_tag-avventura","8":"product_tag-azione","9":"product_tag-sparatutto","11":"first","12":"outofstock","13":"downloadable","14":"virtual","15":"purchasable","16":"product-type-simple"},"yoast_head":"<!-- This site is optimized with the Yoast SEO plugin v23.9 - https:\/\/yoast.com\/wordpress\/plugins\/seo\/ -->\n<title>Max Payne 3 - Giochi Digitali PS4 e PS5<\/title>\n<meta name=\"description\" content=\"PSN Gioco. PS3. Per Max Payne, la tragedia che ha portato via i suoi cari diversi anni fa \u00e8 una ferita ancora aperta. Senza pi\u00f9 un distintivo, distrutto e dipendente dagli antidolorifici, Max accetta un incarico a San Paolo, in Brasile.\" \/>\n<meta name=\"robots\" content=\"index, follow, max-snippet:-1, max-image-preview:large, max-video-preview:-1\" \/>\n<link rel=\"canonical\" href=\"https:\/\/www.psngiochi.space\/en\/product\/max-payne-3\/\" \/>\n<meta property=\"og:locale\" content=\"en_US\" \/>\n<meta property=\"og:type\" content=\"article\" \/>\n<meta property=\"og:title\" content=\"Max Payne 3 - Giochi Digitali PS4 e PS5\" \/>\n<meta property=\"og:description\" content=\"PSN Gioco. PS3. Per Max Payne, la tragedia che ha portato via i suoi cari diversi anni fa \u00e8 una ferita ancora aperta. Senza pi\u00f9 un distintivo, distrutto e dipendente dagli antidolorifici, Max accetta un incarico a San Paolo, in Brasile.\" \/>\n<meta property=\"og:url\" content=\"https:\/\/www.psngiochi.space\/en\/product\/max-payne-3\/\" \/>\n<meta property=\"og:site_name\" content=\"Giochi Digitali PS4 e PS5\" \/>\n<meta property=\"article:modified_time\" content=\"2021-01-14T15:24:12+00:00\" \/>\n<meta property=\"og:image\" content=\"https:\/\/www.psngiochi.space\/wp-content\/uploads\/2018\/03\/max-payne-3.png\" \/>\n\t<meta property=\"og:image:width\" content=\"375\" \/>\n\t<meta property=\"og:image:height\" content=\"375\" \/>\n\t<meta property=\"og:image:type\" content=\"image\/png\" \/>\n<meta name=\"twitter:card\" content=\"summary_large_image\" \/>\n<script type=\"application\/ld+json\" class=\"yoast-schema-graph\">{\"@context\":\"https:\/\/schema.org\",\"@graph\":[{\"@type\":\"WebPage\",\"@id\":\"https:\/\/www.psngiochi.space\/en\/product\/max-payne-3\/\",\"url\":\"https:\/\/www.psngiochi.space\/en\/product\/max-payne-3\/\",\"name\":\"Max Payne 3 - Giochi Digitali PS4 e PS5\",\"isPartOf\":{\"@id\":\"https:\/\/www.psngiochi.space\/en\/#website\"},\"primaryImageOfPage\":{\"@id\":\"https:\/\/www.psngiochi.space\/en\/product\/max-payne-3\/#primaryimage\"},\"image\":{\"@id\":\"https:\/\/www.psngiochi.space\/en\/product\/max-payne-3\/#primaryimage\"},\"thumbnailUrl\":\"https:\/\/www.psngiochi.space\/wp-content\/uploads\/2018\/03\/max-payne-3.png\",\"datePublished\":\"2018-03-09T11:13:09+00:00\",\"dateModified\":\"2021-01-14T15:24:12+00:00\",\"description\":\"PSN Gioco. PS3. Per Max Payne, la tragedia che ha portato via i suoi cari diversi anni fa \u00e8 una ferita ancora aperta. Senza pi\u00f9 un distintivo, distrutto e dipendente dagli antidolorifici, Max accetta un incarico a San Paolo, in Brasile.\",\"breadcrumb\":{\"@id\":\"https:\/\/www.psngiochi.space\/en\/product\/max-payne-3\/#breadcrumb\"},\"inLanguage\":\"en-US\",\"potentialAction\":[{\"@type\":\"ReadAction\",\"target\":[\"https:\/\/www.psngiochi.space\/en\/product\/max-payne-3\/\"]}]},{\"@type\":\"ImageObject\",\"inLanguage\":\"en-US\",\"@id\":\"https:\/\/www.psngiochi.space\/en\/product\/max-payne-3\/#primaryimage\",\"url\":\"https:\/\/www.psngiochi.space\/wp-content\/uploads\/2018\/03\/max-payne-3.png\",\"contentUrl\":\"https:\/\/www.psngiochi.space\/wp-content\/uploads\/2018\/03\/max-payne-3.png\",\"width\":375,\"height\":375},{\"@type\":\"BreadcrumbList\",\"@id\":\"https:\/\/www.psngiochi.space\/en\/product\/max-payne-3\/#breadcrumb\",\"itemListElement\":[{\"@type\":\"ListItem\",\"position\":1,\"name\":\"Home\",\"item\":\"https:\/\/www.psngiochi.space\/en\/\"},{\"@type\":\"ListItem\",\"position\":2,\"name\":\"Negozio\",\"item\":\"https:\/\/www.psngiochi.space\/en\/negozio\/\"},{\"@type\":\"ListItem\",\"position\":3,\"name\":\"Max Payne 3\"}]},{\"@type\":\"WebSite\",\"@id\":\"https:\/\/www.psngiochi.space\/en\/#website\",\"url\":\"https:\/\/www.psngiochi.space\/en\/\",\"name\":\"Giochi Digitali PS4 e PS5\",\"description\":\"Noleggio di giochi, vendita di accounts\",\"potentialAction\":[{\"@type\":\"SearchAction\",\"target\":{\"@type\":\"EntryPoint\",\"urlTemplate\":\"https:\/\/www.psngiochi.space\/en\/?s={search_term_string}\"},\"query-input\":{\"@type\":\"PropertyValueSpecification\",\"valueRequired\":true,\"valueName\":\"search_term_string\"}}],\"inLanguage\":\"en-US\"}]}<\/script>\n<!-- \/ Yoast SEO plugin. -->","yoast_head_json":{"title":"Max Payne 3 - Giochi Digitali PS4 e PS5","description":"PSN Gioco. PS3. Per Max Payne, la tragedia che ha portato via i suoi cari diversi anni fa \u00e8 una ferita ancora aperta. Senza pi\u00f9 un distintivo, distrutto e dipendente dagli antidolorifici, Max accetta un incarico a San Paolo, in Brasile.","robots":{"index":"index","follow":"follow","max-snippet":"max-snippet:-1","max-image-preview":"max-image-preview:large","max-video-preview":"max-video-preview:-1"},"canonical":"https:\/\/www.psngiochi.space\/en\/product\/max-payne-3\/","og_locale":"en_US","og_type":"article","og_title":"Max Payne 3 - Giochi Digitali PS4 e PS5","og_description":"PSN Gioco. PS3. Per Max Payne, la tragedia che ha portato via i suoi cari diversi anni fa \u00e8 una ferita ancora aperta. Senza pi\u00f9 un distintivo, distrutto e dipendente dagli antidolorifici, Max accetta un incarico a San Paolo, in Brasile.","og_url":"https:\/\/www.psngiochi.space\/en\/product\/max-payne-3\/","og_site_name":"Giochi Digitali PS4 e PS5","article_modified_time":"2021-01-14T15:24:12+00:00","og_image":[{"width":375,"height":375,"url":"https:\/\/www.psngiochi.space\/wp-content\/uploads\/2018\/03\/max-payne-3.png","type":"image\/png"}],"twitter_card":"summary_large_image","schema":{"@context":"https:\/\/schema.org","@graph":[{"@type":"WebPage","@id":"https:\/\/www.psngiochi.space\/en\/product\/max-payne-3\/","url":"https:\/\/www.psngiochi.space\/en\/product\/max-payne-3\/","name":"Max Payne 3 - Giochi Digitali PS4 e PS5","isPartOf":{"@id":"https:\/\/www.psngiochi.space\/en\/#website"},"primaryImageOfPage":{"@id":"https:\/\/www.psngiochi.space\/en\/product\/max-payne-3\/#primaryimage"},"image":{"@id":"https:\/\/www.psngiochi.space\/en\/product\/max-payne-3\/#primaryimage"},"thumbnailUrl":"https:\/\/www.psngiochi.space\/wp-content\/uploads\/2018\/03\/max-payne-3.png","datePublished":"2018-03-09T11:13:09+00:00","dateModified":"2021-01-14T15:24:12+00:00","description":"PSN Gioco. PS3. Per Max Payne, la tragedia che ha portato via i suoi cari diversi anni fa \u00e8 una ferita ancora aperta. Senza pi\u00f9 un distintivo, distrutto e dipendente dagli antidolorifici, Max accetta un incarico a San Paolo, in Brasile.","breadcrumb":{"@id":"https:\/\/www.psngiochi.space\/en\/product\/max-payne-3\/#breadcrumb"},"inLanguage":"en-US","potentialAction":[{"@type":"ReadAction","target":["https:\/\/www.psngiochi.space\/en\/product\/max-payne-3\/"]}]},{"@type":"ImageObject","inLanguage":"en-US","@id":"https:\/\/www.psngiochi.space\/en\/product\/max-payne-3\/#primaryimage","url":"https:\/\/www.psngiochi.space\/wp-content\/uploads\/2018\/03\/max-payne-3.png","contentUrl":"https:\/\/www.psngiochi.space\/wp-content\/uploads\/2018\/03\/max-payne-3.png","width":375,"height":375},{"@type":"BreadcrumbList","@id":"https:\/\/www.psngiochi.space\/en\/product\/max-payne-3\/#breadcrumb","itemListElement":[{"@type":"ListItem","position":1,"name":"Home","item":"https:\/\/www.psngiochi.space\/en\/"},{"@type":"ListItem","position":2,"name":"Negozio","item":"https:\/\/www.psngiochi.space\/en\/negozio\/"},{"@type":"ListItem","position":3,"name":"Max Payne 3"}]},{"@type":"WebSite","@id":"https:\/\/www.psngiochi.space\/en\/#website","url":"https:\/\/www.psngiochi.space\/en\/","name":"Giochi Digitali PS4 e PS5","description":"Noleggio di giochi, vendita di accounts","potentialAction":[{"@type":"SearchAction","target":{"@type":"EntryPoint","urlTemplate":"https:\/\/www.psngiochi.space\/en\/?s={search_term_string}"},"query-input":{"@type":"PropertyValueSpecification","valueRequired":true,"valueName":"search_term_string"}}],"inLanguage":"en-US"}]}},"_links":{"self":[{"href":"https:\/\/www.psngiochi.space\/en\/wp-json\/wp\/v2\/product\/3005","targetHints":{"allow":["GET"]}}],"collection":[{"href":"https:\/\/www.psngiochi.space\/en\/wp-json\/wp\/v2\/product"}],"about":[{"href":"https:\/\/www.psngiochi.space\/en\/wp-json\/wp\/v2\/types\/product"}],"replies":[{"embeddable":true,"href":"https:\/\/www.psngiochi.space\/en\/wp-json\/wp\/v2\/comments?post=3005"}],"wp:featuredmedia":[{"embeddable":true,"href":"https:\/\/www.psngiochi.space\/en\/wp-json\/wp\/v2\/media\/3551"}],"wp:attachment":[{"href":"https:\/\/www.psngiochi.space\/en\/wp-json\/wp\/v2\/media?parent=3005"}],"wp:term":[{"taxonomy":"product_cat","embeddable":true,"href":"https:\/\/www.psngiochi.space\/en\/wp-json\/wp\/v2\/product_cat?post=3005"},{"taxonomy":"product_tag","embeddable":true,"href":"https:\/\/www.psngiochi.space\/en\/wp-json\/wp\/v2\/product_tag?post=3005"}],"curies":[{"name":"wp","href":"https:\/\/api.w.org\/{rel}","templated":true}]}}