{"id":12520,"date":"2024-08-22T10:39:17","date_gmt":"2024-08-22T08:39:17","guid":{"rendered":"http:\/\/www.psngiochi.space\/?post_type=product&#038;p=12520"},"modified":"2025-12-07T21:46:39","modified_gmt":"2025-12-07T20:46:39","slug":"black-myth-wukong","status":"publish","type":"product","link":"https:\/\/www.psngiochi.space\/en\/product\/black-myth-wukong\/","title":{"rendered":"Black Myth: Wukong"},"content":{"rendered":"<p><span style=\"font-size: 14pt; color: #000000;\">Black Myth: Wukong \u00e8 un GdR d'azione che affonda le radici nella mitologia cinese. La storia si basa su \"Il viaggio in Occidente\", uno dei quattro grandi romanzi classici della letteratura cinese. Vestendo i panni del Predestinato, partirai per un viaggio ricco di sfide e portenti per scoprire la verit\u00e0 che si cela dietro al velo di un'insigne leggenda del passato.<\/span><\/p>\n<p><span style=\"font-size: 14pt; color: #000000;\">\u2022 Esplora una terra di incomparabili meraviglie<\/span><br \/>\n<span style=\"font-size: 14pt; color: #000000;\">\"Lande sconosciute e ricche di meraviglie scoprirai,<\/span><br \/>\n<span style=\"font-size: 14pt; color: #000000;\">a ogni passo nuovi paesaggi ammirerai.\"<\/span><br \/>\n<span style=\"font-size: 14pt; color: #000000;\">Entra in un regno avvincente in cui scoprirai le meraviglie dell'antica mitologia cinese!<\/span><br \/>\n<span style=\"font-size: 14pt; color: #000000;\">Nei panni del Predestinato, attraverserai innumerevoli paesaggi mozzafiato e unici nella cornice del grande classico \"Il viaggio in Occidente\" per tratteggiare un nuovo racconto epico di avventure mai visto prima d'ora.<\/span><\/p>\n<p><span style=\"font-size: 14pt; color: #000000;\">\u2022 Affronta potenti nemici nuovi e antichi<\/span><br \/>\n<span style=\"font-size: 14pt; color: #000000;\">\"Uno scimmiotto di grande fama e vigore,<\/span><br \/>\n<span style=\"font-size: 14pt; color: #000000;\">affronter\u00e0 avversari potenti per dimostrare il suo valore.\"<\/span><br \/>\n<span style=\"font-size: 14pt; color: #000000;\">Uno dei punti cardine de \"Il viaggio in Occidente\" \u00e8 l'eterogeneit\u00e0 dei personaggi, ciascuno dei quali \u00e8 caratterizzato da qualit\u00e0 speciali.<\/span><br \/>\n<span style=\"font-size: 14pt; color: #000000;\">Incontrerai nemici possenti e rivali meritevoli lungo il tuo viaggio di Predestinato. Affronta valorosamente battaglie epiche in cui la sconfitta non \u00e8 una scelta vagliabile.<\/span><\/p>\n<p><span style=\"font-size: 14pt; color: #000000;\">\u2022 Affina la tua padronanza degli incantesimi<\/span><br \/>\n<span style=\"font-size: 14pt; color: #000000;\">\"Scatena magie e rivela grandi talenti,<\/span><br \/>\n<span style=\"font-size: 14pt; color: #000000;\">fai tua la vittoria con abilit\u00e0 potenti.\"<\/span><br \/>\n<span style=\"font-size: 14pt; color: #000000;\">Incantesimi, trasformazioni e cimeli magici che si rivelano un sostegno o un ostacolo sono elementi di combattimento ben noti nella mitologia cinese.<\/span><br \/>\n<span style=\"font-size: 14pt; color: #000000;\">Oltre a padroneggiare svariate tecniche di combattimento col bastone, in quanto Predestinato abbinerai diversi incantesimi, abilit\u00e0, armi ed equipaggiamenti per trovare la strategia vincente che meglio si addice al tuo stile di lotta.<\/span><\/p>\n<p><span style=\"font-size: 14pt; color: #000000;\">\u2022 Scopri racconti commoventi che si celano oltre le apparenze<\/span><br \/>\n<span style=\"font-size: 14pt; color: #000000;\">\"Ogni anima, che sia feroce o virtuosa,<\/span><br \/>\n<span style=\"font-size: 14pt; color: #000000;\">serba una storia di vita che arde focosa.\"<\/span><br \/>\n<span style=\"font-size: 14pt; color: #000000;\">La ferocia e la scaltrezza dei tuoi nemici celano una storia avvincente in cui si intrecciano la loro origine, personalit\u00e0 e i motivi che li muovono.<\/span><br \/>\n<span style=\"font-size: 14pt; color: #000000;\">In quanto Predestinato, scoprirai le storie degli innumerevoli personaggi che incontrerai, spingendoti oltre i vostri scontri: assaporerai l'amore e l'odio, l'avidit\u00e0 e la rabbia che provarono un tempo e che serbano ancora nel cuore.<\/span><\/p>","protected":false},"excerpt":{"rendered":"<h5 class=\"provider-info__text\"><span class=\"provider-info__list-item\">Uscita: 20\/8\/2024<\/span><span class=\"provider-info__list-item\"> | Game Science Interactive Technology Co., Ltd. <\/span><span class=\"provider-info__list-item\">| PS5<\/span><\/h5>\n<h3><span style=\"font-family: georgia, palatino, serif;\"><span style=\"color: #df1d1d;\">\u23f0 Noleggio per 15 giorni:<\/span><\/span><span style=\"color: #df1d1d;\">\u00a0<span style=\"font-size: 10pt; color: #333333;\">p<\/span><\/span><span style=\"font-family: georgia, palatino, serif; font-size: 10pt; color: #333333;\">ossibilita di giocare dal vostro account personale o sull account fornito (primario o secondario).<\/span><\/h3>\n<h3><span style=\"font-size: 10pt; color: #333333;\">Game for rent is one of the cheapest and most convenient ways to get a game.\u00a0<\/span><span style=\"font-size: 10pt; color: #333333;\">You can also extend the period if you have not finished the game.<\/span><\/h3>","protected":false},"featured_media":12521,"comment_status":"open","ping_status":"closed","template":"","meta":[],"product_cat":[142],"product_tag":[58,75,80],"class_list":{"0":"post-12520","1":"product","2":"type-product","3":"status-publish","4":"has-post-thumbnail","6":"product_cat-giochi-ps5-in-noleggio","7":"product_tag-avventura","8":"product_tag-azione","9":"product_tag-giochi-di-ruolo","11":"first","12":"outofstock","13":"downloadable","14":"virtual","15":"purchasable","16":"product-type-simple"},"yoast_head":"<!-- This site is optimized with the Yoast SEO plugin v23.9 - https:\/\/yoast.com\/wordpress\/plugins\/seo\/ -->\n<title>Black Myth: Wukong - Giochi Digitali PS4 e PS5<\/title>\n<meta name=\"description\" content=\"Black Myth: Wukong \u00e8 un GdR d&#039;azione che affonda le radici nella mitologia cinese.\" \/>\n<meta name=\"robots\" content=\"index, follow, max-snippet:-1, max-image-preview:large, max-video-preview:-1\" \/>\n<link rel=\"canonical\" href=\"https:\/\/www.psngiochi.space\/en\/product\/black-myth-wukong\/\" \/>\n<meta property=\"og:locale\" content=\"en_US\" \/>\n<meta property=\"og:type\" content=\"article\" \/>\n<meta property=\"og:title\" content=\"Black Myth: Wukong - Giochi Digitali PS4 e PS5\" \/>\n<meta property=\"og:description\" content=\"Black Myth: Wukong \u00e8 un GdR d&#039;azione che affonda le radici nella mitologia cinese.\" \/>\n<meta property=\"og:url\" content=\"https:\/\/www.psngiochi.space\/en\/product\/black-myth-wukong\/\" \/>\n<meta property=\"og:site_name\" content=\"Giochi Digitali PS4 e PS5\" \/>\n<meta property=\"article:modified_time\" content=\"2025-12-07T20:46:39+00:00\" \/>\n<meta property=\"og:image\" content=\"https:\/\/www.psngiochi.space\/wp-content\/uploads\/2024\/08\/black-myth-wukong-psngiochispace-giochi-digitali-ps5-digital-games-ps5-cifrovye-igry-ps5.jpg\" \/>\n\t<meta property=\"og:image:width\" content=\"803\" \/>\n\t<meta property=\"og:image:height\" content=\"1000\" \/>\n\t<meta property=\"og:image:type\" content=\"image\/jpeg\" \/>\n<meta name=\"twitter:card\" content=\"summary_large_image\" \/>\n<meta name=\"twitter:label1\" content=\"Est. reading time\" \/>\n\t<meta name=\"twitter:data1\" content=\"3 minutes\" \/>\n<script type=\"application\/ld+json\" class=\"yoast-schema-graph\">{\"@context\":\"https:\/\/schema.org\",\"@graph\":[{\"@type\":\"WebPage\",\"@id\":\"https:\/\/www.psngiochi.space\/it\/product\/black-myth-wukong\/\",\"url\":\"https:\/\/www.psngiochi.space\/it\/product\/black-myth-wukong\/\",\"name\":\"Black Myth: Wukong - Giochi Digitali PS4 e PS5\",\"isPartOf\":{\"@id\":\"https:\/\/www.psngiochi.space\/en\/#website\"},\"primaryImageOfPage\":{\"@id\":\"https:\/\/www.psngiochi.space\/it\/product\/black-myth-wukong\/#primaryimage\"},\"image\":{\"@id\":\"https:\/\/www.psngiochi.space\/it\/product\/black-myth-wukong\/#primaryimage\"},\"thumbnailUrl\":\"https:\/\/www.psngiochi.space\/wp-content\/uploads\/2024\/08\/black-myth-wukong-psngiochispace-giochi-digitali-ps5-digital-games-ps5-cifrovye-igry-ps5.jpg\",\"datePublished\":\"2024-08-22T08:39:17+00:00\",\"dateModified\":\"2025-12-07T20:46:39+00:00\",\"description\":\"Black Myth: Wukong \u00e8 un GdR d'azione che affonda le radici nella mitologia cinese.\",\"breadcrumb\":{\"@id\":\"https:\/\/www.psngiochi.space\/it\/product\/black-myth-wukong\/#breadcrumb\"},\"inLanguage\":\"en-US\",\"potentialAction\":[{\"@type\":\"ReadAction\",\"target\":[\"https:\/\/www.psngiochi.space\/it\/product\/black-myth-wukong\/\"]}]},{\"@type\":\"ImageObject\",\"inLanguage\":\"en-US\",\"@id\":\"https:\/\/www.psngiochi.space\/it\/product\/black-myth-wukong\/#primaryimage\",\"url\":\"https:\/\/www.psngiochi.space\/wp-content\/uploads\/2024\/08\/black-myth-wukong-psngiochispace-giochi-digitali-ps5-digital-games-ps5-cifrovye-igry-ps5.jpg\",\"contentUrl\":\"https:\/\/www.psngiochi.space\/wp-content\/uploads\/2024\/08\/black-myth-wukong-psngiochispace-giochi-digitali-ps5-digital-games-ps5-cifrovye-igry-ps5.jpg\",\"width\":803,\"height\":1000},{\"@type\":\"BreadcrumbList\",\"@id\":\"https:\/\/www.psngiochi.space\/it\/product\/black-myth-wukong\/#breadcrumb\",\"itemListElement\":[{\"@type\":\"ListItem\",\"position\":1,\"name\":\"Home\",\"item\":\"https:\/\/www.psngiochi.space\/en\/\"},{\"@type\":\"ListItem\",\"position\":2,\"name\":\"Negozio\",\"item\":\"https:\/\/www.psngiochi.space\/en\/negozio\/\"},{\"@type\":\"ListItem\",\"position\":3,\"name\":\"Black Myth: Wukong\"}]},{\"@type\":\"WebSite\",\"@id\":\"https:\/\/www.psngiochi.space\/en\/#website\",\"url\":\"https:\/\/www.psngiochi.space\/en\/\",\"name\":\"Giochi Digitali PS4 e PS5\",\"description\":\"Noleggio di giochi, vendita di accounts\",\"potentialAction\":[{\"@type\":\"SearchAction\",\"target\":{\"@type\":\"EntryPoint\",\"urlTemplate\":\"https:\/\/www.psngiochi.space\/en\/?s={search_term_string}\"},\"query-input\":{\"@type\":\"PropertyValueSpecification\",\"valueRequired\":true,\"valueName\":\"search_term_string\"}}],\"inLanguage\":\"en-US\"}]}<\/script>\n<!-- \/ Yoast SEO plugin. -->","yoast_head_json":{"title":"Black Myth: Wukong - Giochi Digitali PS4 e PS5","description":"Black Myth: Wukong \u00e8 un GdR d'azione che affonda le radici nella mitologia cinese.","robots":{"index":"index","follow":"follow","max-snippet":"max-snippet:-1","max-image-preview":"max-image-preview:large","max-video-preview":"max-video-preview:-1"},"canonical":"https:\/\/www.psngiochi.space\/en\/product\/black-myth-wukong\/","og_locale":"en_US","og_type":"article","og_title":"Black Myth: Wukong - Giochi Digitali PS4 e PS5","og_description":"Black Myth: Wukong \u00e8 un GdR d'azione che affonda le radici nella mitologia cinese.","og_url":"https:\/\/www.psngiochi.space\/en\/product\/black-myth-wukong\/","og_site_name":"Giochi Digitali PS4 e PS5","article_modified_time":"2025-12-07T20:46:39+00:00","og_image":[{"width":803,"height":1000,"url":"https:\/\/www.psngiochi.space\/wp-content\/uploads\/2024\/08\/black-myth-wukong-psngiochispace-giochi-digitali-ps5-digital-games-ps5-cifrovye-igry-ps5.jpg","type":"image\/jpeg"}],"twitter_card":"summary_large_image","twitter_misc":{"Est. reading time":"3 minutes"},"schema":{"@context":"https:\/\/schema.org","@graph":[{"@type":"WebPage","@id":"https:\/\/www.psngiochi.space\/it\/product\/black-myth-wukong\/","url":"https:\/\/www.psngiochi.space\/it\/product\/black-myth-wukong\/","name":"Black Myth: Wukong - Giochi Digitali PS4 e PS5","isPartOf":{"@id":"https:\/\/www.psngiochi.space\/en\/#website"},"primaryImageOfPage":{"@id":"https:\/\/www.psngiochi.space\/it\/product\/black-myth-wukong\/#primaryimage"},"image":{"@id":"https:\/\/www.psngiochi.space\/it\/product\/black-myth-wukong\/#primaryimage"},"thumbnailUrl":"https:\/\/www.psngiochi.space\/wp-content\/uploads\/2024\/08\/black-myth-wukong-psngiochispace-giochi-digitali-ps5-digital-games-ps5-cifrovye-igry-ps5.jpg","datePublished":"2024-08-22T08:39:17+00:00","dateModified":"2025-12-07T20:46:39+00:00","description":"Black Myth: Wukong \u00e8 un GdR d'azione che affonda le radici nella mitologia cinese.","breadcrumb":{"@id":"https:\/\/www.psngiochi.space\/it\/product\/black-myth-wukong\/#breadcrumb"},"inLanguage":"en-US","potentialAction":[{"@type":"ReadAction","target":["https:\/\/www.psngiochi.space\/it\/product\/black-myth-wukong\/"]}]},{"@type":"ImageObject","inLanguage":"en-US","@id":"https:\/\/www.psngiochi.space\/it\/product\/black-myth-wukong\/#primaryimage","url":"https:\/\/www.psngiochi.space\/wp-content\/uploads\/2024\/08\/black-myth-wukong-psngiochispace-giochi-digitali-ps5-digital-games-ps5-cifrovye-igry-ps5.jpg","contentUrl":"https:\/\/www.psngiochi.space\/wp-content\/uploads\/2024\/08\/black-myth-wukong-psngiochispace-giochi-digitali-ps5-digital-games-ps5-cifrovye-igry-ps5.jpg","width":803,"height":1000},{"@type":"BreadcrumbList","@id":"https:\/\/www.psngiochi.space\/it\/product\/black-myth-wukong\/#breadcrumb","itemListElement":[{"@type":"ListItem","position":1,"name":"Home","item":"https:\/\/www.psngiochi.space\/en\/"},{"@type":"ListItem","position":2,"name":"Negozio","item":"https:\/\/www.psngiochi.space\/en\/negozio\/"},{"@type":"ListItem","position":3,"name":"Black Myth: Wukong"}]},{"@type":"WebSite","@id":"https:\/\/www.psngiochi.space\/en\/#website","url":"https:\/\/www.psngiochi.space\/en\/","name":"Giochi Digitali PS4 e PS5","description":"Noleggio di giochi, vendita di accounts","potentialAction":[{"@type":"SearchAction","target":{"@type":"EntryPoint","urlTemplate":"https:\/\/www.psngiochi.space\/en\/?s={search_term_string}"},"query-input":{"@type":"PropertyValueSpecification","valueRequired":true,"valueName":"search_term_string"}}],"inLanguage":"en-US"}]}},"_links":{"self":[{"href":"https:\/\/www.psngiochi.space\/en\/wp-json\/wp\/v2\/product\/12520","targetHints":{"allow":["GET"]}}],"collection":[{"href":"https:\/\/www.psngiochi.space\/en\/wp-json\/wp\/v2\/product"}],"about":[{"href":"https:\/\/www.psngiochi.space\/en\/wp-json\/wp\/v2\/types\/product"}],"replies":[{"embeddable":true,"href":"https:\/\/www.psngiochi.space\/en\/wp-json\/wp\/v2\/comments?post=12520"}],"wp:featuredmedia":[{"embeddable":true,"href":"https:\/\/www.psngiochi.space\/en\/wp-json\/wp\/v2\/media\/12521"}],"wp:attachment":[{"href":"https:\/\/www.psngiochi.space\/en\/wp-json\/wp\/v2\/media?parent=12520"}],"wp:term":[{"taxonomy":"product_cat","embeddable":true,"href":"https:\/\/www.psngiochi.space\/en\/wp-json\/wp\/v2\/product_cat?post=12520"},{"taxonomy":"product_tag","embeddable":true,"href":"https:\/\/www.psngiochi.space\/en\/wp-json\/wp\/v2\/product_tag?post=12520"}],"curies":[{"name":"wp","href":"https:\/\/api.w.org\/{rel}","templated":true}]}}