{"id":12419,"date":"2024-04-07T08:12:16","date_gmt":"2024-04-07T06:12:16","guid":{"rendered":"http:\/\/www.psngiochi.space\/?post_type=product&#038;p=12419"},"modified":"2025-12-07T21:54:32","modified_gmt":"2025-12-07T20:54:32","slug":"stellar-blade","status":"publish","type":"product","link":"https:\/\/www.psngiochi.space\/en\/product\/stellar-blade\/","title":{"rendered":"Stellar Blade"},"content":{"rendered":"<p><span style=\"font-size: 14pt; color: #000000;\">Il futuro dell\u2019umanit\u00e0 si trova sul filo di lama. Devastata da strane e potenti creature, la Terra \u00e8 stata abbandonata e i superstiti della razza umana, ormai decimata, sono fuggiti su una Colonia nello spazio.<\/span><\/p>\n<p><span style=\"font-size: 14pt; color: #000000;\">\u00c8 proprio partendo da questa Colonia che EVE giunge sul nostro pianeta ormai desolatamente distrutto con una precisa missione: salvare l\u2019umanit\u00e0, liberando la Terra dai Naytiba, le creature malvagie che l\u2019hanno devastata.<\/span><\/p>\n<p><span style=\"font-size: 14pt; color: #000000;\">Nell'affrontare i Naytiba uno per uno e nel cercare di fare luce sul misterioso passato della civilt\u00e0 umana, EVE si rende conto che la sua missione non \u00e8 cos\u00ec semplice. Niente \u00e8 come sembra\u2026<\/span><\/p>\n<p><span style=\"font-size: 14pt; color: #000000;\">Un emozionante spaccato di pura azione adrenalinica<\/span><br \/>\n<span style=\"font-size: 14pt; color: #000000;\">Prendi parte in combattimenti estremamente rapidi mentre ti fai strada tra le rovine della Terra in una nuova avventura d'azione su PS5. Scatena combo eleganti ma brutali, sblocca nuove mosse e nuovi potenziamenti per le armi, e affronta i boss in combattimenti epici che metteranno alla prova tanto la mente quanto il corpo.<\/span><\/p>\n<p><span style=\"font-size: 14pt; color: #000000;\">Un\u2019incredibile esperienza visiva<\/span><br \/>\n<span style=\"font-size: 14pt; color: #000000;\">Immergiti in un mondo post apocalittico estremamente dettagliato che combina bellezza e orrore fino a raggiungere effetti spettacolari. Esplora ambientazioni ispirate alla fantascienza portate in vita dalla potenza grafica della PS5.<\/span><\/p>\n<p><span style=\"font-size: 14pt; color: #000000;\">Un\u2019avventura profonda e indimenticabile<\/span><br \/>\n<span style=\"font-size: 14pt; color: #000000;\">Scopri una coinvolgente storia sul destino dell\u2019umanit\u00e0, con tematiche profonde, una narrativa che fa riflettere e colpi di scena carichi di emozioni dall\u2019inizio alla fine.<\/span><\/p>","protected":false},"excerpt":{"rendered":"<h5 class=\"provider-info__text\"><span class=\"provider-info__list-item\">Uscita: 26\/4\/2024<\/span><span class=\"provider-info__list-item\"> | Sony Interactive Entertainment Europe <\/span><span class=\"provider-info__list-item\">| PS5<\/span><\/h5>\n<h3><span style=\"font-family: georgia, palatino, serif;\"><span style=\"color: #df1d1d;\">\u23f0 Noleggio per 15 giorni:<\/span><\/span><span style=\"color: #df1d1d;\">\u00a0<span style=\"font-size: 10pt; color: #333333;\">p<\/span><\/span><span style=\"font-family: georgia, palatino, serif; font-size: 10pt; color: #333333;\">ossibilita di giocare dal vostro account personale o sull account fornito (primario o secondario).<\/span><\/h3>\n<h3><span style=\"font-size: 10pt; color: #333333;\">Game for rent is one of the cheapest and most convenient ways to get a game.\u00a0<\/span><span style=\"font-size: 10pt; color: #333333;\">You can also extend the period if you have not finished the game.<\/span><\/h3>","protected":false},"featured_media":12420,"comment_status":"open","ping_status":"closed","template":"","meta":[],"product_cat":[142],"product_tag":[58,75],"class_list":{"0":"post-12419","1":"product","2":"type-product","3":"status-publish","4":"has-post-thumbnail","6":"product_cat-giochi-ps5-in-noleggio","7":"product_tag-avventura","8":"product_tag-azione","10":"first","11":"instock","12":"sale","13":"downloadable","14":"virtual","15":"purchasable","16":"product-type-simple"},"yoast_head":"<!-- This site is optimized with the Yoast SEO plugin v23.9 - https:\/\/yoast.com\/wordpress\/plugins\/seo\/ -->\n<title>Stellar Blade - Giochi Digitali PS4 e PS5<\/title>\n<meta name=\"description\" content=\"Scopri una storia sul destino dell\u2019umanit\u00e0, con tematiche profonde, una narrativa che fa riflettere e colpi di scena carichi di emozioni.\" \/>\n<meta name=\"robots\" content=\"index, follow, max-snippet:-1, max-image-preview:large, max-video-preview:-1\" \/>\n<link rel=\"canonical\" href=\"https:\/\/www.psngiochi.space\/en\/product\/stellar-blade\/\" \/>\n<meta property=\"og:locale\" content=\"en_US\" \/>\n<meta property=\"og:type\" content=\"article\" \/>\n<meta property=\"og:title\" content=\"Stellar Blade - Giochi Digitali PS4 e PS5\" \/>\n<meta property=\"og:description\" content=\"Scopri una storia sul destino dell\u2019umanit\u00e0, con tematiche profonde, una narrativa che fa riflettere e colpi di scena carichi di emozioni.\" \/>\n<meta property=\"og:url\" content=\"https:\/\/www.psngiochi.space\/en\/product\/stellar-blade\/\" \/>\n<meta property=\"og:site_name\" content=\"Giochi Digitali PS4 e PS5\" \/>\n<meta property=\"article:modified_time\" content=\"2025-12-07T20:54:32+00:00\" \/>\n<meta property=\"og:image\" content=\"http:\/\/www.psngiochi.space\/wp-content\/uploads\/2024\/04\/stellar-blade-psngiochispace-giochi-digitali-ps5-digital-games-ps5-cifrovye-igry-ps5.jpg\" \/>\n\t<meta property=\"og:image:width\" content=\"803\" \/>\n\t<meta property=\"og:image:height\" content=\"1000\" \/>\n\t<meta property=\"og:image:type\" content=\"image\/jpeg\" \/>\n<meta name=\"twitter:card\" content=\"summary_large_image\" \/>\n<meta name=\"twitter:label1\" content=\"Est. reading time\" \/>\n\t<meta name=\"twitter:data1\" content=\"2 minutes\" \/>\n<script type=\"application\/ld+json\" class=\"yoast-schema-graph\">{\"@context\":\"https:\/\/schema.org\",\"@graph\":[{\"@type\":\"WebPage\",\"@id\":\"https:\/\/www.psngiochi.space\/product\/stellar-blade\/\",\"url\":\"https:\/\/www.psngiochi.space\/product\/stellar-blade\/\",\"name\":\"Stellar Blade - Giochi Digitali PS4 e PS5\",\"isPartOf\":{\"@id\":\"https:\/\/www.psngiochi.space\/en\/#website\"},\"primaryImageOfPage\":{\"@id\":\"https:\/\/www.psngiochi.space\/product\/stellar-blade\/#primaryimage\"},\"image\":{\"@id\":\"https:\/\/www.psngiochi.space\/product\/stellar-blade\/#primaryimage\"},\"thumbnailUrl\":\"https:\/\/www.psngiochi.space\/wp-content\/uploads\/2024\/04\/stellar-blade-psngiochispace-giochi-digitali-ps5-digital-games-ps5-cifrovye-igry-ps5.jpg\",\"datePublished\":\"2024-04-07T06:12:16+00:00\",\"dateModified\":\"2025-12-07T20:54:32+00:00\",\"description\":\"Scopri una storia sul destino dell\u2019umanit\u00e0, con tematiche profonde, una narrativa che fa riflettere e colpi di scena carichi di emozioni.\",\"breadcrumb\":{\"@id\":\"https:\/\/www.psngiochi.space\/product\/stellar-blade\/#breadcrumb\"},\"inLanguage\":\"en-US\",\"potentialAction\":[{\"@type\":\"ReadAction\",\"target\":[\"https:\/\/www.psngiochi.space\/product\/stellar-blade\/\"]}]},{\"@type\":\"ImageObject\",\"inLanguage\":\"en-US\",\"@id\":\"https:\/\/www.psngiochi.space\/product\/stellar-blade\/#primaryimage\",\"url\":\"https:\/\/www.psngiochi.space\/wp-content\/uploads\/2024\/04\/stellar-blade-psngiochispace-giochi-digitali-ps5-digital-games-ps5-cifrovye-igry-ps5.jpg\",\"contentUrl\":\"https:\/\/www.psngiochi.space\/wp-content\/uploads\/2024\/04\/stellar-blade-psngiochispace-giochi-digitali-ps5-digital-games-ps5-cifrovye-igry-ps5.jpg\",\"width\":803,\"height\":1000},{\"@type\":\"BreadcrumbList\",\"@id\":\"https:\/\/www.psngiochi.space\/product\/stellar-blade\/#breadcrumb\",\"itemListElement\":[{\"@type\":\"ListItem\",\"position\":1,\"name\":\"Home\",\"item\":\"https:\/\/www.psngiochi.space\/en\/\"},{\"@type\":\"ListItem\",\"position\":2,\"name\":\"Negozio\",\"item\":\"https:\/\/www.psngiochi.space\/en\/negozio\/\"},{\"@type\":\"ListItem\",\"position\":3,\"name\":\"Stellar Blade\"}]},{\"@type\":\"WebSite\",\"@id\":\"https:\/\/www.psngiochi.space\/en\/#website\",\"url\":\"https:\/\/www.psngiochi.space\/en\/\",\"name\":\"Giochi Digitali PS4 e PS5\",\"description\":\"Noleggio di giochi, vendita di accounts\",\"potentialAction\":[{\"@type\":\"SearchAction\",\"target\":{\"@type\":\"EntryPoint\",\"urlTemplate\":\"https:\/\/www.psngiochi.space\/en\/?s={search_term_string}\"},\"query-input\":{\"@type\":\"PropertyValueSpecification\",\"valueRequired\":true,\"valueName\":\"search_term_string\"}}],\"inLanguage\":\"en-US\"}]}<\/script>\n<!-- \/ Yoast SEO plugin. -->","yoast_head_json":{"title":"Stellar Blade - Giochi Digitali PS4 e PS5","description":"Scopri una storia sul destino dell\u2019umanit\u00e0, con tematiche profonde, una narrativa che fa riflettere e colpi di scena carichi di emozioni.","robots":{"index":"index","follow":"follow","max-snippet":"max-snippet:-1","max-image-preview":"max-image-preview:large","max-video-preview":"max-video-preview:-1"},"canonical":"https:\/\/www.psngiochi.space\/en\/product\/stellar-blade\/","og_locale":"en_US","og_type":"article","og_title":"Stellar Blade - Giochi Digitali PS4 e PS5","og_description":"Scopri una storia sul destino dell\u2019umanit\u00e0, con tematiche profonde, una narrativa che fa riflettere e colpi di scena carichi di emozioni.","og_url":"https:\/\/www.psngiochi.space\/en\/product\/stellar-blade\/","og_site_name":"Giochi Digitali PS4 e PS5","article_modified_time":"2025-12-07T20:54:32+00:00","og_image":[{"width":803,"height":1000,"url":"http:\/\/www.psngiochi.space\/wp-content\/uploads\/2024\/04\/stellar-blade-psngiochispace-giochi-digitali-ps5-digital-games-ps5-cifrovye-igry-ps5.jpg","type":"image\/jpeg"}],"twitter_card":"summary_large_image","twitter_misc":{"Est. reading time":"2 minutes"},"schema":{"@context":"https:\/\/schema.org","@graph":[{"@type":"WebPage","@id":"https:\/\/www.psngiochi.space\/product\/stellar-blade\/","url":"https:\/\/www.psngiochi.space\/product\/stellar-blade\/","name":"Stellar Blade - Giochi Digitali PS4 e PS5","isPartOf":{"@id":"https:\/\/www.psngiochi.space\/en\/#website"},"primaryImageOfPage":{"@id":"https:\/\/www.psngiochi.space\/product\/stellar-blade\/#primaryimage"},"image":{"@id":"https:\/\/www.psngiochi.space\/product\/stellar-blade\/#primaryimage"},"thumbnailUrl":"https:\/\/www.psngiochi.space\/wp-content\/uploads\/2024\/04\/stellar-blade-psngiochispace-giochi-digitali-ps5-digital-games-ps5-cifrovye-igry-ps5.jpg","datePublished":"2024-04-07T06:12:16+00:00","dateModified":"2025-12-07T20:54:32+00:00","description":"Scopri una storia sul destino dell\u2019umanit\u00e0, con tematiche profonde, una narrativa che fa riflettere e colpi di scena carichi di emozioni.","breadcrumb":{"@id":"https:\/\/www.psngiochi.space\/product\/stellar-blade\/#breadcrumb"},"inLanguage":"en-US","potentialAction":[{"@type":"ReadAction","target":["https:\/\/www.psngiochi.space\/product\/stellar-blade\/"]}]},{"@type":"ImageObject","inLanguage":"en-US","@id":"https:\/\/www.psngiochi.space\/product\/stellar-blade\/#primaryimage","url":"https:\/\/www.psngiochi.space\/wp-content\/uploads\/2024\/04\/stellar-blade-psngiochispace-giochi-digitali-ps5-digital-games-ps5-cifrovye-igry-ps5.jpg","contentUrl":"https:\/\/www.psngiochi.space\/wp-content\/uploads\/2024\/04\/stellar-blade-psngiochispace-giochi-digitali-ps5-digital-games-ps5-cifrovye-igry-ps5.jpg","width":803,"height":1000},{"@type":"BreadcrumbList","@id":"https:\/\/www.psngiochi.space\/product\/stellar-blade\/#breadcrumb","itemListElement":[{"@type":"ListItem","position":1,"name":"Home","item":"https:\/\/www.psngiochi.space\/en\/"},{"@type":"ListItem","position":2,"name":"Negozio","item":"https:\/\/www.psngiochi.space\/en\/negozio\/"},{"@type":"ListItem","position":3,"name":"Stellar Blade"}]},{"@type":"WebSite","@id":"https:\/\/www.psngiochi.space\/en\/#website","url":"https:\/\/www.psngiochi.space\/en\/","name":"Giochi Digitali PS4 e PS5","description":"Noleggio di giochi, vendita di accounts","potentialAction":[{"@type":"SearchAction","target":{"@type":"EntryPoint","urlTemplate":"https:\/\/www.psngiochi.space\/en\/?s={search_term_string}"},"query-input":{"@type":"PropertyValueSpecification","valueRequired":true,"valueName":"search_term_string"}}],"inLanguage":"en-US"}]}},"_links":{"self":[{"href":"https:\/\/www.psngiochi.space\/en\/wp-json\/wp\/v2\/product\/12419","targetHints":{"allow":["GET"]}}],"collection":[{"href":"https:\/\/www.psngiochi.space\/en\/wp-json\/wp\/v2\/product"}],"about":[{"href":"https:\/\/www.psngiochi.space\/en\/wp-json\/wp\/v2\/types\/product"}],"replies":[{"embeddable":true,"href":"https:\/\/www.psngiochi.space\/en\/wp-json\/wp\/v2\/comments?post=12419"}],"wp:featuredmedia":[{"embeddable":true,"href":"https:\/\/www.psngiochi.space\/en\/wp-json\/wp\/v2\/media\/12420"}],"wp:attachment":[{"href":"https:\/\/www.psngiochi.space\/en\/wp-json\/wp\/v2\/media?parent=12419"}],"wp:term":[{"taxonomy":"product_cat","embeddable":true,"href":"https:\/\/www.psngiochi.space\/en\/wp-json\/wp\/v2\/product_cat?post=12419"},{"taxonomy":"product_tag","embeddable":true,"href":"https:\/\/www.psngiochi.space\/en\/wp-json\/wp\/v2\/product_tag?post=12419"}],"curies":[{"name":"wp","href":"https:\/\/api.w.org\/{rel}","templated":true}]}}