{"id":12196,"date":"2023-11-06T16:53:12","date_gmt":"2023-11-06T15:53:12","guid":{"rendered":"http:\/\/www.psngiochi.space\/?post_type=product&#038;p=12196"},"modified":"2026-04-29T17:22:48","modified_gmt":"2026-04-29T15:22:48","slug":"avatar-frontiers-of-pandora","status":"publish","type":"product","link":"https:\/\/www.psngiochi.space\/en\/product\/avatar-frontiers-of-pandora\/","title":{"rendered":"Avatar: Frontiers of Pandora"},"content":{"rendered":"<p><span style=\"font-size: 14pt; color: #000000;\">Avatar: Frontiers of Pandora \u00e8 un gioco d'azione-avventura in prima persona ambientato nell'inesplorata frontiera occidentale di Pandora. Dopo il tuo rapimento e addestramento a opera della corporazione militare umana nota come RDA, hai dimenticato la tua origine na'vi e vissuto per servire la sua causa. Quindici anni pi\u00f9 tardi hai riconquistato la tua libert\u00e0, ma la tua stessa casa ti risulta straniera. Scopri la tua eredit\u00e0 perduta e cosa significa essere na'vi e lotta al fianco degli altri clan per proteggere Pandora dall'RDA.<\/span><\/p>\n<p><span style=\"font-size: 14pt; color: #000000;\">ESPLORA UN MONDO RICCO DI MERAVIGLIE E PERICOLI<\/span><br \/>\n<span style=\"font-size: 14pt; color: #000000;\">Scopri le meraviglie della frontiera occidentale, un inesplorato continente di Pandora. Attraversa un mondo aperto tanto incantevole quanto imprevedibile, dove la minima disattenzione pu\u00f2 risultare fatale.<\/span><\/p>\n<p><span style=\"font-size: 14pt; color: #000000;\">DIVENTA NA'VI<\/span><br \/>\n<span style=\"font-size: 14pt; color: #000000;\">Fai evolvere il tuo personaggio per sfruttare al meglio l'incredibile forza e agilit\u00e0 dei na'vi; crea nuovo equipaggiamento e potenzia le abilit\u00e0 e le armi pi\u00f9 adatte al tuo stile di gioco.<\/span><\/p>\n<p><span style=\"font-size: 14pt; color: #000000;\">DOMINA I CIELI<\/span><br \/>\n<span style=\"font-size: 14pt; color: #000000;\">Crea un legame con la tua banshee personale, diventa inarrestabile negli scontri aerei ed esplora in volo l'immensa frontiera occidentale.<\/span><\/p>\n<p><span style=\"font-size: 14pt; color: #000000;\">PADRONEGGIA NUMEROSI STILI DI COMBATTIMENTO<\/span><br \/>\n<span style=\"font-size: 14pt; color: #000000;\">Affronta i pericoli di Pandora sfruttando la precisione delle armi tradizionali na'vi, come l'arco e lo scaglialance, oppure affidati al tuo addestramento umano per scatenarti con armi ancora pi\u00f9 devastanti come i fucili d'assalto e gli shotgun.<\/span><\/p>\n<p><span style=\"font-size: 14pt; color: #000000;\">UNA COINVOLGENTE ESPERIENZA NEXT-GEN<\/span><br \/>\n<span style=\"font-size: 14pt; color: #000000;\">Progettato per sfruttare al meglio la potenza di PS5, Avatar: Frontiers of Pandora ridefinisce il concetto di immersione grazie a un livello di dettaglio eccezionale e rendering, densit\u00e0 e audio incredibilmente coinvolgenti.<\/span><\/p>\n<p><span style=\"font-size: 14pt; color: #000000;\">CONDIVIDI LA TUA AVVENTURA IN MODALIT\u00c0 COOP<\/span><br \/>\n<span style=\"font-size: 14pt; color: #000000;\">Scopri l'intera storia del gioco in modalit\u00e0 giocatore singolo, oppure online in modalit\u00e0 coop a due.<\/span><\/p>","protected":false},"excerpt":{"rendered":"<h5 class=\"provider-info__text\"><span class=\"provider-info__list-item\">Uscita: 7\/12\/2023<\/span><span class=\"provider-info__list-item\"> | UBISOFT ENTERTAINMENT SA <\/span><span class=\"provider-info__list-item\">| PS5<\/span><\/h5>\n<h3><span style=\"font-family: georgia, palatino, serif;\"><span style=\"color: #df1d1d;\">\u23f0 Noleggio per 15 giorni:<\/span><\/span><span style=\"color: #df1d1d;\">\u00a0<span style=\"font-size: 10pt; color: #333333;\">p<\/span><\/span><span style=\"font-family: georgia, palatino, serif; font-size: 10pt; color: #333333;\">ossibilita di giocare dal vostro account personale o sull account fornito (primario o secondario).<\/span><\/h3>\n<h3><span style=\"font-size: 10pt; color: #333333;\">Game for rent is one of the cheapest and most convenient ways to get a game.\u00a0<\/span><span style=\"font-size: 10pt; color: #333333;\">You can also extend the period if you have not finished the game.<\/span><\/h3>","protected":false},"featured_media":12197,"comment_status":"open","ping_status":"closed","template":"","meta":[],"product_cat":[142],"product_tag":[115],"class_list":{"0":"post-12196","1":"product","2":"type-product","3":"status-publish","4":"has-post-thumbnail","6":"product_cat-giochi-ps5-in-noleggio","7":"product_tag-in-evidenza","9":"first","10":"outofstock","11":"sale","12":"downloadable","13":"virtual","14":"purchasable","15":"product-type-simple"},"yoast_head":"<!-- This site is optimized with the Yoast SEO plugin v23.9 - https:\/\/yoast.com\/wordpress\/plugins\/seo\/ -->\n<title>Avatar: Frontiers of Pandora - Giochi Digitali PS4 e PS5<\/title>\n<meta name=\"description\" content=\"Avatar: Frontiers of Pandora \u00e8 un gioco d&#039;azione-avventura in prima persona ambientato nell&#039;inesplorata frontiera occidentale di Pandora.\" \/>\n<meta name=\"robots\" content=\"index, follow, max-snippet:-1, max-image-preview:large, max-video-preview:-1\" \/>\n<link rel=\"canonical\" href=\"https:\/\/www.psngiochi.space\/en\/product\/avatar-frontiers-of-pandora\/\" \/>\n<meta property=\"og:locale\" content=\"en_US\" \/>\n<meta property=\"og:type\" content=\"article\" \/>\n<meta property=\"og:title\" content=\"Avatar: Frontiers of Pandora - Giochi Digitali PS4 e PS5\" \/>\n<meta property=\"og:description\" content=\"Avatar: Frontiers of Pandora \u00e8 un gioco d&#039;azione-avventura in prima persona ambientato nell&#039;inesplorata frontiera occidentale di Pandora.\" \/>\n<meta property=\"og:url\" content=\"https:\/\/www.psngiochi.space\/en\/product\/avatar-frontiers-of-pandora\/\" \/>\n<meta property=\"og:site_name\" content=\"Giochi Digitali PS4 e PS5\" \/>\n<meta property=\"article:modified_time\" content=\"2026-04-29T15:22:48+00:00\" \/>\n<meta property=\"og:image\" content=\"http:\/\/www.psngiochi.space\/wp-content\/uploads\/2023\/11\/avatar-frontiers-of-pandora-psngiochispace-giochi-digitali-ps5-digital-games-ps5-cifrovye-igry-ps5.jpg\" \/>\n\t<meta property=\"og:image:width\" content=\"803\" \/>\n\t<meta property=\"og:image:height\" content=\"1000\" \/>\n\t<meta property=\"og:image:type\" content=\"image\/jpeg\" \/>\n<meta name=\"twitter:card\" content=\"summary_large_image\" \/>\n<meta name=\"twitter:label1\" content=\"Est. reading time\" \/>\n\t<meta name=\"twitter:data1\" content=\"2 minutes\" \/>\n<script type=\"application\/ld+json\" class=\"yoast-schema-graph\">{\"@context\":\"https:\/\/schema.org\",\"@graph\":[{\"@type\":\"WebPage\",\"@id\":\"https:\/\/www.psngiochi.space\/product\/avatar-frontiers-of-pandora\/\",\"url\":\"https:\/\/www.psngiochi.space\/product\/avatar-frontiers-of-pandora\/\",\"name\":\"Avatar: Frontiers of Pandora - Giochi Digitali PS4 e PS5\",\"isPartOf\":{\"@id\":\"https:\/\/www.psngiochi.space\/en\/#website\"},\"primaryImageOfPage\":{\"@id\":\"https:\/\/www.psngiochi.space\/product\/avatar-frontiers-of-pandora\/#primaryimage\"},\"image\":{\"@id\":\"https:\/\/www.psngiochi.space\/product\/avatar-frontiers-of-pandora\/#primaryimage\"},\"thumbnailUrl\":\"https:\/\/www.psngiochi.space\/wp-content\/uploads\/2023\/11\/avatar-frontiers-of-pandora-psngiochispace-giochi-digitali-ps5-digital-games-ps5-cifrovye-igry-ps5.jpg\",\"datePublished\":\"2023-11-06T15:53:12+00:00\",\"dateModified\":\"2026-04-29T15:22:48+00:00\",\"description\":\"Avatar: Frontiers of Pandora \u00e8 un gioco d'azione-avventura in prima persona ambientato nell'inesplorata frontiera occidentale di Pandora.\",\"breadcrumb\":{\"@id\":\"https:\/\/www.psngiochi.space\/product\/avatar-frontiers-of-pandora\/#breadcrumb\"},\"inLanguage\":\"en-US\",\"potentialAction\":[{\"@type\":\"ReadAction\",\"target\":[\"https:\/\/www.psngiochi.space\/product\/avatar-frontiers-of-pandora\/\"]}]},{\"@type\":\"ImageObject\",\"inLanguage\":\"en-US\",\"@id\":\"https:\/\/www.psngiochi.space\/product\/avatar-frontiers-of-pandora\/#primaryimage\",\"url\":\"https:\/\/www.psngiochi.space\/wp-content\/uploads\/2023\/11\/avatar-frontiers-of-pandora-psngiochispace-giochi-digitali-ps5-digital-games-ps5-cifrovye-igry-ps5.jpg\",\"contentUrl\":\"https:\/\/www.psngiochi.space\/wp-content\/uploads\/2023\/11\/avatar-frontiers-of-pandora-psngiochispace-giochi-digitali-ps5-digital-games-ps5-cifrovye-igry-ps5.jpg\",\"width\":803,\"height\":1000},{\"@type\":\"BreadcrumbList\",\"@id\":\"https:\/\/www.psngiochi.space\/product\/avatar-frontiers-of-pandora\/#breadcrumb\",\"itemListElement\":[{\"@type\":\"ListItem\",\"position\":1,\"name\":\"Home\",\"item\":\"https:\/\/www.psngiochi.space\/en\/\"},{\"@type\":\"ListItem\",\"position\":2,\"name\":\"Negozio\",\"item\":\"https:\/\/www.psngiochi.space\/en\/negozio\/\"},{\"@type\":\"ListItem\",\"position\":3,\"name\":\"Avatar: Frontiers of Pandora\"}]},{\"@type\":\"WebSite\",\"@id\":\"https:\/\/www.psngiochi.space\/en\/#website\",\"url\":\"https:\/\/www.psngiochi.space\/en\/\",\"name\":\"Giochi Digitali PS4 e PS5\",\"description\":\"Noleggio di giochi, vendita di accounts\",\"potentialAction\":[{\"@type\":\"SearchAction\",\"target\":{\"@type\":\"EntryPoint\",\"urlTemplate\":\"https:\/\/www.psngiochi.space\/en\/?s={search_term_string}\"},\"query-input\":{\"@type\":\"PropertyValueSpecification\",\"valueRequired\":true,\"valueName\":\"search_term_string\"}}],\"inLanguage\":\"en-US\"}]}<\/script>\n<!-- \/ Yoast SEO plugin. -->","yoast_head_json":{"title":"Avatar: Frontiers of Pandora - Giochi Digitali PS4 e PS5","description":"Avatar: Frontiers of Pandora \u00e8 un gioco d'azione-avventura in prima persona ambientato nell'inesplorata frontiera occidentale di Pandora.","robots":{"index":"index","follow":"follow","max-snippet":"max-snippet:-1","max-image-preview":"max-image-preview:large","max-video-preview":"max-video-preview:-1"},"canonical":"https:\/\/www.psngiochi.space\/en\/product\/avatar-frontiers-of-pandora\/","og_locale":"en_US","og_type":"article","og_title":"Avatar: Frontiers of Pandora - Giochi Digitali PS4 e PS5","og_description":"Avatar: Frontiers of Pandora \u00e8 un gioco d'azione-avventura in prima persona ambientato nell'inesplorata frontiera occidentale di Pandora.","og_url":"https:\/\/www.psngiochi.space\/en\/product\/avatar-frontiers-of-pandora\/","og_site_name":"Giochi Digitali PS4 e PS5","article_modified_time":"2026-04-29T15:22:48+00:00","og_image":[{"width":803,"height":1000,"url":"http:\/\/www.psngiochi.space\/wp-content\/uploads\/2023\/11\/avatar-frontiers-of-pandora-psngiochispace-giochi-digitali-ps5-digital-games-ps5-cifrovye-igry-ps5.jpg","type":"image\/jpeg"}],"twitter_card":"summary_large_image","twitter_misc":{"Est. reading time":"2 minutes"},"schema":{"@context":"https:\/\/schema.org","@graph":[{"@type":"WebPage","@id":"https:\/\/www.psngiochi.space\/product\/avatar-frontiers-of-pandora\/","url":"https:\/\/www.psngiochi.space\/product\/avatar-frontiers-of-pandora\/","name":"Avatar: Frontiers of Pandora - Giochi Digitali PS4 e PS5","isPartOf":{"@id":"https:\/\/www.psngiochi.space\/en\/#website"},"primaryImageOfPage":{"@id":"https:\/\/www.psngiochi.space\/product\/avatar-frontiers-of-pandora\/#primaryimage"},"image":{"@id":"https:\/\/www.psngiochi.space\/product\/avatar-frontiers-of-pandora\/#primaryimage"},"thumbnailUrl":"https:\/\/www.psngiochi.space\/wp-content\/uploads\/2023\/11\/avatar-frontiers-of-pandora-psngiochispace-giochi-digitali-ps5-digital-games-ps5-cifrovye-igry-ps5.jpg","datePublished":"2023-11-06T15:53:12+00:00","dateModified":"2026-04-29T15:22:48+00:00","description":"Avatar: Frontiers of Pandora \u00e8 un gioco d'azione-avventura in prima persona ambientato nell'inesplorata frontiera occidentale di Pandora.","breadcrumb":{"@id":"https:\/\/www.psngiochi.space\/product\/avatar-frontiers-of-pandora\/#breadcrumb"},"inLanguage":"en-US","potentialAction":[{"@type":"ReadAction","target":["https:\/\/www.psngiochi.space\/product\/avatar-frontiers-of-pandora\/"]}]},{"@type":"ImageObject","inLanguage":"en-US","@id":"https:\/\/www.psngiochi.space\/product\/avatar-frontiers-of-pandora\/#primaryimage","url":"https:\/\/www.psngiochi.space\/wp-content\/uploads\/2023\/11\/avatar-frontiers-of-pandora-psngiochispace-giochi-digitali-ps5-digital-games-ps5-cifrovye-igry-ps5.jpg","contentUrl":"https:\/\/www.psngiochi.space\/wp-content\/uploads\/2023\/11\/avatar-frontiers-of-pandora-psngiochispace-giochi-digitali-ps5-digital-games-ps5-cifrovye-igry-ps5.jpg","width":803,"height":1000},{"@type":"BreadcrumbList","@id":"https:\/\/www.psngiochi.space\/product\/avatar-frontiers-of-pandora\/#breadcrumb","itemListElement":[{"@type":"ListItem","position":1,"name":"Home","item":"https:\/\/www.psngiochi.space\/en\/"},{"@type":"ListItem","position":2,"name":"Negozio","item":"https:\/\/www.psngiochi.space\/en\/negozio\/"},{"@type":"ListItem","position":3,"name":"Avatar: Frontiers of Pandora"}]},{"@type":"WebSite","@id":"https:\/\/www.psngiochi.space\/en\/#website","url":"https:\/\/www.psngiochi.space\/en\/","name":"Giochi Digitali PS4 e PS5","description":"Noleggio di giochi, vendita di accounts","potentialAction":[{"@type":"SearchAction","target":{"@type":"EntryPoint","urlTemplate":"https:\/\/www.psngiochi.space\/en\/?s={search_term_string}"},"query-input":{"@type":"PropertyValueSpecification","valueRequired":true,"valueName":"search_term_string"}}],"inLanguage":"en-US"}]}},"_links":{"self":[{"href":"https:\/\/www.psngiochi.space\/en\/wp-json\/wp\/v2\/product\/12196","targetHints":{"allow":["GET"]}}],"collection":[{"href":"https:\/\/www.psngiochi.space\/en\/wp-json\/wp\/v2\/product"}],"about":[{"href":"https:\/\/www.psngiochi.space\/en\/wp-json\/wp\/v2\/types\/product"}],"replies":[{"embeddable":true,"href":"https:\/\/www.psngiochi.space\/en\/wp-json\/wp\/v2\/comments?post=12196"}],"wp:featuredmedia":[{"embeddable":true,"href":"https:\/\/www.psngiochi.space\/en\/wp-json\/wp\/v2\/media\/12197"}],"wp:attachment":[{"href":"https:\/\/www.psngiochi.space\/en\/wp-json\/wp\/v2\/media?parent=12196"}],"wp:term":[{"taxonomy":"product_cat","embeddable":true,"href":"https:\/\/www.psngiochi.space\/en\/wp-json\/wp\/v2\/product_cat?post=12196"},{"taxonomy":"product_tag","embeddable":true,"href":"https:\/\/www.psngiochi.space\/en\/wp-json\/wp\/v2\/product_tag?post=12196"}],"curies":[{"name":"wp","href":"https:\/\/api.w.org\/{rel}","templated":true}]}}