{"id":12164,"date":"2023-10-26T16:01:45","date_gmt":"2023-10-26T14:01:45","guid":{"rendered":"http:\/\/www.psngiochi.space\/?post_type=product&#038;p=12164"},"modified":"2026-04-16T08:10:21","modified_gmt":"2026-04-16T06:10:21","slug":"alone-in-the-dark","status":"publish","type":"product","link":"https:\/\/www.psngiochi.space\/en\/product\/alone-in-the-dark\/","title":{"rendered":"Alone in the Dark"},"content":{"rendered":"<p><span style=\"font-size: 14pt; color: #000000;\">L'horror psicologico incontra il gotico sudista in questa rivisitazione del classico gioco survival horror Alone in the Dark<\/span><\/p>\n<p><span style=\"font-size: 14pt; color: #000000;\">Questa lettera d'amore per l'innovativa versione originale permette di vivere una storia angosciante attraverso gli occhi di uno dei due protagonisti. Gioca come Edward Carnby o Emily Hartwood ed esplora nuove ambientazioni, combatti mostri, risolvi rompicapi e scopri le scomode verit\u00e0 della villa di Derceto...<\/span><\/p>\n<p><span style=\"font-size: 14pt; color: #000000;\">Nel sud degli anni 20, lo zio di Emily Hartwood \u00e8 scomparso. Cos\u00ec, Emily si imbarca insieme all'investigatore privato Edward Carnby in un viaggio nella villa di Derceto, un ricovero per malati mentali dove qualcosa si annida nell'oscurit\u00e0. Incontrerai gli strani residenti, reami da incubo, pericolosi mostri per scoprire infine un diabolico male. Ti aspetta un'avventura che metter\u00e0 alla prova le tue certezze, spingendoti ai limiti della realt\u00e0, del mistero e della follia. Di chi ti puoi fidare? A chi credere? Quale sar\u00e0 la tua prossima mossa?<\/span><\/p>\n<p><span style=\"font-size: 14pt; color: #000000;\">- Esplora la villa di Derceto in questa rivisitazione di Alone in the Dark, una lettera d'amore per il classico gioco horror di culto degli anni 90.<\/span><br \/>\n<span style=\"font-size: 14pt; color: #000000;\">- Ritorna alle radici dell'horror psicologico e sperimenta un viaggio degno del gioco che ha dato vita al genere.<\/span><br \/>\n<span style=\"font-size: 14pt; color: #000000;\">- Tuffati in un mondo ricco di suoni che ti daranno i brividi con un'angosciante e ispirata colonna sonora.<\/span><br \/>\n<span style=\"font-size: 14pt; color: #000000;\">- Goditi l'emozione di una sopravvivenza disperata in un mondo dove la realt\u00e0 sta venendo meno, dove il male si cela in ogni ombra e le munizioni sono scarse.<\/span><br \/>\n<span style=\"font-size: 14pt; color: #000000;\">- Vivi un incubo dalla prospettiva di Emily Hartwood o Edward Carnby e svela gli oscuri segreti di una villa gotica.<\/span><br \/>\n<span style=\"font-size: 14pt; color: #000000;\">- Immergiti in un profondo racconto psicologico che ti porter\u00e0 al di l\u00e0 dell'immaginabile, scritto da Mikael Hedberg, lo scrittore di horror di culto come SOMA e Amnesia.<\/span><br \/>\n<span style=\"font-size: 14pt; color: #000000;\">- Riscopri Emily ed Edward interpretati da Jodie Comer (Killing Eve, Free Guy) e David Harbour (Stranger Things, Black Widow), che hanno prestato voce, aspetto e sapienza recitativa ai protagonisti.<\/span><\/p>","protected":false},"excerpt":{"rendered":"<h5 class=\"provider-info__text\"><span class=\"provider-info__list-item\">Uscita: 20\/3\/2024<\/span><span class=\"provider-info__list-item\"> | THQ NORDIC GMBH <\/span><span class=\"provider-info__list-item\">| PS5<\/span><\/h5>\n<h3><span style=\"font-family: georgia, palatino, serif;\"><span style=\"color: #df1d1d;\">\u23f0 Noleggio per 10 giorni:<\/span><\/span><span style=\"color: #df1d1d;\">\u00a0<span style=\"font-size: 10pt; color: #333333;\">p<\/span><\/span><span style=\"font-family: georgia, palatino, serif; font-size: 10pt; color: #333333;\">ossibilita di giocare dal vostro account personale o sull account fornito (primario o secondario).<\/span><\/h3>\n<h3><span style=\"font-size: 10pt; color: #333333;\">Game for rent is one of the cheapest and most convenient ways to get a game.\u00a0<\/span><span style=\"font-size: 10pt; color: #333333;\">You can also extend the period if you have not finished the game.<\/span><\/h3>","protected":false},"featured_media":12165,"comment_status":"open","ping_status":"closed","template":"","meta":[],"product_cat":[142],"product_tag":[101],"class_list":{"0":"post-12164","1":"product","2":"type-product","3":"status-publish","4":"has-post-thumbnail","6":"product_cat-giochi-ps5-in-noleggio","7":"product_tag-horror","9":"first","10":"instock","11":"sale","12":"downloadable","13":"virtual","14":"purchasable","15":"product-type-simple"},"yoast_head":"<!-- This site is optimized with the Yoast SEO plugin v23.9 - https:\/\/yoast.com\/wordpress\/plugins\/seo\/ -->\n<title>Alone in the Dark - Giochi Digitali PS4 e PS5<\/title>\n<meta name=\"description\" content=\"L&#039;horror psicologico incontra il gotico sudista in questa rivisitazione del classico gioco survival horror Alone in the Dark.\" \/>\n<meta name=\"robots\" content=\"index, follow, max-snippet:-1, max-image-preview:large, max-video-preview:-1\" \/>\n<link rel=\"canonical\" href=\"https:\/\/www.psngiochi.space\/en\/product\/alone-in-the-dark\/\" \/>\n<meta property=\"og:locale\" content=\"en_US\" \/>\n<meta property=\"og:type\" content=\"article\" \/>\n<meta property=\"og:title\" content=\"Alone in the Dark - Giochi Digitali PS4 e PS5\" \/>\n<meta property=\"og:description\" content=\"L&#039;horror psicologico incontra il gotico sudista in questa rivisitazione del classico gioco survival horror Alone in the Dark.\" \/>\n<meta property=\"og:url\" content=\"https:\/\/www.psngiochi.space\/en\/product\/alone-in-the-dark\/\" \/>\n<meta property=\"og:site_name\" content=\"Giochi Digitali PS4 e PS5\" \/>\n<meta property=\"article:modified_time\" content=\"2026-04-16T06:10:21+00:00\" \/>\n<meta property=\"og:image\" content=\"http:\/\/www.psngiochi.space\/wp-content\/uploads\/2023\/10\/alone-in-the-dark-psngiochispace-giochi-digitali-ps5-digital-games-ps5-cifrovye-igry-ps5.jpg\" \/>\n\t<meta property=\"og:image:width\" content=\"803\" \/>\n\t<meta property=\"og:image:height\" content=\"1000\" \/>\n\t<meta property=\"og:image:type\" content=\"image\/jpeg\" \/>\n<meta name=\"twitter:card\" content=\"summary_large_image\" \/>\n<meta name=\"twitter:label1\" content=\"Est. reading time\" \/>\n\t<meta name=\"twitter:data1\" content=\"2 minutes\" \/>\n<script type=\"application\/ld+json\" class=\"yoast-schema-graph\">{\"@context\":\"https:\/\/schema.org\",\"@graph\":[{\"@type\":\"WebPage\",\"@id\":\"https:\/\/www.psngiochi.space\/product\/alone-in-the-dark\/\",\"url\":\"https:\/\/www.psngiochi.space\/product\/alone-in-the-dark\/\",\"name\":\"Alone in the Dark - Giochi Digitali PS4 e PS5\",\"isPartOf\":{\"@id\":\"https:\/\/www.psngiochi.space\/en\/#website\"},\"primaryImageOfPage\":{\"@id\":\"https:\/\/www.psngiochi.space\/product\/alone-in-the-dark\/#primaryimage\"},\"image\":{\"@id\":\"https:\/\/www.psngiochi.space\/product\/alone-in-the-dark\/#primaryimage\"},\"thumbnailUrl\":\"https:\/\/www.psngiochi.space\/wp-content\/uploads\/2023\/10\/alone-in-the-dark-psngiochispace-giochi-digitali-ps5-digital-games-ps5-cifrovye-igry-ps5.jpg\",\"datePublished\":\"2023-10-26T14:01:45+00:00\",\"dateModified\":\"2026-04-16T06:10:21+00:00\",\"description\":\"L'horror psicologico incontra il gotico sudista in questa rivisitazione del classico gioco survival horror Alone in the Dark.\",\"breadcrumb\":{\"@id\":\"https:\/\/www.psngiochi.space\/product\/alone-in-the-dark\/#breadcrumb\"},\"inLanguage\":\"en-US\",\"potentialAction\":[{\"@type\":\"ReadAction\",\"target\":[\"https:\/\/www.psngiochi.space\/product\/alone-in-the-dark\/\"]}]},{\"@type\":\"ImageObject\",\"inLanguage\":\"en-US\",\"@id\":\"https:\/\/www.psngiochi.space\/product\/alone-in-the-dark\/#primaryimage\",\"url\":\"https:\/\/www.psngiochi.space\/wp-content\/uploads\/2023\/10\/alone-in-the-dark-psngiochispace-giochi-digitali-ps5-digital-games-ps5-cifrovye-igry-ps5.jpg\",\"contentUrl\":\"https:\/\/www.psngiochi.space\/wp-content\/uploads\/2023\/10\/alone-in-the-dark-psngiochispace-giochi-digitali-ps5-digital-games-ps5-cifrovye-igry-ps5.jpg\",\"width\":803,\"height\":1000},{\"@type\":\"BreadcrumbList\",\"@id\":\"https:\/\/www.psngiochi.space\/product\/alone-in-the-dark\/#breadcrumb\",\"itemListElement\":[{\"@type\":\"ListItem\",\"position\":1,\"name\":\"Home\",\"item\":\"https:\/\/www.psngiochi.space\/en\/\"},{\"@type\":\"ListItem\",\"position\":2,\"name\":\"Negozio\",\"item\":\"https:\/\/www.psngiochi.space\/en\/negozio\/\"},{\"@type\":\"ListItem\",\"position\":3,\"name\":\"Alone in the Dark\"}]},{\"@type\":\"WebSite\",\"@id\":\"https:\/\/www.psngiochi.space\/en\/#website\",\"url\":\"https:\/\/www.psngiochi.space\/en\/\",\"name\":\"Giochi Digitali PS4 e PS5\",\"description\":\"Noleggio di giochi, vendita di accounts\",\"potentialAction\":[{\"@type\":\"SearchAction\",\"target\":{\"@type\":\"EntryPoint\",\"urlTemplate\":\"https:\/\/www.psngiochi.space\/en\/?s={search_term_string}\"},\"query-input\":{\"@type\":\"PropertyValueSpecification\",\"valueRequired\":true,\"valueName\":\"search_term_string\"}}],\"inLanguage\":\"en-US\"}]}<\/script>\n<!-- \/ Yoast SEO plugin. -->","yoast_head_json":{"title":"Alone in the Dark - Giochi Digitali PS4 e PS5","description":"L'horror psicologico incontra il gotico sudista in questa rivisitazione del classico gioco survival horror Alone in the Dark.","robots":{"index":"index","follow":"follow","max-snippet":"max-snippet:-1","max-image-preview":"max-image-preview:large","max-video-preview":"max-video-preview:-1"},"canonical":"https:\/\/www.psngiochi.space\/en\/product\/alone-in-the-dark\/","og_locale":"en_US","og_type":"article","og_title":"Alone in the Dark - Giochi Digitali PS4 e PS5","og_description":"L'horror psicologico incontra il gotico sudista in questa rivisitazione del classico gioco survival horror Alone in the Dark.","og_url":"https:\/\/www.psngiochi.space\/en\/product\/alone-in-the-dark\/","og_site_name":"Giochi Digitali PS4 e PS5","article_modified_time":"2026-04-16T06:10:21+00:00","og_image":[{"width":803,"height":1000,"url":"http:\/\/www.psngiochi.space\/wp-content\/uploads\/2023\/10\/alone-in-the-dark-psngiochispace-giochi-digitali-ps5-digital-games-ps5-cifrovye-igry-ps5.jpg","type":"image\/jpeg"}],"twitter_card":"summary_large_image","twitter_misc":{"Est. reading time":"2 minutes"},"schema":{"@context":"https:\/\/schema.org","@graph":[{"@type":"WebPage","@id":"https:\/\/www.psngiochi.space\/product\/alone-in-the-dark\/","url":"https:\/\/www.psngiochi.space\/product\/alone-in-the-dark\/","name":"Alone in the Dark - Giochi Digitali PS4 e PS5","isPartOf":{"@id":"https:\/\/www.psngiochi.space\/en\/#website"},"primaryImageOfPage":{"@id":"https:\/\/www.psngiochi.space\/product\/alone-in-the-dark\/#primaryimage"},"image":{"@id":"https:\/\/www.psngiochi.space\/product\/alone-in-the-dark\/#primaryimage"},"thumbnailUrl":"https:\/\/www.psngiochi.space\/wp-content\/uploads\/2023\/10\/alone-in-the-dark-psngiochispace-giochi-digitali-ps5-digital-games-ps5-cifrovye-igry-ps5.jpg","datePublished":"2023-10-26T14:01:45+00:00","dateModified":"2026-04-16T06:10:21+00:00","description":"L'horror psicologico incontra il gotico sudista in questa rivisitazione del classico gioco survival horror Alone in the Dark.","breadcrumb":{"@id":"https:\/\/www.psngiochi.space\/product\/alone-in-the-dark\/#breadcrumb"},"inLanguage":"en-US","potentialAction":[{"@type":"ReadAction","target":["https:\/\/www.psngiochi.space\/product\/alone-in-the-dark\/"]}]},{"@type":"ImageObject","inLanguage":"en-US","@id":"https:\/\/www.psngiochi.space\/product\/alone-in-the-dark\/#primaryimage","url":"https:\/\/www.psngiochi.space\/wp-content\/uploads\/2023\/10\/alone-in-the-dark-psngiochispace-giochi-digitali-ps5-digital-games-ps5-cifrovye-igry-ps5.jpg","contentUrl":"https:\/\/www.psngiochi.space\/wp-content\/uploads\/2023\/10\/alone-in-the-dark-psngiochispace-giochi-digitali-ps5-digital-games-ps5-cifrovye-igry-ps5.jpg","width":803,"height":1000},{"@type":"BreadcrumbList","@id":"https:\/\/www.psngiochi.space\/product\/alone-in-the-dark\/#breadcrumb","itemListElement":[{"@type":"ListItem","position":1,"name":"Home","item":"https:\/\/www.psngiochi.space\/en\/"},{"@type":"ListItem","position":2,"name":"Negozio","item":"https:\/\/www.psngiochi.space\/en\/negozio\/"},{"@type":"ListItem","position":3,"name":"Alone in the Dark"}]},{"@type":"WebSite","@id":"https:\/\/www.psngiochi.space\/en\/#website","url":"https:\/\/www.psngiochi.space\/en\/","name":"Giochi Digitali PS4 e PS5","description":"Noleggio di giochi, vendita di accounts","potentialAction":[{"@type":"SearchAction","target":{"@type":"EntryPoint","urlTemplate":"https:\/\/www.psngiochi.space\/en\/?s={search_term_string}"},"query-input":{"@type":"PropertyValueSpecification","valueRequired":true,"valueName":"search_term_string"}}],"inLanguage":"en-US"}]}},"_links":{"self":[{"href":"https:\/\/www.psngiochi.space\/en\/wp-json\/wp\/v2\/product\/12164","targetHints":{"allow":["GET"]}}],"collection":[{"href":"https:\/\/www.psngiochi.space\/en\/wp-json\/wp\/v2\/product"}],"about":[{"href":"https:\/\/www.psngiochi.space\/en\/wp-json\/wp\/v2\/types\/product"}],"replies":[{"embeddable":true,"href":"https:\/\/www.psngiochi.space\/en\/wp-json\/wp\/v2\/comments?post=12164"}],"wp:featuredmedia":[{"embeddable":true,"href":"https:\/\/www.psngiochi.space\/en\/wp-json\/wp\/v2\/media\/12165"}],"wp:attachment":[{"href":"https:\/\/www.psngiochi.space\/en\/wp-json\/wp\/v2\/media?parent=12164"}],"wp:term":[{"taxonomy":"product_cat","embeddable":true,"href":"https:\/\/www.psngiochi.space\/en\/wp-json\/wp\/v2\/product_cat?post=12164"},{"taxonomy":"product_tag","embeddable":true,"href":"https:\/\/www.psngiochi.space\/en\/wp-json\/wp\/v2\/product_tag?post=12164"}],"curies":[{"name":"wp","href":"https:\/\/api.w.org\/{rel}","templated":true}]}}