{"id":11992,"date":"2023-06-04T09:27:24","date_gmt":"2023-06-04T07:27:24","guid":{"rendered":"http:\/\/www.psngiochi.space\/?post_type=product&#038;p=11992"},"modified":"2026-04-29T13:22:34","modified_gmt":"2026-04-29T11:22:34","slug":"alan-wake-2","status":"publish","type":"product","link":"https:\/\/www.psngiochi.space\/en\/product\/alan-wake-2\/","title":{"rendered":"Alan Wake 2"},"content":{"rendered":"<p><span style=\"font-size: 14pt; color: #000000;\">Una scia di omicidi rituali minaccia la comunit\u00e0 di Bright Falls, una cittadina circondata dalla natura del nordovest del Pacifico. Saga Anderson, un'affermata agente dell'FBI nota per aver risolto casi impossibili, arriva sul luogo per investigare sugli omicidi. Il caso di Anderson si trasforma in un incubo quando scopre le pagine di una storia horror che comincia a prendere vita intorno a lei.<\/span><\/p>\n<p><span style=\"font-size: 14pt; color: #000000;\">Alan Wake, uno scrittore intrappolato in un incubo al di fuori del nostro mondo, scrive una storia oscura nel tentativo di manipolare la realt\u00e0 che lo circonda e scappare dalla sua prigionia. Con un oscuro orrore a dargli la caccia, Wake cerca di mantenere la sua sanit\u00e0 e sconfiggere il diavolo al suo stesso gioco.<\/span><\/p>\n<p><span style=\"font-size: 14pt; color: #000000;\">Anderson e Wake sono due eroi che affrontano due viaggi disperati in due realt\u00e0 separate, connessi in un modo che nessuno di loro riesce a comprendere: si riflettono e si fanno eco tra loro influenzando i mondi che li circondano.<\/span><\/p>\n<p><span style=\"font-size: 14pt; color: #000000;\">Traendo energia dalla storia horror, l'oscurit\u00e0 sovrannaturale invade Bright Falls, corrompendo gli abitanti e minacciando i cari di Anderson e Wake. La luce \u00e8 la loro arma, e il loro rifugio sicuro, contro l'oscurit\u00e0 dilagante. Intrappolati in una sinistra storia horror dove ci sono solo vittime e mostri, riusciranno a diventare gli eroi che devono essere?<\/span><\/p>\n<p><span style=\"font-size: 14pt; color: #000000;\">Risolvi un terribile mistero<\/span><br \/>\n<span style=\"font-size: 14pt; color: #000000;\">Quella che sembra una semplice indagine per omicidio in una cittadina si trasforma presto in un incubo. Scopri da dove proviene l'oscurit\u00e0 sovrannaturale in questa storia horror psicologica ricca di suspense e colpi di scena inaspettati.<\/span><\/p>\n<p><span style=\"font-size: 14pt; color: #000000;\">Vesti i panni di due personaggi<\/span><br \/>\n<span style=\"font-size: 14pt; color: #000000;\">Scopri le storie di Alan Wake e di Saga Anderson e assisti allo svolgersi degli eventi da due prospettive diverse. Alterna tra la corsa per la sopravvivenza di Anderson per risolvere il caso e il disperato tentativo di Wake di riscrivere la realt\u00e0 per scappare dalle profondit\u00e0 del Luogo buio.<\/span><\/p>\n<p><span style=\"font-size: 14pt; color: #000000;\">Esplora due mondi<\/span><br \/>\n<span style=\"font-size: 14pt; color: #000000;\">Scopri due mondi meravigliosi ma terrificanti, ognuno popolato da diversi personaggi e da minacce mortali. Scopri i magnifici panorami di Cauldron Lake nel nordovest del Pacifico e le suggestive cittadine di Bright Falls e Watery. Dall'altro lato, cerca di fuggire dal paesaggio urbano da incubo del Luogo buio.<\/span><\/p>\n<p><span style=\"font-size: 14pt; color: #000000;\">La luce ti salver\u00e0<\/span><br \/>\n<span style=\"font-size: 14pt; color: #000000;\">Con risorse limitate, affronta potenti nemici sovrannaturali in disperati combattimenti ravvicinati. Servir\u00e0 pi\u00f9 di una pistola per sopravvivere: la luce \u00e8 l'arma definitiva nella battaglia contro l'oscurit\u00e0 e sar\u00e0 il tuo rifugio quando ti troverai in pericolo.<\/span><\/p>","protected":false},"excerpt":{"rendered":"<h5 class=\"provider-info__text\"><span class=\"provider-info__list-item\">Uscita: 27\/10\/2023<\/span><span class=\"provider-info__list-item\"> | EPIC GAMES <\/span><span class=\"provider-info__list-item\">| PS5<\/span><\/h5>\n<h3><span style=\"font-family: georgia, palatino, serif;\"><span style=\"color: #df1d1d;\">\u23f0 Noleggio per 10 giorni:<\/span><\/span><span style=\"color: #df1d1d;\">\u00a0<span style=\"font-size: 10pt; color: #333333;\">p<\/span><\/span><span style=\"font-family: georgia, palatino, serif; font-size: 10pt; color: #333333;\">ossibilita di giocare dal vostro account personale o sull account fornito (primario o secondario).<\/span><\/h3>\n<h3><span style=\"font-size: 10pt; color: #333333;\">Game for rent is one of the cheapest and most convenient ways to get a game.\u00a0<\/span><span style=\"font-size: 10pt; color: #333333;\">You can also extend the period if you have not finished the game.<\/span><\/h3>","protected":false},"featured_media":11993,"comment_status":"open","ping_status":"closed","template":"","meta":[],"product_cat":[142],"product_tag":[101],"class_list":{"0":"post-11992","1":"product","2":"type-product","3":"status-publish","4":"has-post-thumbnail","6":"product_cat-giochi-ps5-in-noleggio","7":"product_tag-horror","9":"first","10":"outofstock","11":"sale","12":"downloadable","13":"virtual","14":"purchasable","15":"product-type-simple"},"yoast_head":"<!-- This site is optimized with the Yoast SEO plugin v23.9 - https:\/\/yoast.com\/wordpress\/plugins\/seo\/ -->\n<title>Alan Wake 2 - Giochi Digitali PS4 e PS5<\/title>\n<meta name=\"description\" content=\"Alan Wake, uno scrittore intrappolato in un incubo al di fuori del nostro mondo, scrive una storia oscura nel tentativo di manipolare la realt\u00e0 che lo circonda e scappare dalla sua prigionia.\" \/>\n<meta name=\"robots\" content=\"index, follow, max-snippet:-1, max-image-preview:large, max-video-preview:-1\" \/>\n<link rel=\"canonical\" href=\"https:\/\/www.psngiochi.space\/en\/product\/alan-wake-2\/\" \/>\n<meta property=\"og:locale\" content=\"en_US\" \/>\n<meta property=\"og:type\" content=\"article\" \/>\n<meta property=\"og:title\" content=\"Alan Wake 2 - Giochi Digitali PS4 e PS5\" \/>\n<meta property=\"og:description\" content=\"Alan Wake, uno scrittore intrappolato in un incubo al di fuori del nostro mondo, scrive una storia oscura nel tentativo di manipolare la realt\u00e0 che lo circonda e scappare dalla sua prigionia.\" \/>\n<meta property=\"og:url\" content=\"https:\/\/www.psngiochi.space\/en\/product\/alan-wake-2\/\" \/>\n<meta property=\"og:site_name\" content=\"Giochi Digitali PS4 e PS5\" \/>\n<meta property=\"article:modified_time\" content=\"2026-04-29T11:22:34+00:00\" \/>\n<meta property=\"og:image\" content=\"http:\/\/www.psngiochi.space\/wp-content\/uploads\/2023\/06\/alan-wake-2-psngiochispace-giochi-digitali-ps5-digital-games-ps5-cifrovye-igry-ps5.jpg\" \/>\n\t<meta property=\"og:image:width\" content=\"803\" \/>\n\t<meta property=\"og:image:height\" content=\"1000\" \/>\n\t<meta property=\"og:image:type\" content=\"image\/jpeg\" \/>\n<meta name=\"twitter:card\" content=\"summary_large_image\" \/>\n<meta name=\"twitter:label1\" content=\"Est. reading time\" \/>\n\t<meta name=\"twitter:data1\" content=\"3 minutes\" \/>\n<script type=\"application\/ld+json\" class=\"yoast-schema-graph\">{\"@context\":\"https:\/\/schema.org\",\"@graph\":[{\"@type\":\"WebPage\",\"@id\":\"https:\/\/www.psngiochi.space\/product\/alan-wake-2\/\",\"url\":\"https:\/\/www.psngiochi.space\/product\/alan-wake-2\/\",\"name\":\"Alan Wake 2 - Giochi Digitali PS4 e PS5\",\"isPartOf\":{\"@id\":\"https:\/\/www.psngiochi.space\/en\/#website\"},\"primaryImageOfPage\":{\"@id\":\"https:\/\/www.psngiochi.space\/product\/alan-wake-2\/#primaryimage\"},\"image\":{\"@id\":\"https:\/\/www.psngiochi.space\/product\/alan-wake-2\/#primaryimage\"},\"thumbnailUrl\":\"https:\/\/www.psngiochi.space\/wp-content\/uploads\/2023\/06\/alan-wake-2-psngiochispace-giochi-digitali-ps5-digital-games-ps5-cifrovye-igry-ps5.jpg\",\"datePublished\":\"2023-06-04T07:27:24+00:00\",\"dateModified\":\"2026-04-29T11:22:34+00:00\",\"description\":\"Alan Wake, uno scrittore intrappolato in un incubo al di fuori del nostro mondo, scrive una storia oscura nel tentativo di manipolare la realt\u00e0 che lo circonda e scappare dalla sua prigionia.\",\"breadcrumb\":{\"@id\":\"https:\/\/www.psngiochi.space\/product\/alan-wake-2\/#breadcrumb\"},\"inLanguage\":\"en-US\",\"potentialAction\":[{\"@type\":\"ReadAction\",\"target\":[\"https:\/\/www.psngiochi.space\/product\/alan-wake-2\/\"]}]},{\"@type\":\"ImageObject\",\"inLanguage\":\"en-US\",\"@id\":\"https:\/\/www.psngiochi.space\/product\/alan-wake-2\/#primaryimage\",\"url\":\"https:\/\/www.psngiochi.space\/wp-content\/uploads\/2023\/06\/alan-wake-2-psngiochispace-giochi-digitali-ps5-digital-games-ps5-cifrovye-igry-ps5.jpg\",\"contentUrl\":\"https:\/\/www.psngiochi.space\/wp-content\/uploads\/2023\/06\/alan-wake-2-psngiochispace-giochi-digitali-ps5-digital-games-ps5-cifrovye-igry-ps5.jpg\",\"width\":803,\"height\":1000},{\"@type\":\"BreadcrumbList\",\"@id\":\"https:\/\/www.psngiochi.space\/product\/alan-wake-2\/#breadcrumb\",\"itemListElement\":[{\"@type\":\"ListItem\",\"position\":1,\"name\":\"Home\",\"item\":\"https:\/\/www.psngiochi.space\/en\/\"},{\"@type\":\"ListItem\",\"position\":2,\"name\":\"Negozio\",\"item\":\"https:\/\/www.psngiochi.space\/en\/negozio\/\"},{\"@type\":\"ListItem\",\"position\":3,\"name\":\"Alan Wake 2\"}]},{\"@type\":\"WebSite\",\"@id\":\"https:\/\/www.psngiochi.space\/en\/#website\",\"url\":\"https:\/\/www.psngiochi.space\/en\/\",\"name\":\"Giochi Digitali PS4 e PS5\",\"description\":\"Noleggio di giochi, vendita di accounts\",\"potentialAction\":[{\"@type\":\"SearchAction\",\"target\":{\"@type\":\"EntryPoint\",\"urlTemplate\":\"https:\/\/www.psngiochi.space\/en\/?s={search_term_string}\"},\"query-input\":{\"@type\":\"PropertyValueSpecification\",\"valueRequired\":true,\"valueName\":\"search_term_string\"}}],\"inLanguage\":\"en-US\"}]}<\/script>\n<!-- \/ Yoast SEO plugin. -->","yoast_head_json":{"title":"Alan Wake 2 - Giochi Digitali PS4 e PS5","description":"Alan Wake, uno scrittore intrappolato in un incubo al di fuori del nostro mondo, scrive una storia oscura nel tentativo di manipolare la realt\u00e0 che lo circonda e scappare dalla sua prigionia.","robots":{"index":"index","follow":"follow","max-snippet":"max-snippet:-1","max-image-preview":"max-image-preview:large","max-video-preview":"max-video-preview:-1"},"canonical":"https:\/\/www.psngiochi.space\/en\/product\/alan-wake-2\/","og_locale":"en_US","og_type":"article","og_title":"Alan Wake 2 - Giochi Digitali PS4 e PS5","og_description":"Alan Wake, uno scrittore intrappolato in un incubo al di fuori del nostro mondo, scrive una storia oscura nel tentativo di manipolare la realt\u00e0 che lo circonda e scappare dalla sua prigionia.","og_url":"https:\/\/www.psngiochi.space\/en\/product\/alan-wake-2\/","og_site_name":"Giochi Digitali PS4 e PS5","article_modified_time":"2026-04-29T11:22:34+00:00","og_image":[{"width":803,"height":1000,"url":"http:\/\/www.psngiochi.space\/wp-content\/uploads\/2023\/06\/alan-wake-2-psngiochispace-giochi-digitali-ps5-digital-games-ps5-cifrovye-igry-ps5.jpg","type":"image\/jpeg"}],"twitter_card":"summary_large_image","twitter_misc":{"Est. reading time":"3 minutes"},"schema":{"@context":"https:\/\/schema.org","@graph":[{"@type":"WebPage","@id":"https:\/\/www.psngiochi.space\/product\/alan-wake-2\/","url":"https:\/\/www.psngiochi.space\/product\/alan-wake-2\/","name":"Alan Wake 2 - Giochi Digitali PS4 e PS5","isPartOf":{"@id":"https:\/\/www.psngiochi.space\/en\/#website"},"primaryImageOfPage":{"@id":"https:\/\/www.psngiochi.space\/product\/alan-wake-2\/#primaryimage"},"image":{"@id":"https:\/\/www.psngiochi.space\/product\/alan-wake-2\/#primaryimage"},"thumbnailUrl":"https:\/\/www.psngiochi.space\/wp-content\/uploads\/2023\/06\/alan-wake-2-psngiochispace-giochi-digitali-ps5-digital-games-ps5-cifrovye-igry-ps5.jpg","datePublished":"2023-06-04T07:27:24+00:00","dateModified":"2026-04-29T11:22:34+00:00","description":"Alan Wake, uno scrittore intrappolato in un incubo al di fuori del nostro mondo, scrive una storia oscura nel tentativo di manipolare la realt\u00e0 che lo circonda e scappare dalla sua prigionia.","breadcrumb":{"@id":"https:\/\/www.psngiochi.space\/product\/alan-wake-2\/#breadcrumb"},"inLanguage":"en-US","potentialAction":[{"@type":"ReadAction","target":["https:\/\/www.psngiochi.space\/product\/alan-wake-2\/"]}]},{"@type":"ImageObject","inLanguage":"en-US","@id":"https:\/\/www.psngiochi.space\/product\/alan-wake-2\/#primaryimage","url":"https:\/\/www.psngiochi.space\/wp-content\/uploads\/2023\/06\/alan-wake-2-psngiochispace-giochi-digitali-ps5-digital-games-ps5-cifrovye-igry-ps5.jpg","contentUrl":"https:\/\/www.psngiochi.space\/wp-content\/uploads\/2023\/06\/alan-wake-2-psngiochispace-giochi-digitali-ps5-digital-games-ps5-cifrovye-igry-ps5.jpg","width":803,"height":1000},{"@type":"BreadcrumbList","@id":"https:\/\/www.psngiochi.space\/product\/alan-wake-2\/#breadcrumb","itemListElement":[{"@type":"ListItem","position":1,"name":"Home","item":"https:\/\/www.psngiochi.space\/en\/"},{"@type":"ListItem","position":2,"name":"Negozio","item":"https:\/\/www.psngiochi.space\/en\/negozio\/"},{"@type":"ListItem","position":3,"name":"Alan Wake 2"}]},{"@type":"WebSite","@id":"https:\/\/www.psngiochi.space\/en\/#website","url":"https:\/\/www.psngiochi.space\/en\/","name":"Giochi Digitali PS4 e PS5","description":"Noleggio di giochi, vendita di accounts","potentialAction":[{"@type":"SearchAction","target":{"@type":"EntryPoint","urlTemplate":"https:\/\/www.psngiochi.space\/en\/?s={search_term_string}"},"query-input":{"@type":"PropertyValueSpecification","valueRequired":true,"valueName":"search_term_string"}}],"inLanguage":"en-US"}]}},"_links":{"self":[{"href":"https:\/\/www.psngiochi.space\/en\/wp-json\/wp\/v2\/product\/11992","targetHints":{"allow":["GET"]}}],"collection":[{"href":"https:\/\/www.psngiochi.space\/en\/wp-json\/wp\/v2\/product"}],"about":[{"href":"https:\/\/www.psngiochi.space\/en\/wp-json\/wp\/v2\/types\/product"}],"replies":[{"embeddable":true,"href":"https:\/\/www.psngiochi.space\/en\/wp-json\/wp\/v2\/comments?post=11992"}],"wp:featuredmedia":[{"embeddable":true,"href":"https:\/\/www.psngiochi.space\/en\/wp-json\/wp\/v2\/media\/11993"}],"wp:attachment":[{"href":"https:\/\/www.psngiochi.space\/en\/wp-json\/wp\/v2\/media?parent=11992"}],"wp:term":[{"taxonomy":"product_cat","embeddable":true,"href":"https:\/\/www.psngiochi.space\/en\/wp-json\/wp\/v2\/product_cat?post=11992"},{"taxonomy":"product_tag","embeddable":true,"href":"https:\/\/www.psngiochi.space\/en\/wp-json\/wp\/v2\/product_tag?post=11992"}],"curies":[{"name":"wp","href":"https:\/\/api.w.org\/{rel}","templated":true}]}}