{"id":11866,"date":"2023-03-23T16:54:48","date_gmt":"2023-03-23T15:54:48","guid":{"rendered":"http:\/\/www.psngiochi.space\/?post_type=product&#038;p=11866"},"modified":"2024-01-23T21:56:55","modified_gmt":"2024-01-23T20:56:55","slug":"horizon-forbidden-west-burning-shores","status":"publish","type":"product","link":"https:\/\/www.psngiochi.space\/en\/product\/horizon-forbidden-west-burning-shores\/","title":{"rendered":"Horizon Forbidden West: Burning Shores"},"content":{"rendered":"<p><span style=\"font-size: 14pt; color: #000000;\">A sud delle terre dei Tenakth, un millennio di eruzioni vulcaniche e di violenta attivit\u00e0 sismica ha scavato le rovine di Los Angeles, rendendole un pericoloso arcipelago.<\/span><br \/>\n<span style=\"font-size: 14pt; color: #000000;\">Vivi il prossimo capitolo di Horizon Forbidden West, in cui Aloy affronta una nuova e sinistra minaccia al pianeta che si cela tra queste pericolose e indomite terre selvagge.<\/span><\/p>\n<p><span style=\"font-size: 14pt; color: #000000;\">The Burning Shores offre contenuti aggiuntivi per Horizon Forbidden West, tra cui storie, personaggi ed esperienze tutti nuovi in un'area inedita, tanto meravigliosa quanto letale.<\/span><\/p>\n<p><span style=\"font-size: 14pt; color: #000000;\">- Viaggia al di l\u00e0 dell'Ovest Proibito e prosegui le vicende di Aloy.<\/span><br \/>\n<span style=\"font-size: 14pt; color: #000000;\">- Incontra nuove Macchine e vivi una nuova avvincente storia.<\/span><\/p>\n<p><span style=\"font-size: 14pt; color: #000000;\">Per accedere alle Rive Ardenti devi completare la missione principale (fino a Singolarit\u00e0, missione inclusa) nella versione per PS5 di Horizon Forbidden West. Dopo la missione principale, il giocatore ricever\u00e0 una chiamata sul Focus di Aloy, che dar\u00e0 il via al DLC.<\/span><\/p>","protected":false},"excerpt":{"rendered":"<h5 class=\"provider-info__text\"><span class=\"provider-info__list-item\">Uscita: 19\/4\/2023<\/span><span class=\"provider-info__list-item\"> | Sony Interactive Entertainment Europe <\/span><span class=\"provider-info__list-item\">| PS5<\/span><\/h5>\n<h3><span style=\"font-family: georgia, palatino, serif;\"><span style=\"color: #df1d1d;\">\u23f0 Noleggio:<\/span><\/span><span style=\"color: #df1d1d;\">\u00a0<span style=\"font-size: 10pt; color: #333333;\">p<\/span><\/span><span style=\"font-family: georgia, palatino, serif; font-size: 10pt; color: #333333;\">ossibilita di giocare dal vostro account personale o sull account fornito (primario o secondario).<\/span><\/h3>\n<h3><span style=\"font-size: 10pt; color: #333333;\">Game for rent is one of the cheapest and most convenient ways to get a game.\u00a0<\/span><span style=\"font-size: 10pt; color: #333333;\">You can also extend the period if you have not finished the game.<\/span><\/h3>\n<h3><span style=\"font-family: georgia, palatino, serif;\"><span style=\"color: #df1d1d;\">\u26a0 Nota:<\/span><\/span><span style=\"color: #df1d1d;\">\u00a0<\/span><span style=\"font-family: georgia, palatino, serif; font-size: 10pt; color: #333333;\">questo <a href=\"http:\/\/www.psngiochi.space\/en\/product-category\/dlc\/\">Contenuto Aggiuntivo<\/a> va come un bonus per l'account con il gioco <a href=\"http:\/\/www.psngiochi.space\/en\/prodotto\/horizon-forbidden-west\/\">Horizon Forbidden West<\/a><\/span><\/h3>\n<h3><span style=\"font-family: georgia, palatino, serif;\"><span style=\"color: #df1d1d;\">\ud83d\udd17 <\/span><\/span><span style=\"font-family: georgia, palatino, serif; font-size: 10pt; color: #333333;\">segui <a href=\"http:\/\/www.psngiochi.space\/en\/prodotto\/horizon-forbidden-west\/\">il link<\/a> per visualizzare<\/span><\/h3>","protected":false},"featured_media":11867,"comment_status":"open","ping_status":"closed","template":"","meta":[],"product_cat":[145,142],"product_tag":[75],"class_list":{"0":"post-11866","1":"product","2":"type-product","3":"status-publish","4":"has-post-thumbnail","6":"product_cat-dlc","7":"product_cat-giochi-ps5-in-noleggio","8":"product_tag-azione","10":"first","11":"outofstock","12":"downloadable","13":"virtual","14":"product-type-simple"},"yoast_head":"<!-- This site is optimized with the Yoast SEO plugin v23.9 - https:\/\/yoast.com\/wordpress\/plugins\/seo\/ -->\n<title>Horizon Forbidden West: Burning Shores - Giochi Digitali PS4 e PS5<\/title>\n<meta name=\"description\" content=\"Vivi il prossimo capitolo di Horizon Forbidden West, in cui Aloy affronta una nuova e sinistra minaccia al pianeta che si cela tra queste pericolose e indomite terre selvagge.\" \/>\n<meta name=\"robots\" content=\"index, follow, max-snippet:-1, max-image-preview:large, max-video-preview:-1\" \/>\n<link rel=\"canonical\" href=\"https:\/\/www.psngiochi.space\/en\/product\/horizon-forbidden-west-burning-shores\/\" \/>\n<meta property=\"og:locale\" content=\"en_US\" \/>\n<meta property=\"og:type\" content=\"article\" \/>\n<meta property=\"og:title\" content=\"Horizon Forbidden West: Burning Shores - Giochi Digitali PS4 e PS5\" \/>\n<meta property=\"og:description\" content=\"Vivi il prossimo capitolo di Horizon Forbidden West, in cui Aloy affronta una nuova e sinistra minaccia al pianeta che si cela tra queste pericolose e indomite terre selvagge.\" \/>\n<meta property=\"og:url\" content=\"https:\/\/www.psngiochi.space\/en\/product\/horizon-forbidden-west-burning-shores\/\" \/>\n<meta property=\"og:site_name\" content=\"Giochi Digitali PS4 e PS5\" \/>\n<meta property=\"article:modified_time\" content=\"2024-01-23T20:56:55+00:00\" \/>\n<meta property=\"og:image\" content=\"https:\/\/www.psngiochi.space\/wp-content\/uploads\/2023\/03\/horizon-forbidden-west-burning-shores-psngiochispace-giochi-digitali-ps5-digital-games-ps5-cifrovye-igry-ps5.jpg\" \/>\n\t<meta property=\"og:image:width\" content=\"803\" \/>\n\t<meta property=\"og:image:height\" content=\"1000\" \/>\n\t<meta property=\"og:image:type\" content=\"image\/jpeg\" \/>\n<meta name=\"twitter:card\" content=\"summary_large_image\" \/>\n<meta name=\"twitter:label1\" content=\"Est. reading time\" \/>\n\t<meta name=\"twitter:data1\" content=\"1 minute\" \/>\n<script type=\"application\/ld+json\" class=\"yoast-schema-graph\">{\"@context\":\"https:\/\/schema.org\",\"@graph\":[{\"@type\":\"WebPage\",\"@id\":\"https:\/\/www.psngiochi.space\/it\/product\/horizon-forbidden-west-burning-shores\/\",\"url\":\"https:\/\/www.psngiochi.space\/it\/product\/horizon-forbidden-west-burning-shores\/\",\"name\":\"Horizon Forbidden West: Burning Shores - Giochi Digitali PS4 e PS5\",\"isPartOf\":{\"@id\":\"https:\/\/www.psngiochi.space\/en\/#website\"},\"primaryImageOfPage\":{\"@id\":\"https:\/\/www.psngiochi.space\/it\/product\/horizon-forbidden-west-burning-shores\/#primaryimage\"},\"image\":{\"@id\":\"https:\/\/www.psngiochi.space\/it\/product\/horizon-forbidden-west-burning-shores\/#primaryimage\"},\"thumbnailUrl\":\"https:\/\/www.psngiochi.space\/wp-content\/uploads\/2023\/03\/horizon-forbidden-west-burning-shores-psngiochispace-giochi-digitali-ps5-digital-games-ps5-cifrovye-igry-ps5.jpg\",\"datePublished\":\"2023-03-23T15:54:48+00:00\",\"dateModified\":\"2024-01-23T20:56:55+00:00\",\"description\":\"Vivi il prossimo capitolo di Horizon Forbidden West, in cui Aloy affronta una nuova e sinistra minaccia al pianeta che si cela tra queste pericolose e indomite terre selvagge.\",\"breadcrumb\":{\"@id\":\"https:\/\/www.psngiochi.space\/it\/product\/horizon-forbidden-west-burning-shores\/#breadcrumb\"},\"inLanguage\":\"en-US\",\"potentialAction\":[{\"@type\":\"ReadAction\",\"target\":[\"https:\/\/www.psngiochi.space\/it\/product\/horizon-forbidden-west-burning-shores\/\"]}]},{\"@type\":\"ImageObject\",\"inLanguage\":\"en-US\",\"@id\":\"https:\/\/www.psngiochi.space\/it\/product\/horizon-forbidden-west-burning-shores\/#primaryimage\",\"url\":\"https:\/\/www.psngiochi.space\/wp-content\/uploads\/2023\/03\/horizon-forbidden-west-burning-shores-psngiochispace-giochi-digitali-ps5-digital-games-ps5-cifrovye-igry-ps5.jpg\",\"contentUrl\":\"https:\/\/www.psngiochi.space\/wp-content\/uploads\/2023\/03\/horizon-forbidden-west-burning-shores-psngiochispace-giochi-digitali-ps5-digital-games-ps5-cifrovye-igry-ps5.jpg\",\"width\":803,\"height\":1000},{\"@type\":\"BreadcrumbList\",\"@id\":\"https:\/\/www.psngiochi.space\/it\/product\/horizon-forbidden-west-burning-shores\/#breadcrumb\",\"itemListElement\":[{\"@type\":\"ListItem\",\"position\":1,\"name\":\"Home\",\"item\":\"https:\/\/www.psngiochi.space\/en\/\"},{\"@type\":\"ListItem\",\"position\":2,\"name\":\"Negozio\",\"item\":\"https:\/\/www.psngiochi.space\/en\/negozio\/\"},{\"@type\":\"ListItem\",\"position\":3,\"name\":\"Horizon Forbidden West: Burning Shores\"}]},{\"@type\":\"WebSite\",\"@id\":\"https:\/\/www.psngiochi.space\/en\/#website\",\"url\":\"https:\/\/www.psngiochi.space\/en\/\",\"name\":\"Giochi Digitali PS4 e PS5\",\"description\":\"Noleggio di giochi, vendita di accounts\",\"potentialAction\":[{\"@type\":\"SearchAction\",\"target\":{\"@type\":\"EntryPoint\",\"urlTemplate\":\"https:\/\/www.psngiochi.space\/en\/?s={search_term_string}\"},\"query-input\":{\"@type\":\"PropertyValueSpecification\",\"valueRequired\":true,\"valueName\":\"search_term_string\"}}],\"inLanguage\":\"en-US\"}]}<\/script>\n<!-- \/ Yoast SEO plugin. -->","yoast_head_json":{"title":"Horizon Forbidden West: Burning Shores - Giochi Digitali PS4 e PS5","description":"Vivi il prossimo capitolo di Horizon Forbidden West, in cui Aloy affronta una nuova e sinistra minaccia al pianeta che si cela tra queste pericolose e indomite terre selvagge.","robots":{"index":"index","follow":"follow","max-snippet":"max-snippet:-1","max-image-preview":"max-image-preview:large","max-video-preview":"max-video-preview:-1"},"canonical":"https:\/\/www.psngiochi.space\/en\/product\/horizon-forbidden-west-burning-shores\/","og_locale":"en_US","og_type":"article","og_title":"Horizon Forbidden West: Burning Shores - Giochi Digitali PS4 e PS5","og_description":"Vivi il prossimo capitolo di Horizon Forbidden West, in cui Aloy affronta una nuova e sinistra minaccia al pianeta che si cela tra queste pericolose e indomite terre selvagge.","og_url":"https:\/\/www.psngiochi.space\/en\/product\/horizon-forbidden-west-burning-shores\/","og_site_name":"Giochi Digitali PS4 e PS5","article_modified_time":"2024-01-23T20:56:55+00:00","og_image":[{"width":803,"height":1000,"url":"https:\/\/www.psngiochi.space\/wp-content\/uploads\/2023\/03\/horizon-forbidden-west-burning-shores-psngiochispace-giochi-digitali-ps5-digital-games-ps5-cifrovye-igry-ps5.jpg","type":"image\/jpeg"}],"twitter_card":"summary_large_image","twitter_misc":{"Est. reading time":"1 minute"},"schema":{"@context":"https:\/\/schema.org","@graph":[{"@type":"WebPage","@id":"https:\/\/www.psngiochi.space\/it\/product\/horizon-forbidden-west-burning-shores\/","url":"https:\/\/www.psngiochi.space\/it\/product\/horizon-forbidden-west-burning-shores\/","name":"Horizon Forbidden West: Burning Shores - Giochi Digitali PS4 e PS5","isPartOf":{"@id":"https:\/\/www.psngiochi.space\/en\/#website"},"primaryImageOfPage":{"@id":"https:\/\/www.psngiochi.space\/it\/product\/horizon-forbidden-west-burning-shores\/#primaryimage"},"image":{"@id":"https:\/\/www.psngiochi.space\/it\/product\/horizon-forbidden-west-burning-shores\/#primaryimage"},"thumbnailUrl":"https:\/\/www.psngiochi.space\/wp-content\/uploads\/2023\/03\/horizon-forbidden-west-burning-shores-psngiochispace-giochi-digitali-ps5-digital-games-ps5-cifrovye-igry-ps5.jpg","datePublished":"2023-03-23T15:54:48+00:00","dateModified":"2024-01-23T20:56:55+00:00","description":"Vivi il prossimo capitolo di Horizon Forbidden West, in cui Aloy affronta una nuova e sinistra minaccia al pianeta che si cela tra queste pericolose e indomite terre selvagge.","breadcrumb":{"@id":"https:\/\/www.psngiochi.space\/it\/product\/horizon-forbidden-west-burning-shores\/#breadcrumb"},"inLanguage":"en-US","potentialAction":[{"@type":"ReadAction","target":["https:\/\/www.psngiochi.space\/it\/product\/horizon-forbidden-west-burning-shores\/"]}]},{"@type":"ImageObject","inLanguage":"en-US","@id":"https:\/\/www.psngiochi.space\/it\/product\/horizon-forbidden-west-burning-shores\/#primaryimage","url":"https:\/\/www.psngiochi.space\/wp-content\/uploads\/2023\/03\/horizon-forbidden-west-burning-shores-psngiochispace-giochi-digitali-ps5-digital-games-ps5-cifrovye-igry-ps5.jpg","contentUrl":"https:\/\/www.psngiochi.space\/wp-content\/uploads\/2023\/03\/horizon-forbidden-west-burning-shores-psngiochispace-giochi-digitali-ps5-digital-games-ps5-cifrovye-igry-ps5.jpg","width":803,"height":1000},{"@type":"BreadcrumbList","@id":"https:\/\/www.psngiochi.space\/it\/product\/horizon-forbidden-west-burning-shores\/#breadcrumb","itemListElement":[{"@type":"ListItem","position":1,"name":"Home","item":"https:\/\/www.psngiochi.space\/en\/"},{"@type":"ListItem","position":2,"name":"Negozio","item":"https:\/\/www.psngiochi.space\/en\/negozio\/"},{"@type":"ListItem","position":3,"name":"Horizon Forbidden West: Burning Shores"}]},{"@type":"WebSite","@id":"https:\/\/www.psngiochi.space\/en\/#website","url":"https:\/\/www.psngiochi.space\/en\/","name":"Giochi Digitali PS4 e PS5","description":"Noleggio di giochi, vendita di accounts","potentialAction":[{"@type":"SearchAction","target":{"@type":"EntryPoint","urlTemplate":"https:\/\/www.psngiochi.space\/en\/?s={search_term_string}"},"query-input":{"@type":"PropertyValueSpecification","valueRequired":true,"valueName":"search_term_string"}}],"inLanguage":"en-US"}]}},"_links":{"self":[{"href":"https:\/\/www.psngiochi.space\/en\/wp-json\/wp\/v2\/product\/11866","targetHints":{"allow":["GET"]}}],"collection":[{"href":"https:\/\/www.psngiochi.space\/en\/wp-json\/wp\/v2\/product"}],"about":[{"href":"https:\/\/www.psngiochi.space\/en\/wp-json\/wp\/v2\/types\/product"}],"replies":[{"embeddable":true,"href":"https:\/\/www.psngiochi.space\/en\/wp-json\/wp\/v2\/comments?post=11866"}],"wp:featuredmedia":[{"embeddable":true,"href":"https:\/\/www.psngiochi.space\/en\/wp-json\/wp\/v2\/media\/11867"}],"wp:attachment":[{"href":"https:\/\/www.psngiochi.space\/en\/wp-json\/wp\/v2\/media?parent=11866"}],"wp:term":[{"taxonomy":"product_cat","embeddable":true,"href":"https:\/\/www.psngiochi.space\/en\/wp-json\/wp\/v2\/product_cat?post=11866"},{"taxonomy":"product_tag","embeddable":true,"href":"https:\/\/www.psngiochi.space\/en\/wp-json\/wp\/v2\/product_tag?post=11866"}],"curies":[{"name":"wp","href":"https:\/\/api.w.org\/{rel}","templated":true}]}}