{"id":11782,"date":"2023-02-14T16:36:00","date_gmt":"2023-02-14T15:36:00","guid":{"rendered":"http:\/\/www.psngiochi.space\/?post_type=product&#038;p=11782"},"modified":"2024-03-18T09:06:36","modified_gmt":"2024-03-18T08:06:36","slug":"lords-of-the-fallen","status":"publish","type":"product","link":"https:\/\/www.psngiochi.space\/en\/product\/lords-of-the-fallen\/","title":{"rendered":"Lords of the Fallen"},"content":{"rendered":"<p class=\"pdp__legal-notice\"><span style=\"font-size: 14pt; color: #000000;\">Molto tempo fa, il regno degli umani era governato da Adyr, un dio terribile e malvagio che rese schiava l'umanit\u00e0. Ma, nel tempo, la ribellione crebbe nel cuore degli umani. Guidati da tre potenti entit\u00e0, i Giudici, gli esseri umani insorsero e rovesciarono Adyr e il suo mostruoso esercito di Rhogar, cacciandoli in una dimensione remota. L'umanit\u00e0 era finalmente libera di decidere il proprio destino. Di dettare un nuovo ordine...<\/span><\/p>\n<p><span style=\"font-size: 14pt; color: #000000;\">Ora, millenni dopo, in una terra dove nessun peccato \u00e8 perdonato e la redenzione non esiste, Adyr minaccia di liberarsi dalla sua prigionia. Le sue legioni di Rhogar hanno invaso il regno degli umani per aprire la strada col sangue al ritorno del loro vendicativo padrone. Disperata e sotto assedio, l'umanit\u00e0 fa appello a un improbabile salvatore, un peccatore condannato rifiutato dalla societ\u00e0 e rinnegato dalla luce... un uomo noto come Harkyn. Marchiato con i tatuaggi della sua immoralit\u00e0, deve recarsi all'origine di questa oscurit\u00e0 e affrontare... i Lord del Caduto.<\/span><\/p>\n<p><span style=\"font-size: 14pt; color: #000000;\">Preparati a tuffarti in un oscuro GDR fantasy d'azione, ambientato in un mondo cupo sull'orlo dell'annientamento. Domina una magia potentissima. Padroneggia un sistema di combattimento corpo a corpo complesso e appagante. Cerca la redenzione attraverso il fuoco della battaglia... e combatti contro un dio.<\/span><\/p>\n<p><strong><span style=\"font-size: 14pt; color: #000000;\">Voce: <\/span><\/strong><span style=\"font-size: 14pt; color: #000000;\">inglese, francese (francia), tedesco<\/span><\/p>\n<p><strong><span style=\"font-size: 14pt; color: #000000;\">Lingue schermo: <\/span><\/strong><span style=\"font-size: 14pt; color: #000000;\">francese (francia), inglese, italiano, polacco, portoghese (portogallo), russo, spagnolo, tedesco<\/span><\/p>","protected":false},"excerpt":{"rendered":"<h5 class=\"provider-info__text\"><span class=\"provider-info__list-item\">Uscita: 28\/10\/2014<\/span><span class=\"provider-info__list-item\"> | CI GAMES S.A. <\/span><span class=\"provider-info__list-item\">| PS4<\/span><\/h5>\n<h3><span style=\"font-family: georgia, palatino, serif;\"><span style=\"color: #df1d1d;\">\u23f0 Noleggio:<\/span><\/span><span style=\"color: #df1d1d;\">\u00a0<span style=\"font-size: 10pt; color: #333333;\">p<\/span><\/span><span style=\"font-family: georgia, palatino, serif; font-size: 10pt; color: #333333;\">ossibilita di giocare dal vostro account personale o sull account fornito (primario o secondario).<\/span><\/h3>\n<h3><span style=\"font-size: 10pt; color: #333333;\">Game for rent is one of the cheapest and most convenient ways to get a game.\u00a0<\/span><span style=\"font-size: 10pt; color: #333333;\">You can also extend the period if you have not finished the game.<\/span><\/h3>\n<h3><span style=\"font-family: georgia, palatino, serif;\"><span style=\"color: #df1d1d;\">\u26a0 Nota:<\/span><\/span><span style=\"color: #df1d1d;\">\u00a0<\/span><span style=\"font-family: georgia, palatino, serif; font-size: 10pt; color: #333333;\">questo gioco va come un bonus per l'account con il gioco <a href=\"http:\/\/www.psngiochi.space\/en\/prodotto\/call-of-duty-modern-warfare-2\/\">Call of Duty: Modern Warfare II<\/a><\/span><\/h3>\n<h3><span style=\"font-family: georgia, palatino, serif;\"><span style=\"color: #df1d1d;\">\ud83d\udd17 <\/span><\/span><span style=\"font-family: georgia, palatino, serif; font-size: 10pt; color: #333333;\">segui <a href=\"http:\/\/www.psngiochi.space\/en\/prodotto\/call-of-duty-modern-warfare-2\/\">il link<\/a> per giocare a questo gioco<\/span><\/h3>","protected":false},"featured_media":11783,"comment_status":"open","ping_status":"closed","template":"","meta":[],"product_cat":[148,122],"product_tag":[75,80],"class_list":{"0":"post-11782","1":"product","2":"type-product","3":"status-publish","4":"has-post-thumbnail","6":"product_cat-altri-giochi-ps4","7":"product_cat-giochi-ps4-in-noleggio","8":"product_tag-azione","9":"product_tag-giochi-di-ruolo","11":"first","12":"outofstock","13":"downloadable","14":"virtual","15":"product-type-simple"},"yoast_head":"<!-- This site is optimized with the Yoast SEO plugin v23.9 - https:\/\/yoast.com\/wordpress\/plugins\/seo\/ -->\n<title>Lords of the Fallen - Giochi Digitali PS4 e PS5<\/title>\n<meta name=\"description\" content=\"Preparati a tuffarti in un oscuro GDR fantasy d&#039;azione, ambientato in un mondo cupo sull&#039;orlo dell&#039;annientamento.\" \/>\n<meta name=\"robots\" content=\"index, follow, max-snippet:-1, max-image-preview:large, max-video-preview:-1\" \/>\n<link rel=\"canonical\" href=\"https:\/\/www.psngiochi.space\/en\/product\/lords-of-the-fallen\/\" \/>\n<meta property=\"og:locale\" content=\"en_US\" \/>\n<meta property=\"og:type\" content=\"article\" \/>\n<meta property=\"og:title\" content=\"Lords of the Fallen - Giochi Digitali PS4 e PS5\" \/>\n<meta property=\"og:description\" content=\"Preparati a tuffarti in un oscuro GDR fantasy d&#039;azione, ambientato in un mondo cupo sull&#039;orlo dell&#039;annientamento.\" \/>\n<meta property=\"og:url\" content=\"https:\/\/www.psngiochi.space\/en\/product\/lords-of-the-fallen\/\" \/>\n<meta property=\"og:site_name\" content=\"Giochi Digitali PS4 e PS5\" \/>\n<meta property=\"article:modified_time\" content=\"2024-03-18T08:06:36+00:00\" \/>\n<meta property=\"og:image\" content=\"https:\/\/www.psngiochi.space\/wp-content\/uploads\/2023\/02\/lords-of-the-fallen-psngiochispace-giochi-digitali-ps4-digital-games-ps4-cifrovye-igry-ps4.jpg\" \/>\n\t<meta property=\"og:image:width\" content=\"803\" \/>\n\t<meta property=\"og:image:height\" content=\"1000\" \/>\n\t<meta property=\"og:image:type\" content=\"image\/jpeg\" \/>\n<meta name=\"twitter:card\" content=\"summary_large_image\" \/>\n<meta name=\"twitter:label1\" content=\"Est. reading time\" \/>\n\t<meta name=\"twitter:data1\" content=\"2 minutes\" \/>\n<script type=\"application\/ld+json\" class=\"yoast-schema-graph\">{\"@context\":\"https:\/\/schema.org\",\"@graph\":[{\"@type\":\"WebPage\",\"@id\":\"https:\/\/www.psngiochi.space\/it\/product\/lords-of-the-fallen\/\",\"url\":\"https:\/\/www.psngiochi.space\/it\/product\/lords-of-the-fallen\/\",\"name\":\"Lords of the Fallen - Giochi Digitali PS4 e PS5\",\"isPartOf\":{\"@id\":\"https:\/\/www.psngiochi.space\/en\/#website\"},\"primaryImageOfPage\":{\"@id\":\"https:\/\/www.psngiochi.space\/it\/product\/lords-of-the-fallen\/#primaryimage\"},\"image\":{\"@id\":\"https:\/\/www.psngiochi.space\/it\/product\/lords-of-the-fallen\/#primaryimage\"},\"thumbnailUrl\":\"https:\/\/www.psngiochi.space\/wp-content\/uploads\/2023\/02\/lords-of-the-fallen-psngiochispace-giochi-digitali-ps4-digital-games-ps4-cifrovye-igry-ps4.jpg\",\"datePublished\":\"2023-02-14T15:36:00+00:00\",\"dateModified\":\"2024-03-18T08:06:36+00:00\",\"description\":\"Preparati a tuffarti in un oscuro GDR fantasy d'azione, ambientato in un mondo cupo sull'orlo dell'annientamento.\",\"breadcrumb\":{\"@id\":\"https:\/\/www.psngiochi.space\/it\/product\/lords-of-the-fallen\/#breadcrumb\"},\"inLanguage\":\"en-US\",\"potentialAction\":[{\"@type\":\"ReadAction\",\"target\":[\"https:\/\/www.psngiochi.space\/it\/product\/lords-of-the-fallen\/\"]}]},{\"@type\":\"ImageObject\",\"inLanguage\":\"en-US\",\"@id\":\"https:\/\/www.psngiochi.space\/it\/product\/lords-of-the-fallen\/#primaryimage\",\"url\":\"https:\/\/www.psngiochi.space\/wp-content\/uploads\/2023\/02\/lords-of-the-fallen-psngiochispace-giochi-digitali-ps4-digital-games-ps4-cifrovye-igry-ps4.jpg\",\"contentUrl\":\"https:\/\/www.psngiochi.space\/wp-content\/uploads\/2023\/02\/lords-of-the-fallen-psngiochispace-giochi-digitali-ps4-digital-games-ps4-cifrovye-igry-ps4.jpg\",\"width\":803,\"height\":1000},{\"@type\":\"BreadcrumbList\",\"@id\":\"https:\/\/www.psngiochi.space\/it\/product\/lords-of-the-fallen\/#breadcrumb\",\"itemListElement\":[{\"@type\":\"ListItem\",\"position\":1,\"name\":\"Home\",\"item\":\"https:\/\/www.psngiochi.space\/en\/\"},{\"@type\":\"ListItem\",\"position\":2,\"name\":\"Negozio\",\"item\":\"https:\/\/www.psngiochi.space\/en\/negozio\/\"},{\"@type\":\"ListItem\",\"position\":3,\"name\":\"Lords of the Fallen\"}]},{\"@type\":\"WebSite\",\"@id\":\"https:\/\/www.psngiochi.space\/en\/#website\",\"url\":\"https:\/\/www.psngiochi.space\/en\/\",\"name\":\"Giochi Digitali PS4 e PS5\",\"description\":\"Noleggio di giochi, vendita di accounts\",\"potentialAction\":[{\"@type\":\"SearchAction\",\"target\":{\"@type\":\"EntryPoint\",\"urlTemplate\":\"https:\/\/www.psngiochi.space\/en\/?s={search_term_string}\"},\"query-input\":{\"@type\":\"PropertyValueSpecification\",\"valueRequired\":true,\"valueName\":\"search_term_string\"}}],\"inLanguage\":\"en-US\"}]}<\/script>\n<!-- \/ Yoast SEO plugin. -->","yoast_head_json":{"title":"Lords of the Fallen - Giochi Digitali PS4 e PS5","description":"Preparati a tuffarti in un oscuro GDR fantasy d'azione, ambientato in un mondo cupo sull'orlo dell'annientamento.","robots":{"index":"index","follow":"follow","max-snippet":"max-snippet:-1","max-image-preview":"max-image-preview:large","max-video-preview":"max-video-preview:-1"},"canonical":"https:\/\/www.psngiochi.space\/en\/product\/lords-of-the-fallen\/","og_locale":"en_US","og_type":"article","og_title":"Lords of the Fallen - Giochi Digitali PS4 e PS5","og_description":"Preparati a tuffarti in un oscuro GDR fantasy d'azione, ambientato in un mondo cupo sull'orlo dell'annientamento.","og_url":"https:\/\/www.psngiochi.space\/en\/product\/lords-of-the-fallen\/","og_site_name":"Giochi Digitali PS4 e PS5","article_modified_time":"2024-03-18T08:06:36+00:00","og_image":[{"width":803,"height":1000,"url":"https:\/\/www.psngiochi.space\/wp-content\/uploads\/2023\/02\/lords-of-the-fallen-psngiochispace-giochi-digitali-ps4-digital-games-ps4-cifrovye-igry-ps4.jpg","type":"image\/jpeg"}],"twitter_card":"summary_large_image","twitter_misc":{"Est. reading time":"2 minutes"},"schema":{"@context":"https:\/\/schema.org","@graph":[{"@type":"WebPage","@id":"https:\/\/www.psngiochi.space\/it\/product\/lords-of-the-fallen\/","url":"https:\/\/www.psngiochi.space\/it\/product\/lords-of-the-fallen\/","name":"Lords of the Fallen - Giochi Digitali PS4 e PS5","isPartOf":{"@id":"https:\/\/www.psngiochi.space\/en\/#website"},"primaryImageOfPage":{"@id":"https:\/\/www.psngiochi.space\/it\/product\/lords-of-the-fallen\/#primaryimage"},"image":{"@id":"https:\/\/www.psngiochi.space\/it\/product\/lords-of-the-fallen\/#primaryimage"},"thumbnailUrl":"https:\/\/www.psngiochi.space\/wp-content\/uploads\/2023\/02\/lords-of-the-fallen-psngiochispace-giochi-digitali-ps4-digital-games-ps4-cifrovye-igry-ps4.jpg","datePublished":"2023-02-14T15:36:00+00:00","dateModified":"2024-03-18T08:06:36+00:00","description":"Preparati a tuffarti in un oscuro GDR fantasy d'azione, ambientato in un mondo cupo sull'orlo dell'annientamento.","breadcrumb":{"@id":"https:\/\/www.psngiochi.space\/it\/product\/lords-of-the-fallen\/#breadcrumb"},"inLanguage":"en-US","potentialAction":[{"@type":"ReadAction","target":["https:\/\/www.psngiochi.space\/it\/product\/lords-of-the-fallen\/"]}]},{"@type":"ImageObject","inLanguage":"en-US","@id":"https:\/\/www.psngiochi.space\/it\/product\/lords-of-the-fallen\/#primaryimage","url":"https:\/\/www.psngiochi.space\/wp-content\/uploads\/2023\/02\/lords-of-the-fallen-psngiochispace-giochi-digitali-ps4-digital-games-ps4-cifrovye-igry-ps4.jpg","contentUrl":"https:\/\/www.psngiochi.space\/wp-content\/uploads\/2023\/02\/lords-of-the-fallen-psngiochispace-giochi-digitali-ps4-digital-games-ps4-cifrovye-igry-ps4.jpg","width":803,"height":1000},{"@type":"BreadcrumbList","@id":"https:\/\/www.psngiochi.space\/it\/product\/lords-of-the-fallen\/#breadcrumb","itemListElement":[{"@type":"ListItem","position":1,"name":"Home","item":"https:\/\/www.psngiochi.space\/en\/"},{"@type":"ListItem","position":2,"name":"Negozio","item":"https:\/\/www.psngiochi.space\/en\/negozio\/"},{"@type":"ListItem","position":3,"name":"Lords of the Fallen"}]},{"@type":"WebSite","@id":"https:\/\/www.psngiochi.space\/en\/#website","url":"https:\/\/www.psngiochi.space\/en\/","name":"Giochi Digitali PS4 e PS5","description":"Noleggio di giochi, vendita di accounts","potentialAction":[{"@type":"SearchAction","target":{"@type":"EntryPoint","urlTemplate":"https:\/\/www.psngiochi.space\/en\/?s={search_term_string}"},"query-input":{"@type":"PropertyValueSpecification","valueRequired":true,"valueName":"search_term_string"}}],"inLanguage":"en-US"}]}},"_links":{"self":[{"href":"https:\/\/www.psngiochi.space\/en\/wp-json\/wp\/v2\/product\/11782","targetHints":{"allow":["GET"]}}],"collection":[{"href":"https:\/\/www.psngiochi.space\/en\/wp-json\/wp\/v2\/product"}],"about":[{"href":"https:\/\/www.psngiochi.space\/en\/wp-json\/wp\/v2\/types\/product"}],"replies":[{"embeddable":true,"href":"https:\/\/www.psngiochi.space\/en\/wp-json\/wp\/v2\/comments?post=11782"}],"wp:featuredmedia":[{"embeddable":true,"href":"https:\/\/www.psngiochi.space\/en\/wp-json\/wp\/v2\/media\/11783"}],"wp:attachment":[{"href":"https:\/\/www.psngiochi.space\/en\/wp-json\/wp\/v2\/media?parent=11782"}],"wp:term":[{"taxonomy":"product_cat","embeddable":true,"href":"https:\/\/www.psngiochi.space\/en\/wp-json\/wp\/v2\/product_cat?post=11782"},{"taxonomy":"product_tag","embeddable":true,"href":"https:\/\/www.psngiochi.space\/en\/wp-json\/wp\/v2\/product_tag?post=11782"}],"curies":[{"name":"wp","href":"https:\/\/api.w.org\/{rel}","templated":true}]}}