{"id":11703,"date":"2023-01-29T12:56:46","date_gmt":"2023-01-29T11:56:46","guid":{"rendered":"http:\/\/www.psngiochi.space\/?post_type=product&#038;p=11703"},"modified":"2023-01-29T14:13:07","modified_gmt":"2023-01-29T13:13:07","slug":"the-crew-2","status":"publish","type":"product","link":"https:\/\/www.psngiochi.space\/en\/product\/the-crew-2\/","title":{"rendered":"The Crew 2"},"content":{"rendered":"<p class=\"pdp__legal-notice\"><span style=\"font-size: 14pt; color: #000000;\">In The Crew 2 potrete tuffarvi nella scena motoristica americana ed esplorare ogni angolo di cielo, terra e mare degli Stati Uniti. Un'ampia gamma di auto, moto, barche e aeroplani \u00e8 a vostra disposizione per farvi vivere il brivido e l'adrenalina di emozionanti gare in giro per gli USA che metteranno alla prova le vostre abilit\u00e0 in varie discipline di guida. Registrate i vostri momenti pi\u00f9 folli e condivideteli in tutta semplicit\u00e0: la fama vi attende! Giocate online con un massimo di 7 amici.<\/span><\/p>\n<p><strong><span style=\"font-size: 14pt; color: #000000;\">Voce: <\/span><\/strong><span style=\"font-size: 14pt; color: #000000;\">inglese, francese (francia), italiano, portoghese (brasile), russo, spagnolo, tedesco<\/span><\/p>\n<p><strong><span style=\"font-size: 14pt; color: #000000;\">Lingue schermo: <\/span><\/strong><span style=\"font-size: 14pt; color: #000000;\">cinese (semplificato), cinese (tradizionale), coreano, francese (francia), inglese, italiano, olandese, polacco, russo, spagnolo, tedesco<\/span><\/p>","protected":false},"excerpt":{"rendered":"<h5 class=\"provider-info__text\"><span class=\"provider-info__list-item\">Uscita: 29\/6\/2018<\/span><span class=\"provider-info__list-item\"> | UBISOFT ENTERTAINMENT SA <\/span><span class=\"provider-info__list-item\">| PS4<\/span><\/h5>\n<h3><span style=\"font-family: georgia, palatino, serif;\"><span style=\"color: #df1d1d;\">\u23f0 Noleggio:<\/span><\/span><span style=\"color: #df1d1d;\">\u00a0<span style=\"font-size: 10pt; color: #333333;\">p<\/span><\/span><span style=\"font-family: georgia, palatino, serif; font-size: 10pt; color: #333333;\">ossibilita di giocare dal vostro account personale o sull account fornito (primario o secondario).<\/span><\/h3>\n<h3><span style=\"font-size: 10pt; color: #333333;\">Game for rent is one of the cheapest and most convenient ways to get a game.\u00a0<\/span><span style=\"font-size: 10pt; color: #333333;\">You can also extend the period if you have not finished the game.<\/span><\/h3>\n<h3><span style=\"font-family: georgia, palatino, serif;\"><span style=\"color: #df1d1d;\">\u26a0 Nota:<\/span><\/span><span style=\"color: #df1d1d;\">\u00a0<\/span><span style=\"font-family: georgia, palatino, serif; font-size: 10pt; color: #333333;\">questo gioco va come un bonus per l'account con il gioco <a href=\"http:\/\/www.psngiochi.space\/en\/prodotto\/dead-space\/\">Dead Space<\/a><\/span><\/h3>\n<h3><span style=\"font-family: georgia, palatino, serif;\"><span style=\"color: #df1d1d;\">\ud83d\udd17 <\/span><\/span><span style=\"font-family: georgia, palatino, serif; font-size: 10pt; color: #333333;\">segui <a href=\"http:\/\/www.psngiochi.space\/en\/prodotto\/dead-space\/\">il link<\/a> per giocare a questo gioco<\/span><\/h3>","protected":false},"featured_media":11704,"comment_status":"open","ping_status":"closed","template":"","meta":[],"product_cat":[148,122],"product_tag":[146],"class_list":{"0":"post-11703","1":"product","2":"type-product","3":"status-publish","4":"has-post-thumbnail","6":"product_cat-altri-giochi-ps4","7":"product_cat-giochi-ps4-in-noleggio","8":"product_tag-corse-automobilismo","10":"first","11":"outofstock","12":"downloadable","13":"virtual","14":"product-type-simple"},"yoast_head":"<!-- This site is optimized with the Yoast SEO plugin v23.9 - https:\/\/yoast.com\/wordpress\/plugins\/seo\/ -->\n<title>The Crew 2 - Giochi Digitali PS4 e PS5<\/title>\n<meta name=\"description\" content=\"In The Crew 2 potrete tuffarvi nella scena motoristica americana ed esplorare ogni angolo di cielo.\" \/>\n<meta name=\"robots\" content=\"index, follow, max-snippet:-1, max-image-preview:large, max-video-preview:-1\" \/>\n<link rel=\"canonical\" href=\"https:\/\/www.psngiochi.space\/en\/product\/the-crew-2\/\" \/>\n<meta property=\"og:locale\" content=\"en_US\" \/>\n<meta property=\"og:type\" content=\"article\" \/>\n<meta property=\"og:title\" content=\"The Crew 2 - Giochi Digitali PS4 e PS5\" \/>\n<meta property=\"og:description\" content=\"In The Crew 2 potrete tuffarvi nella scena motoristica americana ed esplorare ogni angolo di cielo.\" \/>\n<meta property=\"og:url\" content=\"https:\/\/www.psngiochi.space\/en\/product\/the-crew-2\/\" \/>\n<meta property=\"og:site_name\" content=\"Giochi Digitali PS4 e PS5\" \/>\n<meta property=\"article:modified_time\" content=\"2023-01-29T13:13:07+00:00\" \/>\n<meta property=\"og:image\" content=\"https:\/\/www.psngiochi.space\/wp-content\/uploads\/2023\/01\/the-crew-2-psngiochispace-giochi-digitali-ps4-digital-games-ps4-cifrovye-igry-ps4.jpg\" \/>\n\t<meta property=\"og:image:width\" content=\"803\" \/>\n\t<meta property=\"og:image:height\" content=\"1000\" \/>\n\t<meta property=\"og:image:type\" content=\"image\/jpeg\" \/>\n<meta name=\"twitter:card\" content=\"summary_large_image\" \/>\n<meta name=\"twitter:label1\" content=\"Est. reading time\" \/>\n\t<meta name=\"twitter:data1\" content=\"1 minute\" \/>\n<script type=\"application\/ld+json\" class=\"yoast-schema-graph\">{\"@context\":\"https:\/\/schema.org\",\"@graph\":[{\"@type\":\"WebPage\",\"@id\":\"https:\/\/www.psngiochi.space\/it\/product\/the-crew-2\/\",\"url\":\"https:\/\/www.psngiochi.space\/it\/product\/the-crew-2\/\",\"name\":\"The Crew 2 - Giochi Digitali PS4 e PS5\",\"isPartOf\":{\"@id\":\"https:\/\/www.psngiochi.space\/en\/#website\"},\"primaryImageOfPage\":{\"@id\":\"https:\/\/www.psngiochi.space\/it\/product\/the-crew-2\/#primaryimage\"},\"image\":{\"@id\":\"https:\/\/www.psngiochi.space\/it\/product\/the-crew-2\/#primaryimage\"},\"thumbnailUrl\":\"https:\/\/www.psngiochi.space\/wp-content\/uploads\/2023\/01\/the-crew-2-psngiochispace-giochi-digitali-ps4-digital-games-ps4-cifrovye-igry-ps4.jpg\",\"datePublished\":\"2023-01-29T11:56:46+00:00\",\"dateModified\":\"2023-01-29T13:13:07+00:00\",\"description\":\"In The Crew 2 potrete tuffarvi nella scena motoristica americana ed esplorare ogni angolo di cielo.\",\"breadcrumb\":{\"@id\":\"https:\/\/www.psngiochi.space\/it\/product\/the-crew-2\/#breadcrumb\"},\"inLanguage\":\"en-US\",\"potentialAction\":[{\"@type\":\"ReadAction\",\"target\":[\"https:\/\/www.psngiochi.space\/it\/product\/the-crew-2\/\"]}]},{\"@type\":\"ImageObject\",\"inLanguage\":\"en-US\",\"@id\":\"https:\/\/www.psngiochi.space\/it\/product\/the-crew-2\/#primaryimage\",\"url\":\"https:\/\/www.psngiochi.space\/wp-content\/uploads\/2023\/01\/the-crew-2-psngiochispace-giochi-digitali-ps4-digital-games-ps4-cifrovye-igry-ps4.jpg\",\"contentUrl\":\"https:\/\/www.psngiochi.space\/wp-content\/uploads\/2023\/01\/the-crew-2-psngiochispace-giochi-digitali-ps4-digital-games-ps4-cifrovye-igry-ps4.jpg\",\"width\":803,\"height\":1000},{\"@type\":\"BreadcrumbList\",\"@id\":\"https:\/\/www.psngiochi.space\/it\/product\/the-crew-2\/#breadcrumb\",\"itemListElement\":[{\"@type\":\"ListItem\",\"position\":1,\"name\":\"Home\",\"item\":\"https:\/\/www.psngiochi.space\/en\/\"},{\"@type\":\"ListItem\",\"position\":2,\"name\":\"Negozio\",\"item\":\"https:\/\/www.psngiochi.space\/en\/negozio\/\"},{\"@type\":\"ListItem\",\"position\":3,\"name\":\"The Crew 2\"}]},{\"@type\":\"WebSite\",\"@id\":\"https:\/\/www.psngiochi.space\/en\/#website\",\"url\":\"https:\/\/www.psngiochi.space\/en\/\",\"name\":\"Giochi Digitali PS4 e PS5\",\"description\":\"Noleggio di giochi, vendita di accounts\",\"potentialAction\":[{\"@type\":\"SearchAction\",\"target\":{\"@type\":\"EntryPoint\",\"urlTemplate\":\"https:\/\/www.psngiochi.space\/en\/?s={search_term_string}\"},\"query-input\":{\"@type\":\"PropertyValueSpecification\",\"valueRequired\":true,\"valueName\":\"search_term_string\"}}],\"inLanguage\":\"en-US\"}]}<\/script>\n<!-- \/ Yoast SEO plugin. -->","yoast_head_json":{"title":"The Crew 2 - Giochi Digitali PS4 e PS5","description":"In The Crew 2 potrete tuffarvi nella scena motoristica americana ed esplorare ogni angolo di cielo.","robots":{"index":"index","follow":"follow","max-snippet":"max-snippet:-1","max-image-preview":"max-image-preview:large","max-video-preview":"max-video-preview:-1"},"canonical":"https:\/\/www.psngiochi.space\/en\/product\/the-crew-2\/","og_locale":"en_US","og_type":"article","og_title":"The Crew 2 - Giochi Digitali PS4 e PS5","og_description":"In The Crew 2 potrete tuffarvi nella scena motoristica americana ed esplorare ogni angolo di cielo.","og_url":"https:\/\/www.psngiochi.space\/en\/product\/the-crew-2\/","og_site_name":"Giochi Digitali PS4 e PS5","article_modified_time":"2023-01-29T13:13:07+00:00","og_image":[{"width":803,"height":1000,"url":"https:\/\/www.psngiochi.space\/wp-content\/uploads\/2023\/01\/the-crew-2-psngiochispace-giochi-digitali-ps4-digital-games-ps4-cifrovye-igry-ps4.jpg","type":"image\/jpeg"}],"twitter_card":"summary_large_image","twitter_misc":{"Est. reading time":"1 minute"},"schema":{"@context":"https:\/\/schema.org","@graph":[{"@type":"WebPage","@id":"https:\/\/www.psngiochi.space\/it\/product\/the-crew-2\/","url":"https:\/\/www.psngiochi.space\/it\/product\/the-crew-2\/","name":"The Crew 2 - Giochi Digitali PS4 e PS5","isPartOf":{"@id":"https:\/\/www.psngiochi.space\/en\/#website"},"primaryImageOfPage":{"@id":"https:\/\/www.psngiochi.space\/it\/product\/the-crew-2\/#primaryimage"},"image":{"@id":"https:\/\/www.psngiochi.space\/it\/product\/the-crew-2\/#primaryimage"},"thumbnailUrl":"https:\/\/www.psngiochi.space\/wp-content\/uploads\/2023\/01\/the-crew-2-psngiochispace-giochi-digitali-ps4-digital-games-ps4-cifrovye-igry-ps4.jpg","datePublished":"2023-01-29T11:56:46+00:00","dateModified":"2023-01-29T13:13:07+00:00","description":"In The Crew 2 potrete tuffarvi nella scena motoristica americana ed esplorare ogni angolo di cielo.","breadcrumb":{"@id":"https:\/\/www.psngiochi.space\/it\/product\/the-crew-2\/#breadcrumb"},"inLanguage":"en-US","potentialAction":[{"@type":"ReadAction","target":["https:\/\/www.psngiochi.space\/it\/product\/the-crew-2\/"]}]},{"@type":"ImageObject","inLanguage":"en-US","@id":"https:\/\/www.psngiochi.space\/it\/product\/the-crew-2\/#primaryimage","url":"https:\/\/www.psngiochi.space\/wp-content\/uploads\/2023\/01\/the-crew-2-psngiochispace-giochi-digitali-ps4-digital-games-ps4-cifrovye-igry-ps4.jpg","contentUrl":"https:\/\/www.psngiochi.space\/wp-content\/uploads\/2023\/01\/the-crew-2-psngiochispace-giochi-digitali-ps4-digital-games-ps4-cifrovye-igry-ps4.jpg","width":803,"height":1000},{"@type":"BreadcrumbList","@id":"https:\/\/www.psngiochi.space\/it\/product\/the-crew-2\/#breadcrumb","itemListElement":[{"@type":"ListItem","position":1,"name":"Home","item":"https:\/\/www.psngiochi.space\/en\/"},{"@type":"ListItem","position":2,"name":"Negozio","item":"https:\/\/www.psngiochi.space\/en\/negozio\/"},{"@type":"ListItem","position":3,"name":"The Crew 2"}]},{"@type":"WebSite","@id":"https:\/\/www.psngiochi.space\/en\/#website","url":"https:\/\/www.psngiochi.space\/en\/","name":"Giochi Digitali PS4 e PS5","description":"Noleggio di giochi, vendita di accounts","potentialAction":[{"@type":"SearchAction","target":{"@type":"EntryPoint","urlTemplate":"https:\/\/www.psngiochi.space\/en\/?s={search_term_string}"},"query-input":{"@type":"PropertyValueSpecification","valueRequired":true,"valueName":"search_term_string"}}],"inLanguage":"en-US"}]}},"_links":{"self":[{"href":"https:\/\/www.psngiochi.space\/en\/wp-json\/wp\/v2\/product\/11703","targetHints":{"allow":["GET"]}}],"collection":[{"href":"https:\/\/www.psngiochi.space\/en\/wp-json\/wp\/v2\/product"}],"about":[{"href":"https:\/\/www.psngiochi.space\/en\/wp-json\/wp\/v2\/types\/product"}],"replies":[{"embeddable":true,"href":"https:\/\/www.psngiochi.space\/en\/wp-json\/wp\/v2\/comments?post=11703"}],"wp:featuredmedia":[{"embeddable":true,"href":"https:\/\/www.psngiochi.space\/en\/wp-json\/wp\/v2\/media\/11704"}],"wp:attachment":[{"href":"https:\/\/www.psngiochi.space\/en\/wp-json\/wp\/v2\/media?parent=11703"}],"wp:term":[{"taxonomy":"product_cat","embeddable":true,"href":"https:\/\/www.psngiochi.space\/en\/wp-json\/wp\/v2\/product_cat?post=11703"},{"taxonomy":"product_tag","embeddable":true,"href":"https:\/\/www.psngiochi.space\/en\/wp-json\/wp\/v2\/product_tag?post=11703"}],"curies":[{"name":"wp","href":"https:\/\/api.w.org\/{rel}","templated":true}]}}