{"id":11435,"date":"2022-09-25T12:12:09","date_gmt":"2022-09-25T10:12:09","guid":{"rendered":"http:\/\/www.psngiochi.space\/?post_type=product&#038;p=11435"},"modified":"2026-04-29T13:11:39","modified_gmt":"2026-04-29T11:11:39","slug":"the-callisto-protocol","status":"publish","type":"product","link":"https:\/\/www.psngiochi.space\/en\/product\/the-callisto-protocol\/","title":{"rendered":"The Callisto Protocol"},"content":{"rendered":"<p><span style=\"font-size: 14pt; color: #000000;\">In questo gioco horror narrativo in terza persona, ambientato 300 anni nel futuro, il giocatore veste i panni di Jacob Lee: uno sfortunato prigioniero rinchiuso nella prigione di Black Iron, carcere di massima sicurezza situato su Callisto, la luna morta di Giove. Quando gli altri detenuti iniziano a trasformarsi in creature da incubo, la prigione piomba nel caos. Per sopravvivere, Jacob dovr\u00e0 farsi strada con la forza verso la libert\u00e0 e scoprire gli oscuri e inquietanti segreti sepolti sotto la superficie di Callisto. Usando una combinazione unica di combattimento in mischia e a distanza, Jacob dovr\u00e0 adattare costantemente le sue tattiche per affrontare creature mostruose in continua evoluzione, e trovare quante pi\u00f9 nuove armi, oggetti e abilit\u00e0 possibili per avere la meglio sulla crescente minaccia posta dagli orrori della luna morta di Giove.<\/span><\/p>\n<p><span style=\"font-size: 14pt; color: #000000;\">SCIENZA HORROR<\/span><br \/>\n<span style=\"font-size: 14pt; color: #000000;\">The Callisto Protocol \u00e8 un survival horror di nuova generazione nato dalla mente di Glen Schofield. Grazie alla sua miscela perfetta di atmosfera, tensione e violenza, The Callisto Protocol far\u00e0 vivere ai giocatori una storia intensa, carica di momenti di disperazione e di umanit\u00e0, con la costante minaccia di orrori indicibili in agguato dietro ogni angolo.<\/span><\/p>\n<p><span style=\"font-size: 14pt; color: #000000;\">SVELA I SEGRETI DELLA UNITED JUPITER COMPANY<\/span><br \/>\n<span style=\"font-size: 14pt; color: #000000;\">The Callisto Protocol \u00e8 ambientato nell'anno 2320 sulla luna morta di Giove, Callisto, e mette il giocatore nei panni di Jacob Lee, un detenuto della prigione di Black Iron. Quando una misteriosa epidemia semina il caos sul satellite, Jacob \u00e8 costretto ad affrontare le sue peggiori paure per sconfiggere le mostruosit\u00e0 che gli danno la caccia e svelare gli oscuri misteri della potentissima United Jupiter Company.<\/span><\/p>\n<p><span style=\"font-size: 14pt; color: #000000;\">COMBATTIMENTI VIOLENTI E STRATEGICI<\/span><br \/>\n<span style=\"font-size: 14pt; color: #000000;\">The Callisto Protocol sfida i giocatori a cimentarsi in un sistema di combattimento che unisce mischia e lunga gittata, con armi uniche come il manipolatore di gravit\u00e0 usato dalle guardie carcerarie per controllare i prigionieri. Sar\u00e0 inevitabile trovarsi faccia a faccia con i propri grotteschi avversari, mutilandone braccia e gambe e sfruttando ogni possibile strumento per riuscire a sopravvivere.<\/span><\/p>\n<p><span style=\"font-size: 14pt; color: #000000;\">LA SOLITARIA LUNA MORTA DI GIOVE<\/span><br \/>\n<span style=\"font-size: 14pt; color: #000000;\">Callisto, uno dei luoghi pi\u00f9 isolati e ostili dell'universo, \u00e8 il palcoscenico della disperata lotta per la sopravvivenza di Jacob. I giocatori non dovranno affrontare soltanto gli orrori di Black Iron, ma anche gli antichi segreti nascosti sotto e sopra la superficie della luna morta di Giove.<\/span><\/p>","protected":false},"excerpt":{"rendered":"<h5 class=\"provider-info__text\"><span class=\"provider-info__list-item\">Uscita: 2\/12\/2022<\/span><span class=\"provider-info__list-item\"> | KRAFTON, Inc. <\/span><span class=\"provider-info__list-item\">| PS4, PS5<\/span><\/h5>\n<h3><span style=\"font-family: georgia, palatino, serif;\"><span style=\"color: #df1d1d;\">\u23f0 Noleggio per 15 giorni:<\/span><\/span><span style=\"color: #df1d1d;\">\u00a0<span style=\"font-size: 10pt; color: #333333;\">p<\/span><\/span><span style=\"font-family: georgia, palatino, serif; font-size: 10pt; color: #333333;\">ossibilita di giocare dal vostro account personale o sull account fornito (primario o secondario).<\/span><\/h3>\n<h3><span style=\"font-size: 10pt; color: #333333;\">Game for rent is one of the cheapest and most convenient ways to get a game.\u00a0<\/span><span style=\"font-size: 10pt; color: #333333;\">You can also extend the period if you have not finished the game.<\/span><\/h3>","protected":false},"featured_media":11436,"comment_status":"open","ping_status":"closed","template":"","meta":[],"product_cat":[122,142],"product_tag":[101],"class_list":{"0":"post-11435","1":"product","2":"type-product","3":"status-publish","4":"has-post-thumbnail","6":"product_cat-giochi-ps4-in-noleggio","7":"product_cat-giochi-ps5-in-noleggio","8":"product_tag-horror","10":"first","11":"instock","12":"downloadable","13":"virtual","14":"purchasable","15":"product-type-simple"},"yoast_head":"<!-- This site is optimized with the Yoast SEO plugin v23.9 - https:\/\/yoast.com\/wordpress\/plugins\/seo\/ -->\n<title>The Callisto Protocol - Giochi Digitali PS4 e PS5<\/title>\n<meta name=\"description\" content=\"In questo gioco horror narrativo in terza persona, ambientato 300 anni nel futuro, il giocatore veste i panni di Jacob Lee\" \/>\n<meta name=\"robots\" content=\"index, follow, max-snippet:-1, max-image-preview:large, max-video-preview:-1\" \/>\n<link rel=\"canonical\" href=\"https:\/\/www.psngiochi.space\/en\/product\/the-callisto-protocol\/\" \/>\n<meta property=\"og:locale\" content=\"en_US\" \/>\n<meta property=\"og:type\" content=\"article\" \/>\n<meta property=\"og:title\" content=\"The Callisto Protocol - Giochi Digitali PS4 e PS5\" \/>\n<meta property=\"og:description\" content=\"In questo gioco horror narrativo in terza persona, ambientato 300 anni nel futuro, il giocatore veste i panni di Jacob Lee\" \/>\n<meta property=\"og:url\" content=\"https:\/\/www.psngiochi.space\/en\/product\/the-callisto-protocol\/\" \/>\n<meta property=\"og:site_name\" content=\"Giochi Digitali PS4 e PS5\" \/>\n<meta property=\"article:modified_time\" content=\"2026-04-29T11:11:39+00:00\" \/>\n<meta property=\"og:image\" content=\"https:\/\/www.psngiochi.space\/wp-content\/uploads\/2022\/09\/the-callisto-protocol-psngiochispace-giochi-digitali-ps4-ps5-digital-games-ps4-ps5-cifrovye-igry-ps4-ps5.jpg\" \/>\n\t<meta property=\"og:image:width\" content=\"803\" \/>\n\t<meta property=\"og:image:height\" content=\"1000\" \/>\n\t<meta property=\"og:image:type\" content=\"image\/jpeg\" \/>\n<meta name=\"twitter:card\" content=\"summary_large_image\" \/>\n<meta name=\"twitter:label1\" content=\"Est. reading time\" \/>\n\t<meta name=\"twitter:data1\" content=\"3 minutes\" \/>\n<script type=\"application\/ld+json\" class=\"yoast-schema-graph\">{\"@context\":\"https:\/\/schema.org\",\"@graph\":[{\"@type\":\"WebPage\",\"@id\":\"https:\/\/www.psngiochi.space\/it\/product\/the-callisto-protocol\/\",\"url\":\"https:\/\/www.psngiochi.space\/it\/product\/the-callisto-protocol\/\",\"name\":\"The Callisto Protocol - Giochi Digitali PS4 e PS5\",\"isPartOf\":{\"@id\":\"https:\/\/www.psngiochi.space\/en\/#website\"},\"primaryImageOfPage\":{\"@id\":\"https:\/\/www.psngiochi.space\/it\/product\/the-callisto-protocol\/#primaryimage\"},\"image\":{\"@id\":\"https:\/\/www.psngiochi.space\/it\/product\/the-callisto-protocol\/#primaryimage\"},\"thumbnailUrl\":\"https:\/\/www.psngiochi.space\/wp-content\/uploads\/2022\/09\/the-callisto-protocol-psngiochispace-giochi-digitali-ps4-ps5-digital-games-ps4-ps5-cifrovye-igry-ps4-ps5.jpg\",\"datePublished\":\"2022-09-25T10:12:09+00:00\",\"dateModified\":\"2026-04-29T11:11:39+00:00\",\"description\":\"In questo gioco horror narrativo in terza persona, ambientato 300 anni nel futuro, il giocatore veste i panni di Jacob Lee\",\"breadcrumb\":{\"@id\":\"https:\/\/www.psngiochi.space\/it\/product\/the-callisto-protocol\/#breadcrumb\"},\"inLanguage\":\"en-US\",\"potentialAction\":[{\"@type\":\"ReadAction\",\"target\":[\"https:\/\/www.psngiochi.space\/it\/product\/the-callisto-protocol\/\"]}]},{\"@type\":\"ImageObject\",\"inLanguage\":\"en-US\",\"@id\":\"https:\/\/www.psngiochi.space\/it\/product\/the-callisto-protocol\/#primaryimage\",\"url\":\"https:\/\/www.psngiochi.space\/wp-content\/uploads\/2022\/09\/the-callisto-protocol-psngiochispace-giochi-digitali-ps4-ps5-digital-games-ps4-ps5-cifrovye-igry-ps4-ps5.jpg\",\"contentUrl\":\"https:\/\/www.psngiochi.space\/wp-content\/uploads\/2022\/09\/the-callisto-protocol-psngiochispace-giochi-digitali-ps4-ps5-digital-games-ps4-ps5-cifrovye-igry-ps4-ps5.jpg\",\"width\":803,\"height\":1000},{\"@type\":\"BreadcrumbList\",\"@id\":\"https:\/\/www.psngiochi.space\/it\/product\/the-callisto-protocol\/#breadcrumb\",\"itemListElement\":[{\"@type\":\"ListItem\",\"position\":1,\"name\":\"Home\",\"item\":\"https:\/\/www.psngiochi.space\/en\/\"},{\"@type\":\"ListItem\",\"position\":2,\"name\":\"Negozio\",\"item\":\"https:\/\/www.psngiochi.space\/en\/negozio\/\"},{\"@type\":\"ListItem\",\"position\":3,\"name\":\"The Callisto Protocol\"}]},{\"@type\":\"WebSite\",\"@id\":\"https:\/\/www.psngiochi.space\/en\/#website\",\"url\":\"https:\/\/www.psngiochi.space\/en\/\",\"name\":\"Giochi Digitali PS4 e PS5\",\"description\":\"Noleggio di giochi, vendita di accounts\",\"potentialAction\":[{\"@type\":\"SearchAction\",\"target\":{\"@type\":\"EntryPoint\",\"urlTemplate\":\"https:\/\/www.psngiochi.space\/en\/?s={search_term_string}\"},\"query-input\":{\"@type\":\"PropertyValueSpecification\",\"valueRequired\":true,\"valueName\":\"search_term_string\"}}],\"inLanguage\":\"en-US\"}]}<\/script>\n<!-- \/ Yoast SEO plugin. -->","yoast_head_json":{"title":"The Callisto Protocol - Giochi Digitali PS4 e PS5","description":"In questo gioco horror narrativo in terza persona, ambientato 300 anni nel futuro, il giocatore veste i panni di Jacob Lee","robots":{"index":"index","follow":"follow","max-snippet":"max-snippet:-1","max-image-preview":"max-image-preview:large","max-video-preview":"max-video-preview:-1"},"canonical":"https:\/\/www.psngiochi.space\/en\/product\/the-callisto-protocol\/","og_locale":"en_US","og_type":"article","og_title":"The Callisto Protocol - Giochi Digitali PS4 e PS5","og_description":"In questo gioco horror narrativo in terza persona, ambientato 300 anni nel futuro, il giocatore veste i panni di Jacob Lee","og_url":"https:\/\/www.psngiochi.space\/en\/product\/the-callisto-protocol\/","og_site_name":"Giochi Digitali PS4 e PS5","article_modified_time":"2026-04-29T11:11:39+00:00","og_image":[{"width":803,"height":1000,"url":"https:\/\/www.psngiochi.space\/wp-content\/uploads\/2022\/09\/the-callisto-protocol-psngiochispace-giochi-digitali-ps4-ps5-digital-games-ps4-ps5-cifrovye-igry-ps4-ps5.jpg","type":"image\/jpeg"}],"twitter_card":"summary_large_image","twitter_misc":{"Est. reading time":"3 minutes"},"schema":{"@context":"https:\/\/schema.org","@graph":[{"@type":"WebPage","@id":"https:\/\/www.psngiochi.space\/it\/product\/the-callisto-protocol\/","url":"https:\/\/www.psngiochi.space\/it\/product\/the-callisto-protocol\/","name":"The Callisto Protocol - Giochi Digitali PS4 e PS5","isPartOf":{"@id":"https:\/\/www.psngiochi.space\/en\/#website"},"primaryImageOfPage":{"@id":"https:\/\/www.psngiochi.space\/it\/product\/the-callisto-protocol\/#primaryimage"},"image":{"@id":"https:\/\/www.psngiochi.space\/it\/product\/the-callisto-protocol\/#primaryimage"},"thumbnailUrl":"https:\/\/www.psngiochi.space\/wp-content\/uploads\/2022\/09\/the-callisto-protocol-psngiochispace-giochi-digitali-ps4-ps5-digital-games-ps4-ps5-cifrovye-igry-ps4-ps5.jpg","datePublished":"2022-09-25T10:12:09+00:00","dateModified":"2026-04-29T11:11:39+00:00","description":"In questo gioco horror narrativo in terza persona, ambientato 300 anni nel futuro, il giocatore veste i panni di Jacob Lee","breadcrumb":{"@id":"https:\/\/www.psngiochi.space\/it\/product\/the-callisto-protocol\/#breadcrumb"},"inLanguage":"en-US","potentialAction":[{"@type":"ReadAction","target":["https:\/\/www.psngiochi.space\/it\/product\/the-callisto-protocol\/"]}]},{"@type":"ImageObject","inLanguage":"en-US","@id":"https:\/\/www.psngiochi.space\/it\/product\/the-callisto-protocol\/#primaryimage","url":"https:\/\/www.psngiochi.space\/wp-content\/uploads\/2022\/09\/the-callisto-protocol-psngiochispace-giochi-digitali-ps4-ps5-digital-games-ps4-ps5-cifrovye-igry-ps4-ps5.jpg","contentUrl":"https:\/\/www.psngiochi.space\/wp-content\/uploads\/2022\/09\/the-callisto-protocol-psngiochispace-giochi-digitali-ps4-ps5-digital-games-ps4-ps5-cifrovye-igry-ps4-ps5.jpg","width":803,"height":1000},{"@type":"BreadcrumbList","@id":"https:\/\/www.psngiochi.space\/it\/product\/the-callisto-protocol\/#breadcrumb","itemListElement":[{"@type":"ListItem","position":1,"name":"Home","item":"https:\/\/www.psngiochi.space\/en\/"},{"@type":"ListItem","position":2,"name":"Negozio","item":"https:\/\/www.psngiochi.space\/en\/negozio\/"},{"@type":"ListItem","position":3,"name":"The Callisto Protocol"}]},{"@type":"WebSite","@id":"https:\/\/www.psngiochi.space\/en\/#website","url":"https:\/\/www.psngiochi.space\/en\/","name":"Giochi Digitali PS4 e PS5","description":"Noleggio di giochi, vendita di accounts","potentialAction":[{"@type":"SearchAction","target":{"@type":"EntryPoint","urlTemplate":"https:\/\/www.psngiochi.space\/en\/?s={search_term_string}"},"query-input":{"@type":"PropertyValueSpecification","valueRequired":true,"valueName":"search_term_string"}}],"inLanguage":"en-US"}]}},"_links":{"self":[{"href":"https:\/\/www.psngiochi.space\/en\/wp-json\/wp\/v2\/product\/11435","targetHints":{"allow":["GET"]}}],"collection":[{"href":"https:\/\/www.psngiochi.space\/en\/wp-json\/wp\/v2\/product"}],"about":[{"href":"https:\/\/www.psngiochi.space\/en\/wp-json\/wp\/v2\/types\/product"}],"replies":[{"embeddable":true,"href":"https:\/\/www.psngiochi.space\/en\/wp-json\/wp\/v2\/comments?post=11435"}],"wp:featuredmedia":[{"embeddable":true,"href":"https:\/\/www.psngiochi.space\/en\/wp-json\/wp\/v2\/media\/11436"}],"wp:attachment":[{"href":"https:\/\/www.psngiochi.space\/en\/wp-json\/wp\/v2\/media?parent=11435"}],"wp:term":[{"taxonomy":"product_cat","embeddable":true,"href":"https:\/\/www.psngiochi.space\/en\/wp-json\/wp\/v2\/product_cat?post=11435"},{"taxonomy":"product_tag","embeddable":true,"href":"https:\/\/www.psngiochi.space\/en\/wp-json\/wp\/v2\/product_tag?post=11435"}],"curies":[{"name":"wp","href":"https:\/\/api.w.org\/{rel}","templated":true}]}}