{"id":11327,"date":"2022-06-04T18:46:34","date_gmt":"2022-06-04T16:46:34","guid":{"rendered":"http:\/\/www.psngiochi.space\/?post_type=product&#038;p=11327"},"modified":"2023-03-11T14:31:29","modified_gmt":"2023-03-11T13:31:29","slug":"gotham-knights","status":"publish","type":"product","link":"https:\/\/www.psngiochi.space\/en\/product\/gotham-knights\/","title":{"rendered":"Gotham Knights"},"content":{"rendered":"<p><span style=\"font-size: 14pt; color: #000000;\">Batman \u00e8 morto e i criminali hanno invaso le strade di Gotham City. Proteggere la citt\u00e0, dare speranza ai suoi cittadini, mettere in riga le forze dell'ordine e incutere timore nei criminali \u00e8 ora compito della Bat-famiglia, formata da Batgirl, Nightwing, Cappuccio Rosso e Robin. Accresci le tue abilit\u00e0 risolvendo misteri che collegano i capitoli pi\u00f9 oscuri della storia di Gotham e sconfiggendo noti criminali in epiche battaglie.<\/span><\/p>\n<p><span style=\"font-size: 14pt; color: #000000;\">Gotham\u00a0Knights \u00e8 un gioco di ruolo d'azione open world ambientato nella Gotham City pi\u00f9 dinamica e interattiva mai vista prima d'ora. Pattuglia i cinque distretti di Gotham in modalit\u00e0 giocatore singolo o insieme a un altro eroe e sventa le attivit\u00e0 criminali in cui ti imbatti.<\/span><\/p>\n<p><span style=\"font-size: 14pt; color: #000000;\">L'eredit\u00e0 che lascerai inizia ora. Unisciti ai Cavalieri.<\/span><\/p>","protected":false},"excerpt":{"rendered":"<h5 class=\"provider-info__text\"><span class=\"provider-info__list-item\">Pubblicato 25\/10\/2022<\/span><span class=\"provider-info__list-item\">\u00a0| Dimens. file: 00.00 GB<\/span><\/h5>\n<h3><span style=\"font-family: georgia, palatino, serif;\"><span style=\"color: #df1d1d;\">\u23f0 Noleggio per 15 giorni:<\/span><\/span><span style=\"color: #df1d1d;\">\u00a0<span style=\"font-size: 10pt; color: #333333;\">p<\/span><\/span><span style=\"font-family: georgia, palatino, serif; font-size: 10pt; color: #333333;\">ossibilita di giocare dal vostro account personale o sull account fornito (primario o secondario).<\/span><\/h3>\n<h3><span style=\"font-size: 10pt; color: #333333;\">Game for rent is one of the cheapest and most convenient ways to get a game.\u00a0<\/span><span style=\"font-size: 10pt; color: #333333;\">You can also extend the period if you have not finished the game.<\/span><\/h3>","protected":false},"featured_media":11328,"comment_status":"open","ping_status":"closed","template":"","meta":[],"product_cat":[142],"product_tag":[75],"class_list":{"0":"post-11327","1":"product","2":"type-product","3":"status-publish","4":"has-post-thumbnail","6":"product_cat-giochi-ps5-in-noleggio","7":"product_tag-azione","9":"first","10":"instock","11":"downloadable","12":"virtual","13":"purchasable","14":"product-type-simple"},"yoast_head":"<!-- This site is optimized with the Yoast SEO plugin v23.9 - https:\/\/yoast.com\/wordpress\/plugins\/seo\/ -->\n<title>Gotham Knights - Giochi Digitali PS4 e PS5<\/title>\n<meta name=\"description\" content=\"Batman \u00e8 morto e i criminali hanno invaso le strade di Gotham City.\" \/>\n<meta name=\"robots\" content=\"index, follow, max-snippet:-1, max-image-preview:large, max-video-preview:-1\" \/>\n<link rel=\"canonical\" href=\"https:\/\/www.psngiochi.space\/en\/product\/gotham-knights\/\" \/>\n<meta property=\"og:locale\" content=\"en_US\" \/>\n<meta property=\"og:type\" content=\"article\" \/>\n<meta property=\"og:title\" content=\"Gotham Knights - Giochi Digitali PS4 e PS5\" \/>\n<meta property=\"og:description\" content=\"Batman \u00e8 morto e i criminali hanno invaso le strade di Gotham City.\" \/>\n<meta property=\"og:url\" content=\"https:\/\/www.psngiochi.space\/en\/product\/gotham-knights\/\" \/>\n<meta property=\"og:site_name\" content=\"Giochi Digitali PS4 e PS5\" \/>\n<meta property=\"article:modified_time\" content=\"2023-03-11T13:31:29+00:00\" \/>\n<meta property=\"og:image\" content=\"https:\/\/www.psngiochi.space\/wp-content\/uploads\/2022\/06\/gotham-knights-psngiochispace-giochi-digitali-ps5-digital-games-ps5-cifrovye-igry-ps5.jpg\" \/>\n\t<meta property=\"og:image:width\" content=\"803\" \/>\n\t<meta property=\"og:image:height\" content=\"1000\" \/>\n\t<meta property=\"og:image:type\" content=\"image\/jpeg\" \/>\n<meta name=\"twitter:card\" content=\"summary_large_image\" \/>\n<meta name=\"twitter:label1\" content=\"Est. reading time\" \/>\n\t<meta name=\"twitter:data1\" content=\"1 minute\" \/>\n<script type=\"application\/ld+json\" class=\"yoast-schema-graph\">{\"@context\":\"https:\/\/schema.org\",\"@graph\":[{\"@type\":\"WebPage\",\"@id\":\"https:\/\/www.psngiochi.space\/en\/product\/gotham-knights\/\",\"url\":\"https:\/\/www.psngiochi.space\/en\/product\/gotham-knights\/\",\"name\":\"Gotham Knights - Giochi Digitali PS4 e PS5\",\"isPartOf\":{\"@id\":\"https:\/\/www.psngiochi.space\/en\/#website\"},\"primaryImageOfPage\":{\"@id\":\"https:\/\/www.psngiochi.space\/en\/product\/gotham-knights\/#primaryimage\"},\"image\":{\"@id\":\"https:\/\/www.psngiochi.space\/en\/product\/gotham-knights\/#primaryimage\"},\"thumbnailUrl\":\"https:\/\/www.psngiochi.space\/wp-content\/uploads\/2022\/06\/gotham-knights-psngiochispace-giochi-digitali-ps5-digital-games-ps5-cifrovye-igry-ps5.jpg\",\"datePublished\":\"2022-06-04T16:46:34+00:00\",\"dateModified\":\"2023-03-11T13:31:29+00:00\",\"description\":\"Batman \u00e8 morto e i criminali hanno invaso le strade di Gotham City.\",\"breadcrumb\":{\"@id\":\"https:\/\/www.psngiochi.space\/en\/product\/gotham-knights\/#breadcrumb\"},\"inLanguage\":\"en-US\",\"potentialAction\":[{\"@type\":\"ReadAction\",\"target\":[\"https:\/\/www.psngiochi.space\/en\/product\/gotham-knights\/\"]}]},{\"@type\":\"ImageObject\",\"inLanguage\":\"en-US\",\"@id\":\"https:\/\/www.psngiochi.space\/en\/product\/gotham-knights\/#primaryimage\",\"url\":\"https:\/\/www.psngiochi.space\/wp-content\/uploads\/2022\/06\/gotham-knights-psngiochispace-giochi-digitali-ps5-digital-games-ps5-cifrovye-igry-ps5.jpg\",\"contentUrl\":\"https:\/\/www.psngiochi.space\/wp-content\/uploads\/2022\/06\/gotham-knights-psngiochispace-giochi-digitali-ps5-digital-games-ps5-cifrovye-igry-ps5.jpg\",\"width\":803,\"height\":1000},{\"@type\":\"BreadcrumbList\",\"@id\":\"https:\/\/www.psngiochi.space\/en\/product\/gotham-knights\/#breadcrumb\",\"itemListElement\":[{\"@type\":\"ListItem\",\"position\":1,\"name\":\"Home\",\"item\":\"https:\/\/www.psngiochi.space\/en\/\"},{\"@type\":\"ListItem\",\"position\":2,\"name\":\"Negozio\",\"item\":\"https:\/\/www.psngiochi.space\/en\/negozio\/\"},{\"@type\":\"ListItem\",\"position\":3,\"name\":\"Gotham Knights\"}]},{\"@type\":\"WebSite\",\"@id\":\"https:\/\/www.psngiochi.space\/en\/#website\",\"url\":\"https:\/\/www.psngiochi.space\/en\/\",\"name\":\"Giochi Digitali PS4 e PS5\",\"description\":\"Noleggio di giochi, vendita di accounts\",\"potentialAction\":[{\"@type\":\"SearchAction\",\"target\":{\"@type\":\"EntryPoint\",\"urlTemplate\":\"https:\/\/www.psngiochi.space\/en\/?s={search_term_string}\"},\"query-input\":{\"@type\":\"PropertyValueSpecification\",\"valueRequired\":true,\"valueName\":\"search_term_string\"}}],\"inLanguage\":\"en-US\"}]}<\/script>\n<!-- \/ Yoast SEO plugin. -->","yoast_head_json":{"title":"Gotham Knights - Giochi Digitali PS4 e PS5","description":"Batman \u00e8 morto e i criminali hanno invaso le strade di Gotham City.","robots":{"index":"index","follow":"follow","max-snippet":"max-snippet:-1","max-image-preview":"max-image-preview:large","max-video-preview":"max-video-preview:-1"},"canonical":"https:\/\/www.psngiochi.space\/en\/product\/gotham-knights\/","og_locale":"en_US","og_type":"article","og_title":"Gotham Knights - Giochi Digitali PS4 e PS5","og_description":"Batman \u00e8 morto e i criminali hanno invaso le strade di Gotham City.","og_url":"https:\/\/www.psngiochi.space\/en\/product\/gotham-knights\/","og_site_name":"Giochi Digitali PS4 e PS5","article_modified_time":"2023-03-11T13:31:29+00:00","og_image":[{"width":803,"height":1000,"url":"https:\/\/www.psngiochi.space\/wp-content\/uploads\/2022\/06\/gotham-knights-psngiochispace-giochi-digitali-ps5-digital-games-ps5-cifrovye-igry-ps5.jpg","type":"image\/jpeg"}],"twitter_card":"summary_large_image","twitter_misc":{"Est. reading time":"1 minute"},"schema":{"@context":"https:\/\/schema.org","@graph":[{"@type":"WebPage","@id":"https:\/\/www.psngiochi.space\/en\/product\/gotham-knights\/","url":"https:\/\/www.psngiochi.space\/en\/product\/gotham-knights\/","name":"Gotham Knights - Giochi Digitali PS4 e PS5","isPartOf":{"@id":"https:\/\/www.psngiochi.space\/en\/#website"},"primaryImageOfPage":{"@id":"https:\/\/www.psngiochi.space\/en\/product\/gotham-knights\/#primaryimage"},"image":{"@id":"https:\/\/www.psngiochi.space\/en\/product\/gotham-knights\/#primaryimage"},"thumbnailUrl":"https:\/\/www.psngiochi.space\/wp-content\/uploads\/2022\/06\/gotham-knights-psngiochispace-giochi-digitali-ps5-digital-games-ps5-cifrovye-igry-ps5.jpg","datePublished":"2022-06-04T16:46:34+00:00","dateModified":"2023-03-11T13:31:29+00:00","description":"Batman \u00e8 morto e i criminali hanno invaso le strade di Gotham City.","breadcrumb":{"@id":"https:\/\/www.psngiochi.space\/en\/product\/gotham-knights\/#breadcrumb"},"inLanguage":"en-US","potentialAction":[{"@type":"ReadAction","target":["https:\/\/www.psngiochi.space\/en\/product\/gotham-knights\/"]}]},{"@type":"ImageObject","inLanguage":"en-US","@id":"https:\/\/www.psngiochi.space\/en\/product\/gotham-knights\/#primaryimage","url":"https:\/\/www.psngiochi.space\/wp-content\/uploads\/2022\/06\/gotham-knights-psngiochispace-giochi-digitali-ps5-digital-games-ps5-cifrovye-igry-ps5.jpg","contentUrl":"https:\/\/www.psngiochi.space\/wp-content\/uploads\/2022\/06\/gotham-knights-psngiochispace-giochi-digitali-ps5-digital-games-ps5-cifrovye-igry-ps5.jpg","width":803,"height":1000},{"@type":"BreadcrumbList","@id":"https:\/\/www.psngiochi.space\/en\/product\/gotham-knights\/#breadcrumb","itemListElement":[{"@type":"ListItem","position":1,"name":"Home","item":"https:\/\/www.psngiochi.space\/en\/"},{"@type":"ListItem","position":2,"name":"Negozio","item":"https:\/\/www.psngiochi.space\/en\/negozio\/"},{"@type":"ListItem","position":3,"name":"Gotham Knights"}]},{"@type":"WebSite","@id":"https:\/\/www.psngiochi.space\/en\/#website","url":"https:\/\/www.psngiochi.space\/en\/","name":"Giochi Digitali PS4 e PS5","description":"Noleggio di giochi, vendita di accounts","potentialAction":[{"@type":"SearchAction","target":{"@type":"EntryPoint","urlTemplate":"https:\/\/www.psngiochi.space\/en\/?s={search_term_string}"},"query-input":{"@type":"PropertyValueSpecification","valueRequired":true,"valueName":"search_term_string"}}],"inLanguage":"en-US"}]}},"_links":{"self":[{"href":"https:\/\/www.psngiochi.space\/en\/wp-json\/wp\/v2\/product\/11327","targetHints":{"allow":["GET"]}}],"collection":[{"href":"https:\/\/www.psngiochi.space\/en\/wp-json\/wp\/v2\/product"}],"about":[{"href":"https:\/\/www.psngiochi.space\/en\/wp-json\/wp\/v2\/types\/product"}],"replies":[{"embeddable":true,"href":"https:\/\/www.psngiochi.space\/en\/wp-json\/wp\/v2\/comments?post=11327"}],"wp:featuredmedia":[{"embeddable":true,"href":"https:\/\/www.psngiochi.space\/en\/wp-json\/wp\/v2\/media\/11328"}],"wp:attachment":[{"href":"https:\/\/www.psngiochi.space\/en\/wp-json\/wp\/v2\/media?parent=11327"}],"wp:term":[{"taxonomy":"product_cat","embeddable":true,"href":"https:\/\/www.psngiochi.space\/en\/wp-json\/wp\/v2\/product_cat?post=11327"},{"taxonomy":"product_tag","embeddable":true,"href":"https:\/\/www.psngiochi.space\/en\/wp-json\/wp\/v2\/product_tag?post=11327"}],"curies":[{"name":"wp","href":"https:\/\/api.w.org\/{rel}","templated":true}]}}