{"id":11129,"date":"2022-01-16T12:40:33","date_gmt":"2022-01-16T11:40:33","guid":{"rendered":"http:\/\/www.psngiochi.space\/?post_type=product&#038;p=11129"},"modified":"2024-06-17T19:36:48","modified_gmt":"2024-06-17T17:36:48","slug":"dying-light-2-stay-human","status":"publish","type":"product","link":"https:\/\/www.psngiochi.space\/en\/product\/dying-light-2-stay-human\/","title":{"rendered":"Dying Light 2 Stay Human"},"content":{"rendered":"<p><span style=\"font-size: 14pt; color: #df1d1d;\">+ GIOCHI BONUS \"<a href=\"http:\/\/www.psngiochi.space\/en\/prodotto\/dying-light-the-following-enhanced-edition\/\">Dying Light: The Following - Enhanced Edition<\/a>\", \"WRC 5 eSports Edition\" per PS4<\/span><\/p>\n<p><span style=\"font-size: 14pt; color: #000000;\">Pi\u00f9 di 20 anni fa, a Harran, abbiamo combattuto il virus e abbiamo perso. Ora stiamo perdendo di nuovo. La Citt\u00e0, uno degli ultimi grandi insediamenti umani, \u00e8 dilaniata dal conflitto.La civilt\u00e0 \u00e8 precipitata di nuovo in un oscuro Medioevo. Ma la speranza non muore.<\/span><\/p>\n<p><span style=\"font-size: 14pt; color: #000000;\">Tu sei un viandante che ha il potere di cambiare il destino della Citt\u00e0. Ma le tue eccezionali abilit\u00e0 hanno un prezzo. Tormentato da ricordi che non riesci a decifrare, parti per scoprire la verit\u00e0... e ti ritrovi in una zona di guerra. Affina le tue abilit\u00e0: per fare amicizie e sconfiggere i nemici avrai bisogno sia di cervello che di muscoli. Svela gli oscuri segreti custoditi da chi detiene il potere, scegli con chi allearti e decidi il tuo destino. Ma dovunque ti portino le tue azioni, c'\u00e8 una cosa che non puoi mai dimenticare: devi restare umano.<\/span><\/p>\n<p><span style=\"font-size: 14pt; color: #000000;\">UN VASTO MONDO APERTO<\/span><br \/>\n<span style=\"font-size: 14pt; color: #000000;\">Partecipa alla vita di una citt\u00e0 precipitata in una nuova epoca buia. Scopri strade diverse e passaggi nascosti mentre esplori i molti livelli e ambienti urbani.<\/span><\/p>\n<p><span style=\"font-size: 14pt; color: #000000;\">LOTTE BRUTALI E CREATIVE<\/span><br \/>\n<span style=\"font-size: 14pt; color: #000000;\">Sfrutta le tue abilit\u00e0 nel parkour per volgere a tuo favore anche gli scontri pi\u00f9 pericolosi. Astuzia, trappole e armi creative saranno i tuoi migliori alleati.<\/span><\/p>\n<p><span style=\"font-size: 14pt; color: #000000;\">CICLO GIORNO\/NOTTE<\/span><br \/>\n<span style=\"font-size: 14pt; color: #000000;\">Aspetta la notte per entrare nei nascondigli degli Infetti. La luce del sole li tiene alla larga, ma di notte i mostri iniziano la caccia, lasciando i covi liberi da esplorare.<\/span><\/p>\n<p><span style=\"font-size: 14pt; color: #000000;\">SCELTE E CONSEGUENZE<\/span><br \/>\n<span style=\"font-size: 14pt; color: #000000;\">Modella il futuro della Citt\u00e0 con le tue azioni e guardala cambiare. Determina l'equilibrio del potere effettuando scelte nel conflitto urbano. Forgia la tua esperienza.<\/span><\/p>\n<p><span style=\"font-size: 14pt; color: #000000;\">CO-OP DA 2 A 4 GIOCATORI<\/span><br \/>\n<span style=\"font-size: 14pt; color: #000000;\">Gioca in co-op fino a quattro giocatori. Ospita le tue partite o unisciti a quelle di altri giocatori e scopri in che modo le loro scelte hanno dato risultati diversi dai tuoi.<\/span><\/p>","protected":false},"excerpt":{"rendered":"<h5 class=\"provider-info__text\"><span class=\"provider-info__list-item\">Uscita: 4\/2\/2022<\/span><span class=\"provider-info__list-item\"> | TECHLAND <\/span><span class=\"provider-info__list-item\">| PS4, PS5<\/span><\/h5>\n<h3><span style=\"font-family: georgia, palatino, serif;\"><span style=\"color: #df1d1d;\">\u23f0 Noleggio per 15 giorni:<\/span><\/span><span style=\"color: #df1d1d;\">\u00a0<span style=\"font-size: 10pt; color: #333333;\">p<\/span><\/span><span style=\"font-family: georgia, palatino, serif; font-size: 10pt; color: #333333;\">ossibilita di giocare dal vostro account personale o sull account fornito (primario o secondario).<\/span><\/h3>\n<h3><span style=\"font-size: 10pt; color: #333333;\">Game for rent is one of the cheapest and most convenient ways to get a game.\u00a0<\/span><span style=\"font-size: 10pt; color: #333333;\">You can also extend the period if you have not finished the game.<\/span><\/h3>","protected":false},"featured_media":11130,"comment_status":"open","ping_status":"closed","template":"","meta":[],"product_cat":[122,142],"product_tag":[115],"class_list":{"0":"post-11129","1":"product","2":"type-product","3":"status-publish","4":"has-post-thumbnail","6":"product_cat-giochi-ps4-in-noleggio","7":"product_cat-giochi-ps5-in-noleggio","8":"product_tag-in-evidenza","10":"first","11":"instock","12":"downloadable","13":"virtual","14":"purchasable","15":"product-type-simple"},"yoast_head":"<!-- This site is optimized with the Yoast SEO plugin v23.9 - https:\/\/yoast.com\/wordpress\/plugins\/seo\/ -->\n<title>Dying Light 2 Stay Human - Giochi Digitali PS4 e PS5<\/title>\n<meta name=\"description\" content=\"Pi\u00f9 di 20 anni fa, a Harran, abbiamo combattuto il virus e abbiamo perso. Ora stiamo perdendo di nuovo.\" \/>\n<meta name=\"robots\" content=\"index, follow, max-snippet:-1, max-image-preview:large, max-video-preview:-1\" \/>\n<link rel=\"canonical\" href=\"https:\/\/www.psngiochi.space\/en\/product\/dying-light-2-stay-human\/\" \/>\n<meta property=\"og:locale\" content=\"en_US\" \/>\n<meta property=\"og:type\" content=\"article\" \/>\n<meta property=\"og:title\" content=\"Dying Light 2 Stay Human - Giochi Digitali PS4 e PS5\" \/>\n<meta property=\"og:description\" content=\"Pi\u00f9 di 20 anni fa, a Harran, abbiamo combattuto il virus e abbiamo perso. Ora stiamo perdendo di nuovo.\" \/>\n<meta property=\"og:url\" content=\"https:\/\/www.psngiochi.space\/en\/product\/dying-light-2-stay-human\/\" \/>\n<meta property=\"og:site_name\" content=\"Giochi Digitali PS4 e PS5\" \/>\n<meta property=\"article:modified_time\" content=\"2024-06-17T17:36:48+00:00\" \/>\n<meta property=\"og:image\" content=\"https:\/\/www.psngiochi.space\/wp-content\/uploads\/2022\/01\/dying-light-2-stay-human-psngiochispace-giochi-digitali-ps4-ps5-digital-games-ps4-ps5-cifrovye-igry-ps4-ps5.jpg\" \/>\n\t<meta property=\"og:image:width\" content=\"803\" \/>\n\t<meta property=\"og:image:height\" content=\"1000\" \/>\n\t<meta property=\"og:image:type\" content=\"image\/jpeg\" \/>\n<meta name=\"twitter:card\" content=\"summary_large_image\" \/>\n<meta name=\"twitter:label1\" content=\"Est. reading time\" \/>\n\t<meta name=\"twitter:data1\" content=\"2 minutes\" \/>\n<script type=\"application\/ld+json\" class=\"yoast-schema-graph\">{\"@context\":\"https:\/\/schema.org\",\"@graph\":[{\"@type\":\"WebPage\",\"@id\":\"https:\/\/www.psngiochi.space\/en\/product\/dying-light-2-stay-human\/\",\"url\":\"https:\/\/www.psngiochi.space\/en\/product\/dying-light-2-stay-human\/\",\"name\":\"Dying Light 2 Stay Human - Giochi Digitali PS4 e PS5\",\"isPartOf\":{\"@id\":\"https:\/\/www.psngiochi.space\/en\/#website\"},\"primaryImageOfPage\":{\"@id\":\"https:\/\/www.psngiochi.space\/en\/product\/dying-light-2-stay-human\/#primaryimage\"},\"image\":{\"@id\":\"https:\/\/www.psngiochi.space\/en\/product\/dying-light-2-stay-human\/#primaryimage\"},\"thumbnailUrl\":\"https:\/\/www.psngiochi.space\/wp-content\/uploads\/2022\/01\/dying-light-2-stay-human-psngiochispace-giochi-digitali-ps4-ps5-digital-games-ps4-ps5-cifrovye-igry-ps4-ps5.jpg\",\"datePublished\":\"2022-01-16T11:40:33+00:00\",\"dateModified\":\"2024-06-17T17:36:48+00:00\",\"description\":\"Pi\u00f9 di 20 anni fa, a Harran, abbiamo combattuto il virus e abbiamo perso. Ora stiamo perdendo di nuovo.\",\"breadcrumb\":{\"@id\":\"https:\/\/www.psngiochi.space\/en\/product\/dying-light-2-stay-human\/#breadcrumb\"},\"inLanguage\":\"en-US\",\"potentialAction\":[{\"@type\":\"ReadAction\",\"target\":[\"https:\/\/www.psngiochi.space\/en\/product\/dying-light-2-stay-human\/\"]}]},{\"@type\":\"ImageObject\",\"inLanguage\":\"en-US\",\"@id\":\"https:\/\/www.psngiochi.space\/en\/product\/dying-light-2-stay-human\/#primaryimage\",\"url\":\"https:\/\/www.psngiochi.space\/wp-content\/uploads\/2022\/01\/dying-light-2-stay-human-psngiochispace-giochi-digitali-ps4-ps5-digital-games-ps4-ps5-cifrovye-igry-ps4-ps5.jpg\",\"contentUrl\":\"https:\/\/www.psngiochi.space\/wp-content\/uploads\/2022\/01\/dying-light-2-stay-human-psngiochispace-giochi-digitali-ps4-ps5-digital-games-ps4-ps5-cifrovye-igry-ps4-ps5.jpg\",\"width\":803,\"height\":1000},{\"@type\":\"BreadcrumbList\",\"@id\":\"https:\/\/www.psngiochi.space\/en\/product\/dying-light-2-stay-human\/#breadcrumb\",\"itemListElement\":[{\"@type\":\"ListItem\",\"position\":1,\"name\":\"Home\",\"item\":\"https:\/\/www.psngiochi.space\/en\/\"},{\"@type\":\"ListItem\",\"position\":2,\"name\":\"Negozio\",\"item\":\"https:\/\/www.psngiochi.space\/en\/negozio\/\"},{\"@type\":\"ListItem\",\"position\":3,\"name\":\"Dying Light 2 Stay Human\"}]},{\"@type\":\"WebSite\",\"@id\":\"https:\/\/www.psngiochi.space\/en\/#website\",\"url\":\"https:\/\/www.psngiochi.space\/en\/\",\"name\":\"Giochi Digitali PS4 e PS5\",\"description\":\"Noleggio di giochi, vendita di accounts\",\"potentialAction\":[{\"@type\":\"SearchAction\",\"target\":{\"@type\":\"EntryPoint\",\"urlTemplate\":\"https:\/\/www.psngiochi.space\/en\/?s={search_term_string}\"},\"query-input\":{\"@type\":\"PropertyValueSpecification\",\"valueRequired\":true,\"valueName\":\"search_term_string\"}}],\"inLanguage\":\"en-US\"}]}<\/script>\n<!-- \/ Yoast SEO plugin. -->","yoast_head_json":{"title":"Dying Light 2 Stay Human - Giochi Digitali PS4 e PS5","description":"Pi\u00f9 di 20 anni fa, a Harran, abbiamo combattuto il virus e abbiamo perso. Ora stiamo perdendo di nuovo.","robots":{"index":"index","follow":"follow","max-snippet":"max-snippet:-1","max-image-preview":"max-image-preview:large","max-video-preview":"max-video-preview:-1"},"canonical":"https:\/\/www.psngiochi.space\/en\/product\/dying-light-2-stay-human\/","og_locale":"en_US","og_type":"article","og_title":"Dying Light 2 Stay Human - Giochi Digitali PS4 e PS5","og_description":"Pi\u00f9 di 20 anni fa, a Harran, abbiamo combattuto il virus e abbiamo perso. Ora stiamo perdendo di nuovo.","og_url":"https:\/\/www.psngiochi.space\/en\/product\/dying-light-2-stay-human\/","og_site_name":"Giochi Digitali PS4 e PS5","article_modified_time":"2024-06-17T17:36:48+00:00","og_image":[{"width":803,"height":1000,"url":"https:\/\/www.psngiochi.space\/wp-content\/uploads\/2022\/01\/dying-light-2-stay-human-psngiochispace-giochi-digitali-ps4-ps5-digital-games-ps4-ps5-cifrovye-igry-ps4-ps5.jpg","type":"image\/jpeg"}],"twitter_card":"summary_large_image","twitter_misc":{"Est. reading time":"2 minutes"},"schema":{"@context":"https:\/\/schema.org","@graph":[{"@type":"WebPage","@id":"https:\/\/www.psngiochi.space\/en\/product\/dying-light-2-stay-human\/","url":"https:\/\/www.psngiochi.space\/en\/product\/dying-light-2-stay-human\/","name":"Dying Light 2 Stay Human - Giochi Digitali PS4 e PS5","isPartOf":{"@id":"https:\/\/www.psngiochi.space\/en\/#website"},"primaryImageOfPage":{"@id":"https:\/\/www.psngiochi.space\/en\/product\/dying-light-2-stay-human\/#primaryimage"},"image":{"@id":"https:\/\/www.psngiochi.space\/en\/product\/dying-light-2-stay-human\/#primaryimage"},"thumbnailUrl":"https:\/\/www.psngiochi.space\/wp-content\/uploads\/2022\/01\/dying-light-2-stay-human-psngiochispace-giochi-digitali-ps4-ps5-digital-games-ps4-ps5-cifrovye-igry-ps4-ps5.jpg","datePublished":"2022-01-16T11:40:33+00:00","dateModified":"2024-06-17T17:36:48+00:00","description":"Pi\u00f9 di 20 anni fa, a Harran, abbiamo combattuto il virus e abbiamo perso. Ora stiamo perdendo di nuovo.","breadcrumb":{"@id":"https:\/\/www.psngiochi.space\/en\/product\/dying-light-2-stay-human\/#breadcrumb"},"inLanguage":"en-US","potentialAction":[{"@type":"ReadAction","target":["https:\/\/www.psngiochi.space\/en\/product\/dying-light-2-stay-human\/"]}]},{"@type":"ImageObject","inLanguage":"en-US","@id":"https:\/\/www.psngiochi.space\/en\/product\/dying-light-2-stay-human\/#primaryimage","url":"https:\/\/www.psngiochi.space\/wp-content\/uploads\/2022\/01\/dying-light-2-stay-human-psngiochispace-giochi-digitali-ps4-ps5-digital-games-ps4-ps5-cifrovye-igry-ps4-ps5.jpg","contentUrl":"https:\/\/www.psngiochi.space\/wp-content\/uploads\/2022\/01\/dying-light-2-stay-human-psngiochispace-giochi-digitali-ps4-ps5-digital-games-ps4-ps5-cifrovye-igry-ps4-ps5.jpg","width":803,"height":1000},{"@type":"BreadcrumbList","@id":"https:\/\/www.psngiochi.space\/en\/product\/dying-light-2-stay-human\/#breadcrumb","itemListElement":[{"@type":"ListItem","position":1,"name":"Home","item":"https:\/\/www.psngiochi.space\/en\/"},{"@type":"ListItem","position":2,"name":"Negozio","item":"https:\/\/www.psngiochi.space\/en\/negozio\/"},{"@type":"ListItem","position":3,"name":"Dying Light 2 Stay Human"}]},{"@type":"WebSite","@id":"https:\/\/www.psngiochi.space\/en\/#website","url":"https:\/\/www.psngiochi.space\/en\/","name":"Giochi Digitali PS4 e PS5","description":"Noleggio di giochi, vendita di accounts","potentialAction":[{"@type":"SearchAction","target":{"@type":"EntryPoint","urlTemplate":"https:\/\/www.psngiochi.space\/en\/?s={search_term_string}"},"query-input":{"@type":"PropertyValueSpecification","valueRequired":true,"valueName":"search_term_string"}}],"inLanguage":"en-US"}]}},"_links":{"self":[{"href":"https:\/\/www.psngiochi.space\/en\/wp-json\/wp\/v2\/product\/11129","targetHints":{"allow":["GET"]}}],"collection":[{"href":"https:\/\/www.psngiochi.space\/en\/wp-json\/wp\/v2\/product"}],"about":[{"href":"https:\/\/www.psngiochi.space\/en\/wp-json\/wp\/v2\/types\/product"}],"replies":[{"embeddable":true,"href":"https:\/\/www.psngiochi.space\/en\/wp-json\/wp\/v2\/comments?post=11129"}],"wp:featuredmedia":[{"embeddable":true,"href":"https:\/\/www.psngiochi.space\/en\/wp-json\/wp\/v2\/media\/11130"}],"wp:attachment":[{"href":"https:\/\/www.psngiochi.space\/en\/wp-json\/wp\/v2\/media?parent=11129"}],"wp:term":[{"taxonomy":"product_cat","embeddable":true,"href":"https:\/\/www.psngiochi.space\/en\/wp-json\/wp\/v2\/product_cat?post=11129"},{"taxonomy":"product_tag","embeddable":true,"href":"https:\/\/www.psngiochi.space\/en\/wp-json\/wp\/v2\/product_tag?post=11129"}],"curies":[{"name":"wp","href":"https:\/\/api.w.org\/{rel}","templated":true}]}}