{"id":11079,"date":"2021-12-26T18:31:20","date_gmt":"2021-12-26T17:31:20","guid":{"rendered":"http:\/\/www.psngiochi.space\/?post_type=product&#038;p=11079"},"modified":"2023-02-02T17:52:31","modified_gmt":"2023-02-02T16:52:31","slug":"serious-sam-4","status":"publish","type":"product","link":"https:\/\/www.psngiochi.space\/en\/product\/serious-sam-4\/","title":{"rendered":"Serious Sam 4"},"content":{"rendered":"<p><span style=\"font-size: 14pt; color: #000000;\">Con Serious Sam 4 rivivi la classica serie FPS in un prequel supercarico di arsenale esplosivo, carneficine intergalattiche e battute sempre pronte.<\/span><\/p>\n<p><span style=\"font-size: 14pt; color: #000000;\">L'umanit\u00e0 \u00e8 sotto assedio mentre l'intera forza delle orde di Mental si diffonde in tutto il mondo, devastando ci\u00f2 che rimane di una civilt\u00e0 distrutta e sconfitta. L'ultima resistenza rimasta all'invasione \u00e8 la Earth Defence Force, guidata da Sam \"Serious\" Stone e la sua squadra pesantemente armata di commando disadattati.<\/span><\/p>\n<p><span style=\"font-size: 14pt; color: #000000;\">Croteam ritorna con un prequel ad alta potenza per la serie Serious Sam, portando il caos a livelli senza precedenti. La classica formula di Serious Sam \u00e8 stata rinnovata includendo un inarrestabile arsenale contro un numero inimmaginabile di nemici, richiedendo ai giocatori di sviarsi in cerchi e di lanciarsi indietro a situazioni impossibili.<\/span><\/p>\n<p><span style=\"font-size: 14pt; color: #000000;\">ORDE DI INVASORI<\/span><br \/>\n<span style=\"font-size: 14pt; color: #000000;\">L'iconico cast di invasori alieni ritorna con dei nuovi rinforzi! Fatti strada attraverso un numero incredibile di tirapiedi Mental tra cui l'iconico Headless Kamikaze, Beheaded Rocketeer, Kleer, Scrapjack, Werebull e Khnum! Combatti contro nemici nuovi di zecca e mostri torreggianti come il frenetico Processed, il ripugnante Belcher, il duro Brute Zealot e altro ancora.<\/span><\/p>\n<p><span style=\"font-size: 14pt; color: #000000;\">ARSENALE ESPLOSIVO<\/span><br \/>\n<span style=\"font-size: 14pt; color: #000000;\">Armato di una serie di armi devastanti, scegli il tuo strumento per ogni situazione. Distruggi le orde di Mental usando il potente fucile a doppia canna, il minigun punitivo, il potente lancia-motosega, un nuovissimo fucile automatico e l'iconico cannone. Migliora i tuoi giocattoli e goditi la bellezza distruttiva del lanciarazzi guidato e il possente raggio laser della morte.<\/span><\/p>\n<p><span style=\"font-size: 14pt; color: #000000;\">CAOS COOPERATIVO<\/span><br \/>\n<span style=\"font-size: 14pt; color: #000000;\">Sfonda la campagna piena d'azione con gli amici in modalit\u00e0 cooperativa online a 4 giocatori! Affronta le frenetiche missioni primarie e secondarie con difficolt\u00e0 personalizzabili per una sfida aggiuntiva.<\/span><\/p>\n<p><span style=\"font-size: 14pt; color: #000000;\">SISTEMA LEGION<\/span><br \/>\n<span style=\"font-size: 14pt; color: #000000;\">Con Serious Sam 4 scopri alcuni dei pi\u00f9 grandi momenti della storia della serie con il nuovo sistema Legion e campi di battaglia brulicanti di migliaia di nemici.<\/span><\/p>","protected":false},"excerpt":{"rendered":"<h5 class=\"provider-info__text\"><span class=\"provider-info__list-item\">Pubblicato 22\/12\/2021<\/span><span class=\"provider-info__list-item\">\u00a0| Dimens. file: 00.00 GB<\/span><\/h5>\n<h3><span style=\"font-family: georgia, palatino, serif;\"><span style=\"color: #df1d1d;\">\u23f0 Noleggio per 15 giorni:<\/span><\/span><span style=\"color: #df1d1d;\">\u00a0<span style=\"font-size: 10pt; color: #333333;\">p<\/span><\/span><span style=\"font-family: georgia, palatino, serif; font-size: 10pt; color: #333333;\">ossibilita di giocare dal vostro account personale o sull account fornito (primario o secondario).<\/span><\/h3>\n<h3><span style=\"font-size: 10pt; color: #333333;\">Game for rent is one of the cheapest and most convenient ways to get a game.\u00a0<\/span><span style=\"font-size: 10pt; color: #333333;\">You can also extend the period if you have not finished the game.<\/span><\/h3>","protected":false},"featured_media":11080,"comment_status":"open","ping_status":"closed","template":"","meta":[],"product_cat":[142],"product_tag":[75,88],"class_list":{"0":"post-11079","1":"product","2":"type-product","3":"status-publish","4":"has-post-thumbnail","6":"product_cat-giochi-ps5-in-noleggio","7":"product_tag-azione","8":"product_tag-sparatutto","10":"first","11":"instock","12":"downloadable","13":"virtual","14":"purchasable","15":"product-type-simple"},"yoast_head":"<!-- This site is optimized with the Yoast SEO plugin v23.9 - https:\/\/yoast.com\/wordpress\/plugins\/seo\/ -->\n<title>Serious Sam 4 - Giochi Digitali PS4 e PS5<\/title>\n<meta name=\"description\" content=\"Con Serious Sam 4 rivivi la classica serie FPS in un prequel supercarico di arsenale esplosivo, carneficine intergalattiche e battute sempre pronte.\" \/>\n<meta name=\"robots\" content=\"index, follow, max-snippet:-1, max-image-preview:large, max-video-preview:-1\" \/>\n<link rel=\"canonical\" href=\"https:\/\/www.psngiochi.space\/en\/product\/serious-sam-4\/\" \/>\n<meta property=\"og:locale\" content=\"en_US\" \/>\n<meta property=\"og:type\" content=\"article\" \/>\n<meta property=\"og:title\" content=\"Serious Sam 4 - Giochi Digitali PS4 e PS5\" \/>\n<meta property=\"og:description\" content=\"Con Serious Sam 4 rivivi la classica serie FPS in un prequel supercarico di arsenale esplosivo, carneficine intergalattiche e battute sempre pronte.\" \/>\n<meta property=\"og:url\" content=\"https:\/\/www.psngiochi.space\/en\/product\/serious-sam-4\/\" \/>\n<meta property=\"og:site_name\" content=\"Giochi Digitali PS4 e PS5\" \/>\n<meta property=\"article:modified_time\" content=\"2023-02-02T16:52:31+00:00\" \/>\n<meta property=\"og:image\" content=\"https:\/\/www.psngiochi.space\/wp-content\/uploads\/2021\/12\/serious-sam-4-psngiochispace-giochi-digitali-ps5-digital-games-ps5-cifrovye-igry-ps5.jpg\" \/>\n\t<meta property=\"og:image:width\" content=\"803\" \/>\n\t<meta property=\"og:image:height\" content=\"1000\" \/>\n\t<meta property=\"og:image:type\" content=\"image\/jpeg\" \/>\n<meta name=\"twitter:card\" content=\"summary_large_image\" \/>\n<meta name=\"twitter:label1\" content=\"Est. reading time\" \/>\n\t<meta name=\"twitter:data1\" content=\"1 minute\" \/>\n<script type=\"application\/ld+json\" class=\"yoast-schema-graph\">{\"@context\":\"https:\/\/schema.org\",\"@graph\":[{\"@type\":\"WebPage\",\"@id\":\"https:\/\/www.psngiochi.space\/en\/product\/serious-sam-4\/\",\"url\":\"https:\/\/www.psngiochi.space\/en\/product\/serious-sam-4\/\",\"name\":\"Serious Sam 4 - Giochi Digitali PS4 e PS5\",\"isPartOf\":{\"@id\":\"https:\/\/www.psngiochi.space\/en\/#website\"},\"primaryImageOfPage\":{\"@id\":\"https:\/\/www.psngiochi.space\/en\/product\/serious-sam-4\/#primaryimage\"},\"image\":{\"@id\":\"https:\/\/www.psngiochi.space\/en\/product\/serious-sam-4\/#primaryimage\"},\"thumbnailUrl\":\"https:\/\/www.psngiochi.space\/wp-content\/uploads\/2021\/12\/serious-sam-4-psngiochispace-giochi-digitali-ps5-digital-games-ps5-cifrovye-igry-ps5.jpg\",\"datePublished\":\"2021-12-26T17:31:20+00:00\",\"dateModified\":\"2023-02-02T16:52:31+00:00\",\"description\":\"Con Serious Sam 4 rivivi la classica serie FPS in un prequel supercarico di arsenale esplosivo, carneficine intergalattiche e battute sempre pronte.\",\"breadcrumb\":{\"@id\":\"https:\/\/www.psngiochi.space\/en\/product\/serious-sam-4\/#breadcrumb\"},\"inLanguage\":\"en-US\",\"potentialAction\":[{\"@type\":\"ReadAction\",\"target\":[\"https:\/\/www.psngiochi.space\/en\/product\/serious-sam-4\/\"]}]},{\"@type\":\"ImageObject\",\"inLanguage\":\"en-US\",\"@id\":\"https:\/\/www.psngiochi.space\/en\/product\/serious-sam-4\/#primaryimage\",\"url\":\"https:\/\/www.psngiochi.space\/wp-content\/uploads\/2021\/12\/serious-sam-4-psngiochispace-giochi-digitali-ps5-digital-games-ps5-cifrovye-igry-ps5.jpg\",\"contentUrl\":\"https:\/\/www.psngiochi.space\/wp-content\/uploads\/2021\/12\/serious-sam-4-psngiochispace-giochi-digitali-ps5-digital-games-ps5-cifrovye-igry-ps5.jpg\",\"width\":803,\"height\":1000},{\"@type\":\"BreadcrumbList\",\"@id\":\"https:\/\/www.psngiochi.space\/en\/product\/serious-sam-4\/#breadcrumb\",\"itemListElement\":[{\"@type\":\"ListItem\",\"position\":1,\"name\":\"Home\",\"item\":\"https:\/\/www.psngiochi.space\/en\/\"},{\"@type\":\"ListItem\",\"position\":2,\"name\":\"Negozio\",\"item\":\"https:\/\/www.psngiochi.space\/en\/negozio\/\"},{\"@type\":\"ListItem\",\"position\":3,\"name\":\"Serious Sam 4\"}]},{\"@type\":\"WebSite\",\"@id\":\"https:\/\/www.psngiochi.space\/en\/#website\",\"url\":\"https:\/\/www.psngiochi.space\/en\/\",\"name\":\"Giochi Digitali PS4 e PS5\",\"description\":\"Noleggio di giochi, vendita di accounts\",\"potentialAction\":[{\"@type\":\"SearchAction\",\"target\":{\"@type\":\"EntryPoint\",\"urlTemplate\":\"https:\/\/www.psngiochi.space\/en\/?s={search_term_string}\"},\"query-input\":{\"@type\":\"PropertyValueSpecification\",\"valueRequired\":true,\"valueName\":\"search_term_string\"}}],\"inLanguage\":\"en-US\"}]}<\/script>\n<!-- \/ Yoast SEO plugin. -->","yoast_head_json":{"title":"Serious Sam 4 - Giochi Digitali PS4 e PS5","description":"Con Serious Sam 4 rivivi la classica serie FPS in un prequel supercarico di arsenale esplosivo, carneficine intergalattiche e battute sempre pronte.","robots":{"index":"index","follow":"follow","max-snippet":"max-snippet:-1","max-image-preview":"max-image-preview:large","max-video-preview":"max-video-preview:-1"},"canonical":"https:\/\/www.psngiochi.space\/en\/product\/serious-sam-4\/","og_locale":"en_US","og_type":"article","og_title":"Serious Sam 4 - Giochi Digitali PS4 e PS5","og_description":"Con Serious Sam 4 rivivi la classica serie FPS in un prequel supercarico di arsenale esplosivo, carneficine intergalattiche e battute sempre pronte.","og_url":"https:\/\/www.psngiochi.space\/en\/product\/serious-sam-4\/","og_site_name":"Giochi Digitali PS4 e PS5","article_modified_time":"2023-02-02T16:52:31+00:00","og_image":[{"width":803,"height":1000,"url":"https:\/\/www.psngiochi.space\/wp-content\/uploads\/2021\/12\/serious-sam-4-psngiochispace-giochi-digitali-ps5-digital-games-ps5-cifrovye-igry-ps5.jpg","type":"image\/jpeg"}],"twitter_card":"summary_large_image","twitter_misc":{"Est. reading time":"1 minute"},"schema":{"@context":"https:\/\/schema.org","@graph":[{"@type":"WebPage","@id":"https:\/\/www.psngiochi.space\/en\/product\/serious-sam-4\/","url":"https:\/\/www.psngiochi.space\/en\/product\/serious-sam-4\/","name":"Serious Sam 4 - Giochi Digitali PS4 e PS5","isPartOf":{"@id":"https:\/\/www.psngiochi.space\/en\/#website"},"primaryImageOfPage":{"@id":"https:\/\/www.psngiochi.space\/en\/product\/serious-sam-4\/#primaryimage"},"image":{"@id":"https:\/\/www.psngiochi.space\/en\/product\/serious-sam-4\/#primaryimage"},"thumbnailUrl":"https:\/\/www.psngiochi.space\/wp-content\/uploads\/2021\/12\/serious-sam-4-psngiochispace-giochi-digitali-ps5-digital-games-ps5-cifrovye-igry-ps5.jpg","datePublished":"2021-12-26T17:31:20+00:00","dateModified":"2023-02-02T16:52:31+00:00","description":"Con Serious Sam 4 rivivi la classica serie FPS in un prequel supercarico di arsenale esplosivo, carneficine intergalattiche e battute sempre pronte.","breadcrumb":{"@id":"https:\/\/www.psngiochi.space\/en\/product\/serious-sam-4\/#breadcrumb"},"inLanguage":"en-US","potentialAction":[{"@type":"ReadAction","target":["https:\/\/www.psngiochi.space\/en\/product\/serious-sam-4\/"]}]},{"@type":"ImageObject","inLanguage":"en-US","@id":"https:\/\/www.psngiochi.space\/en\/product\/serious-sam-4\/#primaryimage","url":"https:\/\/www.psngiochi.space\/wp-content\/uploads\/2021\/12\/serious-sam-4-psngiochispace-giochi-digitali-ps5-digital-games-ps5-cifrovye-igry-ps5.jpg","contentUrl":"https:\/\/www.psngiochi.space\/wp-content\/uploads\/2021\/12\/serious-sam-4-psngiochispace-giochi-digitali-ps5-digital-games-ps5-cifrovye-igry-ps5.jpg","width":803,"height":1000},{"@type":"BreadcrumbList","@id":"https:\/\/www.psngiochi.space\/en\/product\/serious-sam-4\/#breadcrumb","itemListElement":[{"@type":"ListItem","position":1,"name":"Home","item":"https:\/\/www.psngiochi.space\/en\/"},{"@type":"ListItem","position":2,"name":"Negozio","item":"https:\/\/www.psngiochi.space\/en\/negozio\/"},{"@type":"ListItem","position":3,"name":"Serious Sam 4"}]},{"@type":"WebSite","@id":"https:\/\/www.psngiochi.space\/en\/#website","url":"https:\/\/www.psngiochi.space\/en\/","name":"Giochi Digitali PS4 e PS5","description":"Noleggio di giochi, vendita di accounts","potentialAction":[{"@type":"SearchAction","target":{"@type":"EntryPoint","urlTemplate":"https:\/\/www.psngiochi.space\/en\/?s={search_term_string}"},"query-input":{"@type":"PropertyValueSpecification","valueRequired":true,"valueName":"search_term_string"}}],"inLanguage":"en-US"}]}},"_links":{"self":[{"href":"https:\/\/www.psngiochi.space\/en\/wp-json\/wp\/v2\/product\/11079","targetHints":{"allow":["GET"]}}],"collection":[{"href":"https:\/\/www.psngiochi.space\/en\/wp-json\/wp\/v2\/product"}],"about":[{"href":"https:\/\/www.psngiochi.space\/en\/wp-json\/wp\/v2\/types\/product"}],"replies":[{"embeddable":true,"href":"https:\/\/www.psngiochi.space\/en\/wp-json\/wp\/v2\/comments?post=11079"}],"wp:featuredmedia":[{"embeddable":true,"href":"https:\/\/www.psngiochi.space\/en\/wp-json\/wp\/v2\/media\/11080"}],"wp:attachment":[{"href":"https:\/\/www.psngiochi.space\/en\/wp-json\/wp\/v2\/media?parent=11079"}],"wp:term":[{"taxonomy":"product_cat","embeddable":true,"href":"https:\/\/www.psngiochi.space\/en\/wp-json\/wp\/v2\/product_cat?post=11079"},{"taxonomy":"product_tag","embeddable":true,"href":"https:\/\/www.psngiochi.space\/en\/wp-json\/wp\/v2\/product_tag?post=11079"}],"curies":[{"name":"wp","href":"https:\/\/api.w.org\/{rel}","templated":true}]}}