{"id":10748,"date":"2021-09-24T19:33:22","date_gmt":"2021-09-24T17:33:22","guid":{"rendered":"http:\/\/www.psngiochi.space\/?post_type=product&#038;p=10748"},"modified":"2025-04-28T19:15:14","modified_gmt":"2025-04-28T17:15:14","slug":"alan-wake-remastered","status":"publish","type":"product","link":"https:\/\/www.psngiochi.space\/en\/product\/alan-wake-remastered\/","title":{"rendered":"Alan Wake Remastered [Secondario]"},"content":{"rendered":"<p><span style=\"font-size: 14pt; color: #df1d1d;\">+ GIOCO BONUS \"Thief\"<\/span><\/p>\n<p><span style=\"font-size: 14pt; color: #000000;\">In questo premiato thriller d'azione cinematografico, il tormentato autore Alan Wake si lancia alla disperata ricerca della moglie scomparsa, Alice. In seguito alla sua misteriosa sparizione dalla citt\u00e0 di Bright Falls, situata nel nord-ovest del Pacifico, scopre le pagine di un racconto horror scritto presumibilmente da lui, ma di cui non ha alcun ricordo.<\/span><\/p>\n<p><span style=\"font-size: 14pt; color: #000000;\">Wake \u00e8 presto costretto a mettere in dubbio la sua sanit\u00e0 mentale, mentre pagina dopo pagina, il racconto si avvera davanti ai suoi occhi: un'ostile e tenebrosa entit\u00e0 sovrannaturale si sta insediando in chiunque trovi davanti a s\u00e9, mettendoli contro di lui. Non ha altra scelta che affrontare le forze dell'oscurit\u00e0 armato solo della sua torcia, una pistola e ci\u00f2 che resta della sua mente sconvolta. Il viaggio da incubo che deve affrontare per trovare risposte al complicato mistero lo condurr\u00e0 nelle terrificanti profondit\u00e0 della notte.<\/span><\/p>\n<p><span style=\"font-size: 14pt; color: #000000;\">Alan Wake Remastered offre un'esperienza completa, con il gioco principale e le sue due espansioni - The Signal e The Writer - in una nuova splendida grafica 4K. L'intensa storia a episodi \u00e8 ricca di colpi di scena inaspettati, suspense da cardiopalma e sequenze di combattimento mozzafiato in cui ci vorranno ben pi\u00f9 dei proiettili per sconfiggere l'oscurit\u00e0. I filmati di gioco, l'eccentrico cast di personaggi e i maestosi panorami del nord-ovest del Pacifico, sono stati migliorati per un'esperienza che garantisce un forte impatto visivo e un'atmosfera inquietante.<\/span><\/p>","protected":false},"excerpt":{"rendered":"<h5 class=\"provider-info__text\"><span class=\"provider-info__list-item\">Pubblicato 5\/10\/2021<\/span><span class=\"provider-info__list-item\">\u00a0| Dimens. file: 00.00 GB<\/span><\/h5>\n<h3><span style=\"font-family: georgia, palatino, serif;\"><span style=\"color: #df1d1d;\">\u23f0 Noleggio per 10 giorni:<\/span><\/span><span style=\"color: #df1d1d;\">\u00a0<span style=\"font-size: 10pt; color: #333333;\">p<\/span><\/span><span style=\"font-family: georgia, palatino, serif; font-size: 10pt; color: #333333;\">ossibilita di giocare dal vostro account personale o sull account fornito (primario o secondario).<\/span><\/h3>\n<h3><span style=\"font-size: 10pt; color: #333333;\">Game for rent is one of the cheapest and most convenient ways to get a game.\u00a0<\/span><span style=\"font-size: 10pt; color: #333333;\">You can also extend the period if you have not finished the game.<\/span><\/h3>","protected":false},"featured_media":10775,"comment_status":"open","ping_status":"closed","template":"","meta":[],"product_cat":[122,142],"product_tag":[75],"class_list":{"0":"post-10748","1":"product","2":"type-product","3":"status-publish","4":"has-post-thumbnail","6":"product_cat-giochi-ps4-in-noleggio","7":"product_cat-giochi-ps5-in-noleggio","8":"product_tag-azione","10":"first","11":"outofstock","12":"downloadable","13":"virtual","14":"purchasable","15":"product-type-simple"},"yoast_head":"<!-- This site is optimized with the Yoast SEO plugin v23.9 - https:\/\/yoast.com\/wordpress\/plugins\/seo\/ -->\n<title>Alan Wake Remastered [Secondario] - Giochi Digitali PS4 e PS5<\/title>\n<meta name=\"description\" content=\"In questo premiato thriller d&#039;azione cinematografico, il tormentato autore Alan Wake si lancia alla disperata ricerca della moglie scomparsa, Alice.\" \/>\n<meta name=\"robots\" content=\"index, follow, max-snippet:-1, max-image-preview:large, max-video-preview:-1\" \/>\n<link rel=\"canonical\" href=\"https:\/\/www.psngiochi.space\/en\/product\/alan-wake-remastered\/\" \/>\n<meta property=\"og:locale\" content=\"en_US\" \/>\n<meta property=\"og:type\" content=\"article\" \/>\n<meta property=\"og:title\" content=\"Alan Wake Remastered [Secondario] - Giochi Digitali PS4 e PS5\" \/>\n<meta property=\"og:description\" content=\"In questo premiato thriller d&#039;azione cinematografico, il tormentato autore Alan Wake si lancia alla disperata ricerca della moglie scomparsa, Alice.\" \/>\n<meta property=\"og:url\" content=\"https:\/\/www.psngiochi.space\/en\/product\/alan-wake-remastered\/\" \/>\n<meta property=\"og:site_name\" content=\"Giochi Digitali PS4 e PS5\" \/>\n<meta property=\"article:modified_time\" content=\"2025-04-28T17:15:14+00:00\" \/>\n<meta property=\"og:image\" content=\"https:\/\/www.psngiochi.space\/wp-content\/uploads\/2021\/09\/alan-wake-remastered-psngiochispace-giochi-digitali-ps4-ps5-digital-games-ps4-ps5-cifrovye-igry-ps4-ps5.jpg\" \/>\n\t<meta property=\"og:image:width\" content=\"803\" \/>\n\t<meta property=\"og:image:height\" content=\"1000\" \/>\n\t<meta property=\"og:image:type\" content=\"image\/jpeg\" \/>\n<meta name=\"twitter:card\" content=\"summary_large_image\" \/>\n<meta name=\"twitter:label1\" content=\"Est. reading time\" \/>\n\t<meta name=\"twitter:data1\" content=\"1 minute\" \/>\n<script type=\"application\/ld+json\" class=\"yoast-schema-graph\">{\"@context\":\"https:\/\/schema.org\",\"@graph\":[{\"@type\":\"WebPage\",\"@id\":\"https:\/\/www.psngiochi.space\/en\/product\/alan-wake-remastered\/\",\"url\":\"https:\/\/www.psngiochi.space\/en\/product\/alan-wake-remastered\/\",\"name\":\"Alan Wake Remastered [Secondario] - Giochi Digitali PS4 e PS5\",\"isPartOf\":{\"@id\":\"https:\/\/www.psngiochi.space\/en\/#website\"},\"primaryImageOfPage\":{\"@id\":\"https:\/\/www.psngiochi.space\/en\/product\/alan-wake-remastered\/#primaryimage\"},\"image\":{\"@id\":\"https:\/\/www.psngiochi.space\/en\/product\/alan-wake-remastered\/#primaryimage\"},\"thumbnailUrl\":\"https:\/\/www.psngiochi.space\/wp-content\/uploads\/2021\/09\/alan-wake-remastered-psngiochispace-giochi-digitali-ps4-ps5-digital-games-ps4-ps5-cifrovye-igry-ps4-ps5.jpg\",\"datePublished\":\"2021-09-24T17:33:22+00:00\",\"dateModified\":\"2025-04-28T17:15:14+00:00\",\"description\":\"In questo premiato thriller d'azione cinematografico, il tormentato autore Alan Wake si lancia alla disperata ricerca della moglie scomparsa, Alice.\",\"breadcrumb\":{\"@id\":\"https:\/\/www.psngiochi.space\/en\/product\/alan-wake-remastered\/#breadcrumb\"},\"inLanguage\":\"en-US\",\"potentialAction\":[{\"@type\":\"ReadAction\",\"target\":[\"https:\/\/www.psngiochi.space\/en\/product\/alan-wake-remastered\/\"]}]},{\"@type\":\"ImageObject\",\"inLanguage\":\"en-US\",\"@id\":\"https:\/\/www.psngiochi.space\/en\/product\/alan-wake-remastered\/#primaryimage\",\"url\":\"https:\/\/www.psngiochi.space\/wp-content\/uploads\/2021\/09\/alan-wake-remastered-psngiochispace-giochi-digitali-ps4-ps5-digital-games-ps4-ps5-cifrovye-igry-ps4-ps5.jpg\",\"contentUrl\":\"https:\/\/www.psngiochi.space\/wp-content\/uploads\/2021\/09\/alan-wake-remastered-psngiochispace-giochi-digitali-ps4-ps5-digital-games-ps4-ps5-cifrovye-igry-ps4-ps5.jpg\",\"width\":803,\"height\":1000},{\"@type\":\"BreadcrumbList\",\"@id\":\"https:\/\/www.psngiochi.space\/en\/product\/alan-wake-remastered\/#breadcrumb\",\"itemListElement\":[{\"@type\":\"ListItem\",\"position\":1,\"name\":\"Home\",\"item\":\"https:\/\/www.psngiochi.space\/en\/\"},{\"@type\":\"ListItem\",\"position\":2,\"name\":\"Negozio\",\"item\":\"https:\/\/www.psngiochi.space\/en\/negozio\/\"},{\"@type\":\"ListItem\",\"position\":3,\"name\":\"Alan Wake Remastered [Secondario]\"}]},{\"@type\":\"WebSite\",\"@id\":\"https:\/\/www.psngiochi.space\/en\/#website\",\"url\":\"https:\/\/www.psngiochi.space\/en\/\",\"name\":\"Giochi Digitali PS4 e PS5\",\"description\":\"Noleggio di giochi, vendita di accounts\",\"potentialAction\":[{\"@type\":\"SearchAction\",\"target\":{\"@type\":\"EntryPoint\",\"urlTemplate\":\"https:\/\/www.psngiochi.space\/en\/?s={search_term_string}\"},\"query-input\":{\"@type\":\"PropertyValueSpecification\",\"valueRequired\":true,\"valueName\":\"search_term_string\"}}],\"inLanguage\":\"en-US\"}]}<\/script>\n<!-- \/ Yoast SEO plugin. -->","yoast_head_json":{"title":"Alan Wake Remastered [Secondario] - Giochi Digitali PS4 e PS5","description":"In questo premiato thriller d'azione cinematografico, il tormentato autore Alan Wake si lancia alla disperata ricerca della moglie scomparsa, Alice.","robots":{"index":"index","follow":"follow","max-snippet":"max-snippet:-1","max-image-preview":"max-image-preview:large","max-video-preview":"max-video-preview:-1"},"canonical":"https:\/\/www.psngiochi.space\/en\/product\/alan-wake-remastered\/","og_locale":"en_US","og_type":"article","og_title":"Alan Wake Remastered [Secondario] - Giochi Digitali PS4 e PS5","og_description":"In questo premiato thriller d'azione cinematografico, il tormentato autore Alan Wake si lancia alla disperata ricerca della moglie scomparsa, Alice.","og_url":"https:\/\/www.psngiochi.space\/en\/product\/alan-wake-remastered\/","og_site_name":"Giochi Digitali PS4 e PS5","article_modified_time":"2025-04-28T17:15:14+00:00","og_image":[{"width":803,"height":1000,"url":"https:\/\/www.psngiochi.space\/wp-content\/uploads\/2021\/09\/alan-wake-remastered-psngiochispace-giochi-digitali-ps4-ps5-digital-games-ps4-ps5-cifrovye-igry-ps4-ps5.jpg","type":"image\/jpeg"}],"twitter_card":"summary_large_image","twitter_misc":{"Est. reading time":"1 minute"},"schema":{"@context":"https:\/\/schema.org","@graph":[{"@type":"WebPage","@id":"https:\/\/www.psngiochi.space\/en\/product\/alan-wake-remastered\/","url":"https:\/\/www.psngiochi.space\/en\/product\/alan-wake-remastered\/","name":"Alan Wake Remastered [Secondario] - Giochi Digitali PS4 e PS5","isPartOf":{"@id":"https:\/\/www.psngiochi.space\/en\/#website"},"primaryImageOfPage":{"@id":"https:\/\/www.psngiochi.space\/en\/product\/alan-wake-remastered\/#primaryimage"},"image":{"@id":"https:\/\/www.psngiochi.space\/en\/product\/alan-wake-remastered\/#primaryimage"},"thumbnailUrl":"https:\/\/www.psngiochi.space\/wp-content\/uploads\/2021\/09\/alan-wake-remastered-psngiochispace-giochi-digitali-ps4-ps5-digital-games-ps4-ps5-cifrovye-igry-ps4-ps5.jpg","datePublished":"2021-09-24T17:33:22+00:00","dateModified":"2025-04-28T17:15:14+00:00","description":"In questo premiato thriller d'azione cinematografico, il tormentato autore Alan Wake si lancia alla disperata ricerca della moglie scomparsa, Alice.","breadcrumb":{"@id":"https:\/\/www.psngiochi.space\/en\/product\/alan-wake-remastered\/#breadcrumb"},"inLanguage":"en-US","potentialAction":[{"@type":"ReadAction","target":["https:\/\/www.psngiochi.space\/en\/product\/alan-wake-remastered\/"]}]},{"@type":"ImageObject","inLanguage":"en-US","@id":"https:\/\/www.psngiochi.space\/en\/product\/alan-wake-remastered\/#primaryimage","url":"https:\/\/www.psngiochi.space\/wp-content\/uploads\/2021\/09\/alan-wake-remastered-psngiochispace-giochi-digitali-ps4-ps5-digital-games-ps4-ps5-cifrovye-igry-ps4-ps5.jpg","contentUrl":"https:\/\/www.psngiochi.space\/wp-content\/uploads\/2021\/09\/alan-wake-remastered-psngiochispace-giochi-digitali-ps4-ps5-digital-games-ps4-ps5-cifrovye-igry-ps4-ps5.jpg","width":803,"height":1000},{"@type":"BreadcrumbList","@id":"https:\/\/www.psngiochi.space\/en\/product\/alan-wake-remastered\/#breadcrumb","itemListElement":[{"@type":"ListItem","position":1,"name":"Home","item":"https:\/\/www.psngiochi.space\/en\/"},{"@type":"ListItem","position":2,"name":"Negozio","item":"https:\/\/www.psngiochi.space\/en\/negozio\/"},{"@type":"ListItem","position":3,"name":"Alan Wake Remastered [Secondario]"}]},{"@type":"WebSite","@id":"https:\/\/www.psngiochi.space\/en\/#website","url":"https:\/\/www.psngiochi.space\/en\/","name":"Giochi Digitali PS4 e PS5","description":"Noleggio di giochi, vendita di accounts","potentialAction":[{"@type":"SearchAction","target":{"@type":"EntryPoint","urlTemplate":"https:\/\/www.psngiochi.space\/en\/?s={search_term_string}"},"query-input":{"@type":"PropertyValueSpecification","valueRequired":true,"valueName":"search_term_string"}}],"inLanguage":"en-US"}]}},"_links":{"self":[{"href":"https:\/\/www.psngiochi.space\/en\/wp-json\/wp\/v2\/product\/10748","targetHints":{"allow":["GET"]}}],"collection":[{"href":"https:\/\/www.psngiochi.space\/en\/wp-json\/wp\/v2\/product"}],"about":[{"href":"https:\/\/www.psngiochi.space\/en\/wp-json\/wp\/v2\/types\/product"}],"replies":[{"embeddable":true,"href":"https:\/\/www.psngiochi.space\/en\/wp-json\/wp\/v2\/comments?post=10748"}],"wp:featuredmedia":[{"embeddable":true,"href":"https:\/\/www.psngiochi.space\/en\/wp-json\/wp\/v2\/media\/10775"}],"wp:attachment":[{"href":"https:\/\/www.psngiochi.space\/en\/wp-json\/wp\/v2\/media?parent=10748"}],"wp:term":[{"taxonomy":"product_cat","embeddable":true,"href":"https:\/\/www.psngiochi.space\/en\/wp-json\/wp\/v2\/product_cat?post=10748"},{"taxonomy":"product_tag","embeddable":true,"href":"https:\/\/www.psngiochi.space\/en\/wp-json\/wp\/v2\/product_tag?post=10748"}],"curies":[{"name":"wp","href":"https:\/\/api.w.org\/{rel}","templated":true}]}}