{"id":10721,"date":"2021-09-12T08:09:16","date_gmt":"2021-09-12T06:09:16","guid":{"rendered":"http:\/\/www.psngiochi.space\/?post_type=product&#038;p=10721"},"modified":"2025-04-30T00:45:41","modified_gmt":"2025-04-29T22:45:41","slug":"deathloop","status":"publish","type":"product","link":"https:\/\/www.psngiochi.space\/en\/product\/deathloop\/","title":{"rendered":"DEATHLOOP"},"content":{"rendered":"<p><span style=\"font-size: 14pt; color: #000000;\">DEATHLOOP ti porta sulla misteriosa isola di Blackreef, dove un\u2019eterna lotta tra due incredibili assassini determiner\u00e0 il futuro dell\u2019isola. Nei panni di Colt, dovrai trovare il modo di spezzare il loop temporale che intrappola l\u2019isola in un ciclo eterno mentre gli abitanti ti danno la caccia. Grazie a potenti poteri e abilit\u00e0, dovrai neutralizzare otto bersagli chiave sparsi sulla tanto meravigliosa quanto caotica Blackreef prima che il giorno ricominci. Ma nell\u2019ombra trama Julianna, l\u2019assassina rivale la cui unica missione \u00e8 uccidere Colt e proteggere il loop. Impara ciclo dopo ciclo, trova nuove strade e nuovi stratagemmi e spezza il loop.<\/span><\/p>\n<p><span style=\"font-size: 14pt; color: #000000;\">CLASSICO STILE DI GIOCO ARKANE<\/span><br \/>\n<span style=\"font-size: 14pt; color: #000000;\">Il famoso team di Arkane Lyon ti offre DEATHLOOP, un innovativo gioco in soggettiva che lascia ai giocatori la libert\u00e0 di aggirarsi furtivamente per i livelli o affrontarli ad armi spianate. Dotati di una vasta gamma di poteri soprannaturali e di armi devastanti, i giocatori combineranno questi strumenti di morte per uccisioni tanto spettacolari quanto brutali. Scegliendo con attenzione armi e poteri, sar\u00e0 possibile sopravvivere in questo letale gioco tra il cacciatore e la sua preda.<\/span><\/p>\n<p><span style=\"font-size: 14pt; color: #000000;\">CREATO PER PLAYSTATION 5<\/span><br \/>\n<span style=\"font-size: 14pt; color: #000000;\">DEATHLOOP \u00e8 una nuova IP per una nuova generazione. Il gioco trarr\u00e0 vantaggio dalla potenza grafica della console per dare vita alla visione artistica di Arkane e approfittare delle nuove funzionalit\u00e0 come feedback aptico e grilletti adattivi, che permetteranno di vivere ogni incontro.<\/span><\/p>\n<p><span style=\"font-size: 14pt; color: #000000;\">MODALIT\u00c0 PER GIOCATORE SINGOLO IN STILE ARKANE E LETALE MODALIT\u00c0 MULTIGIOCATORE<\/span><br \/>\n<span style=\"font-size: 14pt; color: #000000;\">DEATHLOOP \u00e8 la sfida di Arkane per unire senza soluzione di continuit\u00e0 una modalit\u00e0 per giocatore singolo e una letale modalit\u00e0 multigiocatore. I giocatori saranno i protagonisti della storia nei panni di Colt e dovranno dare la caccia ai bersagli sull\u2019isola di Blackreef per spezzare il loop e conquistare la libert\u00e0. Ma potranno anche decidere di impersonare l\u2019assassina rivale Julianna, infiltrandosi nella campagna di un altro giocatore con l\u2019obiettivo di uccidere Colt e tenerlo imprigionato nel loop. L\u2019esperienza multigiocatore \u00e8 facoltativa ed \u00e8 possibile assegnare il controllo di Julianna all\u2019IA.<\/span><\/p>\n<p><span style=\"font-size: 14pt; color: #000000;\">LOOP = CONOSCENZA = POTERE<\/span><br \/>\n<span style=\"font-size: 14pt; color: #000000;\">Ogni nuovo loop in DEATHLOOP \u00e8 l\u2019occasione di imparare dagli errori e adattarsi. Trovare indizi e suggerimenti \u00e8 cruciale per eliminare i bersagli prima che si azzeri il giorno. Scoprire relazioni, imparare routine e ottenere informazioni permette di proseguire nel loop. I giocatori metteranno in pratica ci\u00f2 che hanno appreso nei loop precedenti per trovare soluzioni alternative, violente e non, ed escogitare un piano per raggiungere i bersagli. Se non ce la fai la prima volta... muori, muori e muori ancora.<\/span><\/p>\n<p><span style=\"font-size: 14pt; color: #000000;\">L\u2019ISOLA DI BLACKREEF: PARADISO O PRIGIONE?<\/span><br \/>\n<span style=\"font-size: 14pt; color: #000000;\">Arkane \u00e8 famosa per i suoi mondi incredibili contraddistinti da passaggi multipli e gameplay sempre nuovo. DEATHLOOP offre una meravigliosa ambientazione retro-futuristica ispirata agli anni \u201860, gi\u00e0 protagonista a s\u00e9 stante. Blackreef sar\u00e0 anche un\u2019autentica terra delle meraviglie, ma \u00e8 anche la prigione di Colt: un mondo decadente dove la morte non ha significato e i suoi abitanti dal grilletto facile partecipano a una festa eterna ingabbiando il nostro protagonista.<\/span><\/p>","protected":false},"excerpt":{"rendered":"<h5 class=\"provider-info__text\"><span class=\"provider-info__list-item\">Pubblicato 14\/9\/2021<\/span><span class=\"provider-info__list-item\">\u00a0| Dimens. file: 00.00 GB<\/span><\/h5>\n<h3><span style=\"font-family: georgia, palatino, serif;\"><span style=\"color: #df1d1d;\">\u23f0 Noleggio per 10 giorni:<\/span><\/span><span style=\"color: #df1d1d;\">\u00a0<span style=\"font-size: 10pt; color: #333333;\">p<\/span><\/span><span style=\"font-family: georgia, palatino, serif; font-size: 10pt; color: #333333;\">ossibilita di giocare dal vostro account personale o sull account fornito (primario o secondario).<\/span><\/h3>\n<h3><span style=\"font-size: 10pt; color: #333333;\">Game for rent is one of the cheapest and most convenient ways to get a game.\u00a0<\/span><span style=\"font-size: 10pt; color: #333333;\">You can also extend the period if you have not finished the game.<\/span><\/h3>","protected":false},"featured_media":11001,"comment_status":"open","ping_status":"closed","template":"","meta":[],"product_cat":[142],"product_tag":[75],"class_list":{"0":"post-10721","1":"product","2":"type-product","3":"status-publish","4":"has-post-thumbnail","6":"product_cat-giochi-ps5-in-noleggio","7":"product_tag-azione","9":"first","10":"instock","11":"downloadable","12":"virtual","13":"purchasable","14":"product-type-simple"},"yoast_head":"<!-- This site is optimized with the Yoast SEO plugin v23.9 - https:\/\/yoast.com\/wordpress\/plugins\/seo\/ -->\n<title>DEATHLOOP - Giochi Digitali PS4 e PS5<\/title>\n<meta name=\"description\" content=\"DEATHLOOP ti porta sulla misteriosa isola di Blackreef\" \/>\n<meta name=\"robots\" content=\"index, follow, max-snippet:-1, max-image-preview:large, max-video-preview:-1\" \/>\n<link rel=\"canonical\" href=\"https:\/\/www.psngiochi.space\/en\/product\/deathloop\/\" \/>\n<meta property=\"og:locale\" content=\"en_US\" \/>\n<meta property=\"og:type\" content=\"article\" \/>\n<meta property=\"og:title\" content=\"DEATHLOOP - Giochi Digitali PS4 e PS5\" \/>\n<meta property=\"og:description\" content=\"DEATHLOOP ti porta sulla misteriosa isola di Blackreef\" \/>\n<meta property=\"og:url\" content=\"https:\/\/www.psngiochi.space\/en\/product\/deathloop\/\" \/>\n<meta property=\"og:site_name\" content=\"Giochi Digitali PS4 e PS5\" \/>\n<meta property=\"article:modified_time\" content=\"2025-04-29T22:45:41+00:00\" \/>\n<meta property=\"og:image\" content=\"https:\/\/www.psngiochi.space\/wp-content\/uploads\/2021\/09\/deathloop-psngiochispace-giochi-digitali-ps5-digital-games-ps5-cifrovye-igry-ps5.jpg\" \/>\n\t<meta property=\"og:image:width\" content=\"803\" \/>\n\t<meta property=\"og:image:height\" content=\"1000\" \/>\n\t<meta property=\"og:image:type\" content=\"image\/jpeg\" \/>\n<meta name=\"twitter:card\" content=\"summary_large_image\" \/>\n<meta name=\"twitter:label1\" content=\"Est. reading time\" \/>\n\t<meta name=\"twitter:data1\" content=\"2 minutes\" \/>\n<script type=\"application\/ld+json\" class=\"yoast-schema-graph\">{\"@context\":\"https:\/\/schema.org\",\"@graph\":[{\"@type\":\"WebPage\",\"@id\":\"https:\/\/www.psngiochi.space\/en\/product\/deathloop\/\",\"url\":\"https:\/\/www.psngiochi.space\/en\/product\/deathloop\/\",\"name\":\"DEATHLOOP - Giochi Digitali PS4 e PS5\",\"isPartOf\":{\"@id\":\"https:\/\/www.psngiochi.space\/en\/#website\"},\"primaryImageOfPage\":{\"@id\":\"https:\/\/www.psngiochi.space\/en\/product\/deathloop\/#primaryimage\"},\"image\":{\"@id\":\"https:\/\/www.psngiochi.space\/en\/product\/deathloop\/#primaryimage\"},\"thumbnailUrl\":\"https:\/\/www.psngiochi.space\/wp-content\/uploads\/2021\/09\/deathloop-psngiochispace-giochi-digitali-ps5-digital-games-ps5-cifrovye-igry-ps5.jpg\",\"datePublished\":\"2021-09-12T06:09:16+00:00\",\"dateModified\":\"2025-04-29T22:45:41+00:00\",\"description\":\"DEATHLOOP ti porta sulla misteriosa isola di Blackreef\",\"breadcrumb\":{\"@id\":\"https:\/\/www.psngiochi.space\/en\/product\/deathloop\/#breadcrumb\"},\"inLanguage\":\"en-US\",\"potentialAction\":[{\"@type\":\"ReadAction\",\"target\":[\"https:\/\/www.psngiochi.space\/en\/product\/deathloop\/\"]}]},{\"@type\":\"ImageObject\",\"inLanguage\":\"en-US\",\"@id\":\"https:\/\/www.psngiochi.space\/en\/product\/deathloop\/#primaryimage\",\"url\":\"https:\/\/www.psngiochi.space\/wp-content\/uploads\/2021\/09\/deathloop-psngiochispace-giochi-digitali-ps5-digital-games-ps5-cifrovye-igry-ps5.jpg\",\"contentUrl\":\"https:\/\/www.psngiochi.space\/wp-content\/uploads\/2021\/09\/deathloop-psngiochispace-giochi-digitali-ps5-digital-games-ps5-cifrovye-igry-ps5.jpg\",\"width\":803,\"height\":1000},{\"@type\":\"BreadcrumbList\",\"@id\":\"https:\/\/www.psngiochi.space\/en\/product\/deathloop\/#breadcrumb\",\"itemListElement\":[{\"@type\":\"ListItem\",\"position\":1,\"name\":\"Home\",\"item\":\"https:\/\/www.psngiochi.space\/en\/\"},{\"@type\":\"ListItem\",\"position\":2,\"name\":\"Negozio\",\"item\":\"https:\/\/www.psngiochi.space\/en\/negozio\/\"},{\"@type\":\"ListItem\",\"position\":3,\"name\":\"DEATHLOOP\"}]},{\"@type\":\"WebSite\",\"@id\":\"https:\/\/www.psngiochi.space\/en\/#website\",\"url\":\"https:\/\/www.psngiochi.space\/en\/\",\"name\":\"Giochi Digitali PS4 e PS5\",\"description\":\"Noleggio di giochi, vendita di accounts\",\"potentialAction\":[{\"@type\":\"SearchAction\",\"target\":{\"@type\":\"EntryPoint\",\"urlTemplate\":\"https:\/\/www.psngiochi.space\/en\/?s={search_term_string}\"},\"query-input\":{\"@type\":\"PropertyValueSpecification\",\"valueRequired\":true,\"valueName\":\"search_term_string\"}}],\"inLanguage\":\"en-US\"}]}<\/script>\n<!-- \/ Yoast SEO plugin. -->","yoast_head_json":{"title":"DEATHLOOP - Giochi Digitali PS4 e PS5","description":"DEATHLOOP ti porta sulla misteriosa isola di Blackreef","robots":{"index":"index","follow":"follow","max-snippet":"max-snippet:-1","max-image-preview":"max-image-preview:large","max-video-preview":"max-video-preview:-1"},"canonical":"https:\/\/www.psngiochi.space\/en\/product\/deathloop\/","og_locale":"en_US","og_type":"article","og_title":"DEATHLOOP - Giochi Digitali PS4 e PS5","og_description":"DEATHLOOP ti porta sulla misteriosa isola di Blackreef","og_url":"https:\/\/www.psngiochi.space\/en\/product\/deathloop\/","og_site_name":"Giochi Digitali PS4 e PS5","article_modified_time":"2025-04-29T22:45:41+00:00","og_image":[{"width":803,"height":1000,"url":"https:\/\/www.psngiochi.space\/wp-content\/uploads\/2021\/09\/deathloop-psngiochispace-giochi-digitali-ps5-digital-games-ps5-cifrovye-igry-ps5.jpg","type":"image\/jpeg"}],"twitter_card":"summary_large_image","twitter_misc":{"Est. reading time":"2 minutes"},"schema":{"@context":"https:\/\/schema.org","@graph":[{"@type":"WebPage","@id":"https:\/\/www.psngiochi.space\/en\/product\/deathloop\/","url":"https:\/\/www.psngiochi.space\/en\/product\/deathloop\/","name":"DEATHLOOP - Giochi Digitali PS4 e PS5","isPartOf":{"@id":"https:\/\/www.psngiochi.space\/en\/#website"},"primaryImageOfPage":{"@id":"https:\/\/www.psngiochi.space\/en\/product\/deathloop\/#primaryimage"},"image":{"@id":"https:\/\/www.psngiochi.space\/en\/product\/deathloop\/#primaryimage"},"thumbnailUrl":"https:\/\/www.psngiochi.space\/wp-content\/uploads\/2021\/09\/deathloop-psngiochispace-giochi-digitali-ps5-digital-games-ps5-cifrovye-igry-ps5.jpg","datePublished":"2021-09-12T06:09:16+00:00","dateModified":"2025-04-29T22:45:41+00:00","description":"DEATHLOOP ti porta sulla misteriosa isola di Blackreef","breadcrumb":{"@id":"https:\/\/www.psngiochi.space\/en\/product\/deathloop\/#breadcrumb"},"inLanguage":"en-US","potentialAction":[{"@type":"ReadAction","target":["https:\/\/www.psngiochi.space\/en\/product\/deathloop\/"]}]},{"@type":"ImageObject","inLanguage":"en-US","@id":"https:\/\/www.psngiochi.space\/en\/product\/deathloop\/#primaryimage","url":"https:\/\/www.psngiochi.space\/wp-content\/uploads\/2021\/09\/deathloop-psngiochispace-giochi-digitali-ps5-digital-games-ps5-cifrovye-igry-ps5.jpg","contentUrl":"https:\/\/www.psngiochi.space\/wp-content\/uploads\/2021\/09\/deathloop-psngiochispace-giochi-digitali-ps5-digital-games-ps5-cifrovye-igry-ps5.jpg","width":803,"height":1000},{"@type":"BreadcrumbList","@id":"https:\/\/www.psngiochi.space\/en\/product\/deathloop\/#breadcrumb","itemListElement":[{"@type":"ListItem","position":1,"name":"Home","item":"https:\/\/www.psngiochi.space\/en\/"},{"@type":"ListItem","position":2,"name":"Negozio","item":"https:\/\/www.psngiochi.space\/en\/negozio\/"},{"@type":"ListItem","position":3,"name":"DEATHLOOP"}]},{"@type":"WebSite","@id":"https:\/\/www.psngiochi.space\/en\/#website","url":"https:\/\/www.psngiochi.space\/en\/","name":"Giochi Digitali PS4 e PS5","description":"Noleggio di giochi, vendita di accounts","potentialAction":[{"@type":"SearchAction","target":{"@type":"EntryPoint","urlTemplate":"https:\/\/www.psngiochi.space\/en\/?s={search_term_string}"},"query-input":{"@type":"PropertyValueSpecification","valueRequired":true,"valueName":"search_term_string"}}],"inLanguage":"en-US"}]}},"_links":{"self":[{"href":"https:\/\/www.psngiochi.space\/en\/wp-json\/wp\/v2\/product\/10721","targetHints":{"allow":["GET"]}}],"collection":[{"href":"https:\/\/www.psngiochi.space\/en\/wp-json\/wp\/v2\/product"}],"about":[{"href":"https:\/\/www.psngiochi.space\/en\/wp-json\/wp\/v2\/types\/product"}],"replies":[{"embeddable":true,"href":"https:\/\/www.psngiochi.space\/en\/wp-json\/wp\/v2\/comments?post=10721"}],"wp:featuredmedia":[{"embeddable":true,"href":"https:\/\/www.psngiochi.space\/en\/wp-json\/wp\/v2\/media\/11001"}],"wp:attachment":[{"href":"https:\/\/www.psngiochi.space\/en\/wp-json\/wp\/v2\/media?parent=10721"}],"wp:term":[{"taxonomy":"product_cat","embeddable":true,"href":"https:\/\/www.psngiochi.space\/en\/wp-json\/wp\/v2\/product_cat?post=10721"},{"taxonomy":"product_tag","embeddable":true,"href":"https:\/\/www.psngiochi.space\/en\/wp-json\/wp\/v2\/product_tag?post=10721"}],"curies":[{"name":"wp","href":"https:\/\/api.w.org\/{rel}","templated":true}]}}