{"id":10515,"date":"2021-04-28T15:08:58","date_gmt":"2021-04-28T13:08:58","guid":{"rendered":"http:\/\/www.psngiochi.space\/?post_type=product&#038;p=10515"},"modified":"2025-08-05T08:34:27","modified_gmt":"2025-08-05T06:34:27","slug":"biomutant","status":"publish","type":"product","link":"https:\/\/www.psngiochi.space\/en\/product\/biomutant\/","title":{"rendered":"Biomutant"},"content":{"rendered":"<p><span style=\"font-size: 14pt; color: #df1d1d;\">+ GIOCO BONUS \"Battlefield Bundle\"<\/span><\/p>\n<p><span style=\"font-size: 14pt; color: #000000;\">\"BIOMUTANT \u00e8 un gioco di ruolo post-apocalittico favolistico, con un mondo di gioco aperto e un sistema di combattimento originale in grado di unire combattimenti corpo a corpo, armi da fuoco e abilit\u00e0 mutanti.<\/span><\/p>\n<p><span style=\"font-size: 14pt; color: #000000;\">Una piaga sta uccidendo la terra e l'Albero-della-vita sanguina morte. Le trib\u00f9 restano divise e il mondo \u00e8 in subbuglio. Sarai il suo salvatore o lo condannerai a una fine ancora pi\u00f9 terribile?<\/span><\/p>\n<p><span style=\"font-size: 14pt; color: #000000;\">CARATTERISTICHE PRINCIPALI<\/span><br \/>\n<span style=\"font-size: 14pt; color: #000000;\">- Sperimenta la massima libert\u00e0 di movimento e combina combattimenti corpo a corpo, armi da fuoco e poteri mutanti<\/span><br \/>\n<span style=\"font-size: 14pt; color: #000000;\">- Ricodifica la tua struttura genetica modificando aspetto e stile di gioco con mutazioni fisiche quali zampe da mantide e code spinate<\/span><br \/>\n<span style=\"font-size: 14pt; color: #000000;\">- Esplora il mondo a piedi e con mech, jet-ski e mongolfiere o su cavalcature tipiche di ciascuna regione<\/span><br \/>\n<span style=\"font-size: 14pt; color: #000000;\">- Combina parti diverse per creare armi da mischia, revolver, fucili e altre armi uniche<\/span><br \/>\n<span style=\"font-size: 14pt; color: #000000;\">- Un narratore racconter\u00e0 ogni passo del tuo viaggio, ma saranno le tue scelte a determinare come finir\u00e0 la tua storia.\"<\/span><\/p>","protected":false},"excerpt":{"rendered":"<h5 class=\"provider-info__text\"><span class=\"provider-info__list-item\">Pubblicato 25\/5\/2021 <\/span><span class=\"provider-info__list-item\">| Dimens. file: 00.00 GB<\/span><\/h5>\n<h3><span style=\"font-family: georgia, palatino, serif;\"><span style=\"color: #df1d1d;\">\u23f0 Noleggio per 10 giorni:<\/span><\/span><span style=\"color: #df1d1d;\">\u00a0<span style=\"font-size: 10pt; color: #333333;\">p<\/span><\/span><span style=\"font-family: georgia, palatino, serif; font-size: 10pt; color: #333333;\">ossibilita di giocare dal vostro account personale o sull account fornito (primario o secondario).<\/span><\/h3>\n<h3><span style=\"font-size: 10pt; color: #333333;\">Game for rent is one of the cheapest and most convenient ways to get a game.\u00a0<\/span><span style=\"font-size: 10pt; color: #333333;\">You can also extend the period if you have not finished the game.<\/span><\/h3>","protected":false},"featured_media":10516,"comment_status":"open","ping_status":"closed","template":"","meta":[],"product_cat":[122],"product_tag":[115],"class_list":{"0":"post-10515","1":"product","2":"type-product","3":"status-publish","4":"has-post-thumbnail","6":"product_cat-giochi-ps4-in-noleggio","7":"product_tag-in-evidenza","9":"first","10":"instock","11":"downloadable","12":"virtual","13":"purchasable","14":"product-type-simple"},"yoast_head":"<!-- This site is optimized with the Yoast SEO plugin v23.9 - https:\/\/yoast.com\/wordpress\/plugins\/seo\/ -->\n<title>Biomutant - Giochi Digitali PS4 e PS5<\/title>\n<meta name=\"description\" content=\"BIOMUTANT \u00e8 un gioco di ruolo post-apocalittico favolistico, con un mondo di gioco aperto e un sistema di combattimento originale.\" \/>\n<meta name=\"robots\" content=\"index, follow, max-snippet:-1, max-image-preview:large, max-video-preview:-1\" \/>\n<link rel=\"canonical\" href=\"https:\/\/www.psngiochi.space\/en\/product\/biomutant\/\" \/>\n<meta property=\"og:locale\" content=\"en_US\" \/>\n<meta property=\"og:type\" content=\"article\" \/>\n<meta property=\"og:title\" content=\"Biomutant - Giochi Digitali PS4 e PS5\" \/>\n<meta property=\"og:description\" content=\"BIOMUTANT \u00e8 un gioco di ruolo post-apocalittico favolistico, con un mondo di gioco aperto e un sistema di combattimento originale.\" \/>\n<meta property=\"og:url\" content=\"https:\/\/www.psngiochi.space\/en\/product\/biomutant\/\" \/>\n<meta property=\"og:site_name\" content=\"Giochi Digitali PS4 e PS5\" \/>\n<meta property=\"article:modified_time\" content=\"2025-08-05T06:34:27+00:00\" \/>\n<meta property=\"og:image\" content=\"https:\/\/www.psngiochi.space\/wp-content\/uploads\/2021\/04\/biomutant-psngiochispace-giochi-digitali-ps4-digital-games-ps4-cifrovye-igry-ps4.jpg\" \/>\n\t<meta property=\"og:image:width\" content=\"803\" \/>\n\t<meta property=\"og:image:height\" content=\"1000\" \/>\n\t<meta property=\"og:image:type\" content=\"image\/jpeg\" \/>\n<meta name=\"twitter:card\" content=\"summary_large_image\" \/>\n<meta name=\"twitter:label1\" content=\"Est. reading time\" \/>\n\t<meta name=\"twitter:data1\" content=\"1 minute\" \/>\n<script type=\"application\/ld+json\" class=\"yoast-schema-graph\">{\"@context\":\"https:\/\/schema.org\",\"@graph\":[{\"@type\":\"WebPage\",\"@id\":\"https:\/\/www.psngiochi.space\/en\/product\/biomutant\/\",\"url\":\"https:\/\/www.psngiochi.space\/en\/product\/biomutant\/\",\"name\":\"Biomutant - Giochi Digitali PS4 e PS5\",\"isPartOf\":{\"@id\":\"https:\/\/www.psngiochi.space\/en\/#website\"},\"primaryImageOfPage\":{\"@id\":\"https:\/\/www.psngiochi.space\/en\/product\/biomutant\/#primaryimage\"},\"image\":{\"@id\":\"https:\/\/www.psngiochi.space\/en\/product\/biomutant\/#primaryimage\"},\"thumbnailUrl\":\"https:\/\/www.psngiochi.space\/wp-content\/uploads\/2021\/04\/biomutant-psngiochispace-giochi-digitali-ps4-digital-games-ps4-cifrovye-igry-ps4.jpg\",\"datePublished\":\"2021-04-28T13:08:58+00:00\",\"dateModified\":\"2025-08-05T06:34:27+00:00\",\"description\":\"BIOMUTANT \u00e8 un gioco di ruolo post-apocalittico favolistico, con un mondo di gioco aperto e un sistema di combattimento originale.\",\"breadcrumb\":{\"@id\":\"https:\/\/www.psngiochi.space\/en\/product\/biomutant\/#breadcrumb\"},\"inLanguage\":\"en-US\",\"potentialAction\":[{\"@type\":\"ReadAction\",\"target\":[\"https:\/\/www.psngiochi.space\/en\/product\/biomutant\/\"]}]},{\"@type\":\"ImageObject\",\"inLanguage\":\"en-US\",\"@id\":\"https:\/\/www.psngiochi.space\/en\/product\/biomutant\/#primaryimage\",\"url\":\"https:\/\/www.psngiochi.space\/wp-content\/uploads\/2021\/04\/biomutant-psngiochispace-giochi-digitali-ps4-digital-games-ps4-cifrovye-igry-ps4.jpg\",\"contentUrl\":\"https:\/\/www.psngiochi.space\/wp-content\/uploads\/2021\/04\/biomutant-psngiochispace-giochi-digitali-ps4-digital-games-ps4-cifrovye-igry-ps4.jpg\",\"width\":803,\"height\":1000},{\"@type\":\"BreadcrumbList\",\"@id\":\"https:\/\/www.psngiochi.space\/en\/product\/biomutant\/#breadcrumb\",\"itemListElement\":[{\"@type\":\"ListItem\",\"position\":1,\"name\":\"Home\",\"item\":\"https:\/\/www.psngiochi.space\/en\/\"},{\"@type\":\"ListItem\",\"position\":2,\"name\":\"Negozio\",\"item\":\"https:\/\/www.psngiochi.space\/en\/negozio\/\"},{\"@type\":\"ListItem\",\"position\":3,\"name\":\"Biomutant\"}]},{\"@type\":\"WebSite\",\"@id\":\"https:\/\/www.psngiochi.space\/en\/#website\",\"url\":\"https:\/\/www.psngiochi.space\/en\/\",\"name\":\"Giochi Digitali PS4 e PS5\",\"description\":\"Noleggio di giochi, vendita di accounts\",\"potentialAction\":[{\"@type\":\"SearchAction\",\"target\":{\"@type\":\"EntryPoint\",\"urlTemplate\":\"https:\/\/www.psngiochi.space\/en\/?s={search_term_string}\"},\"query-input\":{\"@type\":\"PropertyValueSpecification\",\"valueRequired\":true,\"valueName\":\"search_term_string\"}}],\"inLanguage\":\"en-US\"}]}<\/script>\n<!-- \/ Yoast SEO plugin. -->","yoast_head_json":{"title":"Biomutant - Giochi Digitali PS4 e PS5","description":"BIOMUTANT \u00e8 un gioco di ruolo post-apocalittico favolistico, con un mondo di gioco aperto e un sistema di combattimento originale.","robots":{"index":"index","follow":"follow","max-snippet":"max-snippet:-1","max-image-preview":"max-image-preview:large","max-video-preview":"max-video-preview:-1"},"canonical":"https:\/\/www.psngiochi.space\/en\/product\/biomutant\/","og_locale":"en_US","og_type":"article","og_title":"Biomutant - Giochi Digitali PS4 e PS5","og_description":"BIOMUTANT \u00e8 un gioco di ruolo post-apocalittico favolistico, con un mondo di gioco aperto e un sistema di combattimento originale.","og_url":"https:\/\/www.psngiochi.space\/en\/product\/biomutant\/","og_site_name":"Giochi Digitali PS4 e PS5","article_modified_time":"2025-08-05T06:34:27+00:00","og_image":[{"width":803,"height":1000,"url":"https:\/\/www.psngiochi.space\/wp-content\/uploads\/2021\/04\/biomutant-psngiochispace-giochi-digitali-ps4-digital-games-ps4-cifrovye-igry-ps4.jpg","type":"image\/jpeg"}],"twitter_card":"summary_large_image","twitter_misc":{"Est. reading time":"1 minute"},"schema":{"@context":"https:\/\/schema.org","@graph":[{"@type":"WebPage","@id":"https:\/\/www.psngiochi.space\/en\/product\/biomutant\/","url":"https:\/\/www.psngiochi.space\/en\/product\/biomutant\/","name":"Biomutant - Giochi Digitali PS4 e PS5","isPartOf":{"@id":"https:\/\/www.psngiochi.space\/en\/#website"},"primaryImageOfPage":{"@id":"https:\/\/www.psngiochi.space\/en\/product\/biomutant\/#primaryimage"},"image":{"@id":"https:\/\/www.psngiochi.space\/en\/product\/biomutant\/#primaryimage"},"thumbnailUrl":"https:\/\/www.psngiochi.space\/wp-content\/uploads\/2021\/04\/biomutant-psngiochispace-giochi-digitali-ps4-digital-games-ps4-cifrovye-igry-ps4.jpg","datePublished":"2021-04-28T13:08:58+00:00","dateModified":"2025-08-05T06:34:27+00:00","description":"BIOMUTANT \u00e8 un gioco di ruolo post-apocalittico favolistico, con un mondo di gioco aperto e un sistema di combattimento originale.","breadcrumb":{"@id":"https:\/\/www.psngiochi.space\/en\/product\/biomutant\/#breadcrumb"},"inLanguage":"en-US","potentialAction":[{"@type":"ReadAction","target":["https:\/\/www.psngiochi.space\/en\/product\/biomutant\/"]}]},{"@type":"ImageObject","inLanguage":"en-US","@id":"https:\/\/www.psngiochi.space\/en\/product\/biomutant\/#primaryimage","url":"https:\/\/www.psngiochi.space\/wp-content\/uploads\/2021\/04\/biomutant-psngiochispace-giochi-digitali-ps4-digital-games-ps4-cifrovye-igry-ps4.jpg","contentUrl":"https:\/\/www.psngiochi.space\/wp-content\/uploads\/2021\/04\/biomutant-psngiochispace-giochi-digitali-ps4-digital-games-ps4-cifrovye-igry-ps4.jpg","width":803,"height":1000},{"@type":"BreadcrumbList","@id":"https:\/\/www.psngiochi.space\/en\/product\/biomutant\/#breadcrumb","itemListElement":[{"@type":"ListItem","position":1,"name":"Home","item":"https:\/\/www.psngiochi.space\/en\/"},{"@type":"ListItem","position":2,"name":"Negozio","item":"https:\/\/www.psngiochi.space\/en\/negozio\/"},{"@type":"ListItem","position":3,"name":"Biomutant"}]},{"@type":"WebSite","@id":"https:\/\/www.psngiochi.space\/en\/#website","url":"https:\/\/www.psngiochi.space\/en\/","name":"Giochi Digitali PS4 e PS5","description":"Noleggio di giochi, vendita di accounts","potentialAction":[{"@type":"SearchAction","target":{"@type":"EntryPoint","urlTemplate":"https:\/\/www.psngiochi.space\/en\/?s={search_term_string}"},"query-input":{"@type":"PropertyValueSpecification","valueRequired":true,"valueName":"search_term_string"}}],"inLanguage":"en-US"}]}},"_links":{"self":[{"href":"https:\/\/www.psngiochi.space\/en\/wp-json\/wp\/v2\/product\/10515","targetHints":{"allow":["GET"]}}],"collection":[{"href":"https:\/\/www.psngiochi.space\/en\/wp-json\/wp\/v2\/product"}],"about":[{"href":"https:\/\/www.psngiochi.space\/en\/wp-json\/wp\/v2\/types\/product"}],"replies":[{"embeddable":true,"href":"https:\/\/www.psngiochi.space\/en\/wp-json\/wp\/v2\/comments?post=10515"}],"wp:featuredmedia":[{"embeddable":true,"href":"https:\/\/www.psngiochi.space\/en\/wp-json\/wp\/v2\/media\/10516"}],"wp:attachment":[{"href":"https:\/\/www.psngiochi.space\/en\/wp-json\/wp\/v2\/media?parent=10515"}],"wp:term":[{"taxonomy":"product_cat","embeddable":true,"href":"https:\/\/www.psngiochi.space\/en\/wp-json\/wp\/v2\/product_cat?post=10515"},{"taxonomy":"product_tag","embeddable":true,"href":"https:\/\/www.psngiochi.space\/en\/wp-json\/wp\/v2\/product_tag?post=10515"}],"curies":[{"name":"wp","href":"https:\/\/api.w.org\/{rel}","templated":true}]}}