{"id":10116,"date":"2020-11-24T20:43:41","date_gmt":"2020-11-24T19:43:41","guid":{"rendered":"http:\/\/www.psngiochi.space\/?post_type=product&#038;p=10116"},"modified":"2026-02-14T07:21:37","modified_gmt":"2026-02-14T06:21:37","slug":"demons-souls","status":"publish","type":"product","link":"https:\/\/www.psngiochi.space\/en\/product\/demons-souls\/","title":{"rendered":"Demon&#8217;s Souls"},"content":{"rendered":"<p><span style=\"font-size: 14pt; color: #000000;\">Da PlayStation Studios e Bluepoint Games arriva un remake del classico per PlayStation, Demon's Souls. Ricreato completamente a partire da zero e perfezionato sapientemente, questo remake presenta il mondo spaventoso di un'oscura e nebbiosa terra fantasy a una nuova generazione di gamer. Chi ha gi\u00e0 affrontato in passato le sue peripezie, pu\u00f2 sfidare ancora una volta l'oscurit\u00e0 con una grafica di qualit\u00e0 eccezionale e prestazioni incredibili.<\/span><\/p>\n<p><span style=\"font-size: 14pt; color: #000000;\">Per conquistare il potere, il 12\u00b0 Re di Boletaria, Re Allant, adoper\u00f2 le antiche Arti delle anime, risvegliando un demone risalente all'alba dei tempi: l'Antico.<\/span><br \/>\n<span style=\"font-size: 14pt; color: #000000;\">Con la rievocazione dell'Antico, una nebbia incolore cal\u00f2 sulla terra, scatenando creature da incubo che bramavano anime umane. Coloro ai quali veniva strappata l'anima impazzivano: rimaneva loro soltanto il desiderio di attaccare le persone sane rimaste.<\/span><\/p>\n<p><span style=\"font-size: 14pt; color: #000000;\">Oggi Boletaria \u00e8 isolata dal mondo esterno e i cavalieri che osano inoltrarsi nella nebbia profonda per liberare la terra dalla sua piaga scompaiono per sempre. Nei panni di un guerriero solitario che ha affrontato la terribile nebbia, devi intraprendere sfide difficilissime per ottenere il titolo di \"Uccisore di demoni\" e far tornare l'Antico al suo torpore.<\/span><\/p>\n<p><strong><span style=\"font-size: 14pt; color: #000000;\">Audio: <\/span><\/strong><span style=\"font-size: 14pt; color: #000000;\">francese, inglese, italiano, spagnolo, tedesco<\/span><\/p>\n<p><strong><span style=\"font-size: 14pt; color: #000000;\">Subtitles: <\/span><\/strong><span style=\"font-size: 14pt; color: #000000;\">arabo, finlandese, francese, inglese, italiano, norvegese, olandese, polacco, portoghese, russo, spagnolo, tedesco, turco<\/span><\/p>","protected":false},"excerpt":{"rendered":"<h5 class=\"provider-info__text\"><span class=\"provider-info__list-item\">Pubblicato 12\/11\/2020<\/span><span class=\"provider-info__list-item\">\u00a0| Dimens. file: 00.00 GB<\/span><\/h5>\n<h3><span style=\"font-family: georgia, palatino, serif;\"><span style=\"color: #df1d1d;\">\u23f0 Noleggio per 15 giorni:<\/span><\/span><span style=\"color: #df1d1d;\">\u00a0<span style=\"font-size: 10pt; color: #333333;\">p<\/span><\/span><span style=\"font-family: georgia, palatino, serif; font-size: 10pt; color: #333333;\">ossibilita di giocare dal vostro account personale o sull account fornito (primario o secondario).<\/span><\/h3>\n<h3><span style=\"font-size: 10pt; color: #333333;\">Game for rent is one of the cheapest and most convenient ways to get a game.\u00a0<\/span><span style=\"font-size: 10pt; color: #333333;\">You can also extend the period if you have not finished the game.<\/span><\/h3>","protected":false},"featured_media":10117,"comment_status":"open","ping_status":"closed","template":"","meta":[],"product_cat":[142,117],"product_tag":[75],"class_list":{"0":"post-10116","1":"product","2":"type-product","3":"status-publish","4":"has-post-thumbnail","6":"product_cat-giochi-ps5-in-noleggio","7":"product_cat-must-play","8":"product_tag-azione","10":"first","11":"outofstock","12":"downloadable","13":"virtual","14":"purchasable","15":"product-type-simple"},"yoast_head":"<!-- This site is optimized with the Yoast SEO plugin v23.9 - https:\/\/yoast.com\/wordpress\/plugins\/seo\/ -->\n<title>Demon&#039;s Souls - Giochi Digitali PS4 e PS5<\/title>\n<meta name=\"description\" content=\"Da PlayStation Studios e Bluepoint Games arriva un remake del classico per PlayStation, Demon&#039;s Souls.\" \/>\n<meta name=\"robots\" content=\"index, follow, max-snippet:-1, max-image-preview:large, max-video-preview:-1\" \/>\n<link rel=\"canonical\" href=\"https:\/\/www.psngiochi.space\/en\/product\/demons-souls\/\" \/>\n<meta property=\"og:locale\" content=\"en_US\" \/>\n<meta property=\"og:type\" content=\"article\" \/>\n<meta property=\"og:title\" content=\"Demon&#039;s Souls - Giochi Digitali PS4 e PS5\" \/>\n<meta property=\"og:description\" content=\"Da PlayStation Studios e Bluepoint Games arriva un remake del classico per PlayStation, Demon&#039;s Souls.\" \/>\n<meta property=\"og:url\" content=\"https:\/\/www.psngiochi.space\/en\/product\/demons-souls\/\" \/>\n<meta property=\"og:site_name\" content=\"Giochi Digitali PS4 e PS5\" \/>\n<meta property=\"article:modified_time\" content=\"2026-02-14T06:21:37+00:00\" \/>\n<meta property=\"og:image\" content=\"https:\/\/www.psngiochi.space\/wp-content\/uploads\/2020\/11\/demons-souls-psngiochispace-giochi-digitali-ps4-ps5-digital-games-ps4-ps5-cifrovye-igry-ps4-ps5.jpg\" \/>\n\t<meta property=\"og:image:width\" content=\"803\" \/>\n\t<meta property=\"og:image:height\" content=\"1000\" \/>\n\t<meta property=\"og:image:type\" content=\"image\/jpeg\" \/>\n<meta name=\"twitter:card\" content=\"summary_large_image\" \/>\n<meta name=\"twitter:label1\" content=\"Est. reading time\" \/>\n\t<meta name=\"twitter:data1\" content=\"1 minute\" \/>\n<script type=\"application\/ld+json\" class=\"yoast-schema-graph\">{\"@context\":\"https:\/\/schema.org\",\"@graph\":[{\"@type\":\"WebPage\",\"@id\":\"https:\/\/www.psngiochi.space\/en\/product\/demons-souls\/\",\"url\":\"https:\/\/www.psngiochi.space\/en\/product\/demons-souls\/\",\"name\":\"Demon's Souls - Giochi Digitali PS4 e PS5\",\"isPartOf\":{\"@id\":\"https:\/\/www.psngiochi.space\/en\/#website\"},\"primaryImageOfPage\":{\"@id\":\"https:\/\/www.psngiochi.space\/en\/product\/demons-souls\/#primaryimage\"},\"image\":{\"@id\":\"https:\/\/www.psngiochi.space\/en\/product\/demons-souls\/#primaryimage\"},\"thumbnailUrl\":\"https:\/\/www.psngiochi.space\/wp-content\/uploads\/2020\/11\/demons-souls-psngiochispace-giochi-digitali-ps4-ps5-digital-games-ps4-ps5-cifrovye-igry-ps4-ps5.jpg\",\"datePublished\":\"2020-11-24T19:43:41+00:00\",\"dateModified\":\"2026-02-14T06:21:37+00:00\",\"description\":\"Da PlayStation Studios e Bluepoint Games arriva un remake del classico per PlayStation, Demon's Souls.\",\"breadcrumb\":{\"@id\":\"https:\/\/www.psngiochi.space\/en\/product\/demons-souls\/#breadcrumb\"},\"inLanguage\":\"en-US\",\"potentialAction\":[{\"@type\":\"ReadAction\",\"target\":[\"https:\/\/www.psngiochi.space\/en\/product\/demons-souls\/\"]}]},{\"@type\":\"ImageObject\",\"inLanguage\":\"en-US\",\"@id\":\"https:\/\/www.psngiochi.space\/en\/product\/demons-souls\/#primaryimage\",\"url\":\"https:\/\/www.psngiochi.space\/wp-content\/uploads\/2020\/11\/demons-souls-psngiochispace-giochi-digitali-ps4-ps5-digital-games-ps4-ps5-cifrovye-igry-ps4-ps5.jpg\",\"contentUrl\":\"https:\/\/www.psngiochi.space\/wp-content\/uploads\/2020\/11\/demons-souls-psngiochispace-giochi-digitali-ps4-ps5-digital-games-ps4-ps5-cifrovye-igry-ps4-ps5.jpg\",\"width\":803,\"height\":1000},{\"@type\":\"BreadcrumbList\",\"@id\":\"https:\/\/www.psngiochi.space\/en\/product\/demons-souls\/#breadcrumb\",\"itemListElement\":[{\"@type\":\"ListItem\",\"position\":1,\"name\":\"Home\",\"item\":\"https:\/\/www.psngiochi.space\/en\/\"},{\"@type\":\"ListItem\",\"position\":2,\"name\":\"Negozio\",\"item\":\"https:\/\/www.psngiochi.space\/en\/negozio\/\"},{\"@type\":\"ListItem\",\"position\":3,\"name\":\"Demon&#8217;s Souls\"}]},{\"@type\":\"WebSite\",\"@id\":\"https:\/\/www.psngiochi.space\/en\/#website\",\"url\":\"https:\/\/www.psngiochi.space\/en\/\",\"name\":\"Giochi Digitali PS4 e PS5\",\"description\":\"Noleggio di giochi, vendita di accounts\",\"potentialAction\":[{\"@type\":\"SearchAction\",\"target\":{\"@type\":\"EntryPoint\",\"urlTemplate\":\"https:\/\/www.psngiochi.space\/en\/?s={search_term_string}\"},\"query-input\":{\"@type\":\"PropertyValueSpecification\",\"valueRequired\":true,\"valueName\":\"search_term_string\"}}],\"inLanguage\":\"en-US\"}]}<\/script>\n<!-- \/ Yoast SEO plugin. -->","yoast_head_json":{"title":"Demon's Souls - Giochi Digitali PS4 e PS5","description":"Da PlayStation Studios e Bluepoint Games arriva un remake del classico per PlayStation, Demon's Souls.","robots":{"index":"index","follow":"follow","max-snippet":"max-snippet:-1","max-image-preview":"max-image-preview:large","max-video-preview":"max-video-preview:-1"},"canonical":"https:\/\/www.psngiochi.space\/en\/product\/demons-souls\/","og_locale":"en_US","og_type":"article","og_title":"Demon's Souls - Giochi Digitali PS4 e PS5","og_description":"Da PlayStation Studios e Bluepoint Games arriva un remake del classico per PlayStation, Demon's Souls.","og_url":"https:\/\/www.psngiochi.space\/en\/product\/demons-souls\/","og_site_name":"Giochi Digitali PS4 e PS5","article_modified_time":"2026-02-14T06:21:37+00:00","og_image":[{"width":803,"height":1000,"url":"https:\/\/www.psngiochi.space\/wp-content\/uploads\/2020\/11\/demons-souls-psngiochispace-giochi-digitali-ps4-ps5-digital-games-ps4-ps5-cifrovye-igry-ps4-ps5.jpg","type":"image\/jpeg"}],"twitter_card":"summary_large_image","twitter_misc":{"Est. reading time":"1 minute"},"schema":{"@context":"https:\/\/schema.org","@graph":[{"@type":"WebPage","@id":"https:\/\/www.psngiochi.space\/en\/product\/demons-souls\/","url":"https:\/\/www.psngiochi.space\/en\/product\/demons-souls\/","name":"Demon's Souls - Giochi Digitali PS4 e PS5","isPartOf":{"@id":"https:\/\/www.psngiochi.space\/en\/#website"},"primaryImageOfPage":{"@id":"https:\/\/www.psngiochi.space\/en\/product\/demons-souls\/#primaryimage"},"image":{"@id":"https:\/\/www.psngiochi.space\/en\/product\/demons-souls\/#primaryimage"},"thumbnailUrl":"https:\/\/www.psngiochi.space\/wp-content\/uploads\/2020\/11\/demons-souls-psngiochispace-giochi-digitali-ps4-ps5-digital-games-ps4-ps5-cifrovye-igry-ps4-ps5.jpg","datePublished":"2020-11-24T19:43:41+00:00","dateModified":"2026-02-14T06:21:37+00:00","description":"Da PlayStation Studios e Bluepoint Games arriva un remake del classico per PlayStation, Demon's Souls.","breadcrumb":{"@id":"https:\/\/www.psngiochi.space\/en\/product\/demons-souls\/#breadcrumb"},"inLanguage":"en-US","potentialAction":[{"@type":"ReadAction","target":["https:\/\/www.psngiochi.space\/en\/product\/demons-souls\/"]}]},{"@type":"ImageObject","inLanguage":"en-US","@id":"https:\/\/www.psngiochi.space\/en\/product\/demons-souls\/#primaryimage","url":"https:\/\/www.psngiochi.space\/wp-content\/uploads\/2020\/11\/demons-souls-psngiochispace-giochi-digitali-ps4-ps5-digital-games-ps4-ps5-cifrovye-igry-ps4-ps5.jpg","contentUrl":"https:\/\/www.psngiochi.space\/wp-content\/uploads\/2020\/11\/demons-souls-psngiochispace-giochi-digitali-ps4-ps5-digital-games-ps4-ps5-cifrovye-igry-ps4-ps5.jpg","width":803,"height":1000},{"@type":"BreadcrumbList","@id":"https:\/\/www.psngiochi.space\/en\/product\/demons-souls\/#breadcrumb","itemListElement":[{"@type":"ListItem","position":1,"name":"Home","item":"https:\/\/www.psngiochi.space\/en\/"},{"@type":"ListItem","position":2,"name":"Negozio","item":"https:\/\/www.psngiochi.space\/en\/negozio\/"},{"@type":"ListItem","position":3,"name":"Demon&#8217;s Souls"}]},{"@type":"WebSite","@id":"https:\/\/www.psngiochi.space\/en\/#website","url":"https:\/\/www.psngiochi.space\/en\/","name":"Giochi Digitali PS4 e PS5","description":"Noleggio di giochi, vendita di accounts","potentialAction":[{"@type":"SearchAction","target":{"@type":"EntryPoint","urlTemplate":"https:\/\/www.psngiochi.space\/en\/?s={search_term_string}"},"query-input":{"@type":"PropertyValueSpecification","valueRequired":true,"valueName":"search_term_string"}}],"inLanguage":"en-US"}]}},"_links":{"self":[{"href":"https:\/\/www.psngiochi.space\/en\/wp-json\/wp\/v2\/product\/10116","targetHints":{"allow":["GET"]}}],"collection":[{"href":"https:\/\/www.psngiochi.space\/en\/wp-json\/wp\/v2\/product"}],"about":[{"href":"https:\/\/www.psngiochi.space\/en\/wp-json\/wp\/v2\/types\/product"}],"replies":[{"embeddable":true,"href":"https:\/\/www.psngiochi.space\/en\/wp-json\/wp\/v2\/comments?post=10116"}],"wp:featuredmedia":[{"embeddable":true,"href":"https:\/\/www.psngiochi.space\/en\/wp-json\/wp\/v2\/media\/10117"}],"wp:attachment":[{"href":"https:\/\/www.psngiochi.space\/en\/wp-json\/wp\/v2\/media?parent=10116"}],"wp:term":[{"taxonomy":"product_cat","embeddable":true,"href":"https:\/\/www.psngiochi.space\/en\/wp-json\/wp\/v2\/product_cat?post=10116"},{"taxonomy":"product_tag","embeddable":true,"href":"https:\/\/www.psngiochi.space\/en\/wp-json\/wp\/v2\/product_tag?post=10116"}],"curies":[{"name":"wp","href":"https:\/\/api.w.org\/{rel}","templated":true}]}}