{"id":10079,"date":"2020-11-15T14:54:17","date_gmt":"2020-11-15T14:54:17","guid":{"rendered":"http:\/\/www.psngiochi.space\/?post_type=product&#038;p=10079"},"modified":"2024-09-21T10:18:46","modified_gmt":"2024-09-21T08:18:46","slug":"twin-mirror","status":"publish","type":"product","link":"https:\/\/www.psngiochi.space\/en\/product\/twin-mirror\/","title":{"rendered":"Twin Mirror"},"content":{"rendered":"<p><span style=\"font-size: 14pt; color: #000000;\">Sam Higgs aveva deciso di chiudere con Basswood, ma la citt\u00e0 della Virginia Occidentale non ha chiuso con lui. Quando l'ex giornalista investigativo ritorna nella sua citt\u00e0 natale per dare l'ultimo saluto al suo migliore amico, ben presto diventa evidente che ci sono altri capitoli da aggiungere alla sua travagliata storia.<\/span><\/p>\n<p><span style=\"font-size: 14pt; color: #000000;\">Costretto a scendere a patti con il suo passato, Sam si ritrova combattuto tra il riconciliarsi con i propri cari e l'usare le sue straordinarie abilit\u00e0 intellettive per svelare gli oscuri segreti della citt\u00e0. Ma come fa a capire di chi potersi fidare quando non \u00e8 neppure certo di potersi fidare di s\u00e9 stesso?<\/span><\/p>\n<p><span style=\"font-size: 14pt; color: #000000;\">I premiati scrittori di DONTNOD ti invitano in un'altra contorta avventura.<\/span><\/p>\n<p><span style=\"font-size: 14pt; color: #000000;\">THRILLER PSICOLOGICO AVVINCENTE<\/span><br \/>\n<span style=\"font-size: 14pt; color: #000000;\">Perditi in una ricca e complessa storia ambientata nella cruda realt\u00e0 delle cittadine americane. Con l'avanzare delle indagini, Sam scoprir\u00e0 una rete di misteri tra gli evocativi luoghi di Basswood e i suoi variopinti abitanti.<\/span><\/p>\n<p><span style=\"font-size: 14pt; color: #000000;\">ENTRA IN UNA MENTE STRAORDINARIA<\/span><br \/>\n<span style=\"font-size: 14pt; color: #000000;\">Le stesse capacit\u00e0 di ragionamento e di visualizzazione dei ricordi che hanno fatto affermare Sam come giornalista investigativo potranno aiutarlo a sbrogliare questa misteriosa matassa. Ricostruisci eventi chiave, rivisita il suo passato e non solo per far emergere la verit\u00e0 sepolta nelle profondit\u00e0 della sua mente unica.<\/span><\/p>\n<p><span style=\"font-size: 14pt; color: #000000;\">SCEGLI LA TUA STRADA<\/span><br \/>\n<span style=\"font-size: 14pt; color: #000000;\">Ogni decisione, ogni interazione, ogni scoperta influenzer\u00e0 la direzione dell'indagine di Sam e determiner\u00e0 fino a che punto sar\u00e0 disposto a sacrificare una parte di s\u00e9. Non ci sono risposte giuste o sbagliate. Segui il tuo istinto e la tua etica per completare la storia.<\/span><\/p>\n<p><strong><span style=\"font-size: 14pt; color: #000000;\">Voce: <\/span><\/strong><span style=\"font-size: 14pt; color: #000000;\">english<\/span><\/p>\n<p><strong><span style=\"font-size: 14pt; color: #000000;\">Lingue schermo: <\/span><\/strong><span style=\"font-size: 14pt; color: #000000;\">cinese (semplificato), francese (francia), inglese, italiano, portoghese (brasile), russo, spagnolo, spagnolo (messico), tedesco<\/span><\/p>","protected":false},"excerpt":{"rendered":"<h5 class=\"provider-info__text\"><span class=\"provider-info__list-item\">Uscita: 1\/12\/2020<\/span><span class=\"provider-info__list-item\"> | BANDAI NAMCO ENTERTAINMENT EUROPE <\/span><span class=\"provider-info__list-item\">| PS4<\/span><\/h5>\n<h3><span style=\"font-family: georgia, palatino, serif;\"><span style=\"color: #df1d1d;\">\u23f0 Noleggio per 15 giorni:<\/span><\/span><span style=\"color: #df1d1d;\">\u00a0<span style=\"font-size: 10pt; color: #333333;\">p<\/span><\/span><span style=\"font-family: georgia, palatino, serif; font-size: 10pt; color: #333333;\">ossibilita di giocare dal vostro account personale o sull account fornito (primario o secondario).<\/span><\/h3>\n<h3><span style=\"font-size: 10pt; color: #333333;\">Game for rent is one of the cheapest and most convenient ways to get a game.\u00a0<\/span><span style=\"font-size: 10pt; color: #333333;\">You can also extend the period if you have not finished the game.<\/span><\/h3>","protected":false},"featured_media":10080,"comment_status":"open","ping_status":"closed","template":"","meta":[],"product_cat":[122],"product_tag":[115],"class_list":{"0":"post-10079","1":"product","2":"type-product","3":"status-publish","4":"has-post-thumbnail","6":"product_cat-giochi-ps4-in-noleggio","7":"product_tag-in-evidenza","9":"first","10":"instock","11":"downloadable","12":"virtual","13":"purchasable","14":"product-type-simple"},"yoast_head":"<!-- This site is optimized with the Yoast SEO plugin v23.9 - https:\/\/yoast.com\/wordpress\/plugins\/seo\/ -->\n<title>Twin Mirror - Giochi Digitali PS4 e PS5<\/title>\n<meta name=\"description\" content=\"Sam Higgs aveva deciso di chiudere con Basswood, ma la citt\u00e0 della Virginia Occidentale non ha chiuso con lui.\" \/>\n<meta name=\"robots\" content=\"index, follow, max-snippet:-1, max-image-preview:large, max-video-preview:-1\" \/>\n<link rel=\"canonical\" href=\"https:\/\/www.psngiochi.space\/en\/product\/twin-mirror\/\" \/>\n<meta property=\"og:locale\" content=\"en_US\" \/>\n<meta property=\"og:type\" content=\"article\" \/>\n<meta property=\"og:title\" content=\"Twin Mirror - Giochi Digitali PS4 e PS5\" \/>\n<meta property=\"og:description\" content=\"Sam Higgs aveva deciso di chiudere con Basswood, ma la citt\u00e0 della Virginia Occidentale non ha chiuso con lui.\" \/>\n<meta property=\"og:url\" content=\"https:\/\/www.psngiochi.space\/en\/product\/twin-mirror\/\" \/>\n<meta property=\"og:site_name\" content=\"Giochi Digitali PS4 e PS5\" \/>\n<meta property=\"article:modified_time\" content=\"2024-09-21T08:18:46+00:00\" \/>\n<meta property=\"og:image\" content=\"https:\/\/www.psngiochi.space\/wp-content\/uploads\/2020\/11\/twin-mirror-psngiochispace-giochi-digitali-ps4-digital-games-ps4-cifrovye-igry-ps4.jpg\" \/>\n\t<meta property=\"og:image:width\" content=\"803\" \/>\n\t<meta property=\"og:image:height\" content=\"1000\" \/>\n\t<meta property=\"og:image:type\" content=\"image\/jpeg\" \/>\n<meta name=\"twitter:card\" content=\"summary_large_image\" \/>\n<meta name=\"twitter:label1\" content=\"Est. reading time\" \/>\n\t<meta name=\"twitter:data1\" content=\"2 minutes\" \/>\n<script type=\"application\/ld+json\" class=\"yoast-schema-graph\">{\"@context\":\"https:\/\/schema.org\",\"@graph\":[{\"@type\":\"WebPage\",\"@id\":\"https:\/\/www.psngiochi.space\/it\/product\/twin-mirror\/\",\"url\":\"https:\/\/www.psngiochi.space\/it\/product\/twin-mirror\/\",\"name\":\"Twin Mirror - Giochi Digitali PS4 e PS5\",\"isPartOf\":{\"@id\":\"https:\/\/www.psngiochi.space\/en\/#website\"},\"primaryImageOfPage\":{\"@id\":\"https:\/\/www.psngiochi.space\/it\/product\/twin-mirror\/#primaryimage\"},\"image\":{\"@id\":\"https:\/\/www.psngiochi.space\/it\/product\/twin-mirror\/#primaryimage\"},\"thumbnailUrl\":\"https:\/\/www.psngiochi.space\/wp-content\/uploads\/2020\/11\/twin-mirror-psngiochispace-giochi-digitali-ps4-digital-games-ps4-cifrovye-igry-ps4.jpg\",\"datePublished\":\"2020-11-15T14:54:17+00:00\",\"dateModified\":\"2024-09-21T08:18:46+00:00\",\"description\":\"Sam Higgs aveva deciso di chiudere con Basswood, ma la citt\u00e0 della Virginia Occidentale non ha chiuso con lui.\",\"breadcrumb\":{\"@id\":\"https:\/\/www.psngiochi.space\/it\/product\/twin-mirror\/#breadcrumb\"},\"inLanguage\":\"en-US\",\"potentialAction\":[{\"@type\":\"ReadAction\",\"target\":[\"https:\/\/www.psngiochi.space\/it\/product\/twin-mirror\/\"]}]},{\"@type\":\"ImageObject\",\"inLanguage\":\"en-US\",\"@id\":\"https:\/\/www.psngiochi.space\/it\/product\/twin-mirror\/#primaryimage\",\"url\":\"https:\/\/www.psngiochi.space\/wp-content\/uploads\/2020\/11\/twin-mirror-psngiochispace-giochi-digitali-ps4-digital-games-ps4-cifrovye-igry-ps4.jpg\",\"contentUrl\":\"https:\/\/www.psngiochi.space\/wp-content\/uploads\/2020\/11\/twin-mirror-psngiochispace-giochi-digitali-ps4-digital-games-ps4-cifrovye-igry-ps4.jpg\",\"width\":803,\"height\":1000},{\"@type\":\"BreadcrumbList\",\"@id\":\"https:\/\/www.psngiochi.space\/it\/product\/twin-mirror\/#breadcrumb\",\"itemListElement\":[{\"@type\":\"ListItem\",\"position\":1,\"name\":\"Home\",\"item\":\"https:\/\/www.psngiochi.space\/en\/\"},{\"@type\":\"ListItem\",\"position\":2,\"name\":\"Negozio\",\"item\":\"https:\/\/www.psngiochi.space\/en\/negozio\/\"},{\"@type\":\"ListItem\",\"position\":3,\"name\":\"Twin Mirror\"}]},{\"@type\":\"WebSite\",\"@id\":\"https:\/\/www.psngiochi.space\/en\/#website\",\"url\":\"https:\/\/www.psngiochi.space\/en\/\",\"name\":\"Giochi Digitali PS4 e PS5\",\"description\":\"Noleggio di giochi, vendita di accounts\",\"potentialAction\":[{\"@type\":\"SearchAction\",\"target\":{\"@type\":\"EntryPoint\",\"urlTemplate\":\"https:\/\/www.psngiochi.space\/en\/?s={search_term_string}\"},\"query-input\":{\"@type\":\"PropertyValueSpecification\",\"valueRequired\":true,\"valueName\":\"search_term_string\"}}],\"inLanguage\":\"en-US\"}]}<\/script>\n<!-- \/ Yoast SEO plugin. -->","yoast_head_json":{"title":"Twin Mirror - Giochi Digitali PS4 e PS5","description":"Sam Higgs aveva deciso di chiudere con Basswood, ma la citt\u00e0 della Virginia Occidentale non ha chiuso con lui.","robots":{"index":"index","follow":"follow","max-snippet":"max-snippet:-1","max-image-preview":"max-image-preview:large","max-video-preview":"max-video-preview:-1"},"canonical":"https:\/\/www.psngiochi.space\/en\/product\/twin-mirror\/","og_locale":"en_US","og_type":"article","og_title":"Twin Mirror - Giochi Digitali PS4 e PS5","og_description":"Sam Higgs aveva deciso di chiudere con Basswood, ma la citt\u00e0 della Virginia Occidentale non ha chiuso con lui.","og_url":"https:\/\/www.psngiochi.space\/en\/product\/twin-mirror\/","og_site_name":"Giochi Digitali PS4 e PS5","article_modified_time":"2024-09-21T08:18:46+00:00","og_image":[{"width":803,"height":1000,"url":"https:\/\/www.psngiochi.space\/wp-content\/uploads\/2020\/11\/twin-mirror-psngiochispace-giochi-digitali-ps4-digital-games-ps4-cifrovye-igry-ps4.jpg","type":"image\/jpeg"}],"twitter_card":"summary_large_image","twitter_misc":{"Est. reading time":"2 minutes"},"schema":{"@context":"https:\/\/schema.org","@graph":[{"@type":"WebPage","@id":"https:\/\/www.psngiochi.space\/it\/product\/twin-mirror\/","url":"https:\/\/www.psngiochi.space\/it\/product\/twin-mirror\/","name":"Twin Mirror - Giochi Digitali PS4 e PS5","isPartOf":{"@id":"https:\/\/www.psngiochi.space\/en\/#website"},"primaryImageOfPage":{"@id":"https:\/\/www.psngiochi.space\/it\/product\/twin-mirror\/#primaryimage"},"image":{"@id":"https:\/\/www.psngiochi.space\/it\/product\/twin-mirror\/#primaryimage"},"thumbnailUrl":"https:\/\/www.psngiochi.space\/wp-content\/uploads\/2020\/11\/twin-mirror-psngiochispace-giochi-digitali-ps4-digital-games-ps4-cifrovye-igry-ps4.jpg","datePublished":"2020-11-15T14:54:17+00:00","dateModified":"2024-09-21T08:18:46+00:00","description":"Sam Higgs aveva deciso di chiudere con Basswood, ma la citt\u00e0 della Virginia Occidentale non ha chiuso con lui.","breadcrumb":{"@id":"https:\/\/www.psngiochi.space\/it\/product\/twin-mirror\/#breadcrumb"},"inLanguage":"en-US","potentialAction":[{"@type":"ReadAction","target":["https:\/\/www.psngiochi.space\/it\/product\/twin-mirror\/"]}]},{"@type":"ImageObject","inLanguage":"en-US","@id":"https:\/\/www.psngiochi.space\/it\/product\/twin-mirror\/#primaryimage","url":"https:\/\/www.psngiochi.space\/wp-content\/uploads\/2020\/11\/twin-mirror-psngiochispace-giochi-digitali-ps4-digital-games-ps4-cifrovye-igry-ps4.jpg","contentUrl":"https:\/\/www.psngiochi.space\/wp-content\/uploads\/2020\/11\/twin-mirror-psngiochispace-giochi-digitali-ps4-digital-games-ps4-cifrovye-igry-ps4.jpg","width":803,"height":1000},{"@type":"BreadcrumbList","@id":"https:\/\/www.psngiochi.space\/it\/product\/twin-mirror\/#breadcrumb","itemListElement":[{"@type":"ListItem","position":1,"name":"Home","item":"https:\/\/www.psngiochi.space\/en\/"},{"@type":"ListItem","position":2,"name":"Negozio","item":"https:\/\/www.psngiochi.space\/en\/negozio\/"},{"@type":"ListItem","position":3,"name":"Twin Mirror"}]},{"@type":"WebSite","@id":"https:\/\/www.psngiochi.space\/en\/#website","url":"https:\/\/www.psngiochi.space\/en\/","name":"Giochi Digitali PS4 e PS5","description":"Noleggio di giochi, vendita di accounts","potentialAction":[{"@type":"SearchAction","target":{"@type":"EntryPoint","urlTemplate":"https:\/\/www.psngiochi.space\/en\/?s={search_term_string}"},"query-input":{"@type":"PropertyValueSpecification","valueRequired":true,"valueName":"search_term_string"}}],"inLanguage":"en-US"}]}},"_links":{"self":[{"href":"https:\/\/www.psngiochi.space\/en\/wp-json\/wp\/v2\/product\/10079","targetHints":{"allow":["GET"]}}],"collection":[{"href":"https:\/\/www.psngiochi.space\/en\/wp-json\/wp\/v2\/product"}],"about":[{"href":"https:\/\/www.psngiochi.space\/en\/wp-json\/wp\/v2\/types\/product"}],"replies":[{"embeddable":true,"href":"https:\/\/www.psngiochi.space\/en\/wp-json\/wp\/v2\/comments?post=10079"}],"wp:featuredmedia":[{"embeddable":true,"href":"https:\/\/www.psngiochi.space\/en\/wp-json\/wp\/v2\/media\/10080"}],"wp:attachment":[{"href":"https:\/\/www.psngiochi.space\/en\/wp-json\/wp\/v2\/media?parent=10079"}],"wp:term":[{"taxonomy":"product_cat","embeddable":true,"href":"https:\/\/www.psngiochi.space\/en\/wp-json\/wp\/v2\/product_cat?post=10079"},{"taxonomy":"product_tag","embeddable":true,"href":"https:\/\/www.psngiochi.space\/en\/wp-json\/wp\/v2\/product_tag?post=10079"}],"curies":[{"name":"wp","href":"https:\/\/api.w.org\/{rel}","templated":true}]}}