{"id":6675,"date":"2018-11-18T07:59:59","date_gmt":"2018-11-18T07:59:59","guid":{"rendered":"http:\/\/www.psngiochi.space\/?page_id=6675"},"modified":"2020-03-10T20:29:59","modified_gmt":"2020-03-10T20:29:59","slug":"giochi-digitali-ps4-faq-primario-secondario-ghost-noleggio","status":"publish","type":"page","link":"https:\/\/www.psngiochi.space\/en\/giochi-digitali-ps4-faq-primario-secondario-ghost-noleggio\/","title":{"rendered":"Giochi Digitali PS4 | Le domande pi\u00f9 frequenti | Primario, Secondario, Ghost, Noleggio"},"content":{"rendered":"<div data-elementor-type=\"wp-page\" data-elementor-id=\"6675\" class=\"elementor elementor-6675\">\n\t\t\t\t\t\t<section class=\"elementor-section elementor-top-section elementor-element elementor-element-4f12ce5 elementor-section-boxed elementor-section-height-default elementor-section-height-default\" data-id=\"4f12ce5\" data-element_type=\"section\">\n\t\t\t\t\t\t<div class=\"elementor-container elementor-column-gap-default\">\n\t\t\t\t\t<div class=\"elementor-column elementor-col-100 elementor-top-column elementor-element elementor-element-bdab18c\" data-id=\"bdab18c\" data-element_type=\"column\">\n\t\t\t<div class=\"elementor-widget-wrap elementor-element-populated\">\n\t\t\t\t\t\t<section class=\"elementor-section elementor-inner-section elementor-element elementor-element-ca5cbe4 elementor-section-boxed elementor-section-height-default elementor-section-height-default\" data-id=\"ca5cbe4\" data-element_type=\"section\">\n\t\t\t\t\t\t<div class=\"elementor-container elementor-column-gap-default\">\n\t\t\t\t\t<div class=\"elementor-column elementor-col-50 elementor-inner-column elementor-element elementor-element-866f459\" data-id=\"866f459\" data-element_type=\"column\">\n\t\t\t<div class=\"elementor-widget-wrap elementor-element-populated\">\n\t\t\t\t\t\t<div class=\"elementor-element elementor-element-859b2fa elementor-widget elementor-widget-image\" data-id=\"859b2fa\" data-element_type=\"widget\" data-widget_type=\"image.default\">\n\t\t\t\t<div class=\"elementor-widget-container\">\n\t\t\t\t\t\t\t\t\t\t\t\t\t<img decoding=\"async\" src=\"https:\/\/www.psngiochi.space\/wp-content\/uploads\/2018\/11\/002-100x100-le-domande-piu-frequenti.jpg\" title=\"\" alt=\"\" loading=\"lazy\" \/>\t\t\t\t\t\t\t\t\t\t\t\t\t<\/div>\n\t\t\t\t<\/div>\n\t\t\t\t\t<\/div>\n\t\t<\/div>\n\t\t\t\t<div class=\"elementor-column elementor-col-50 elementor-inner-column elementor-element elementor-element-8b72f34\" data-id=\"8b72f34\" data-element_type=\"column\">\n\t\t\t<div class=\"elementor-widget-wrap elementor-element-populated\">\n\t\t\t\t\t\t<div class=\"elementor-element elementor-element-46d74ad elementor-widget elementor-widget-text-editor\" data-id=\"46d74ad\" data-element_type=\"widget\" data-widget_type=\"text-editor.default\">\n\t\t\t\t<div class=\"elementor-widget-container\">\n\t\t\t\t\t\t\t<p>1\u20e3<\/p><p><span style=\"font-size: 14pt; color: #000000;\">Ciao a tutti. Ho scoperto questo sito giochi di PS4 a Noleggio ma come funziona? Posso giocare su mio account personale? Non ho capito account Primario Secondario e Ghost? Potete spiegarmi?\u00a0Grazie.<\/span><\/p>\t\t\t\t\t\t<\/div>\n\t\t\t\t<\/div>\n\t\t\t\t\t<\/div>\n\t\t<\/div>\n\t\t\t\t\t<\/div>\n\t\t<\/section>\n\t\t\t\t\t<\/div>\n\t\t<\/div>\n\t\t\t\t\t<\/div>\n\t\t<\/section>\n\t\t\t\t<section class=\"elementor-section elementor-top-section elementor-element elementor-element-0bdfffc elementor-section-boxed elementor-section-height-default elementor-section-height-default\" data-id=\"0bdfffc\" data-element_type=\"section\">\n\t\t\t\t\t\t<div class=\"elementor-container elementor-column-gap-default\">\n\t\t\t\t\t<div class=\"elementor-column elementor-col-100 elementor-top-column elementor-element elementor-element-98d6bf4\" data-id=\"98d6bf4\" data-element_type=\"column\">\n\t\t\t<div class=\"elementor-widget-wrap elementor-element-populated\">\n\t\t\t\t\t\t<section class=\"elementor-section elementor-inner-section elementor-element elementor-element-a31d502 elementor-section-boxed elementor-section-height-default elementor-section-height-default\" data-id=\"a31d502\" data-element_type=\"section\">\n\t\t\t\t\t\t<div class=\"elementor-container elementor-column-gap-default\">\n\t\t\t\t\t<div class=\"elementor-column elementor-col-50 elementor-inner-column elementor-element elementor-element-ab28638\" data-id=\"ab28638\" data-element_type=\"column\">\n\t\t\t<div class=\"elementor-widget-wrap elementor-element-populated\">\n\t\t\t\t\t\t<div class=\"elementor-element elementor-element-b7a40f9 elementor-widget elementor-widget-image\" data-id=\"b7a40f9\" data-element_type=\"widget\" data-widget_type=\"image.default\">\n\t\t\t\t<div class=\"elementor-widget-container\">\n\t\t\t\t\t\t\t\t\t\t\t\t\t<img decoding=\"async\" src=\"https:\/\/www.psngiochi.space\/wp-content\/uploads\/2018\/11\/001-100x100-le-domande-piu-frequenti.jpg\" title=\"\" alt=\"\" loading=\"lazy\" \/>\t\t\t\t\t\t\t\t\t\t\t\t\t<\/div>\n\t\t\t\t<\/div>\n\t\t\t\t\t<\/div>\n\t\t<\/div>\n\t\t\t\t<div class=\"elementor-column elementor-col-50 elementor-inner-column elementor-element elementor-element-39f94c3\" data-id=\"39f94c3\" data-element_type=\"column\">\n\t\t\t<div class=\"elementor-widget-wrap elementor-element-populated\">\n\t\t\t\t\t\t<div class=\"elementor-element elementor-element-cb3d1cb elementor-widget elementor-widget-text-editor\" data-id=\"cb3d1cb\" data-element_type=\"widget\" data-widget_type=\"text-editor.default\">\n\t\t\t\t<div class=\"elementor-widget-container\">\n\t\t\t\t\t\t\t<p><span style=\"font-size: 14pt; color: #000000;\">Ciao! Dopo aver installato account: Primario &#8211; puoi giocare dal tuo account personale. Secondario &#8211; devi giocare sul account fornito. Ghost &#8211; dopo installazione devi tenere console sempre offline (si gioca dall&#8217;account personale).<\/span><\/p>\t\t\t\t\t\t<\/div>\n\t\t\t\t<\/div>\n\t\t\t\t\t<\/div>\n\t\t<\/div>\n\t\t\t\t\t<\/div>\n\t\t<\/section>\n\t\t\t\t\t<\/div>\n\t\t<\/div>\n\t\t\t\t\t<\/div>\n\t\t<\/section>\n\t\t\t\t<section class=\"elementor-section elementor-top-section elementor-element elementor-element-70a54a3 elementor-section-boxed elementor-section-height-default elementor-section-height-default\" data-id=\"70a54a3\" data-element_type=\"section\">\n\t\t\t\t\t\t<div class=\"elementor-container elementor-column-gap-default\">\n\t\t\t\t\t<div class=\"elementor-column elementor-col-100 elementor-top-column elementor-element elementor-element-67b52a4\" data-id=\"67b52a4\" data-element_type=\"column\">\n\t\t\t<div class=\"elementor-widget-wrap elementor-element-populated\">\n\t\t\t\t\t\t<section class=\"elementor-section elementor-inner-section elementor-element elementor-element-671d78e elementor-section-boxed elementor-section-height-default elementor-section-height-default\" data-id=\"671d78e\" data-element_type=\"section\">\n\t\t\t\t\t\t<div class=\"elementor-container elementor-column-gap-default\">\n\t\t\t\t\t<div class=\"elementor-column elementor-col-50 elementor-inner-column elementor-element elementor-element-cdc1f21\" data-id=\"cdc1f21\" data-element_type=\"column\">\n\t\t\t<div class=\"elementor-widget-wrap elementor-element-populated\">\n\t\t\t\t\t\t<div class=\"elementor-element elementor-element-69fe720 elementor-widget elementor-widget-image\" data-id=\"69fe720\" data-element_type=\"widget\" data-widget_type=\"image.default\">\n\t\t\t\t<div class=\"elementor-widget-container\">\n\t\t\t\t\t\t\t\t\t\t\t\t\t<img decoding=\"async\" src=\"https:\/\/www.psngiochi.space\/wp-content\/uploads\/2018\/11\/002-100x100-le-domande-piu-frequenti.jpg\" title=\"\" alt=\"\" loading=\"lazy\" \/>\t\t\t\t\t\t\t\t\t\t\t\t\t<\/div>\n\t\t\t\t<\/div>\n\t\t\t\t\t<\/div>\n\t\t<\/div>\n\t\t\t\t<div class=\"elementor-column elementor-col-50 elementor-inner-column elementor-element elementor-element-db48d37\" data-id=\"db48d37\" data-element_type=\"column\">\n\t\t\t<div class=\"elementor-widget-wrap elementor-element-populated\">\n\t\t\t\t\t\t<div class=\"elementor-element elementor-element-b726717 elementor-widget elementor-widget-text-editor\" data-id=\"b726717\" data-element_type=\"widget\" data-widget_type=\"text-editor.default\">\n\t\t\t\t<div class=\"elementor-widget-container\">\n\t\t\t\t\t\t\t<p>2\u20e3<\/p><p><span style=\"font-size: 14pt; color: #000000;\">Ciao.. Se prendo un gioco Primario Digitale, un domani che cambio PS4 posso riscaricarlo gratuitamente come dal PSN Store?<\/span><\/p>\t\t\t\t\t\t<\/div>\n\t\t\t\t<\/div>\n\t\t\t\t\t<\/div>\n\t\t<\/div>\n\t\t\t\t\t<\/div>\n\t\t<\/section>\n\t\t\t\t\t<\/div>\n\t\t<\/div>\n\t\t\t\t\t<\/div>\n\t\t<\/section>\n\t\t\t\t<section class=\"elementor-section elementor-top-section elementor-element elementor-element-493b4d0 elementor-section-boxed elementor-section-height-default elementor-section-height-default\" data-id=\"493b4d0\" data-element_type=\"section\">\n\t\t\t\t\t\t<div class=\"elementor-container elementor-column-gap-default\">\n\t\t\t\t\t<div class=\"elementor-column elementor-col-100 elementor-top-column elementor-element elementor-element-aa38360\" data-id=\"aa38360\" data-element_type=\"column\">\n\t\t\t<div class=\"elementor-widget-wrap elementor-element-populated\">\n\t\t\t\t\t\t<section class=\"elementor-section elementor-inner-section elementor-element elementor-element-a248b27 elementor-section-boxed elementor-section-height-default elementor-section-height-default\" data-id=\"a248b27\" data-element_type=\"section\">\n\t\t\t\t\t\t<div class=\"elementor-container elementor-column-gap-default\">\n\t\t\t\t\t<div class=\"elementor-column elementor-col-50 elementor-inner-column elementor-element elementor-element-b602ad7\" data-id=\"b602ad7\" data-element_type=\"column\">\n\t\t\t<div class=\"elementor-widget-wrap elementor-element-populated\">\n\t\t\t\t\t\t<div class=\"elementor-element elementor-element-99b178d elementor-widget elementor-widget-image\" data-id=\"99b178d\" data-element_type=\"widget\" data-widget_type=\"image.default\">\n\t\t\t\t<div class=\"elementor-widget-container\">\n\t\t\t\t\t\t\t\t\t\t\t\t\t<img decoding=\"async\" src=\"https:\/\/www.psngiochi.space\/wp-content\/uploads\/2018\/11\/001-100x100-le-domande-piu-frequenti.jpg\" title=\"\" alt=\"\" loading=\"lazy\" \/>\t\t\t\t\t\t\t\t\t\t\t\t\t<\/div>\n\t\t\t\t<\/div>\n\t\t\t\t\t<\/div>\n\t\t<\/div>\n\t\t\t\t<div class=\"elementor-column elementor-col-50 elementor-inner-column elementor-element elementor-element-f396b5e\" data-id=\"f396b5e\" data-element_type=\"column\">\n\t\t\t<div class=\"elementor-widget-wrap elementor-element-populated\">\n\t\t\t\t\t\t<div class=\"elementor-element elementor-element-b959e8b elementor-widget elementor-widget-text-editor\" data-id=\"b959e8b\" data-element_type=\"widget\" data-widget_type=\"text-editor.default\">\n\t\t\t\t<div class=\"elementor-widget-container\">\n\t\t\t\t\t\t\t<p><span style=\"font-size: 14pt; color: #000000;\">Ciao! Si, puoi riscaricarlo gratuitamente come dal PSN Store.<\/span><\/p>\t\t\t\t\t\t<\/div>\n\t\t\t\t<\/div>\n\t\t\t\t\t<\/div>\n\t\t<\/div>\n\t\t\t\t\t<\/div>\n\t\t<\/section>\n\t\t\t\t\t<\/div>\n\t\t<\/div>\n\t\t\t\t\t<\/div>\n\t\t<\/section>\n\t\t\t\t<section class=\"elementor-section elementor-top-section elementor-element elementor-element-5ed1e5a elementor-section-boxed elementor-section-height-default elementor-section-height-default\" data-id=\"5ed1e5a\" data-element_type=\"section\">\n\t\t\t\t\t\t<div class=\"elementor-container elementor-column-gap-default\">\n\t\t\t\t\t<div class=\"elementor-column elementor-col-100 elementor-top-column elementor-element elementor-element-095f16a\" data-id=\"095f16a\" data-element_type=\"column\">\n\t\t\t<div class=\"elementor-widget-wrap elementor-element-populated\">\n\t\t\t\t\t\t<section class=\"elementor-section elementor-inner-section elementor-element elementor-element-da0b9d1 elementor-section-boxed elementor-section-height-default elementor-section-height-default\" data-id=\"da0b9d1\" data-element_type=\"section\">\n\t\t\t\t\t\t<div class=\"elementor-container elementor-column-gap-default\">\n\t\t\t\t\t<div class=\"elementor-column elementor-col-50 elementor-inner-column elementor-element elementor-element-1316518\" data-id=\"1316518\" data-element_type=\"column\">\n\t\t\t<div class=\"elementor-widget-wrap elementor-element-populated\">\n\t\t\t\t\t\t<div class=\"elementor-element elementor-element-d270903 elementor-widget elementor-widget-image\" data-id=\"d270903\" data-element_type=\"widget\" data-widget_type=\"image.default\">\n\t\t\t\t<div class=\"elementor-widget-container\">\n\t\t\t\t\t\t\t\t\t\t\t\t\t<img decoding=\"async\" src=\"https:\/\/www.psngiochi.space\/wp-content\/uploads\/2018\/11\/002-100x100-le-domande-piu-frequenti.jpg\" title=\"\" alt=\"\" loading=\"lazy\" \/>\t\t\t\t\t\t\t\t\t\t\t\t\t<\/div>\n\t\t\t\t<\/div>\n\t\t\t\t\t<\/div>\n\t\t<\/div>\n\t\t\t\t<div class=\"elementor-column elementor-col-50 elementor-inner-column elementor-element elementor-element-ab0ef4d\" data-id=\"ab0ef4d\" data-element_type=\"column\">\n\t\t\t<div class=\"elementor-widget-wrap elementor-element-populated\">\n\t\t\t\t\t\t<div class=\"elementor-element elementor-element-1269f6d elementor-widget elementor-widget-text-editor\" data-id=\"1269f6d\" data-element_type=\"widget\" data-widget_type=\"text-editor.default\">\n\t\t\t\t<div class=\"elementor-widget-container\">\n\t\t\t\t\t\t\t<p>3\u20e3<\/p><p><span style=\"font-size: 14pt; color: #000000;\">Salve. Volevo sapere come funziona il noleggio. Sarei interessato a STAR WARS Jedi: Fallen Order per PS4, il gioco \u00e8 in italiano? Ed \u00e8 legale? O posso avere qualche problema sulla PlayStation?<\/span><\/p>\t\t\t\t\t\t<\/div>\n\t\t\t\t<\/div>\n\t\t\t\t\t<\/div>\n\t\t<\/div>\n\t\t\t\t\t<\/div>\n\t\t<\/section>\n\t\t\t\t\t<\/div>\n\t\t<\/div>\n\t\t\t\t\t<\/div>\n\t\t<\/section>\n\t\t\t\t<section class=\"elementor-section elementor-top-section elementor-element elementor-element-5910dc9 elementor-section-boxed elementor-section-height-default elementor-section-height-default\" data-id=\"5910dc9\" data-element_type=\"section\">\n\t\t\t\t\t\t<div class=\"elementor-container elementor-column-gap-default\">\n\t\t\t\t\t<div class=\"elementor-column elementor-col-100 elementor-top-column elementor-element elementor-element-316bd2f\" data-id=\"316bd2f\" data-element_type=\"column\">\n\t\t\t<div class=\"elementor-widget-wrap elementor-element-populated\">\n\t\t\t\t\t\t<section class=\"elementor-section elementor-inner-section elementor-element elementor-element-8f7c5bc elementor-section-boxed elementor-section-height-default elementor-section-height-default\" data-id=\"8f7c5bc\" data-element_type=\"section\">\n\t\t\t\t\t\t<div class=\"elementor-container elementor-column-gap-default\">\n\t\t\t\t\t<div class=\"elementor-column elementor-col-50 elementor-inner-column elementor-element elementor-element-cd74b4e\" data-id=\"cd74b4e\" data-element_type=\"column\">\n\t\t\t<div class=\"elementor-widget-wrap elementor-element-populated\">\n\t\t\t\t\t\t<div class=\"elementor-element elementor-element-4a0c1c1 elementor-widget elementor-widget-image\" data-id=\"4a0c1c1\" data-element_type=\"widget\" data-widget_type=\"image.default\">\n\t\t\t\t<div class=\"elementor-widget-container\">\n\t\t\t\t\t\t\t\t\t\t\t\t\t<img decoding=\"async\" src=\"https:\/\/www.psngiochi.space\/wp-content\/uploads\/2018\/11\/001-100x100-le-domande-piu-frequenti.jpg\" title=\"\" alt=\"\" loading=\"lazy\" \/>\t\t\t\t\t\t\t\t\t\t\t\t\t<\/div>\n\t\t\t\t<\/div>\n\t\t\t\t\t<\/div>\n\t\t<\/div>\n\t\t\t\t<div class=\"elementor-column elementor-col-50 elementor-inner-column elementor-element elementor-element-943f8e2\" data-id=\"943f8e2\" data-element_type=\"column\">\n\t\t\t<div class=\"elementor-widget-wrap elementor-element-populated\">\n\t\t\t\t\t\t<div class=\"elementor-element elementor-element-4f07792 elementor-widget elementor-widget-text-editor\" data-id=\"4f07792\" data-element_type=\"widget\" data-widget_type=\"text-editor.default\">\n\t\t\t\t<div class=\"elementor-widget-container\">\n\t\t\t\t\t\t\t<p><span style=\"font-size: 14pt; color: #000000;\">Salve. Riceverai i dati dall&#8217;account con il gioco. Avrai la possibilit\u00e0 di giocare dall&#8217;account personale o sull&#8217;account fornito (Primario o Secondario). Sotto ogni gioco c&#8217;\u00e8 indicato il tempo di noleggio. Dopo la scadenza del termine di noleggio, \u00e8 necessario restituire il gioco. Sotto ogni gioco c&#8217;\u00e8 indicato: audio, sottotitoli. Tutti i giochi acquistati da noi. Non \u00e8 vietato condividere un gioco con un amico. Noi siamo qui una community, amici, come famiglia&#8230; Persone amanti dei videogiochi. Se seguite le istruzioni, non avrete mai problemi con la console.<\/span><\/p>\t\t\t\t\t\t<\/div>\n\t\t\t\t<\/div>\n\t\t\t\t\t<\/div>\n\t\t<\/div>\n\t\t\t\t\t<\/div>\n\t\t<\/section>\n\t\t\t\t\t<\/div>\n\t\t<\/div>\n\t\t\t\t\t<\/div>\n\t\t<\/section>\n\t\t\t\t<\/div>","protected":false},"excerpt":{"rendered":"<p>1\u20e3 Ciao a tutti. Ho scoperto questo sito giochi di PS4 a Noleggio ma come funziona? Posso giocare su mio account personale? Non ho capito account Primario Secondario e Ghost? Potete spiegarmi?\u00a0Grazie. Ciao! Dopo aver installato account: Primario - puoi giocare dal tuo account personale. Secondario - devi giocare sul account fornito. Ghost - dopo installazione devi tenere console sempre&nbsp;<a href=\"https:\/\/www.psngiochi.space\/en\/giochi-digitali-ps4-faq-primario-secondario-ghost-noleggio\/\" class=\"read-more\">Continue Reading<\/a><\/p>","protected":false},"author":1,"featured_media":0,"parent":0,"menu_order":0,"comment_status":"closed","ping_status":"closed","template":"","meta":{"footnotes":""},"class_list":["post-6675","page","type-page","status-publish","hentry"],"yoast_head":"<!-- This site is optimized with the Yoast SEO plugin v23.9 - https:\/\/yoast.com\/wordpress\/plugins\/seo\/ -->\n<title>Giochi Digitali PS4 | Le domande pi\u00f9 frequenti | Primario, Secondario, Ghost, Noleggio - Giochi Digitali PS4 e PS5<\/title>\n<meta name=\"robots\" content=\"index, follow, max-snippet:-1, max-image-preview:large, max-video-preview:-1\" \/>\n<link rel=\"canonical\" href=\"https:\/\/www.psngiochi.space\/en\/giochi-digitali-ps4-faq-primario-secondario-ghost-noleggio\/\" \/>\n<meta property=\"og:locale\" content=\"en_US\" \/>\n<meta property=\"og:type\" content=\"article\" \/>\n<meta property=\"og:title\" content=\"Giochi Digitali PS4 | Le domande pi\u00f9 frequenti | Primario, Secondario, Ghost, Noleggio - Giochi Digitali PS4 e PS5\" \/>\n<meta property=\"og:description\" content=\"1\u20e3 Ciao a tutti. Ho scoperto questo sito giochi di PS4 a Noleggio ma come funziona? Posso giocare su mio account personale? Non ho capito account Primario Secondario e Ghost? Potete spiegarmi?\u00a0Grazie. Ciao! Dopo aver installato account: Primario - puoi giocare dal tuo account personale. Secondario - devi giocare sul account fornito. Ghost - dopo installazione devi tenere console sempre&nbsp;Continue Reading\" \/>\n<meta property=\"og:url\" content=\"https:\/\/www.psngiochi.space\/en\/giochi-digitali-ps4-faq-primario-secondario-ghost-noleggio\/\" \/>\n<meta property=\"og:site_name\" content=\"Giochi Digitali PS4 e PS5\" \/>\n<meta property=\"article:modified_time\" content=\"2020-03-10T20:29:59+00:00\" \/>\n<meta property=\"og:image\" content=\"http:\/\/www.psngiochi.space\/wp-content\/uploads\/2018\/11\/002-100x100-le-domande-piu-frequenti.jpg\" \/>\n<meta name=\"twitter:card\" content=\"summary_large_image\" \/>\n<meta name=\"twitter:label1\" content=\"Est. reading time\" \/>\n\t<meta name=\"twitter:data1\" content=\"1 minute\" \/>\n<script type=\"application\/ld+json\" class=\"yoast-schema-graph\">{\"@context\":\"https:\/\/schema.org\",\"@graph\":[{\"@type\":\"WebPage\",\"@id\":\"https:\/\/www.psngiochi.space\/it\/giochi-digitali-ps4-faq-primario-secondario-ghost-noleggio\/\",\"url\":\"https:\/\/www.psngiochi.space\/it\/giochi-digitali-ps4-faq-primario-secondario-ghost-noleggio\/\",\"name\":\"Giochi Digitali PS4 | Le domande pi\u00f9 frequenti | Primario, Secondario, Ghost, Noleggio - Giochi Digitali PS4 e PS5\",\"isPartOf\":{\"@id\":\"https:\/\/www.psngiochi.space\/en\/#website\"},\"primaryImageOfPage\":{\"@id\":\"https:\/\/www.psngiochi.space\/it\/giochi-digitali-ps4-faq-primario-secondario-ghost-noleggio\/#primaryimage\"},\"image\":{\"@id\":\"https:\/\/www.psngiochi.space\/it\/giochi-digitali-ps4-faq-primario-secondario-ghost-noleggio\/#primaryimage\"},\"thumbnailUrl\":\"http:\/\/www.psngiochi.space\/wp-content\/uploads\/2018\/11\/002-100x100-le-domande-piu-frequenti.jpg\",\"datePublished\":\"2018-11-18T07:59:59+00:00\",\"dateModified\":\"2020-03-10T20:29:59+00:00\",\"breadcrumb\":{\"@id\":\"https:\/\/www.psngiochi.space\/it\/giochi-digitali-ps4-faq-primario-secondario-ghost-noleggio\/#breadcrumb\"},\"inLanguage\":\"en-US\",\"potentialAction\":[{\"@type\":\"ReadAction\",\"target\":[\"https:\/\/www.psngiochi.space\/it\/giochi-digitali-ps4-faq-primario-secondario-ghost-noleggio\/\"]}]},{\"@type\":\"ImageObject\",\"inLanguage\":\"en-US\",\"@id\":\"https:\/\/www.psngiochi.space\/it\/giochi-digitali-ps4-faq-primario-secondario-ghost-noleggio\/#primaryimage\",\"url\":\"http:\/\/www.psngiochi.space\/wp-content\/uploads\/2018\/11\/002-100x100-le-domande-piu-frequenti.jpg\",\"contentUrl\":\"http:\/\/www.psngiochi.space\/wp-content\/uploads\/2018\/11\/002-100x100-le-domande-piu-frequenti.jpg\"},{\"@type\":\"BreadcrumbList\",\"@id\":\"https:\/\/www.psngiochi.space\/it\/giochi-digitali-ps4-faq-primario-secondario-ghost-noleggio\/#breadcrumb\",\"itemListElement\":[{\"@type\":\"ListItem\",\"position\":1,\"name\":\"Home\",\"item\":\"https:\/\/www.psngiochi.space\/en\/\"},{\"@type\":\"ListItem\",\"position\":2,\"name\":\"Giochi Digitali PS4 | Le domande pi\u00f9 frequenti | Primario, Secondario, Ghost, Noleggio\"}]},{\"@type\":\"WebSite\",\"@id\":\"https:\/\/www.psngiochi.space\/en\/#website\",\"url\":\"https:\/\/www.psngiochi.space\/en\/\",\"name\":\"Giochi Digitali PS4 e PS5\",\"description\":\"Noleggio di giochi, vendita di accounts\",\"potentialAction\":[{\"@type\":\"SearchAction\",\"target\":{\"@type\":\"EntryPoint\",\"urlTemplate\":\"https:\/\/www.psngiochi.space\/en\/?s={search_term_string}\"},\"query-input\":{\"@type\":\"PropertyValueSpecification\",\"valueRequired\":true,\"valueName\":\"search_term_string\"}}],\"inLanguage\":\"en-US\"}]}<\/script>\n<!-- \/ Yoast SEO plugin. -->","yoast_head_json":{"title":"Giochi Digitali PS4 | Le domande pi\u00f9 frequenti | Primario, Secondario, Ghost, Noleggio - Giochi Digitali PS4 e PS5","robots":{"index":"index","follow":"follow","max-snippet":"max-snippet:-1","max-image-preview":"max-image-preview:large","max-video-preview":"max-video-preview:-1"},"canonical":"https:\/\/www.psngiochi.space\/en\/giochi-digitali-ps4-faq-primario-secondario-ghost-noleggio\/","og_locale":"en_US","og_type":"article","og_title":"Giochi Digitali PS4 | Le domande pi\u00f9 frequenti | Primario, Secondario, Ghost, Noleggio - Giochi Digitali PS4 e PS5","og_description":"1\u20e3 Ciao a tutti. Ho scoperto questo sito giochi di PS4 a Noleggio ma come funziona? Posso giocare su mio account personale? Non ho capito account Primario Secondario e Ghost? Potete spiegarmi?\u00a0Grazie. Ciao! Dopo aver installato account: Primario - puoi giocare dal tuo account personale. Secondario - devi giocare sul account fornito. Ghost - dopo installazione devi tenere console sempre&nbsp;Continue Reading","og_url":"https:\/\/www.psngiochi.space\/en\/giochi-digitali-ps4-faq-primario-secondario-ghost-noleggio\/","og_site_name":"Giochi Digitali PS4 e PS5","article_modified_time":"2020-03-10T20:29:59+00:00","og_image":[{"url":"http:\/\/www.psngiochi.space\/wp-content\/uploads\/2018\/11\/002-100x100-le-domande-piu-frequenti.jpg"}],"twitter_card":"summary_large_image","twitter_misc":{"Est. reading time":"1 minute"},"schema":{"@context":"https:\/\/schema.org","@graph":[{"@type":"WebPage","@id":"https:\/\/www.psngiochi.space\/it\/giochi-digitali-ps4-faq-primario-secondario-ghost-noleggio\/","url":"https:\/\/www.psngiochi.space\/it\/giochi-digitali-ps4-faq-primario-secondario-ghost-noleggio\/","name":"Giochi Digitali PS4 | Le domande pi\u00f9 frequenti | Primario, Secondario, Ghost, Noleggio - Giochi Digitali PS4 e PS5","isPartOf":{"@id":"https:\/\/www.psngiochi.space\/en\/#website"},"primaryImageOfPage":{"@id":"https:\/\/www.psngiochi.space\/it\/giochi-digitali-ps4-faq-primario-secondario-ghost-noleggio\/#primaryimage"},"image":{"@id":"https:\/\/www.psngiochi.space\/it\/giochi-digitali-ps4-faq-primario-secondario-ghost-noleggio\/#primaryimage"},"thumbnailUrl":"http:\/\/www.psngiochi.space\/wp-content\/uploads\/2018\/11\/002-100x100-le-domande-piu-frequenti.jpg","datePublished":"2018-11-18T07:59:59+00:00","dateModified":"2020-03-10T20:29:59+00:00","breadcrumb":{"@id":"https:\/\/www.psngiochi.space\/it\/giochi-digitali-ps4-faq-primario-secondario-ghost-noleggio\/#breadcrumb"},"inLanguage":"en-US","potentialAction":[{"@type":"ReadAction","target":["https:\/\/www.psngiochi.space\/it\/giochi-digitali-ps4-faq-primario-secondario-ghost-noleggio\/"]}]},{"@type":"ImageObject","inLanguage":"en-US","@id":"https:\/\/www.psngiochi.space\/it\/giochi-digitali-ps4-faq-primario-secondario-ghost-noleggio\/#primaryimage","url":"http:\/\/www.psngiochi.space\/wp-content\/uploads\/2018\/11\/002-100x100-le-domande-piu-frequenti.jpg","contentUrl":"http:\/\/www.psngiochi.space\/wp-content\/uploads\/2018\/11\/002-100x100-le-domande-piu-frequenti.jpg"},{"@type":"BreadcrumbList","@id":"https:\/\/www.psngiochi.space\/it\/giochi-digitali-ps4-faq-primario-secondario-ghost-noleggio\/#breadcrumb","itemListElement":[{"@type":"ListItem","position":1,"name":"Home","item":"https:\/\/www.psngiochi.space\/en\/"},{"@type":"ListItem","position":2,"name":"Giochi Digitali PS4 | Le domande pi\u00f9 frequenti | Primario, Secondario, Ghost, Noleggio"}]},{"@type":"WebSite","@id":"https:\/\/www.psngiochi.space\/en\/#website","url":"https:\/\/www.psngiochi.space\/en\/","name":"Giochi Digitali PS4 e PS5","description":"Noleggio di giochi, vendita di accounts","potentialAction":[{"@type":"SearchAction","target":{"@type":"EntryPoint","urlTemplate":"https:\/\/www.psngiochi.space\/en\/?s={search_term_string}"},"query-input":{"@type":"PropertyValueSpecification","valueRequired":true,"valueName":"search_term_string"}}],"inLanguage":"en-US"}]}},"_links":{"self":[{"href":"https:\/\/www.psngiochi.space\/en\/wp-json\/wp\/v2\/pages\/6675","targetHints":{"allow":["GET"]}}],"collection":[{"href":"https:\/\/www.psngiochi.space\/en\/wp-json\/wp\/v2\/pages"}],"about":[{"href":"https:\/\/www.psngiochi.space\/en\/wp-json\/wp\/v2\/types\/page"}],"author":[{"embeddable":true,"href":"https:\/\/www.psngiochi.space\/en\/wp-json\/wp\/v2\/users\/1"}],"replies":[{"embeddable":true,"href":"https:\/\/www.psngiochi.space\/en\/wp-json\/wp\/v2\/comments?post=6675"}],"version-history":[{"count":0,"href":"https:\/\/www.psngiochi.space\/en\/wp-json\/wp\/v2\/pages\/6675\/revisions"}],"wp:attachment":[{"href":"https:\/\/www.psngiochi.space\/en\/wp-json\/wp\/v2\/media?parent=6675"}],"curies":[{"name":"wp","href":"https:\/\/api.w.org\/{rel}","templated":true}]}}